{"id":87,"date":"2014-01-26T09:32:58","date_gmt":"2014-01-26T09:32:58","guid":{"rendered":"http:\/\/www.icog.es\/redespa\/?page_id=87"},"modified":"2024-11-26T14:40:29","modified_gmt":"2024-11-26T12:40:29","slug":"partnerscolaboradores","status":"publish","type":"page","link":"https:\/\/www.icog.es\/redespa\/index.php\/partnerscolaboradores\/","title":{"rendered":"Partners\/Colaboradores"},"content":{"rendered":"<p>La colaboraci\u00f3n y coordinaci\u00f3n con otros grupos, sociedades y asociaciones es uno de los pilares fundamentales que sustentan las actividades de REDESPA, con una clara vocaci\u00f3n Iberoamericana. Si a nivel individual &#8211;o como grupo, sociedad, asociaci\u00f3n o instituto&#8211; est\u00e1s interesado en colaborar con REDESPA, contacta con nosotros.<\/p>\n<h1 style=\"text-align: center;\">MoUs con:<\/h1>\n<p style=\"text-align: center;\"><strong>ALEMANIA<\/strong><\/p>\n<p><a href=\"https:\/\/www.icog.es\/redespa\/wp-content\/uploads\/2021\/03\/DAbG-Logo_Stefan-Fox-scaled.jpg\"><img decoding=\"async\" class=\"wp-image-1945 aligncenter\" src=\"https:\/\/www.icog.es\/redespa\/wp-content\/uploads\/2021\/03\/DAbG-Logo_Stefan-Fox-300x300.jpg\" alt=\"\" width=\"146\" height=\"146\" srcset=\"https:\/\/www.icog.es\/redespa\/wp-content\/uploads\/2021\/03\/DAbG-Logo_Stefan-Fox-66x66.jpg 66w, https:\/\/www.icog.es\/redespa\/wp-content\/uploads\/2021\/03\/DAbG-Logo_Stefan-Fox-150x150.jpg 150w, https:\/\/www.icog.es\/redespa\/wp-content\/uploads\/2021\/03\/DAbG-Logo_Stefan-Fox-300x300.jpg 300w, https:\/\/www.icog.es\/redespa\/wp-content\/uploads\/2021\/03\/DAbG-Logo_Stefan-Fox-1024x1024.jpg 1024w, https:\/\/www.icog.es\/redespa\/wp-content\/uploads\/2021\/03\/DAbG-Logo_Stefan-Fox-1536x1536.jpg 1536w\" sizes=\"(max-width: 146px) 100vw, 146px\" \/><\/a><\/p>\n<p style=\"text-align: center;\"><a href=\"https:\/\/www.astrobiologie.de\/\">Deusche Astrobiologischen Gesellschaft<\/a><\/p>\n<p style=\"text-align: center;\"><strong>COLOMBIA<\/strong><\/p>\n<p style=\"text-align: center;\"><a style=\"line-height: 1.5em;\" href=\"https:\/\/www.icog.es\/redespa\/wp-content\/uploads\/2014\/01\/logo_ia_colombia.jpg\"><img decoding=\"async\" class=\"wp-image-89 aligncenter\" src=\"https:\/\/www.icog.es\/redespa\/wp-content\/uploads\/2014\/01\/logo_ia_colombia-300x126.jpg\" alt=\"logo_ia_colombia\" width=\"240\" height=\"101\" srcset=\"https:\/\/www.icog.es\/redespa\/wp-content\/uploads\/2014\/01\/logo_ia_colombia-160x67.jpg 160w, https:\/\/www.icog.es\/redespa\/wp-content\/uploads\/2014\/01\/logo_ia_colombia-300x126.jpg 300w, https:\/\/www.icog.es\/redespa\/wp-content\/uploads\/2014\/01\/logo_ia_colombia.jpg 387w\" sizes=\"(max-width: 240px) 100vw, 240px\" \/><\/a><\/p>\n<p style=\"text-align: center;\"><a href=\"http:\/\/www.astrobiologia.org\/\">Instituto de Astrobiolog\u00eda Colombia\u00a0<\/a><\/p>\n<p style=\"text-align: center;\"><strong>PARAGUAY<\/strong><a href=\"https:\/\/www.icog.es\/redespa\/wp-content\/uploads\/2023\/09\/agenciaEspParaguay.png\"><img decoding=\"async\" class=\"size-full wp-image-2054 aligncenter\" src=\"https:\/\/www.icog.es\/redespa\/wp-content\/uploads\/2023\/09\/agenciaEspParaguay.png\" alt=\"\" width=\"281\" height=\"158\" srcset=\"https:\/\/www.icog.es\/redespa\/wp-content\/uploads\/2023\/09\/agenciaEspParaguay-200x112.png 200w, https:\/\/www.icog.es\/redespa\/wp-content\/uploads\/2023\/09\/agenciaEspParaguay.png 281w, https:\/\/www.icog.es\/redespa\/wp-content\/uploads\/2023\/09\/agenciaEspParaguay-400x224.png 400w, https:\/\/www.icog.es\/redespa\/wp-content\/uploads\/2023\/09\/agenciaEspParaguay-600x337.png 600w, https:\/\/www.icog.es\/redespa\/wp-content\/uploads\/2023\/09\/agenciaEspParaguay-768x431.png 768w, https:\/\/www.icog.es\/redespa\/wp-content\/uploads\/2023\/09\/agenciaEspParaguay-800x449.png 800w, https:\/\/www.icog.es\/redespa\/wp-content\/uploads\/2023\/09\/agenciaEspParaguay-1200x674.png 1200w\" sizes=\"(max-width: 281px) 100vw, 281px\" \/><\/a><\/p>\n<p style=\"text-align: center;\"><a href=\"https:\/\/www.aep.gov.py\/index.php\">Agencia Espacial de Paraguay<\/a><a href=\"https:\/\/www.icog.es\/redespa\/wp-content\/uploads\/2023\/09\/itapua.jpg\"><img decoding=\"async\" class=\"size-full wp-image-2057 aligncenter\" src=\"https:\/\/www.icog.es\/redespa\/wp-content\/uploads\/2023\/09\/itapua.jpg\" alt=\"\" width=\"187\" height=\"270\" srcset=\"https:\/\/www.icog.es\/redespa\/wp-content\/uploads\/2023\/09\/itapua.jpg 187w, https:\/\/www.icog.es\/redespa\/wp-content\/uploads\/2023\/09\/itapua-200x288.jpg 200w, https:\/\/www.icog.es\/redespa\/wp-content\/uploads\/2023\/09\/itapua-400x577.jpg 400w, https:\/\/www.icog.es\/redespa\/wp-content\/uploads\/2023\/09\/itapua-600x866.jpg 600w, https:\/\/www.icog.es\/redespa\/wp-content\/uploads\/2023\/09\/itapua-768x1108.jpg 768w, https:\/\/www.icog.es\/redespa\/wp-content\/uploads\/2023\/09\/itapua-800x1155.jpg 800w, https:\/\/www.icog.es\/redespa\/wp-content\/uploads\/2023\/09\/itapua-1200x1732.jpg 1200w\" sizes=\"(max-width: 187px) 100vw, 187px\" \/><\/a><\/p>\n<p style=\"text-align: center;\"><a href=\"https:\/\/uni.edu.py\/\" target=\"_blank\" rel=\"noopener\">Universidad Nacional de Itap\u00faa\u00a0<\/a><\/p>\n<hr \/>\n<p style=\"text-align: center;\"><strong>\u00a0<strong>ARGENTINA<\/strong><\/strong><\/p>\n<p style=\"text-align: center;\"><a href=\"https:\/\/www.icog.es\/redespa\/wp-content\/uploads\/2014\/01\/GAEMA-logo.jpg\"><img decoding=\"async\" class=\" wp-image-257 aligncenter\" src=\"https:\/\/www.icog.es\/redespa\/wp-content\/uploads\/2014\/01\/GAEMA-logo-300x225.jpg\" alt=\"GAEMA logo\" width=\"210\" height=\"158\" srcset=\"https:\/\/www.icog.es\/redespa\/wp-content\/uploads\/2014\/01\/GAEMA-logo-160x120.jpg 160w, https:\/\/www.icog.es\/redespa\/wp-content\/uploads\/2014\/01\/GAEMA-logo-300x225.jpg 300w, https:\/\/www.icog.es\/redespa\/wp-content\/uploads\/2014\/01\/GAEMA-logo-720x540.jpg 720w, https:\/\/www.icog.es\/redespa\/wp-content\/uploads\/2014\/01\/GAEMA-logo-1024x768.jpg 1024w, https:\/\/www.icog.es\/redespa\/wp-content\/uploads\/2014\/01\/GAEMA-logo.jpg 1402w\" sizes=\"(max-width: 210px) 100vw, 210px\" \/><\/a><\/p>\n<p style=\"text-align: center;\"><a href=\"http:\/\/www.cadic-conicet.gob.ar\/site\/?page_id=477\">Grupo Argentino de Estudio de Meteoritos y Astroblemas<\/a><\/p>\n<p style=\"text-align: center;\"><strong>BRASIL<\/strong><\/p>\n<p style=\"text-align: center;\"><a href=\"https:\/\/www.icog.es\/redespa\/wp-content\/uploads\/2014\/01\/Logo_RBA_eng-211x300.jpg\"><img decoding=\"async\" class=\"size-full wp-image-88 aligncenter\" src=\"https:\/\/www.icog.es\/redespa\/wp-content\/uploads\/2014\/01\/Logo_RBA_eng-211x300.jpg\" alt=\"Logo_RBA_eng-211x300\" width=\"202\" height=\"135\" srcset=\"https:\/\/www.icog.es\/redespa\/wp-content\/uploads\/2014\/01\/Logo_RBA_eng-211x300-160x106.jpg 160w, https:\/\/www.icog.es\/redespa\/wp-content\/uploads\/2014\/01\/Logo_RBA_eng-211x300-192x128.jpg 192w, https:\/\/www.icog.es\/redespa\/wp-content\/uploads\/2014\/01\/Logo_RBA_eng-211x300.jpg 202w\" sizes=\"(max-width: 202px) 100vw, 202px\" \/><\/a><a href=\"http:\/\/www.astrobiologia.net.br\/\">Rede Brasileira de Astrobiologia<\/a><\/p>\n<p style=\"text-align: center;\"><strong>CHILE<\/strong><\/p>\n<p><img decoding=\"async\" class=\"aligncenter\" src=\"https:\/\/vinculacion.unab.cl\/wp-content\/uploads\/2018\/06\/fondo-transparente-logo-color-con-texto-azul.png\" alt=\"Logos- Universidad Andr\u00e9s Bello\" width=\"194\" height=\"163\" \/><\/p>\n<p style=\"text-align: center;\"><a href=\"https:\/\/facultades.unab.cl\/ingenieria\/carrera\/geologia\/\">Geolog\u00eda, Facultad de Ingenier\u00eda, Universidad Andr\u00e9s Bello<\/a><\/p>\n<p style=\"text-align: center;\"><a href=\"https:\/\/www.icog.es\/redespa\/wp-content\/uploads\/2014\/01\/atacama.jpg\"><img decoding=\"async\" class=\"size-medium wp-image-1412 aligncenter\" src=\"https:\/\/www.icog.es\/redespa\/wp-content\/uploads\/2014\/01\/atacama-300x72.jpg\" alt=\"\" width=\"300\" height=\"72\" srcset=\"https:\/\/www.icog.es\/redespa\/wp-content\/uploads\/2014\/01\/atacama-300x72.jpg 300w, https:\/\/www.icog.es\/redespa\/wp-content\/uploads\/2014\/01\/atacama-720x173.jpg 720w, https:\/\/www.icog.es\/redespa\/wp-content\/uploads\/2014\/01\/atacama-768x185.jpg 768w, https:\/\/www.icog.es\/redespa\/wp-content\/uploads\/2014\/01\/atacama.jpg 909w\" sizes=\"(max-width: 300px) 100vw, 300px\" \/><\/a><\/p>\n<p style=\"text-align: center;\"><a href=\"http:\/\/www.astrobiology-in-chile.com\/\">AtacamaBiotech &#8211; Astrobiology and Biotechnology<\/a><\/p>\n<p style=\"text-align: center;\"><a href=\"https:\/\/www.facebook.com\/EscueladeAstronomiaCali\"><img decoding=\"async\" class=\"alignnone size-full wp-image-360\" src=\"https:\/\/www.icog.es\/redespa\/wp-content\/uploads\/2014\/01\/astronomia_cali.jpg\" alt=\"astronomia_cali\" width=\"160\" height=\"160\" srcset=\"https:\/\/www.icog.es\/redespa\/wp-content\/uploads\/2014\/01\/astronomia_cali-150x150.jpg 150w, https:\/\/www.icog.es\/redespa\/wp-content\/uploads\/2014\/01\/astronomia_cali.jpg 160w\" sizes=\"(max-width: 160px) 100vw, 160px\" \/><\/a><\/p>\n<p style=\"text-align: center;\"><a href=\"https:\/\/www.facebook.com\/EscueladeAstronomiaCali\">Escuela de Astronom\u00eda de Cali<\/a><\/p>\n<p style=\"text-align: center;\"><strong>M\u00c9XICO<\/strong><\/p>\n<p style=\"text-align: center;\"><a href=\"https:\/\/www.icog.es\/redespa\/wp-content\/uploads\/2014\/01\/logo_soma.jpg\"><img decoding=\"async\" class=\"size-full wp-image-90 aligncenter\" src=\"https:\/\/www.icog.es\/redespa\/wp-content\/uploads\/2014\/01\/logo_soma.jpg\" alt=\"logo_soma\" width=\"160\" height=\"160\" srcset=\"https:\/\/www.icog.es\/redespa\/wp-content\/uploads\/2014\/01\/logo_soma-150x150.jpg 150w, https:\/\/www.icog.es\/redespa\/wp-content\/uploads\/2014\/01\/logo_soma.jpg 160w\" sizes=\"(max-width: 160px) 100vw, 160px\" \/><\/a><a href=\"http:\/\/soma.nucleares.unam.mx\/home\/index.php\/es-ES\/\">Sociedad Mexicana de Astrobiolog\u00eda<\/a><\/p>\n<p style=\"text-align: center;\"><strong>PER\u00da<\/strong><\/p>\n<p style=\"text-align: center;\"><a href=\"https:\/\/www.icog.es\/redespa\/wp-content\/uploads\/2014\/01\/astrobio_colombia_logo.jpg\"><img decoding=\"async\" class=\" wp-image-190 aligncenter\" src=\"https:\/\/www.icog.es\/redespa\/wp-content\/uploads\/2014\/01\/astrobio_colombia_logo-289x300.jpg\" alt=\"astrobio_colombia_logo\" width=\"138\" height=\"144\" srcset=\"https:\/\/www.icog.es\/redespa\/wp-content\/uploads\/2014\/01\/astrobio_colombia_logo-154x160.jpg 154w, https:\/\/www.icog.es\/redespa\/wp-content\/uploads\/2014\/01\/astrobio_colombia_logo-289x300.jpg 289w, https:\/\/www.icog.es\/redespa\/wp-content\/uploads\/2014\/01\/astrobio_colombia_logo-720x746.jpg 720w, https:\/\/www.icog.es\/redespa\/wp-content\/uploads\/2014\/01\/astrobio_colombia_logo.jpg 926w\" sizes=\"(max-width: 138px) 100vw, 138px\" \/><\/a><\/p>\n<p style=\"text-align: center;\"><a href=\"https:\/\/www.facebook.com\/astrobiologiaperu\">Asociaci\u00f3n Peruana de Astrobiolog\u00eda<\/a><\/p>\n<p style=\"text-align: center;\">\u00a0<a href=\"https:\/\/www.icog.es\/redespa\/wp-content\/uploads\/2014\/01\/scap.jpg\"><img decoding=\"async\" class=\" size-medium wp-image-949 aligncenter\" src=\"https:\/\/www.icog.es\/redespa\/wp-content\/uploads\/2014\/01\/scap-300x130.jpg\" alt=\"scap\" width=\"300\" height=\"130\" srcset=\"https:\/\/www.icog.es\/redespa\/wp-content\/uploads\/2014\/01\/scap-160x69.jpg 160w, https:\/\/www.icog.es\/redespa\/wp-content\/uploads\/2014\/01\/scap-300x130.jpg 300w, https:\/\/www.icog.es\/redespa\/wp-content\/uploads\/2014\/01\/scap.jpg 720w\" sizes=\"(max-width: 300px) 100vw, 300px\" \/><\/a><\/p>\n<p style=\"text-align: center;\"><a href=\"http:\/\/astrobiologyperu.wix.com\/grupoastrobioperu\">Sociedad Cient\u00edfica de Astrobiolog\u00eda del Per\u00fa<\/a><\/p>\n<p style=\"text-align: center;\"><strong style=\"line-height: 1.5em;\"><a href=\"http:\/\/logos.ls.toyaku.ac.jp\/~astrobiology-japan\/en\/index.html\"><img decoding=\"async\" class=\"alignnone size-medium wp-image-142\" src=\"https:\/\/www.icog.es\/redespa\/wp-content\/uploads\/2014\/01\/JAN-300x38.jpg\" alt=\"JAN\" width=\"300\" height=\"38\" srcset=\"https:\/\/www.icog.es\/redespa\/wp-content\/uploads\/2014\/01\/JAN-160x20.jpg 160w, https:\/\/www.icog.es\/redespa\/wp-content\/uploads\/2014\/01\/JAN-300x38.jpg 300w, https:\/\/www.icog.es\/redespa\/wp-content\/uploads\/2014\/01\/JAN.jpg 433w\" sizes=\"(max-width: 300px) 100vw, 300px\" \/><\/a><\/strong><\/p>\n<p>&nbsp;<\/p>\n<p>&nbsp;<\/p>\n<p>&nbsp;<\/p>\n<p>&nbsp;<\/p>\n","protected":false},"excerpt":{"rendered":"<p>La colaboraci\u00f3n y coordinaci\u00f3n con otros grupos, sociedades y asociaciones es uno de los pilares fundamentales que sustentan las actividades de REDESPA, con una clara vocaci\u00f3n Iberoamericana. Si a nivel individual &#8211;o como grupo, sociedad,  [&#8230;]<\/p>\n","protected":false},"author":2,"featured_media":0,"parent":0,"menu_order":0,"comment_status":"open","ping_status":"open","template":"","meta":{"footnotes":""},"class_list":["post-87","page","type-page","status-publish","hentry"],"yoast_head":"<!-- This site is optimized with the Yoast SEO plugin v27.3 - https:\/\/yoast.com\/product\/yoast-seo-wordpress\/ -->\r\n<title>Partners\/Colaboradores - REDESPA<\/title>\r\n<meta name=\"robots\" content=\"index, follow, max-snippet:-1, max-image-preview:large, max-video-preview:-1\" \/>\r\n<link rel=\"canonical\" href=\"https:\/\/www.icog.es\/redespa\/index.php\/partnerscolaboradores\/\" \/>\r\n<meta property=\"og:locale\" content=\"es_ES\" \/>\r\n<meta property=\"og:type\" content=\"article\" \/>\r\n<meta property=\"og:title\" content=\"Partners\/Colaboradores - REDESPA\" \/>\r\n<meta property=\"og:description\" content=\"La colaboraci\u00f3n y coordinaci\u00f3n con otros grupos, sociedades y asociaciones es uno de los pilares fundamentales que sustentan las actividades de REDESPA, con una clara vocaci\u00f3n Iberoamericana. Si a nivel individual &#8211;o como grupo, sociedad, [...]\" \/>\r\n<meta property=\"og:url\" content=\"https:\/\/www.icog.es\/redespa\/index.php\/partnerscolaboradores\/\" \/>\r\n<meta property=\"og:site_name\" content=\"REDESPA\" \/>\r\n<meta property=\"article:publisher\" content=\"https:\/\/www.facebook.com\/REDESPA\" \/>\r\n<meta property=\"article:modified_time\" content=\"2024-11-26T12:40:29+00:00\" \/>\r\n<meta property=\"og:image\" content=\"https:\/\/www.icog.es\/redespa\/wp-content\/uploads\/2021\/03\/DAbG-Logo_Stefan-Fox-300x300.jpg\" \/>\r\n<meta name=\"twitter:card\" content=\"summary_large_image\" \/>\r\n<meta name=\"twitter:site\" content=\"@REDESPA1\" \/>\r\n<meta name=\"twitter:label1\" content=\"Tiempo de lectura\" \/>\n\t<meta name=\"twitter:data1\" content=\"4 minutos\" \/>\r\n<script type=\"application\/ld+json\" class=\"yoast-schema-graph\">{\"@context\":\"https:\\\/\\\/schema.org\",\"@graph\":[{\"@type\":\"WebPage\",\"@id\":\"https:\\\/\\\/www.icog.es\\\/redespa\\\/index.php\\\/partnerscolaboradores\\\/\",\"url\":\"https:\\\/\\\/www.icog.es\\\/redespa\\\/index.php\\\/partnerscolaboradores\\\/\",\"name\":\"Partners\\\/Colaboradores - REDESPA\",\"isPartOf\":{\"@id\":\"https:\\\/\\\/www.icog.es\\\/redespa\\\/#website\"},\"primaryImageOfPage\":{\"@id\":\"https:\\\/\\\/www.icog.es\\\/redespa\\\/index.php\\\/partnerscolaboradores\\\/#primaryimage\"},\"image\":{\"@id\":\"https:\\\/\\\/www.icog.es\\\/redespa\\\/index.php\\\/partnerscolaboradores\\\/#primaryimage\"},\"thumbnailUrl\":\"https:\\\/\\\/www.icog.es\\\/redespa\\\/wp-content\\\/uploads\\\/2021\\\/03\\\/DAbG-Logo_Stefan-Fox-300x300.jpg\",\"datePublished\":\"2014-01-26T09:32:58+00:00\",\"dateModified\":\"2024-11-26T12:40:29+00:00\",\"inLanguage\":\"es\",\"potentialAction\":[{\"@type\":\"ReadAction\",\"target\":[\"https:\\\/\\\/www.icog.es\\\/redespa\\\/index.php\\\/partnerscolaboradores\\\/\"]}]},{\"@type\":\"ImageObject\",\"inLanguage\":\"es\",\"@id\":\"https:\\\/\\\/www.icog.es\\\/redespa\\\/index.php\\\/partnerscolaboradores\\\/#primaryimage\",\"url\":\"https:\\\/\\\/www.icog.es\\\/redespa\\\/wp-content\\\/uploads\\\/2021\\\/03\\\/DAbG-Logo_Stefan-Fox-scaled.jpg\",\"contentUrl\":\"https:\\\/\\\/www.icog.es\\\/redespa\\\/wp-content\\\/uploads\\\/2021\\\/03\\\/DAbG-Logo_Stefan-Fox-scaled.jpg\",\"width\":2560,\"height\":2560,\"caption\":\"image description\"},{\"@type\":\"WebSite\",\"@id\":\"https:\\\/\\\/www.icog.es\\\/redespa\\\/#website\",\"url\":\"https:\\\/\\\/www.icog.es\\\/redespa\\\/\",\"name\":\"REDESPA\",\"description\":\"Red Espa\u00f1ola de Planetolog\u00eda y Astrobiolog\u00eda\",\"publisher\":{\"@id\":\"https:\\\/\\\/www.icog.es\\\/redespa\\\/#organization\"},\"potentialAction\":[{\"@type\":\"SearchAction\",\"target\":{\"@type\":\"EntryPoint\",\"urlTemplate\":\"https:\\\/\\\/www.icog.es\\\/redespa\\\/?s={search_term_string}\"},\"query-input\":{\"@type\":\"PropertyValueSpecification\",\"valueRequired\":true,\"valueName\":\"search_term_string\"}}],\"inLanguage\":\"es\"},{\"@type\":\"Organization\",\"@id\":\"https:\\\/\\\/www.icog.es\\\/redespa\\\/#organization\",\"name\":\"Red Espa\u00f1ola de Planetolog\u00eda y Astrobiolog\u00eda\",\"url\":\"https:\\\/\\\/www.icog.es\\\/redespa\\\/\",\"logo\":{\"@type\":\"ImageObject\",\"inLanguage\":\"es\",\"@id\":\"https:\\\/\\\/www.icog.es\\\/redespa\\\/#\\\/schema\\\/logo\\\/image\\\/\",\"url\":\"https:\\\/\\\/www.icog.es\\\/redespa\\\/wp-content\\\/uploads\\\/2019\\\/05\\\/logoredespa12.jpg\",\"contentUrl\":\"https:\\\/\\\/www.icog.es\\\/redespa\\\/wp-content\\\/uploads\\\/2019\\\/05\\\/logoredespa12.jpg\",\"width\":484,\"height\":100,\"caption\":\"Red Espa\u00f1ola de Planetolog\u00eda y Astrobiolog\u00eda\"},\"image\":{\"@id\":\"https:\\\/\\\/www.icog.es\\\/redespa\\\/#\\\/schema\\\/logo\\\/image\\\/\"},\"sameAs\":[\"https:\\\/\\\/www.facebook.com\\\/REDESPA\",\"https:\\\/\\\/x.com\\\/REDESPA1\",\"https:\\\/\\\/www.linkedin.com\\\/company\\\/316636\",\"https:\\\/\\\/www.youtube.com\\\/channel\\\/UCbe-LMDt_tDeS6ZbnrVt8SA\"]}]}<\/script>\r\n<!-- \/ Yoast SEO plugin. -->","yoast_head_json":{"title":"Partners\/Colaboradores - REDESPA","robots":{"index":"index","follow":"follow","max-snippet":"max-snippet:-1","max-image-preview":"max-image-preview:large","max-video-preview":"max-video-preview:-1"},"canonical":"https:\/\/www.icog.es\/redespa\/index.php\/partnerscolaboradores\/","og_locale":"es_ES","og_type":"article","og_title":"Partners\/Colaboradores - REDESPA","og_description":"La colaboraci\u00f3n y coordinaci\u00f3n con otros grupos, sociedades y asociaciones es uno de los pilares fundamentales que sustentan las actividades de REDESPA, con una clara vocaci\u00f3n Iberoamericana. Si a nivel individual &#8211;o como grupo, sociedad, [...]","og_url":"https:\/\/www.icog.es\/redespa\/index.php\/partnerscolaboradores\/","og_site_name":"REDESPA","article_publisher":"https:\/\/www.facebook.com\/REDESPA","article_modified_time":"2024-11-26T12:40:29+00:00","og_image":[{"url":"https:\/\/www.icog.es\/redespa\/wp-content\/uploads\/2021\/03\/DAbG-Logo_Stefan-Fox-300x300.jpg","type":"","width":"","height":""}],"twitter_card":"summary_large_image","twitter_site":"@REDESPA1","twitter_misc":{"Tiempo de lectura":"4 minutos"},"schema":{"@context":"https:\/\/schema.org","@graph":[{"@type":"WebPage","@id":"https:\/\/www.icog.es\/redespa\/index.php\/partnerscolaboradores\/","url":"https:\/\/www.icog.es\/redespa\/index.php\/partnerscolaboradores\/","name":"Partners\/Colaboradores - REDESPA","isPartOf":{"@id":"https:\/\/www.icog.es\/redespa\/#website"},"primaryImageOfPage":{"@id":"https:\/\/www.icog.es\/redespa\/index.php\/partnerscolaboradores\/#primaryimage"},"image":{"@id":"https:\/\/www.icog.es\/redespa\/index.php\/partnerscolaboradores\/#primaryimage"},"thumbnailUrl":"https:\/\/www.icog.es\/redespa\/wp-content\/uploads\/2021\/03\/DAbG-Logo_Stefan-Fox-300x300.jpg","datePublished":"2014-01-26T09:32:58+00:00","dateModified":"2024-11-26T12:40:29+00:00","inLanguage":"es","potentialAction":[{"@type":"ReadAction","target":["https:\/\/www.icog.es\/redespa\/index.php\/partnerscolaboradores\/"]}]},{"@type":"ImageObject","inLanguage":"es","@id":"https:\/\/www.icog.es\/redespa\/index.php\/partnerscolaboradores\/#primaryimage","url":"https:\/\/www.icog.es\/redespa\/wp-content\/uploads\/2021\/03\/DAbG-Logo_Stefan-Fox-scaled.jpg","contentUrl":"https:\/\/www.icog.es\/redespa\/wp-content\/uploads\/2021\/03\/DAbG-Logo_Stefan-Fox-scaled.jpg","width":2560,"height":2560,"caption":"image description"},{"@type":"WebSite","@id":"https:\/\/www.icog.es\/redespa\/#website","url":"https:\/\/www.icog.es\/redespa\/","name":"REDESPA","description":"Red Espa\u00f1ola de Planetolog\u00eda y Astrobiolog\u00eda","publisher":{"@id":"https:\/\/www.icog.es\/redespa\/#organization"},"potentialAction":[{"@type":"SearchAction","target":{"@type":"EntryPoint","urlTemplate":"https:\/\/www.icog.es\/redespa\/?s={search_term_string}"},"query-input":{"@type":"PropertyValueSpecification","valueRequired":true,"valueName":"search_term_string"}}],"inLanguage":"es"},{"@type":"Organization","@id":"https:\/\/www.icog.es\/redespa\/#organization","name":"Red Espa\u00f1ola de Planetolog\u00eda y Astrobiolog\u00eda","url":"https:\/\/www.icog.es\/redespa\/","logo":{"@type":"ImageObject","inLanguage":"es","@id":"https:\/\/www.icog.es\/redespa\/#\/schema\/logo\/image\/","url":"https:\/\/www.icog.es\/redespa\/wp-content\/uploads\/2019\/05\/logoredespa12.jpg","contentUrl":"https:\/\/www.icog.es\/redespa\/wp-content\/uploads\/2019\/05\/logoredespa12.jpg","width":484,"height":100,"caption":"Red Espa\u00f1ola de Planetolog\u00eda y Astrobiolog\u00eda"},"image":{"@id":"https:\/\/www.icog.es\/redespa\/#\/schema\/logo\/image\/"},"sameAs":["https:\/\/www.facebook.com\/REDESPA","https:\/\/x.com\/REDESPA1","https:\/\/www.linkedin.com\/company\/316636","https:\/\/www.youtube.com\/channel\/UCbe-LMDt_tDeS6ZbnrVt8SA"]}]}},"_links":{"self":[{"href":"https:\/\/www.icog.es\/redespa\/index.php\/wp-json\/wp\/v2\/pages\/87","targetHints":{"allow":["GET"]}}],"collection":[{"href":"https:\/\/www.icog.es\/redespa\/index.php\/wp-json\/wp\/v2\/pages"}],"about":[{"href":"https:\/\/www.icog.es\/redespa\/index.php\/wp-json\/wp\/v2\/types\/page"}],"author":[{"embeddable":true,"href":"https:\/\/www.icog.es\/redespa\/index.php\/wp-json\/wp\/v2\/users\/2"}],"replies":[{"embeddable":true,"href":"https:\/\/www.icog.es\/redespa\/index.php\/wp-json\/wp\/v2\/comments?post=87"}],"version-history":[{"count":21,"href":"https:\/\/www.icog.es\/redespa\/index.php\/wp-json\/wp\/v2\/pages\/87\/revisions"}],"predecessor-version":[{"id":2179,"href":"https:\/\/www.icog.es\/redespa\/index.php\/wp-json\/wp\/v2\/pages\/87\/revisions\/2179"}],"wp:attachment":[{"href":"https:\/\/www.icog.es\/redespa\/index.php\/wp-json\/wp\/v2\/media?parent=87"}],"curies":[{"name":"wp","href":"https:\/\/api.w.org\/{rel}","templated":true}]}}