{"id":77,"date":"2014-01-25T22:36:57","date_gmt":"2014-01-25T22:36:57","guid":{"rendered":"http:\/\/www.icog.es\/redespa\/?page_id=77"},"modified":"2026-03-25T12:09:43","modified_gmt":"2026-03-25T10:09:43","slug":"comite-cientifico-internacional","status":"publish","type":"page","link":"https:\/\/www.icog.es\/redespa\/index.php\/comite-cientifico-internacional\/","title":{"rendered":"Comit\u00e9 Cient\u00edfico Internacional"},"content":{"rendered":"<p><strong>REDESPA cuenta con un Comit\u00e9 Cient\u00edfico Internacional constituido por expertos de reconocido prestigio\u00a0<\/strong><\/p>\n<ul>\n<li>Juan P\u00e9rez-Mercader, Harvard University, USA (<a href=\"https:\/\/www.icog.es\/redespa\/index.php\/el-prof-juan-perez-mercader-miembro-de-honor-de-redespa\/\">MIEMBRO DE HONOR<\/a>)<\/li>\n<li>Pedro Duque, Agencia Espacial Europea (<a href=\"http:\/\/www.pedroduque.es\/\">MIEMBRO ASOCIADO EXCEPCIONAL<\/a>)<\/li>\n<\/ul>\n<ul>\n<li>Jorge Enrique Bueno Prieto, Instituto de Astrobiolog\u00eda de Colombia, IAC, Colombia<\/li>\n<li>Octavio Chon, Asociaci\u00f3n Peruana de Astrobiolog\u00eda, Per\u00fa<\/li>\n<li>Sa\u00fal P\u00e9rez Monta\u00f1o, Instituto de Investigaci\u00f3n Arrehnius, Arequipa, Per\u00fa<\/li>\n<li>Alan Boss, Carnegie Institution for Science and NAI, USA<\/li>\n<li>Kathleen Campbell, School of Environment, University of Auckland and New Zealand Astrobiology Network (NZAN), New Zealand<\/li>\n<li>Graziella\u00a0Caprarelli,\u00a0DivITEE, University of South Australia, Adelaide, Australia<\/li>\n<li>David C. Catling, University of Washington and NAI, USA<\/li>\n<li>Sandra A. Cauffman,\u00a0NASA\/Goddard Space Flight Center, USA<\/li>\n<li>Charles S. Cockell, University of Edinburgh and UK Centre for Astrobiology, UK<\/li>\n<li>Pamela Conrad, NASA Goddard Space Flight Center and NAI, USA<\/li>\n<li>Karen Correa Basilotta, Geolog\u00eda, Facultad de Ingenier\u00eda, Universidad Andr\u00e9s Bello, Chile<\/li>\n<li>Robert A. Craddock, Center for Earth and Planetary Studies, National Air and Space Museum, Smithsonian Institution, USA<\/li>\n<li>Joy A. Crisp, Jet Propulsion Laboratory\/Caltech, USA<\/li>\n<li>Jean-Pierre Paul de Vera, German Aerospace Center (DLR), Institute of Planetary Research. Department of Planetary Physics, Rutherfordstr. 2. 12489 Berlin, Germany<\/li>\n<li>Howell Edwards, University of Bradford and UK Centre for Astrobiology, UK<\/li>\n<li>Jack Farmer, Arizona State University and NAI, USA<\/li>\n<li>Jean-Louis Fellous, Committee on Space Research (COSPAR), France<\/li>\n<li>Bernard H. Foing, ESA\/ESTEC, The Netherlands<\/li>\n<li>Muriel Gargaud, Laboratoire d&#8217;Astrophysique de Bordeaux and Soci\u00e9t\u00e9 Fran\u00e7aise d\u00c9xobiologie, France<\/li>\n<li>Michael Gaylor, Dakota State University, USA<\/li>\n<li>XIE Gengxin, QUI Dan y ZHANG Yuanxun, Center of Space Exploration, Chongqing University (China)<\/li>\n<li>Gernot Gr\u00f6mer, Austrian Space Forum<\/li>\n<li>Nobuyuki HASEBE,\u00a0Research Institute for Science and Engineering, Waseda Unversity, Japan<\/li>\n<li>Gerda Horneck,\u00a0Institute of Aerospace Medicine, German Aerospace Center,\u00a0DLR (<em>retired)<\/em>, Germany<\/li>\n<li>Jorge Ernesto Horvath, Universidade de Sao Paulo and Rede Brasileira de Astrobiologia, Brazil<\/li>\n<li>Kensei Kobayashi, Yokohama National University and Japanese Astrobiology Network<\/li>\n<li>Vera Kolb, University of Wisconsin \u2013 Parkside, USA<\/li>\n<li>Eduardo Alfredo Luccini,\u00a0 Instituto de F\u00edsica de Rosario &#8211; CONICET\/UNR, Argentina<\/li>\n<li>Peter Jenniskens,\u00a0SETI Institute,\u00a0Mountain View, CA, USA<\/li>\n<li>Sun Kwok, IAU Commission F3, Astrobiology, The University of Hong Kong<\/li>\n<li>Lucia Marinangeli, Geologia Planetaria, Universit\u00e0 degli Studi G. d&#8217;Annunzio Chieti e Pescara, Italy<\/li>\n<li>Matteo Massironi, Department of Geosciences, Universit\u00e0 degli studi di Padova, Italy<\/li>\n<li>Jos\u00e9 A. Matias Lopes, Department of Physics, University of Coimbra, Portugal<\/li>\n<li>Abel M\u00e9ndez, Planetary Habitability Laboratory, University of Puerto Rico at Arecibo<\/li>\n<li>\u2020Rafael Navarro-Gonz\u00e1lez, Laboratorio de Qu\u00edmica de Plasmas y Estudios Planetarios, Instituto de Ciencias Nucleares, Universidad Nacional Aut\u00f3noma de M\u00e9xico<\/li>\n<li>Bruno Leonardo do Nascimento Dias, Museu Nacional do Rio de Janeiro y Sociedade Brasileira de Astrobiologia<\/li>\n<li>Adriana Ocampo, NASA HQ, Planetary Science Division, Wash DC, USA<\/li>\n<li>Dorothy Z. Oehler, Jacobs Technology; Johnson Space Center, USA<\/li>\n<li>Gian Gabriele Ori, IRSPS &#8211; Univ. G. d&#8217;Annunzio, Italy<\/li>\n<li>Riccardo Pozzobon, Department of Geosciences, University of Padova, Italy<\/li>\n<li>Scot C.R. Rafkin,\u00a0Department of Space Studies,\u00a0Southwest Research\u00a0Institute, Boulder, Colorado, USA<\/li>\n<li>Francesco Sauro, Dept. of Biological, Geological and Environmental Sciences, University of Bologna and Italian Institute of Speleology, Italy<\/li>\n<li>Raffaele Saladino, Universit\u00e0 della Tuscia and Italian Society of Astrobiology, Italy<\/li>\n<li>Dirk Schulze-Makuch, Technical University Berlin and President of the German Astrobiological Society<\/li>\n<li>Alan Stern, selfemployed, Uwingu, Paragon Space Development Corporation<\/li>\n<li>Jorge Vago,\u00a0European Space Agency (ESA), Directorate of Science and Robotic Exploration,\u00a0Noordwijk, Netherlands<\/li>\n<li>Vivi Vajda, Lund University and Nordik Network of Astrobiology, Sweden<\/li>\n<li>Jessica Weber, JPL, USA<\/li>\n<li>Frances Westall, CNRS-Orleans and EANA<\/li>\n<\/ul>\n","protected":false},"excerpt":{"rendered":"<p>REDESPA cuenta con un Comit\u00e9 Cient\u00edfico Internacional constituido por expertos de reconocido prestigio\u00a0 Juan P\u00e9rez-Mercader, Harvard University, USA (MIEMBRO DE HONOR) Pedro Duque, Agencia Espacial Europea (MIEMBRO ASOCIADO EXCEPCIONAL) Jorge Enrique Bueno Prieto, Instituto de  [&#8230;]<\/p>\n","protected":false},"author":2,"featured_media":0,"parent":0,"menu_order":0,"comment_status":"open","ping_status":"open","template":"","meta":{"footnotes":""},"class_list":["post-77","page","type-page","status-publish","hentry"],"yoast_head":"<!-- This site is optimized with the Yoast SEO plugin v27.3 - https:\/\/yoast.com\/product\/yoast-seo-wordpress\/ -->\r\n<title>Comit\u00e9 Cient\u00edfico Internacional - REDESPA<\/title>\r\n<meta name=\"description\" content=\"Internacional, Comit\u00e9, Ciencia\" \/>\r\n<meta name=\"robots\" content=\"index, follow, max-snippet:-1, max-image-preview:large, max-video-preview:-1\" \/>\r\n<link rel=\"canonical\" href=\"https:\/\/www.icog.es\/redespa\/index.php\/comite-cientifico-internacional\/\" \/>\r\n<meta property=\"og:locale\" content=\"es_ES\" \/>\r\n<meta property=\"og:type\" content=\"article\" \/>\r\n<meta property=\"og:title\" content=\"Comit\u00e9 Cient\u00edfico Internacional - REDESPA\" \/>\r\n<meta property=\"og:description\" content=\"Internacional, Comit\u00e9, Ciencia\" \/>\r\n<meta property=\"og:url\" content=\"https:\/\/www.icog.es\/redespa\/index.php\/comite-cientifico-internacional\/\" \/>\r\n<meta property=\"og:site_name\" content=\"REDESPA\" \/>\r\n<meta property=\"article:publisher\" content=\"https:\/\/www.facebook.com\/REDESPA\" \/>\r\n<meta property=\"article:modified_time\" content=\"2026-03-25T10:09:43+00:00\" \/>\r\n<meta name=\"twitter:card\" content=\"summary_large_image\" \/>\r\n<meta name=\"twitter:site\" content=\"@REDESPA1\" \/>\r\n<meta name=\"twitter:label1\" content=\"Tiempo de lectura\" \/>\n\t<meta name=\"twitter:data1\" content=\"3 minutos\" \/>\r\n<script type=\"application\/ld+json\" class=\"yoast-schema-graph\">{\"@context\":\"https:\\\/\\\/schema.org\",\"@graph\":[{\"@type\":\"WebPage\",\"@id\":\"https:\\\/\\\/www.icog.es\\\/redespa\\\/index.php\\\/comite-cientifico-internacional\\\/\",\"url\":\"https:\\\/\\\/www.icog.es\\\/redespa\\\/index.php\\\/comite-cientifico-internacional\\\/\",\"name\":\"Comit\u00e9 Cient\u00edfico Internacional - REDESPA\",\"isPartOf\":{\"@id\":\"https:\\\/\\\/www.icog.es\\\/redespa\\\/#website\"},\"datePublished\":\"2014-01-25T22:36:57+00:00\",\"dateModified\":\"2026-03-25T10:09:43+00:00\",\"description\":\"Internacional, Comit\u00e9, Ciencia\",\"inLanguage\":\"es\",\"potentialAction\":[{\"@type\":\"ReadAction\",\"target\":[\"https:\\\/\\\/www.icog.es\\\/redespa\\\/index.php\\\/comite-cientifico-internacional\\\/\"]}]},{\"@type\":\"WebSite\",\"@id\":\"https:\\\/\\\/www.icog.es\\\/redespa\\\/#website\",\"url\":\"https:\\\/\\\/www.icog.es\\\/redespa\\\/\",\"name\":\"REDESPA\",\"description\":\"Red Espa\u00f1ola de Planetolog\u00eda y Astrobiolog\u00eda\",\"publisher\":{\"@id\":\"https:\\\/\\\/www.icog.es\\\/redespa\\\/#organization\"},\"potentialAction\":[{\"@type\":\"SearchAction\",\"target\":{\"@type\":\"EntryPoint\",\"urlTemplate\":\"https:\\\/\\\/www.icog.es\\\/redespa\\\/?s={search_term_string}\"},\"query-input\":{\"@type\":\"PropertyValueSpecification\",\"valueRequired\":true,\"valueName\":\"search_term_string\"}}],\"inLanguage\":\"es\"},{\"@type\":\"Organization\",\"@id\":\"https:\\\/\\\/www.icog.es\\\/redespa\\\/#organization\",\"name\":\"Red Espa\u00f1ola de Planetolog\u00eda y Astrobiolog\u00eda\",\"url\":\"https:\\\/\\\/www.icog.es\\\/redespa\\\/\",\"logo\":{\"@type\":\"ImageObject\",\"inLanguage\":\"es\",\"@id\":\"https:\\\/\\\/www.icog.es\\\/redespa\\\/#\\\/schema\\\/logo\\\/image\\\/\",\"url\":\"https:\\\/\\\/www.icog.es\\\/redespa\\\/wp-content\\\/uploads\\\/2019\\\/05\\\/logoredespa12.jpg\",\"contentUrl\":\"https:\\\/\\\/www.icog.es\\\/redespa\\\/wp-content\\\/uploads\\\/2019\\\/05\\\/logoredespa12.jpg\",\"width\":484,\"height\":100,\"caption\":\"Red Espa\u00f1ola de Planetolog\u00eda y Astrobiolog\u00eda\"},\"image\":{\"@id\":\"https:\\\/\\\/www.icog.es\\\/redespa\\\/#\\\/schema\\\/logo\\\/image\\\/\"},\"sameAs\":[\"https:\\\/\\\/www.facebook.com\\\/REDESPA\",\"https:\\\/\\\/x.com\\\/REDESPA1\",\"https:\\\/\\\/www.linkedin.com\\\/company\\\/316636\",\"https:\\\/\\\/www.youtube.com\\\/channel\\\/UCbe-LMDt_tDeS6ZbnrVt8SA\"]}]}<\/script>\r\n<!-- \/ Yoast SEO plugin. -->","yoast_head_json":{"title":"Comit\u00e9 Cient\u00edfico Internacional - REDESPA","description":"Internacional, Comit\u00e9, Ciencia","robots":{"index":"index","follow":"follow","max-snippet":"max-snippet:-1","max-image-preview":"max-image-preview:large","max-video-preview":"max-video-preview:-1"},"canonical":"https:\/\/www.icog.es\/redespa\/index.php\/comite-cientifico-internacional\/","og_locale":"es_ES","og_type":"article","og_title":"Comit\u00e9 Cient\u00edfico Internacional - REDESPA","og_description":"Internacional, Comit\u00e9, Ciencia","og_url":"https:\/\/www.icog.es\/redespa\/index.php\/comite-cientifico-internacional\/","og_site_name":"REDESPA","article_publisher":"https:\/\/www.facebook.com\/REDESPA","article_modified_time":"2026-03-25T10:09:43+00:00","twitter_card":"summary_large_image","twitter_site":"@REDESPA1","twitter_misc":{"Tiempo de lectura":"3 minutos"},"schema":{"@context":"https:\/\/schema.org","@graph":[{"@type":"WebPage","@id":"https:\/\/www.icog.es\/redespa\/index.php\/comite-cientifico-internacional\/","url":"https:\/\/www.icog.es\/redespa\/index.php\/comite-cientifico-internacional\/","name":"Comit\u00e9 Cient\u00edfico Internacional - REDESPA","isPartOf":{"@id":"https:\/\/www.icog.es\/redespa\/#website"},"datePublished":"2014-01-25T22:36:57+00:00","dateModified":"2026-03-25T10:09:43+00:00","description":"Internacional, Comit\u00e9, Ciencia","inLanguage":"es","potentialAction":[{"@type":"ReadAction","target":["https:\/\/www.icog.es\/redespa\/index.php\/comite-cientifico-internacional\/"]}]},{"@type":"WebSite","@id":"https:\/\/www.icog.es\/redespa\/#website","url":"https:\/\/www.icog.es\/redespa\/","name":"REDESPA","description":"Red Espa\u00f1ola de Planetolog\u00eda y Astrobiolog\u00eda","publisher":{"@id":"https:\/\/www.icog.es\/redespa\/#organization"},"potentialAction":[{"@type":"SearchAction","target":{"@type":"EntryPoint","urlTemplate":"https:\/\/www.icog.es\/redespa\/?s={search_term_string}"},"query-input":{"@type":"PropertyValueSpecification","valueRequired":true,"valueName":"search_term_string"}}],"inLanguage":"es"},{"@type":"Organization","@id":"https:\/\/www.icog.es\/redespa\/#organization","name":"Red Espa\u00f1ola de Planetolog\u00eda y Astrobiolog\u00eda","url":"https:\/\/www.icog.es\/redespa\/","logo":{"@type":"ImageObject","inLanguage":"es","@id":"https:\/\/www.icog.es\/redespa\/#\/schema\/logo\/image\/","url":"https:\/\/www.icog.es\/redespa\/wp-content\/uploads\/2019\/05\/logoredespa12.jpg","contentUrl":"https:\/\/www.icog.es\/redespa\/wp-content\/uploads\/2019\/05\/logoredespa12.jpg","width":484,"height":100,"caption":"Red Espa\u00f1ola de Planetolog\u00eda y Astrobiolog\u00eda"},"image":{"@id":"https:\/\/www.icog.es\/redespa\/#\/schema\/logo\/image\/"},"sameAs":["https:\/\/www.facebook.com\/REDESPA","https:\/\/x.com\/REDESPA1","https:\/\/www.linkedin.com\/company\/316636","https:\/\/www.youtube.com\/channel\/UCbe-LMDt_tDeS6ZbnrVt8SA"]}]}},"_links":{"self":[{"href":"https:\/\/www.icog.es\/redespa\/index.php\/wp-json\/wp\/v2\/pages\/77","targetHints":{"allow":["GET"]}}],"collection":[{"href":"https:\/\/www.icog.es\/redespa\/index.php\/wp-json\/wp\/v2\/pages"}],"about":[{"href":"https:\/\/www.icog.es\/redespa\/index.php\/wp-json\/wp\/v2\/types\/page"}],"author":[{"embeddable":true,"href":"https:\/\/www.icog.es\/redespa\/index.php\/wp-json\/wp\/v2\/users\/2"}],"replies":[{"embeddable":true,"href":"https:\/\/www.icog.es\/redespa\/index.php\/wp-json\/wp\/v2\/comments?post=77"}],"version-history":[{"count":53,"href":"https:\/\/www.icog.es\/redespa\/index.php\/wp-json\/wp\/v2\/pages\/77\/revisions"}],"predecessor-version":[{"id":2236,"href":"https:\/\/www.icog.es\/redespa\/index.php\/wp-json\/wp\/v2\/pages\/77\/revisions\/2236"}],"wp:attachment":[{"href":"https:\/\/www.icog.es\/redespa\/index.php\/wp-json\/wp\/v2\/media?parent=77"}],"curies":[{"name":"wp","href":"https:\/\/api.w.org\/{rel}","templated":true}]}}