{"id":642,"date":"2015-01-23T12:52:35","date_gmt":"2015-01-23T10:52:35","guid":{"rendered":"http:\/\/www.icog.es\/redespa\/?page_id=642"},"modified":"2023-09-02T18:46:37","modified_gmt":"2023-09-02T16:46:37","slug":"virtual-astrobiology-library-val-facebook","status":"publish","type":"page","link":"https:\/\/www.icog.es\/redespa\/index.php\/virtual-astrobiology-library-val-facebook\/","title":{"rendered":"UAP"},"content":{"rendered":"<p><a href=\"https:\/\/www.icog.es\/redespa\/wp-content\/uploads\/2019\/05\/redespa_logo1.jpg\"><img decoding=\"async\" class=\"size-full wp-image-1584 aligncenter\" src=\"https:\/\/www.icog.es\/redespa\/wp-content\/uploads\/2019\/05\/redespa_logo1.jpg\" alt=\"\" width=\"250\" height=\"234\" srcset=\"https:\/\/www.icog.es\/redespa\/wp-content\/uploads\/2019\/05\/redespa_logo1-200x187.jpg 200w, https:\/\/www.icog.es\/redespa\/wp-content\/uploads\/2019\/05\/redespa_logo1.jpg 250w\" sizes=\"(max-width: 250px) 100vw, 250px\" \/><\/a><\/p>\n<p>Siguiendo las l\u00edneas de actuaci\u00f3n, iniciativas y p\u00e1ginas web de la <a href=\"https:\/\/science.nasa.gov\/uap\">NASA <\/a>y el Departamento de Defensa de EEUU (<a href=\"https:\/\/www.aaro.mil\/\">AARO<\/a>), desde la Red Espa\u00f1ola de Planetolog\u00eda y Astrobiolog\u00eda (REDESPA), abrimos esta secci\u00f3n con objeto de compilar toda aquella informaci\u00f3n cient\u00edfica (y documentaci\u00f3n asociada), que se vaya generando sobre el tema de los UAP. Todos los temas que se incorporen a esta secci\u00f3n ser\u00e1n previamente revisados con objeto de que cualquier investigaci\u00f3n se aborde con la necesaria rigurosidad cient\u00edfica.<\/p>\n<p style=\"text-align: center;\">Fotos parciales. Cr\u00e9ditos: NASA y AARO<\/p>\n<p><a href=\"https:\/\/www.icog.es\/redespa\/wp-content\/uploads\/2023\/09\/uap_aaro.jpg\"><img decoding=\"async\" class=\"alignnone size-full wp-image-2028\" src=\"https:\/\/www.icog.es\/redespa\/wp-content\/uploads\/2023\/09\/uap_aaro.jpg\" alt=\"\" width=\"1269\" height=\"649\" srcset=\"https:\/\/www.icog.es\/redespa\/wp-content\/uploads\/2023\/09\/uap_aaro-200x102.jpg 200w, https:\/\/www.icog.es\/redespa\/wp-content\/uploads\/2023\/09\/uap_aaro-400x204.jpg 400w, https:\/\/www.icog.es\/redespa\/wp-content\/uploads\/2023\/09\/uap_aaro-600x306.jpg 600w, https:\/\/www.icog.es\/redespa\/wp-content\/uploads\/2023\/09\/uap_aaro-768x392.jpg 768w, https:\/\/www.icog.es\/redespa\/wp-content\/uploads\/2023\/09\/uap_aaro-800x409.jpg 800w, https:\/\/www.icog.es\/redespa\/wp-content\/uploads\/2023\/09\/uap_aaro-1200x613.jpg 1200w, https:\/\/www.icog.es\/redespa\/wp-content\/uploads\/2023\/09\/uap_aaro.jpg 1269w\" sizes=\"(max-width: 1269px) 100vw, 1269px\" \/><\/a><\/p>\n<p><a href=\"https:\/\/www.icog.es\/redespa\/wp-content\/uploads\/2023\/09\/Group-Photo.jpg\"><img decoding=\"async\" class=\"alignnone size-full wp-image-2029\" src=\"https:\/\/www.icog.es\/redespa\/wp-content\/uploads\/2023\/09\/Group-Photo.jpg\" alt=\"\" width=\"2560\" height=\"1094\" srcset=\"https:\/\/www.icog.es\/redespa\/wp-content\/uploads\/2023\/09\/Group-Photo-200x85.jpg 200w, https:\/\/www.icog.es\/redespa\/wp-content\/uploads\/2023\/09\/Group-Photo-400x170.jpg 400w, https:\/\/www.icog.es\/redespa\/wp-content\/uploads\/2023\/09\/Group-Photo-600x256.jpg 600w, https:\/\/www.icog.es\/redespa\/wp-content\/uploads\/2023\/09\/Group-Photo-768x328.jpg 768w, https:\/\/www.icog.es\/redespa\/wp-content\/uploads\/2023\/09\/Group-Photo-800x341.jpg 800w, https:\/\/www.icog.es\/redespa\/wp-content\/uploads\/2023\/09\/Group-Photo-1200x512.jpg 1200w, https:\/\/www.icog.es\/redespa\/wp-content\/uploads\/2023\/09\/Group-Photo.jpg 2560w\" sizes=\"(max-width: 2560px) 100vw, 2560px\" \/><\/a><\/p>\n<p style=\"text-align: center;\"><strong><a href=\"https:\/\/www.icog.es\/redespa\/index.php\/category\/uap\/\" target=\"_blank\" rel=\"noopener\">Sigue los art\u00edculos aqu\u00ed.<\/a><\/strong><\/p>\n","protected":false},"excerpt":{"rendered":"<p>Siguiendo las l\u00edneas de actuaci\u00f3n, iniciativas y p\u00e1ginas web de la NASA y el Departamento de Defensa de EEUU (AARO), desde la Red Espa\u00f1ola de Planetolog\u00eda y Astrobiolog\u00eda (REDESPA), abrimos esta secci\u00f3n con objeto de  [&#8230;]<\/p>\n","protected":false},"author":2,"featured_media":0,"parent":0,"menu_order":0,"comment_status":"open","ping_status":"open","template":"","meta":{"footnotes":""},"class_list":["post-642","page","type-page","status-publish","hentry"],"yoast_head":"<!-- This site is optimized with the Yoast SEO plugin v27.3 - https:\/\/yoast.com\/product\/yoast-seo-wordpress\/ -->\r\n<title>REDESPA - UAP<\/title>\r\n<meta name=\"description\" content=\"Abrimos en la Red Espa\u00f1ola de Planetolog\u00eda y Astrobiolog\u00eda (REDESPA) esta secci\u00f3n con objeto de compilar toda aquella informaci\u00f3n cient\u00edfica.\" \/>\r\n<meta name=\"robots\" content=\"index, follow, max-snippet:-1, max-image-preview:large, max-video-preview:-1\" \/>\r\n<link rel=\"canonical\" href=\"https:\/\/www.icog.es\/redespa\/index.php\/virtual-astrobiology-library-val-facebook\/\" \/>\r\n<meta property=\"og:locale\" content=\"es_ES\" \/>\r\n<meta property=\"og:type\" content=\"article\" \/>\r\n<meta property=\"og:title\" content=\"REDESPA - UAP\" \/>\r\n<meta property=\"og:description\" content=\"Abrimos en la Red Espa\u00f1ola de Planetolog\u00eda y Astrobiolog\u00eda (REDESPA) esta secci\u00f3n con objeto de compilar toda aquella informaci\u00f3n cient\u00edfica.\" \/>\r\n<meta property=\"og:url\" content=\"https:\/\/www.icog.es\/redespa\/index.php\/virtual-astrobiology-library-val-facebook\/\" \/>\r\n<meta property=\"og:site_name\" content=\"REDESPA\" \/>\r\n<meta property=\"article:publisher\" content=\"https:\/\/www.facebook.com\/REDESPA\" \/>\r\n<meta property=\"article:modified_time\" content=\"2023-09-02T16:46:37+00:00\" \/>\r\n<meta property=\"og:image\" content=\"https:\/\/www.icog.es\/redespa\/wp-content\/uploads\/2019\/05\/redespa_logo1.jpg\" \/>\r\n<meta name=\"twitter:card\" content=\"summary_large_image\" \/>\r\n<meta name=\"twitter:site\" content=\"@REDESPA1\" \/>\r\n<meta name=\"twitter:label1\" content=\"Tiempo de lectura\" \/>\n\t<meta name=\"twitter:data1\" content=\"2 minutos\" \/>\r\n<script type=\"application\/ld+json\" class=\"yoast-schema-graph\">{\"@context\":\"https:\\\/\\\/schema.org\",\"@graph\":[{\"@type\":\"WebPage\",\"@id\":\"https:\\\/\\\/www.icog.es\\\/redespa\\\/index.php\\\/virtual-astrobiology-library-val-facebook\\\/\",\"url\":\"https:\\\/\\\/www.icog.es\\\/redespa\\\/index.php\\\/virtual-astrobiology-library-val-facebook\\\/\",\"name\":\"REDESPA - UAP\",\"isPartOf\":{\"@id\":\"https:\\\/\\\/www.icog.es\\\/redespa\\\/#website\"},\"primaryImageOfPage\":{\"@id\":\"https:\\\/\\\/www.icog.es\\\/redespa\\\/index.php\\\/virtual-astrobiology-library-val-facebook\\\/#primaryimage\"},\"image\":{\"@id\":\"https:\\\/\\\/www.icog.es\\\/redespa\\\/index.php\\\/virtual-astrobiology-library-val-facebook\\\/#primaryimage\"},\"thumbnailUrl\":\"https:\\\/\\\/www.icog.es\\\/redespa\\\/wp-content\\\/uploads\\\/2019\\\/05\\\/redespa_logo1.jpg\",\"datePublished\":\"2015-01-23T10:52:35+00:00\",\"dateModified\":\"2023-09-02T16:46:37+00:00\",\"description\":\"Abrimos en la Red Espa\u00f1ola de Planetolog\u00eda y Astrobiolog\u00eda (REDESPA) esta secci\u00f3n con objeto de compilar toda aquella informaci\u00f3n cient\u00edfica.\",\"inLanguage\":\"es\",\"potentialAction\":[{\"@type\":\"ReadAction\",\"target\":[\"https:\\\/\\\/www.icog.es\\\/redespa\\\/index.php\\\/virtual-astrobiology-library-val-facebook\\\/\"]}]},{\"@type\":\"ImageObject\",\"inLanguage\":\"es\",\"@id\":\"https:\\\/\\\/www.icog.es\\\/redespa\\\/index.php\\\/virtual-astrobiology-library-val-facebook\\\/#primaryimage\",\"url\":\"https:\\\/\\\/www.icog.es\\\/redespa\\\/wp-content\\\/uploads\\\/2019\\\/05\\\/redespa_logo1.jpg\",\"contentUrl\":\"https:\\\/\\\/www.icog.es\\\/redespa\\\/wp-content\\\/uploads\\\/2019\\\/05\\\/redespa_logo1.jpg\",\"width\":250,\"height\":234},{\"@type\":\"WebSite\",\"@id\":\"https:\\\/\\\/www.icog.es\\\/redespa\\\/#website\",\"url\":\"https:\\\/\\\/www.icog.es\\\/redespa\\\/\",\"name\":\"REDESPA\",\"description\":\"Red Espa\u00f1ola de Planetolog\u00eda y Astrobiolog\u00eda\",\"publisher\":{\"@id\":\"https:\\\/\\\/www.icog.es\\\/redespa\\\/#organization\"},\"potentialAction\":[{\"@type\":\"SearchAction\",\"target\":{\"@type\":\"EntryPoint\",\"urlTemplate\":\"https:\\\/\\\/www.icog.es\\\/redespa\\\/?s={search_term_string}\"},\"query-input\":{\"@type\":\"PropertyValueSpecification\",\"valueRequired\":true,\"valueName\":\"search_term_string\"}}],\"inLanguage\":\"es\"},{\"@type\":\"Organization\",\"@id\":\"https:\\\/\\\/www.icog.es\\\/redespa\\\/#organization\",\"name\":\"Red Espa\u00f1ola de Planetolog\u00eda y Astrobiolog\u00eda\",\"url\":\"https:\\\/\\\/www.icog.es\\\/redespa\\\/\",\"logo\":{\"@type\":\"ImageObject\",\"inLanguage\":\"es\",\"@id\":\"https:\\\/\\\/www.icog.es\\\/redespa\\\/#\\\/schema\\\/logo\\\/image\\\/\",\"url\":\"https:\\\/\\\/www.icog.es\\\/redespa\\\/wp-content\\\/uploads\\\/2019\\\/05\\\/logoredespa12.jpg\",\"contentUrl\":\"https:\\\/\\\/www.icog.es\\\/redespa\\\/wp-content\\\/uploads\\\/2019\\\/05\\\/logoredespa12.jpg\",\"width\":484,\"height\":100,\"caption\":\"Red Espa\u00f1ola de Planetolog\u00eda y Astrobiolog\u00eda\"},\"image\":{\"@id\":\"https:\\\/\\\/www.icog.es\\\/redespa\\\/#\\\/schema\\\/logo\\\/image\\\/\"},\"sameAs\":[\"https:\\\/\\\/www.facebook.com\\\/REDESPA\",\"https:\\\/\\\/x.com\\\/REDESPA1\",\"https:\\\/\\\/www.linkedin.com\\\/company\\\/316636\",\"https:\\\/\\\/www.youtube.com\\\/channel\\\/UCbe-LMDt_tDeS6ZbnrVt8SA\"]}]}<\/script>\r\n<!-- \/ Yoast SEO plugin. -->","yoast_head_json":{"title":"REDESPA - UAP","description":"Abrimos en la Red Espa\u00f1ola de Planetolog\u00eda y Astrobiolog\u00eda (REDESPA) esta secci\u00f3n con objeto de compilar toda aquella informaci\u00f3n cient\u00edfica.","robots":{"index":"index","follow":"follow","max-snippet":"max-snippet:-1","max-image-preview":"max-image-preview:large","max-video-preview":"max-video-preview:-1"},"canonical":"https:\/\/www.icog.es\/redespa\/index.php\/virtual-astrobiology-library-val-facebook\/","og_locale":"es_ES","og_type":"article","og_title":"REDESPA - UAP","og_description":"Abrimos en la Red Espa\u00f1ola de Planetolog\u00eda y Astrobiolog\u00eda (REDESPA) esta secci\u00f3n con objeto de compilar toda aquella informaci\u00f3n cient\u00edfica.","og_url":"https:\/\/www.icog.es\/redespa\/index.php\/virtual-astrobiology-library-val-facebook\/","og_site_name":"REDESPA","article_publisher":"https:\/\/www.facebook.com\/REDESPA","article_modified_time":"2023-09-02T16:46:37+00:00","og_image":[{"url":"https:\/\/www.icog.es\/redespa\/wp-content\/uploads\/2019\/05\/redespa_logo1.jpg","type":"","width":"","height":""}],"twitter_card":"summary_large_image","twitter_site":"@REDESPA1","twitter_misc":{"Tiempo de lectura":"2 minutos"},"schema":{"@context":"https:\/\/schema.org","@graph":[{"@type":"WebPage","@id":"https:\/\/www.icog.es\/redespa\/index.php\/virtual-astrobiology-library-val-facebook\/","url":"https:\/\/www.icog.es\/redespa\/index.php\/virtual-astrobiology-library-val-facebook\/","name":"REDESPA - UAP","isPartOf":{"@id":"https:\/\/www.icog.es\/redespa\/#website"},"primaryImageOfPage":{"@id":"https:\/\/www.icog.es\/redespa\/index.php\/virtual-astrobiology-library-val-facebook\/#primaryimage"},"image":{"@id":"https:\/\/www.icog.es\/redespa\/index.php\/virtual-astrobiology-library-val-facebook\/#primaryimage"},"thumbnailUrl":"https:\/\/www.icog.es\/redespa\/wp-content\/uploads\/2019\/05\/redespa_logo1.jpg","datePublished":"2015-01-23T10:52:35+00:00","dateModified":"2023-09-02T16:46:37+00:00","description":"Abrimos en la Red Espa\u00f1ola de Planetolog\u00eda y Astrobiolog\u00eda (REDESPA) esta secci\u00f3n con objeto de compilar toda aquella informaci\u00f3n cient\u00edfica.","inLanguage":"es","potentialAction":[{"@type":"ReadAction","target":["https:\/\/www.icog.es\/redespa\/index.php\/virtual-astrobiology-library-val-facebook\/"]}]},{"@type":"ImageObject","inLanguage":"es","@id":"https:\/\/www.icog.es\/redespa\/index.php\/virtual-astrobiology-library-val-facebook\/#primaryimage","url":"https:\/\/www.icog.es\/redespa\/wp-content\/uploads\/2019\/05\/redespa_logo1.jpg","contentUrl":"https:\/\/www.icog.es\/redespa\/wp-content\/uploads\/2019\/05\/redespa_logo1.jpg","width":250,"height":234},{"@type":"WebSite","@id":"https:\/\/www.icog.es\/redespa\/#website","url":"https:\/\/www.icog.es\/redespa\/","name":"REDESPA","description":"Red Espa\u00f1ola de Planetolog\u00eda y Astrobiolog\u00eda","publisher":{"@id":"https:\/\/www.icog.es\/redespa\/#organization"},"potentialAction":[{"@type":"SearchAction","target":{"@type":"EntryPoint","urlTemplate":"https:\/\/www.icog.es\/redespa\/?s={search_term_string}"},"query-input":{"@type":"PropertyValueSpecification","valueRequired":true,"valueName":"search_term_string"}}],"inLanguage":"es"},{"@type":"Organization","@id":"https:\/\/www.icog.es\/redespa\/#organization","name":"Red Espa\u00f1ola de Planetolog\u00eda y Astrobiolog\u00eda","url":"https:\/\/www.icog.es\/redespa\/","logo":{"@type":"ImageObject","inLanguage":"es","@id":"https:\/\/www.icog.es\/redespa\/#\/schema\/logo\/image\/","url":"https:\/\/www.icog.es\/redespa\/wp-content\/uploads\/2019\/05\/logoredespa12.jpg","contentUrl":"https:\/\/www.icog.es\/redespa\/wp-content\/uploads\/2019\/05\/logoredespa12.jpg","width":484,"height":100,"caption":"Red Espa\u00f1ola de Planetolog\u00eda y Astrobiolog\u00eda"},"image":{"@id":"https:\/\/www.icog.es\/redespa\/#\/schema\/logo\/image\/"},"sameAs":["https:\/\/www.facebook.com\/REDESPA","https:\/\/x.com\/REDESPA1","https:\/\/www.linkedin.com\/company\/316636","https:\/\/www.youtube.com\/channel\/UCbe-LMDt_tDeS6ZbnrVt8SA"]}]}},"_links":{"self":[{"href":"https:\/\/www.icog.es\/redespa\/index.php\/wp-json\/wp\/v2\/pages\/642","targetHints":{"allow":["GET"]}}],"collection":[{"href":"https:\/\/www.icog.es\/redespa\/index.php\/wp-json\/wp\/v2\/pages"}],"about":[{"href":"https:\/\/www.icog.es\/redespa\/index.php\/wp-json\/wp\/v2\/types\/page"}],"author":[{"embeddable":true,"href":"https:\/\/www.icog.es\/redespa\/index.php\/wp-json\/wp\/v2\/users\/2"}],"replies":[{"embeddable":true,"href":"https:\/\/www.icog.es\/redespa\/index.php\/wp-json\/wp\/v2\/comments?post=642"}],"version-history":[{"count":14,"href":"https:\/\/www.icog.es\/redespa\/index.php\/wp-json\/wp\/v2\/pages\/642\/revisions"}],"predecessor-version":[{"id":2041,"href":"https:\/\/www.icog.es\/redespa\/index.php\/wp-json\/wp\/v2\/pages\/642\/revisions\/2041"}],"wp:attachment":[{"href":"https:\/\/www.icog.es\/redespa\/index.php\/wp-json\/wp\/v2\/media?parent=642"}],"curies":[{"name":"wp","href":"https:\/\/api.w.org\/{rel}","templated":true}]}}