{"id":37,"date":"2014-01-25T13:05:43","date_gmt":"2014-01-25T13:05:43","guid":{"rendered":"http:\/\/www.icog.es\/redespa\/?page_id=37"},"modified":"2015-10-08T09:19:12","modified_gmt":"2015-10-08T07:19:12","slug":"que-es-redespa","status":"publish","type":"page","link":"https:\/\/www.icog.es\/redespa\/index.php\/que-es-redespa\/","title":{"rendered":"\u00bfQu\u00e9 es REDESPA?"},"content":{"rendered":"<p style=\"text-align: justify;\"><a href=\"https:\/\/www.icog.es\/redespa\/wp-content\/uploads\/2014\/01\/redespaenrique.jpg\"><img decoding=\"async\" class=\"size-medium wp-image-41 alignleft\" src=\"https:\/\/www.icog.es\/redespa\/wp-content\/uploads\/2014\/01\/redespaenrique-300x280.jpg\" alt=\"redespaenrique\" width=\"300\" height=\"280\" srcset=\"https:\/\/www.icog.es\/redespa\/wp-content\/uploads\/2014\/01\/redespaenrique-160x149.jpg 160w, https:\/\/www.icog.es\/redespa\/wp-content\/uploads\/2014\/01\/redespaenrique-300x280.jpg 300w, https:\/\/www.icog.es\/redespa\/wp-content\/uploads\/2014\/01\/redespaenrique-720x673.jpg 720w, https:\/\/www.icog.es\/redespa\/wp-content\/uploads\/2014\/01\/redespaenrique-1024x958.jpg 1024w, https:\/\/www.icog.es\/redespa\/wp-content\/uploads\/2014\/01\/redespaenrique.jpg 1105w\" sizes=\"(max-width: 300px) 100vw, 300px\" \/><\/a>REDESPA es una organizaci\u00f3n promovida en el marco de las actividades del <span style=\"color: #000000;\">Grupo de Investigaci\u00f3n del CSIC de \u00abMeteoritos y Geociencias Planetarias\u00bb,<\/span> Instituto de Geociencias, IGEO (CSIC-UCM), con la colaboraci\u00f3n de expertos de distintas instituciones y organizaciones espa\u00f1olas.<\/p>\n<p style=\"text-align: justify;\">REDESPA es una plataforma abierta a investigadores, educadores, divulgadores, asociaciones, sociedades y grupos interesados en dichas tem\u00e1ticas con vocaci\u00f3n multidisciplinar. Una Red flexible y vers\u00e1til que permite disponer de un foro de integraci\u00f3n para coordinar y aunar sinergias en Espa\u00f1a sobre Planetolog\u00eda y Astrobiolog\u00eda.<\/p>\n<p style=\"text-align: justify;\">REDESPA comenz\u00f3 en 2013 con el apoyo de la <a href=\"http:\/\/tierra.rediris.es\/\" target=\"_blank\"><span style=\"color: #0000ff;\">Red Tierra de RedIris<\/span><\/a> (Red Acad\u00e9mica y Cient\u00edfica de Espa\u00f1a en Ciencias de la Tierra para la interconexi\u00f3n de los Recursos Inform\u00e1ticos de las universidades y centros de investigaci\u00f3n). En Enero\/2014, REDESPA se fortaleci\u00f3 en su estructura y dise\u00f1o virtual en internet, constituy\u00e9ndose como una organizaci\u00f3n hospedada y respaldada institucionalmente por el <span style=\"color: #0000ff;\"><a href=\"http:\/\/www.icog.es\" target=\"_blank\">Ilustre Colegio Oficial de Ge\u00f3logos de Espa\u00f1a (ICOG)<\/a>,<span style=\"color: #000000;\">\u00a0con el que viene promoviendo distintas iniciativas, entre las que destacan la organizaci\u00f3n de Cursos on-line a trav\u00e9s de la <a href=\"http:\/\/www.icog.es\/cursos\/\">Escuela de Geolog\u00eda Profesional<\/a>\u00a0y el establecimiento del <a href=\"https:\/\/www.icog.es\/redespa\/wp-content\/uploads\/2014\/12\/montajepremio.jpg\">Premio ICOG-REDESPA de Planetolog\u00eda y Astrobiolog\u00eda<\/a>.\u00a0<\/span><\/span><\/p>\n<p style=\"text-align: justify;\">REDESPA cuenta para su desarrollo con un Comit\u00e9 Cient\u00edfico Internacional (RISC) constituido por expertos de reconocido prestigio.<\/p>\n<div id=\"attachment_226\" style=\"width: 653px\" class=\"wp-caption aligncenter\"><a class=\"jackbox\" href=\"https:\/\/www.youtube.com\/watch?v=jHDlThbU4po\" data-jbgroup=\"REDESPA\" data-jbtitle=\"REDESPA%20%7C%20RED%20ESPA%D1OLA%20DE%20PLANETOLOG%CDA%20Y%20ASTROBIOLOG%CDA\" data-jbdescription=\"%3Cp%20style%3D%22text-align%3A%20justify%3B%22%3EREDESPA%20es%20una%20iniciativa%20promovida%20en%20el%20marco%20de%20las%20actividades%20del%A0%3Ca%20href%3D%22http%3A\/\/tierra.rediris.es\/igeomet-pg\/%22%20target%3D%22_blank%22%3EGrupo%20de%20Investigaci%F3n%20del%20CSIC%20de%20%u201CMeteoritos%20y%20Geociencias%20Planetarias%3C\/a%3E%u201D%20IGEO%2C%20CSIC-UCM%20con%20la%20colaboraci%F3n%20de%20expertos%20de%20distintas%20organizaciones%20e%20instituciones%20espa%F1olas.%3C\/p%3E%3Cp%20style%3D%22text-align%3A%20justify%3B%22%3EREDESPA%20es%20una%20plataforma%20abierta%20a%20investigadores%2C%20divulgadores%2C%20asociaciones%2C%20sociedades%20y%20grupos%20interesados%20en%20dichas%20tem%E1ticas%20con%20vocaci%F3n%20multidisciplinar.%20Una%20Red%20flexible%20y%20vers%E1til%20que%20permite%20disponer%20de%20un%20foro%20de%20integraci%F3n%20para%20coordinar%20y%20aunar%20sinergias%20en%20Espa%F1a%20sobre%20Planetolog%EDa%20y%20Astrobiolog%EDa.%3C\/p%3E%3Cp%20style%3D%22text-align%3A%20justify%3B%22%3EREDESPA%20comenz%F3%20con%20el%20apoyo%20de%20la%A0%3Ca%20href%3D%22http%3A\/\/tierra.rediris.es\/%22%20target%3D%22_blank%22%3ERed%20Tierra%20de%20RedIris%3C\/a%3E%A0%28Red%20Acad%E9mica%20y%20Cient%EDfica%20de%20Espa%F1a%20en%20Ciencias%20de%20la%20Tierra%20para%20la%20interconexi%F3n%20de%20los%20Recursos%20Inform%E1ticos%20de%20las%20universidades%20y%20centros%20de%20investigaci%F3n%29%20y%20recientemente%20%28Enero\/2014%29%20se%20fortaleci%F3%20en%20su%20estructura%20y%20dise%F1o%20virtual%20en%20internet%20gracias%20al%20respaldo%20institucional%20del%A0%3Ca%20href%3D%22http%3A\/\/www.icog.es\/%22%20target%3D%22_blank%22%3EIlustre%20Colegio%20Oficial%20de%20Ge%F3logos%20de%20Espa%F1a%20%28ICOG%29.%3C\/a%3E%3C\/p%3E%3Cp%20style%3D%22text-align%3A%20justify%3B%22%3EREDESPA%20cuenta%20para%20su%20desarrollo%20con%20un%20Comit%E9%20Cient%EDfico%20Internacional%20%28RISC%29%20constituido%20por%20expertos%20de%20reconocido%20prestigio.%3C\/p%3E\" data-jbhover=\"black-play\"><img decoding=\"async\" aria-describedby=\"caption-attachment-226\" class=\"wp-image-226 \" title=\"RED ESPA\u00d1OLA DE PLANETOLOG\u00cdA Y ASTROBIOLOG\u00cdA\" src=\"https:\/\/www.icog.es\/redespa\/wp-content\/uploads\/2014\/01\/redespavideo.jpg\" alt=\"V\u00cdDEO | RED ESPA\u00d1OLA DE PLANETOLOG\u00cdA Y ASTROBIOLOG\u00cdA\" width=\"643\" height=\"300\" srcset=\"https:\/\/www.icog.es\/redespa\/wp-content\/uploads\/2014\/01\/redespavideo-160x74.jpg 160w, https:\/\/www.icog.es\/redespa\/wp-content\/uploads\/2014\/01\/redespavideo-300x139.jpg 300w, https:\/\/www.icog.es\/redespa\/wp-content\/uploads\/2014\/01\/redespavideo-720x335.jpg 720w, https:\/\/www.icog.es\/redespa\/wp-content\/uploads\/2014\/01\/redespavideo.jpg 804w\" sizes=\"(max-width: 643px) 100vw, 643px\" \/><\/a><p id=\"caption-attachment-226\" class=\"wp-caption-text\">V\u00cdDEO | RED ESPA\u00d1OLA DE PLANETOLOG\u00cdA Y ASTROBIOLOG\u00cdA<\/p><\/div>\n","protected":false},"excerpt":{"rendered":"<p>REDESPA es una organizaci\u00f3n promovida en el marco de las actividades del Grupo de Investigaci\u00f3n del CSIC de \u00abMeteoritos y Geociencias Planetarias\u00bb, Instituto de Geociencias, IGEO (CSIC-UCM), con la colaboraci\u00f3n de expertos de distintas instituciones  [&#8230;]<\/p>\n","protected":false},"author":1,"featured_media":0,"parent":0,"menu_order":0,"comment_status":"open","ping_status":"open","template":"","meta":{"footnotes":""},"class_list":["post-37","page","type-page","status-publish","hentry"],"yoast_head":"<!-- This site is optimized with the Yoast SEO plugin v27.3 - https:\/\/yoast.com\/product\/yoast-seo-wordpress\/ -->\r\n<title>\u00bfQu\u00e9 es REDESPA?<\/title>\r\n<meta name=\"description\" content=\"Una iniciativa promovida en el marco de las actividades del Grupo de Investigaci\u00f3n del CSIC de &quot;Meteoritos y Geociencias Planetarias&quot; IGEO, (CSIC-UCM).\" \/>\r\n<meta name=\"robots\" content=\"index, follow, max-snippet:-1, max-image-preview:large, max-video-preview:-1\" \/>\r\n<link rel=\"canonical\" href=\"https:\/\/www.icog.es\/redespa\/index.php\/que-es-redespa\/\" \/>\r\n<meta property=\"og:locale\" content=\"es_ES\" \/>\r\n<meta property=\"og:type\" content=\"article\" \/>\r\n<meta property=\"og:title\" content=\"\u00bfQu\u00e9 es REDESPA?\" \/>\r\n<meta property=\"og:description\" content=\"Una iniciativa promovida en el marco de las actividades del Grupo de Investigaci\u00f3n del CSIC de &quot;Meteoritos y Geociencias Planetarias&quot; IGEO, (CSIC-UCM).\" \/>\r\n<meta property=\"og:url\" content=\"https:\/\/www.icog.es\/redespa\/index.php\/que-es-redespa\/\" \/>\r\n<meta property=\"og:site_name\" content=\"REDESPA\" \/>\r\n<meta property=\"article:publisher\" content=\"https:\/\/www.facebook.com\/REDESPA\" \/>\r\n<meta property=\"article:modified_time\" content=\"2015-10-08T07:19:12+00:00\" \/>\r\n<meta property=\"og:image\" content=\"https:\/\/www.icog.es\/redespa\/wp-content\/uploads\/2014\/01\/redespaenrique-300x280.jpg\" \/>\r\n<meta name=\"twitter:card\" content=\"summary_large_image\" \/>\r\n<meta name=\"twitter:site\" content=\"@REDESPA1\" \/>\r\n<meta name=\"twitter:label1\" content=\"Tiempo de lectura\" \/>\n\t<meta name=\"twitter:data1\" content=\"1 minuto\" \/>\r\n<script type=\"application\/ld+json\" class=\"yoast-schema-graph\">{\"@context\":\"https:\\\/\\\/schema.org\",\"@graph\":[{\"@type\":\"WebPage\",\"@id\":\"https:\\\/\\\/www.icog.es\\\/redespa\\\/index.php\\\/que-es-redespa\\\/\",\"url\":\"https:\\\/\\\/www.icog.es\\\/redespa\\\/index.php\\\/que-es-redespa\\\/\",\"name\":\"\u00bfQu\u00e9 es REDESPA?\",\"isPartOf\":{\"@id\":\"https:\\\/\\\/www.icog.es\\\/redespa\\\/#website\"},\"primaryImageOfPage\":{\"@id\":\"https:\\\/\\\/www.icog.es\\\/redespa\\\/index.php\\\/que-es-redespa\\\/#primaryimage\"},\"image\":{\"@id\":\"https:\\\/\\\/www.icog.es\\\/redespa\\\/index.php\\\/que-es-redespa\\\/#primaryimage\"},\"thumbnailUrl\":\"https:\\\/\\\/www.icog.es\\\/redespa\\\/wp-content\\\/uploads\\\/2014\\\/01\\\/redespaenrique-300x280.jpg\",\"datePublished\":\"2014-01-25T13:05:43+00:00\",\"dateModified\":\"2015-10-08T07:19:12+00:00\",\"description\":\"Una iniciativa promovida en el marco de las actividades del Grupo de Investigaci\u00f3n del CSIC de \\\"Meteoritos y Geociencias Planetarias\\\" IGEO, (CSIC-UCM).\",\"inLanguage\":\"es\",\"potentialAction\":[{\"@type\":\"ReadAction\",\"target\":[\"https:\\\/\\\/www.icog.es\\\/redespa\\\/index.php\\\/que-es-redespa\\\/\"]}]},{\"@type\":\"ImageObject\",\"inLanguage\":\"es\",\"@id\":\"https:\\\/\\\/www.icog.es\\\/redespa\\\/index.php\\\/que-es-redespa\\\/#primaryimage\",\"url\":\"https:\\\/\\\/www.icog.es\\\/redespa\\\/wp-content\\\/uploads\\\/2014\\\/01\\\/redespaenrique.jpg\",\"contentUrl\":\"https:\\\/\\\/www.icog.es\\\/redespa\\\/wp-content\\\/uploads\\\/2014\\\/01\\\/redespaenrique.jpg\",\"width\":1105,\"height\":1034},{\"@type\":\"WebSite\",\"@id\":\"https:\\\/\\\/www.icog.es\\\/redespa\\\/#website\",\"url\":\"https:\\\/\\\/www.icog.es\\\/redespa\\\/\",\"name\":\"REDESPA\",\"description\":\"Red Espa\u00f1ola de Planetolog\u00eda y Astrobiolog\u00eda\",\"publisher\":{\"@id\":\"https:\\\/\\\/www.icog.es\\\/redespa\\\/#organization\"},\"potentialAction\":[{\"@type\":\"SearchAction\",\"target\":{\"@type\":\"EntryPoint\",\"urlTemplate\":\"https:\\\/\\\/www.icog.es\\\/redespa\\\/?s={search_term_string}\"},\"query-input\":{\"@type\":\"PropertyValueSpecification\",\"valueRequired\":true,\"valueName\":\"search_term_string\"}}],\"inLanguage\":\"es\"},{\"@type\":\"Organization\",\"@id\":\"https:\\\/\\\/www.icog.es\\\/redespa\\\/#organization\",\"name\":\"Red Espa\u00f1ola de Planetolog\u00eda y Astrobiolog\u00eda\",\"url\":\"https:\\\/\\\/www.icog.es\\\/redespa\\\/\",\"logo\":{\"@type\":\"ImageObject\",\"inLanguage\":\"es\",\"@id\":\"https:\\\/\\\/www.icog.es\\\/redespa\\\/#\\\/schema\\\/logo\\\/image\\\/\",\"url\":\"https:\\\/\\\/www.icog.es\\\/redespa\\\/wp-content\\\/uploads\\\/2019\\\/05\\\/logoredespa12.jpg\",\"contentUrl\":\"https:\\\/\\\/www.icog.es\\\/redespa\\\/wp-content\\\/uploads\\\/2019\\\/05\\\/logoredespa12.jpg\",\"width\":484,\"height\":100,\"caption\":\"Red Espa\u00f1ola de Planetolog\u00eda y Astrobiolog\u00eda\"},\"image\":{\"@id\":\"https:\\\/\\\/www.icog.es\\\/redespa\\\/#\\\/schema\\\/logo\\\/image\\\/\"},\"sameAs\":[\"https:\\\/\\\/www.facebook.com\\\/REDESPA\",\"https:\\\/\\\/x.com\\\/REDESPA1\",\"https:\\\/\\\/www.linkedin.com\\\/company\\\/316636\",\"https:\\\/\\\/www.youtube.com\\\/channel\\\/UCbe-LMDt_tDeS6ZbnrVt8SA\"]}]}<\/script>\r\n<!-- \/ Yoast SEO plugin. -->","yoast_head_json":{"title":"\u00bfQu\u00e9 es REDESPA?","description":"Una iniciativa promovida en el marco de las actividades del Grupo de Investigaci\u00f3n del CSIC de \"Meteoritos y Geociencias Planetarias\" IGEO, (CSIC-UCM).","robots":{"index":"index","follow":"follow","max-snippet":"max-snippet:-1","max-image-preview":"max-image-preview:large","max-video-preview":"max-video-preview:-1"},"canonical":"https:\/\/www.icog.es\/redespa\/index.php\/que-es-redespa\/","og_locale":"es_ES","og_type":"article","og_title":"\u00bfQu\u00e9 es REDESPA?","og_description":"Una iniciativa promovida en el marco de las actividades del Grupo de Investigaci\u00f3n del CSIC de \"Meteoritos y Geociencias Planetarias\" IGEO, (CSIC-UCM).","og_url":"https:\/\/www.icog.es\/redespa\/index.php\/que-es-redespa\/","og_site_name":"REDESPA","article_publisher":"https:\/\/www.facebook.com\/REDESPA","article_modified_time":"2015-10-08T07:19:12+00:00","og_image":[{"url":"https:\/\/www.icog.es\/redespa\/wp-content\/uploads\/2014\/01\/redespaenrique-300x280.jpg","type":"","width":"","height":""}],"twitter_card":"summary_large_image","twitter_site":"@REDESPA1","twitter_misc":{"Tiempo de lectura":"1 minuto"},"schema":{"@context":"https:\/\/schema.org","@graph":[{"@type":"WebPage","@id":"https:\/\/www.icog.es\/redespa\/index.php\/que-es-redespa\/","url":"https:\/\/www.icog.es\/redespa\/index.php\/que-es-redespa\/","name":"\u00bfQu\u00e9 es REDESPA?","isPartOf":{"@id":"https:\/\/www.icog.es\/redespa\/#website"},"primaryImageOfPage":{"@id":"https:\/\/www.icog.es\/redespa\/index.php\/que-es-redespa\/#primaryimage"},"image":{"@id":"https:\/\/www.icog.es\/redespa\/index.php\/que-es-redespa\/#primaryimage"},"thumbnailUrl":"https:\/\/www.icog.es\/redespa\/wp-content\/uploads\/2014\/01\/redespaenrique-300x280.jpg","datePublished":"2014-01-25T13:05:43+00:00","dateModified":"2015-10-08T07:19:12+00:00","description":"Una iniciativa promovida en el marco de las actividades del Grupo de Investigaci\u00f3n del CSIC de \"Meteoritos y Geociencias Planetarias\" IGEO, (CSIC-UCM).","inLanguage":"es","potentialAction":[{"@type":"ReadAction","target":["https:\/\/www.icog.es\/redespa\/index.php\/que-es-redespa\/"]}]},{"@type":"ImageObject","inLanguage":"es","@id":"https:\/\/www.icog.es\/redespa\/index.php\/que-es-redespa\/#primaryimage","url":"https:\/\/www.icog.es\/redespa\/wp-content\/uploads\/2014\/01\/redespaenrique.jpg","contentUrl":"https:\/\/www.icog.es\/redespa\/wp-content\/uploads\/2014\/01\/redespaenrique.jpg","width":1105,"height":1034},{"@type":"WebSite","@id":"https:\/\/www.icog.es\/redespa\/#website","url":"https:\/\/www.icog.es\/redespa\/","name":"REDESPA","description":"Red Espa\u00f1ola de Planetolog\u00eda y Astrobiolog\u00eda","publisher":{"@id":"https:\/\/www.icog.es\/redespa\/#organization"},"potentialAction":[{"@type":"SearchAction","target":{"@type":"EntryPoint","urlTemplate":"https:\/\/www.icog.es\/redespa\/?s={search_term_string}"},"query-input":{"@type":"PropertyValueSpecification","valueRequired":true,"valueName":"search_term_string"}}],"inLanguage":"es"},{"@type":"Organization","@id":"https:\/\/www.icog.es\/redespa\/#organization","name":"Red Espa\u00f1ola de Planetolog\u00eda y Astrobiolog\u00eda","url":"https:\/\/www.icog.es\/redespa\/","logo":{"@type":"ImageObject","inLanguage":"es","@id":"https:\/\/www.icog.es\/redespa\/#\/schema\/logo\/image\/","url":"https:\/\/www.icog.es\/redespa\/wp-content\/uploads\/2019\/05\/logoredespa12.jpg","contentUrl":"https:\/\/www.icog.es\/redespa\/wp-content\/uploads\/2019\/05\/logoredespa12.jpg","width":484,"height":100,"caption":"Red Espa\u00f1ola de Planetolog\u00eda y Astrobiolog\u00eda"},"image":{"@id":"https:\/\/www.icog.es\/redespa\/#\/schema\/logo\/image\/"},"sameAs":["https:\/\/www.facebook.com\/REDESPA","https:\/\/x.com\/REDESPA1","https:\/\/www.linkedin.com\/company\/316636","https:\/\/www.youtube.com\/channel\/UCbe-LMDt_tDeS6ZbnrVt8SA"]}]}},"_links":{"self":[{"href":"https:\/\/www.icog.es\/redespa\/index.php\/wp-json\/wp\/v2\/pages\/37","targetHints":{"allow":["GET"]}}],"collection":[{"href":"https:\/\/www.icog.es\/redespa\/index.php\/wp-json\/wp\/v2\/pages"}],"about":[{"href":"https:\/\/www.icog.es\/redespa\/index.php\/wp-json\/wp\/v2\/types\/page"}],"author":[{"embeddable":true,"href":"https:\/\/www.icog.es\/redespa\/index.php\/wp-json\/wp\/v2\/users\/1"}],"replies":[{"embeddable":true,"href":"https:\/\/www.icog.es\/redespa\/index.php\/wp-json\/wp\/v2\/comments?post=37"}],"version-history":[{"count":10,"href":"https:\/\/www.icog.es\/redespa\/index.php\/wp-json\/wp\/v2\/pages\/37\/revisions"}],"predecessor-version":[{"id":1073,"href":"https:\/\/www.icog.es\/redespa\/index.php\/wp-json\/wp\/v2\/pages\/37\/revisions\/1073"}],"wp:attachment":[{"href":"https:\/\/www.icog.es\/redespa\/index.php\/wp-json\/wp\/v2\/media?parent=37"}],"curies":[{"name":"wp","href":"https:\/\/api.w.org\/{rel}","templated":true}]}}