{"id":1799,"date":"2019-07-01T12:18:53","date_gmt":"2019-07-01T10:18:53","guid":{"rendered":"http:\/\/www.icog.es\/redespa\/?page_id=1799"},"modified":"2019-07-01T12:18:56","modified_gmt":"2019-07-01T10:18:56","slug":"politica-de-privacidad","status":"publish","type":"page","link":"https:\/\/www.icog.es\/redespa\/index.php\/politica-de-privacidad\/","title":{"rendered":"Pol\u00edtica de privacidad"},"content":{"rendered":"\n<p> <strong>\u00bfQui\u00e9n es el responsable del tratamiento de tus datos?<\/strong> <\/p>\n\n\n\n<p><strong>Jes\u00fas Mart\u00ednez Fr\u00edas<\/strong>.  DNI: 01110893Q.  Instituto de Geociencias, IGEO (CSIC-UCM) <br>Domicilio:  C\/ Del Doctor Severo Ochoa 7.  Edificio Entrepabellones 7 y 8, planta 4\u00aa.  28040 Madrid (SPAIN) <br>Correo electr\u00f3nico:\u00a0<a href=\"mailto:j.m.frias@igeo.ucm-csic.es\">j.m.frias@igeo.ucm-csic.es<\/a><br>Finalidad de sitio web:  <strong>REDESPA<\/strong>\u00a0es una plataforma abierta a investigadores, educadores, divulgadores, asociaciones, sociedades y grupos interesados en dichas tem\u00e1ticas con vocaci\u00f3n multidisciplinar. Una Red flexible y vers\u00e1til que permite disponer de un foro de integraci\u00f3n para coordinar y aunar sinergias en Espa\u00f1a sobre Planetolog\u00eda y Astrobiolog\u00eda. <\/p>\n\n\n\n<p><strong><strong>\u00bfC\u00f3mo hemos obtenido tus datos?\u00a0\u00a0<\/strong><\/strong>\u00a0<\/p>\n\n\n\n<p>Solo se pueden obtener por que nos los has facilitado.\u00a0Cuando nos facilitas tus datos personales, garantizas que est\u00e1s habilitado para facilitar esta informaci\u00f3n y que la informaci\u00f3n es cierta, veraz, exacta y actualizada, que no es confidencial, que no viola ninguna restricci\u00f3n contractual o derechos de terceros y te comprometes a no suplantar a otros usuarios utilizando sus datos de registro a los distintos servicios y\/o contenidos del sitio web.\u00a0<\/p>\n\n\n\n<p>Tienes la responsabilidad de mantener tus datos correctos y actualizados, y de comunicar cualquier modificaci\u00f3n que afecte a los mismos. En consecuencia, REDESPA se exonera de cualquier responsabilidad derivada del incumplimiento por el titular de los datos de esta garant\u00eda, respondiendo el titular de los datos frente a REDESPA y terceros de cualesquiera da\u00f1os y perjuicios ocasionados como consecuencia del incumplimiento de las obligaciones asumidas en esta cl\u00e1usula.\u00a0<\/p>\n\n\n\n<p><strong><strong>\u00bfPor qu\u00e9 y para qu\u00e9 tratamos tus datos personales?<\/strong><\/strong>\u00a0<\/p>\n\n\n\n<p>Los datos que nos aportas aparecen en el Directorio de REDESPA y servir\u00e1n para conseguir beneficios en actividades formativas (Ejm.: curso de planetolog\u00eda y astrobiolog\u00eda).<\/p>\n\n\n\n<p><strong>\u00bfDurante cu\u00e1nto tiempo conservaremos sus datos?<\/strong>\u00a0<\/p>\n\n\n\n<p>Como regla general, los datos se mantendr\u00e1n durante el tiempo que es necesario para cumplir con la finalidad para la que se recabaron y para determinar las posibles responsabilidades que se pudieran derivar de dicha finalidad y del tratamiento de los datos. <\/p>\n\n\n\n<p><strong>No se ceden datos a terceros<\/strong><\/p>\n\n\n\n<p><strong><strong>\u00bfCu\u00e1les son tus derechos cuando nos facilitas tus datos?<\/strong><\/strong>\u00a0<\/p>\n\n\n\n<p>El titular de los datos tiene reconocidos, en cualquier momento, los siguientes derechos, cuando resulte legalmente procedente:<\/p>\n\n\n\n<ul class=\"wp-block-list\"><li><strong>1. de acceso:<\/strong>\u00a0derecho a conocer qu\u00e9 datos personales tiene REDESPA registrados, el tratamiento que se les aplica, y a determinada informaci\u00f3n sobre el tratamiento (por ejemplo, fines, categor\u00edas de datos personales tratados, destinatarios, etc..). Tambi\u00e9n tiene el derecho a obtener una copia de los datos personales objeto del tratamiento.<\/li><li><strong>2. Rectificaci\u00f3n:<\/strong>\u00a0Solicitar una rectificaci\u00f3n o actualizaci\u00f3n de los datos personales que tenga REDESPA en su poder, si son inexactos, err\u00f3neos o incompletos.<\/li><li><strong>3. Supresi\u00f3n:\u00a0<\/strong>solicitar su supresi\u00f3n cuando haya desaparecido la finalidad que motivo el tratamiento o recogida, por tratamiento il\u00edcito de datos, por ejemplo, datos innecesarios, u obsoletos, retirada de tu consentimiento o por cumplimiento de una obligaci\u00f3n legal<\/li><li><strong>4. oposici\u00f3n al tratamiento:\u00a0<\/strong>En determinadas circunstancias y por motivos relacionados con su situaci\u00f3n particular, los titulares podr\u00e1n oponerse al tratamiento de sus datos (por ejemplo cuando el tratamiento tenga por objeto el marketing directo). REDESPA dejar\u00e1 de tratar los datos, salvo por motivos leg\u00edtimos imperiosos, o el ejercicio o la defensa de posibles reclamaciones.<\/li><li><strong>5. portabilidad de los datos:<\/strong>\u00a0en determinadas circunstancias, derecho a recibir los datos personales, que ha proporcionado A REDESPA, en un formato estructurado, de uso com\u00fan y legible por m\u00e1quina, as\u00ed como transmitirlos a otro Responsable del tratamiento.<\/li><li><strong>6. limitaci\u00f3n del tratamiento:\u00a0<\/strong>en determinadas circunstancias, los titulares podr\u00e1n solicitar la limitaci\u00f3n del tratamiento de sus datos (suspensi\u00f3n del tratamiento que en cada caso corresponda), en cuyo caso \u00fanicamente se conservar\u00e1n para el ejercicio o la defensa de reclamaciones.<\/li><li><strong>7. revocar el consentimiento:\u00a0<\/strong>en cualquier momento, el titular de los datos puede retirar el consentimiento prestado en un tratamiento de datos personales. <\/li><\/ul>\n\n\n\n<p>Para ejercer todos estos derechos puedes dirigirte mediante la remisi\u00f3n de un escrito incluyendo en la misma la \u2018Ref. Protecci\u00f3n de Datos\u2019, en el que se concrete la solicitud correspondiente y al que acompa\u00f1e fotocopia del DNI a:\u00a0 Jes\u00fas Mart\u00ednez Fr\u00edas &#8211;  <a href=\"mailto:j.m.frias@igeo.ucm-csic.es\">j.m.frias@igeo.ucm-csic.es<\/a> <\/p>\n\n\n\n<p> De conformidad con la normativa aplicable, tambi\u00e9n tendr\u00e1 derecho a presentar una reclamaci\u00f3n ante la Agencia Espa\u00f1ola de Protecci\u00f3n de Datos, si lo considera necesario especialmente cuando no haya obtenido satisfacci\u00f3n en el ejercicio de sus derechos, y la forma de ponerse en contacto con ella. Si deseas m\u00e1s informaci\u00f3n puedes visitar la p\u00e1gina web de la Agencia Espa\u00f1ola de Protecci\u00f3n de Datos,\u00a0<a rel=\"noreferrer noopener\" href=\"https:\/\/www.aepd.es\/\" target=\"_blank\">www.agpd.es<\/a><\/p>\n\n\n\n<p><strong>Uso de la web<\/strong><\/p>\n\n\n\n<p>El usuario asume la responsabilidad del uso de la web. Dicha responsabilidad se extiende al registro que fuese necesario para acceder a determinados servicios o contenidos. En dicho registro el usuario ser\u00e1 responsable de aportar informaci\u00f3n veraz y l\u00edcita.\u00a0<\/p>\n\n\n\n<p>El usuario se compromete a hacer un uso adecuado de los contenidos y servicios que REDESPA ofrece a trav\u00e9s de su web y con car\u00e1cter enunciativo pero no limitativo, a no emplearlos para:\u00a0<\/p>\n\n\n\n<p>Incurrir en actividades il\u00edcitas, ilegales o contrarias a la buena fe y al orden p\u00fablico; difundir contenidos o propaganda de car\u00e1cter racista, xen\u00f3fobo, de apolog\u00eda del terrorismo o atentatorio contra los derechos humanos; provocar da\u00f1os en los sistemas f\u00edsicos y l\u00f3gicos de REDESPA, de sus proveedores o de terceras personas, introducir o difundir en la red virus inform\u00e1ticos o cualesquiera otros sistemas f\u00edsicos o l\u00f3gicos que sean susceptibles de provocar los da\u00f1os anteriormente mencionados; intentar acceder y, en su caso, utilizar las cuentas de correo electr\u00f3nico de otros usuarios y modificar o manipular sus mensajes.\u00a0<\/p>\n\n\n\n<p>REDESPA se reserva el derecho de retirar todos aquellos comentarios y aportaciones que vulneren el respeto a la dignidad de la persona, que sean discriminatorios, xen\u00f3fobos, racistas, que atenten contra la juventud o la infancia, el orden o la seguridad p\u00fablica o que, a su juicio, no resultaran adecuados para su publicaci\u00f3n. En cualquier caso, REDESPA no ser\u00e1 responsable de las opiniones vertidas por los usuarios a trav\u00e9s de los foros, chats, u otras herramientas de participaci\u00f3n que pudieran contenerse en la web.\u00a0<\/p>\n\n\n\n<p>Asimismo, el usuario se obliga a no utilizar el dise\u00f1o y el c\u00f3digo fuente de las p\u00e1ginas de la web con una finalidad contraria a la ley, la moral ni el orden p\u00fablico.\u00a0<\/p>\n\n\n\n<p><strong>Contenido de la web y enlaces (links) En el caso de que haya enlaces link<\/strong>\u00a0<\/p>\n\n\n\n<p>REDESPA se reserva el derecho a actualizar, modificar o eliminar la informaci\u00f3n contenida en sus p\u00e1ginas webs, pudiendo incluso limitar o no permitir el acceso a dicha informaci\u00f3n a dichos usuarios.\u00a0REDESPA no asume responsabilidad alguna por la informaci\u00f3n contenida en p\u00e1ginas webs de terceros a las que se pueda acceder por \u00ablinks\u00bb o enlaces desde cualquier p\u00e1gina de REDESPA.\u00a0La presencia de \u00ablinks\u00bb o enlaces en nuestra web tiene la finalidad meramente informativa y en ning\u00fan caso supone sugerencia, invitaci\u00f3n o reconocimiento sobre los mismos.\u00a0<\/p>\n\n\n\n<p><strong>LEGISLACI\u00d3N<\/strong>\u00a0<\/p>\n\n\n\n<p>Con car\u00e1cter general las relaciones entre REDESPA con los usuarios de sus servicios telem\u00e1ticos, presentes en este sitio Web, se encuentran sometidas a la legislaci\u00f3n y jurisdicci\u00f3n espa\u00f1olas. <\/p>\n","protected":false},"excerpt":{"rendered":"<p>\u00bfQui\u00e9n es el responsable del tratamiento de tus datos? Jes\u00fas Mart\u00ednez Fr\u00edas. DNI: 01110893Q. Instituto de Geociencias, IGEO (CSIC-UCM) Domicilio: C\/ Del Doctor Severo Ochoa 7. Edificio Entrepabellones 7 y 8, planta 4\u00aa. 28040 Madrid  [&#8230;]<\/p>\n","protected":false},"author":1,"featured_media":0,"parent":0,"menu_order":0,"comment_status":"closed","ping_status":"closed","template":"","meta":{"footnotes":""},"class_list":["post-1799","page","type-page","status-publish","hentry"],"yoast_head":"<!-- This site is optimized with the Yoast SEO plugin v27.3 - https:\/\/yoast.com\/product\/yoast-seo-wordpress\/ -->\r\n<title>Pol\u00edtica de privacidad - REDESPA<\/title>\r\n<meta name=\"robots\" content=\"index, follow, max-snippet:-1, max-image-preview:large, max-video-preview:-1\" \/>\r\n<link rel=\"canonical\" href=\"https:\/\/www.icog.es\/redespa\/index.php\/politica-de-privacidad\/\" \/>\r\n<meta property=\"og:locale\" content=\"es_ES\" \/>\r\n<meta property=\"og:type\" content=\"article\" \/>\r\n<meta property=\"og:title\" content=\"Pol\u00edtica de privacidad - REDESPA\" \/>\r\n<meta property=\"og:description\" content=\"\u00bfQui\u00e9n es el responsable del tratamiento de tus datos? Jes\u00fas Mart\u00ednez Fr\u00edas. DNI: 01110893Q. Instituto de Geociencias, IGEO (CSIC-UCM) Domicilio: C\/ Del Doctor Severo Ochoa 7. Edificio Entrepabellones 7 y 8, planta 4\u00aa. 28040 Madrid [...]\" \/>\r\n<meta property=\"og:url\" content=\"https:\/\/www.icog.es\/redespa\/index.php\/politica-de-privacidad\/\" \/>\r\n<meta property=\"og:site_name\" content=\"REDESPA\" \/>\r\n<meta property=\"article:publisher\" content=\"https:\/\/www.facebook.com\/REDESPA\" \/>\r\n<meta property=\"article:modified_time\" content=\"2019-07-01T10:18:56+00:00\" \/>\r\n<meta name=\"twitter:card\" content=\"summary_large_image\" \/>\r\n<meta name=\"twitter:site\" content=\"@REDESPA1\" \/>\r\n<meta name=\"twitter:label1\" content=\"Tiempo de lectura\" \/>\n\t<meta name=\"twitter:data1\" content=\"6 minutos\" \/>\r\n<script type=\"application\/ld+json\" class=\"yoast-schema-graph\">{\"@context\":\"https:\\\/\\\/schema.org\",\"@graph\":[{\"@type\":\"WebPage\",\"@id\":\"https:\\\/\\\/www.icog.es\\\/redespa\\\/index.php\\\/politica-de-privacidad\\\/\",\"url\":\"https:\\\/\\\/www.icog.es\\\/redespa\\\/index.php\\\/politica-de-privacidad\\\/\",\"name\":\"Pol\u00edtica de privacidad - REDESPA\",\"isPartOf\":{\"@id\":\"https:\\\/\\\/www.icog.es\\\/redespa\\\/#website\"},\"datePublished\":\"2019-07-01T10:18:53+00:00\",\"dateModified\":\"2019-07-01T10:18:56+00:00\",\"inLanguage\":\"es\",\"potentialAction\":[{\"@type\":\"ReadAction\",\"target\":[\"https:\\\/\\\/www.icog.es\\\/redespa\\\/index.php\\\/politica-de-privacidad\\\/\"]}]},{\"@type\":\"WebSite\",\"@id\":\"https:\\\/\\\/www.icog.es\\\/redespa\\\/#website\",\"url\":\"https:\\\/\\\/www.icog.es\\\/redespa\\\/\",\"name\":\"REDESPA\",\"description\":\"Red Espa\u00f1ola de Planetolog\u00eda y Astrobiolog\u00eda\",\"publisher\":{\"@id\":\"https:\\\/\\\/www.icog.es\\\/redespa\\\/#organization\"},\"potentialAction\":[{\"@type\":\"SearchAction\",\"target\":{\"@type\":\"EntryPoint\",\"urlTemplate\":\"https:\\\/\\\/www.icog.es\\\/redespa\\\/?s={search_term_string}\"},\"query-input\":{\"@type\":\"PropertyValueSpecification\",\"valueRequired\":true,\"valueName\":\"search_term_string\"}}],\"inLanguage\":\"es\"},{\"@type\":\"Organization\",\"@id\":\"https:\\\/\\\/www.icog.es\\\/redespa\\\/#organization\",\"name\":\"Red Espa\u00f1ola de Planetolog\u00eda y Astrobiolog\u00eda\",\"url\":\"https:\\\/\\\/www.icog.es\\\/redespa\\\/\",\"logo\":{\"@type\":\"ImageObject\",\"inLanguage\":\"es\",\"@id\":\"https:\\\/\\\/www.icog.es\\\/redespa\\\/#\\\/schema\\\/logo\\\/image\\\/\",\"url\":\"https:\\\/\\\/www.icog.es\\\/redespa\\\/wp-content\\\/uploads\\\/2019\\\/05\\\/logoredespa12.jpg\",\"contentUrl\":\"https:\\\/\\\/www.icog.es\\\/redespa\\\/wp-content\\\/uploads\\\/2019\\\/05\\\/logoredespa12.jpg\",\"width\":484,\"height\":100,\"caption\":\"Red Espa\u00f1ola de Planetolog\u00eda y Astrobiolog\u00eda\"},\"image\":{\"@id\":\"https:\\\/\\\/www.icog.es\\\/redespa\\\/#\\\/schema\\\/logo\\\/image\\\/\"},\"sameAs\":[\"https:\\\/\\\/www.facebook.com\\\/REDESPA\",\"https:\\\/\\\/x.com\\\/REDESPA1\",\"https:\\\/\\\/www.linkedin.com\\\/company\\\/316636\",\"https:\\\/\\\/www.youtube.com\\\/channel\\\/UCbe-LMDt_tDeS6ZbnrVt8SA\"]}]}<\/script>\r\n<!-- \/ Yoast SEO plugin. -->","yoast_head_json":{"title":"Pol\u00edtica de privacidad - REDESPA","robots":{"index":"index","follow":"follow","max-snippet":"max-snippet:-1","max-image-preview":"max-image-preview:large","max-video-preview":"max-video-preview:-1"},"canonical":"https:\/\/www.icog.es\/redespa\/index.php\/politica-de-privacidad\/","og_locale":"es_ES","og_type":"article","og_title":"Pol\u00edtica de privacidad - REDESPA","og_description":"\u00bfQui\u00e9n es el responsable del tratamiento de tus datos? Jes\u00fas Mart\u00ednez Fr\u00edas. DNI: 01110893Q. Instituto de Geociencias, IGEO (CSIC-UCM) Domicilio: C\/ Del Doctor Severo Ochoa 7. Edificio Entrepabellones 7 y 8, planta 4\u00aa. 28040 Madrid [...]","og_url":"https:\/\/www.icog.es\/redespa\/index.php\/politica-de-privacidad\/","og_site_name":"REDESPA","article_publisher":"https:\/\/www.facebook.com\/REDESPA","article_modified_time":"2019-07-01T10:18:56+00:00","twitter_card":"summary_large_image","twitter_site":"@REDESPA1","twitter_misc":{"Tiempo de lectura":"6 minutos"},"schema":{"@context":"https:\/\/schema.org","@graph":[{"@type":"WebPage","@id":"https:\/\/www.icog.es\/redespa\/index.php\/politica-de-privacidad\/","url":"https:\/\/www.icog.es\/redespa\/index.php\/politica-de-privacidad\/","name":"Pol\u00edtica de privacidad - REDESPA","isPartOf":{"@id":"https:\/\/www.icog.es\/redespa\/#website"},"datePublished":"2019-07-01T10:18:53+00:00","dateModified":"2019-07-01T10:18:56+00:00","inLanguage":"es","potentialAction":[{"@type":"ReadAction","target":["https:\/\/www.icog.es\/redespa\/index.php\/politica-de-privacidad\/"]}]},{"@type":"WebSite","@id":"https:\/\/www.icog.es\/redespa\/#website","url":"https:\/\/www.icog.es\/redespa\/","name":"REDESPA","description":"Red Espa\u00f1ola de Planetolog\u00eda y Astrobiolog\u00eda","publisher":{"@id":"https:\/\/www.icog.es\/redespa\/#organization"},"potentialAction":[{"@type":"SearchAction","target":{"@type":"EntryPoint","urlTemplate":"https:\/\/www.icog.es\/redespa\/?s={search_term_string}"},"query-input":{"@type":"PropertyValueSpecification","valueRequired":true,"valueName":"search_term_string"}}],"inLanguage":"es"},{"@type":"Organization","@id":"https:\/\/www.icog.es\/redespa\/#organization","name":"Red Espa\u00f1ola de Planetolog\u00eda y Astrobiolog\u00eda","url":"https:\/\/www.icog.es\/redespa\/","logo":{"@type":"ImageObject","inLanguage":"es","@id":"https:\/\/www.icog.es\/redespa\/#\/schema\/logo\/image\/","url":"https:\/\/www.icog.es\/redespa\/wp-content\/uploads\/2019\/05\/logoredespa12.jpg","contentUrl":"https:\/\/www.icog.es\/redespa\/wp-content\/uploads\/2019\/05\/logoredespa12.jpg","width":484,"height":100,"caption":"Red Espa\u00f1ola de Planetolog\u00eda y Astrobiolog\u00eda"},"image":{"@id":"https:\/\/www.icog.es\/redespa\/#\/schema\/logo\/image\/"},"sameAs":["https:\/\/www.facebook.com\/REDESPA","https:\/\/x.com\/REDESPA1","https:\/\/www.linkedin.com\/company\/316636","https:\/\/www.youtube.com\/channel\/UCbe-LMDt_tDeS6ZbnrVt8SA"]}]}},"_links":{"self":[{"href":"https:\/\/www.icog.es\/redespa\/index.php\/wp-json\/wp\/v2\/pages\/1799","targetHints":{"allow":["GET"]}}],"collection":[{"href":"https:\/\/www.icog.es\/redespa\/index.php\/wp-json\/wp\/v2\/pages"}],"about":[{"href":"https:\/\/www.icog.es\/redespa\/index.php\/wp-json\/wp\/v2\/types\/page"}],"author":[{"embeddable":true,"href":"https:\/\/www.icog.es\/redespa\/index.php\/wp-json\/wp\/v2\/users\/1"}],"replies":[{"embeddable":true,"href":"https:\/\/www.icog.es\/redespa\/index.php\/wp-json\/wp\/v2\/comments?post=1799"}],"version-history":[{"count":3,"href":"https:\/\/www.icog.es\/redespa\/index.php\/wp-json\/wp\/v2\/pages\/1799\/revisions"}],"predecessor-version":[{"id":1802,"href":"https:\/\/www.icog.es\/redespa\/index.php\/wp-json\/wp\/v2\/pages\/1799\/revisions\/1802"}],"wp:attachment":[{"href":"https:\/\/www.icog.es\/redespa\/index.php\/wp-json\/wp\/v2\/media?parent=1799"}],"curies":[{"name":"wp","href":"https:\/\/api.w.org\/{rel}","templated":true}]}}