{"id":118,"date":"2014-01-26T23:57:33","date_gmt":"2014-01-26T23:57:33","guid":{"rendered":"http:\/\/www.icog.es\/redespa\/?page_id=118"},"modified":"2020-01-10T10:29:42","modified_gmt":"2020-01-10T08:29:42","slug":"recommended-links","status":"publish","type":"page","link":"https:\/\/www.icog.es\/redespa\/index.php\/recommended-links\/","title":{"rendered":"Links recomendados"},"content":{"rendered":"<p style=\"text-align: center;\"><span style=\"line-height: 1.5em;\"><a href=\"https:\/\/europeanastrobiology.eu\/\"><img decoding=\"async\" class=\"wp-image-1841 aligncenter\" src=\"https:\/\/www.icog.es\/redespa\/wp-content\/uploads\/2020\/01\/eai-300x300.jpg\" alt=\"\" width=\"109\" height=\"109\" srcset=\"https:\/\/www.icog.es\/redespa\/wp-content\/uploads\/2020\/01\/eai-66x66.jpg 66w, https:\/\/www.icog.es\/redespa\/wp-content\/uploads\/2020\/01\/eai-150x150.jpg 150w, https:\/\/www.icog.es\/redespa\/wp-content\/uploads\/2020\/01\/eai-200x200.jpg 200w, https:\/\/www.icog.es\/redespa\/wp-content\/uploads\/2020\/01\/eai-300x300.jpg 300w, https:\/\/www.icog.es\/redespa\/wp-content\/uploads\/2020\/01\/eai-400x400.jpg 400w, https:\/\/www.icog.es\/redespa\/wp-content\/uploads\/2020\/01\/eai-600x600.jpg 600w, https:\/\/www.icog.es\/redespa\/wp-content\/uploads\/2020\/01\/eai-768x768.jpg 768w, https:\/\/www.icog.es\/redespa\/wp-content\/uploads\/2020\/01\/eai-800x800.jpg 800w, https:\/\/www.icog.es\/redespa\/wp-content\/uploads\/2020\/01\/eai.jpg 960w, https:\/\/www.icog.es\/redespa\/wp-content\/uploads\/2020\/01\/eai-1024x1024.jpg 1024w, https:\/\/www.icog.es\/redespa\/wp-content\/uploads\/2020\/01\/eai-1200x1200.jpg 1200w, https:\/\/www.icog.es\/redespa\/wp-content\/uploads\/2020\/01\/eai-1536x1536.jpg 1536w\" sizes=\"(max-width: 109px) 100vw, 109px\" \/><\/a><\/span><\/p>\n<p><a style=\"line-height: 1.5em;\" href=\"http:\/\/www.nasa.gov\/\"><img decoding=\"async\" class=\"wp-image-119 aligncenter\" src=\"https:\/\/www.icog.es\/redespa\/wp-content\/uploads\/2014\/01\/NASA-logo-small.gif\" alt=\"NASA logo small\" width=\"97\" height=\"83\" \/><\/a><\/p>\n<p><a style=\"line-height: 1.5em;\" href=\"http:\/\/www.esa.int\/ESA\"><img decoding=\"async\" class=\"size-full wp-image-120 aligncenter\" src=\"https:\/\/www.icog.es\/redespa\/wp-content\/uploads\/2014\/01\/esa_logo.jpg\" alt=\"esa_logo\" width=\"161\" height=\"65\" srcset=\"https:\/\/www.icog.es\/redespa\/wp-content\/uploads\/2014\/01\/esa_logo-160x64.jpg 160w, https:\/\/www.icog.es\/redespa\/wp-content\/uploads\/2014\/01\/esa_logo.jpg 161w\" sizes=\"(max-width: 161px) 100vw, 161px\" \/><\/a><\/p>\n<p>&nbsp;<\/p>\n<p><a href=\"http:\/\/phl.upr.edu\/contact\"><img decoding=\"async\" class=\"wp-image-121 aligncenter\" src=\"https:\/\/www.icog.es\/redespa\/wp-content\/uploads\/2014\/01\/mq1.jpg\" alt=\"mq1\" width=\"104\" height=\"104\" srcset=\"https:\/\/www.icog.es\/redespa\/wp-content\/uploads\/2014\/01\/mq1-150x150.jpg 150w, https:\/\/www.icog.es\/redespa\/wp-content\/uploads\/2014\/01\/mq1-160x160.jpg 160w, https:\/\/www.icog.es\/redespa\/wp-content\/uploads\/2014\/01\/mq1.jpg 240w\" sizes=\"(max-width: 104px) 100vw, 104px\" \/><\/a><\/p>\n<p>&nbsp;<\/p>\n<p><a href=\"http:\/\/mars.nasa.gov\/msl\/\"><img decoding=\"async\" class=\"wp-image-122 aligncenter\" src=\"https:\/\/www.icog.es\/redespa\/wp-content\/uploads\/2014\/01\/LogoMSL-300x239.jpeg\" alt=\"LogoMSL\" width=\"126\" height=\"100\" srcset=\"https:\/\/www.icog.es\/redespa\/wp-content\/uploads\/2014\/01\/LogoMSL-160x127.jpeg 160w, https:\/\/www.icog.es\/redespa\/wp-content\/uploads\/2014\/01\/LogoMSL-300x239.jpeg 300w, https:\/\/www.icog.es\/redespa\/wp-content\/uploads\/2014\/01\/LogoMSL.jpeg 567w\" sizes=\"(max-width: 126px) 100vw, 126px\" \/><\/a><\/p>\n<p>&nbsp;<\/p>\n<p><a href=\"http:\/\/www.esa.int\/ESA\"><img decoding=\"async\" class=\"wp-image-123 aligncenter\" src=\"https:\/\/www.icog.es\/redespa\/wp-content\/uploads\/2014\/01\/Logo_ExoMars-300x79.jpg\" alt=\"Logo_ExoMars\" width=\"180\" height=\"47\" srcset=\"https:\/\/www.icog.es\/redespa\/wp-content\/uploads\/2014\/01\/Logo_ExoMars-160x42.jpg 160w, https:\/\/www.icog.es\/redespa\/wp-content\/uploads\/2014\/01\/Logo_ExoMars-300x79.jpg 300w, https:\/\/www.icog.es\/redespa\/wp-content\/uploads\/2014\/01\/Logo_ExoMars-720x191.jpg 720w, https:\/\/www.icog.es\/redespa\/wp-content\/uploads\/2014\/01\/Logo_ExoMars.jpg 840w\" sizes=\"(max-width: 180px) 100vw, 180px\" \/><\/a><\/p>\n<p><a href=\"https:\/\/www.greenmoonproject.com\/\"><img decoding=\"async\" class=\"wp-image-1842 aligncenter\" src=\"https:\/\/www.icog.es\/redespa\/wp-content\/uploads\/2020\/01\/logo_1_gmp-300x300.png\" alt=\"\" width=\"144\" height=\"144\" srcset=\"https:\/\/www.icog.es\/redespa\/wp-content\/uploads\/2020\/01\/logo_1_gmp-66x66.png 66w, https:\/\/www.icog.es\/redespa\/wp-content\/uploads\/2020\/01\/logo_1_gmp-150x150.png 150w, https:\/\/www.icog.es\/redespa\/wp-content\/uploads\/2020\/01\/logo_1_gmp-300x300.png 300w, https:\/\/www.icog.es\/redespa\/wp-content\/uploads\/2020\/01\/logo_1_gmp-1024x1024.png 1024w, https:\/\/www.icog.es\/redespa\/wp-content\/uploads\/2020\/01\/logo_1_gmp-1536x1536.png 1536w\" sizes=\"(max-width: 144px) 100vw, 144px\" \/><\/a><\/p>\n<p>&nbsp;<\/p>\n<p>&nbsp;<\/p>\n<p><a style=\"line-height: 1.5em;\" href=\"http:\/\/astrobiology.nasa.gov\/nai\/\"><img decoding=\"async\" class=\"wp-image-125 aligncenter\" src=\"https:\/\/www.icog.es\/redespa\/wp-content\/uploads\/2014\/01\/nai.jpg\" alt=\"nai\" width=\"105\" height=\"105\" \/><\/a><\/p>\n<p><a style=\"line-height: 1.5em;\" href=\"http:\/\/www.astrobiologia.pl\/eana\/eananetwork.html\"><img decoding=\"async\" class=\"wp-image-126 aligncenter\" src=\"https:\/\/www.icog.es\/redespa\/wp-content\/uploads\/2014\/01\/EANA-300x141.jpg\" alt=\"EANA\" width=\"144\" height=\"68\" srcset=\"https:\/\/www.icog.es\/redespa\/wp-content\/uploads\/2014\/01\/EANA-160x75.jpg 160w, https:\/\/www.icog.es\/redespa\/wp-content\/uploads\/2014\/01\/EANA-300x141.jpg 300w, https:\/\/www.icog.es\/redespa\/wp-content\/uploads\/2014\/01\/EANA.jpg 327w\" sizes=\"(max-width: 144px) 100vw, 144px\" \/><\/a><\/p>\n<p>&nbsp;<\/p>\n<p><a href=\"https:\/\/www.icog.es\/redespa\/wp-content\/uploads\/2014\/01\/EGU-Logo_smaller.jpg\"><img decoding=\"async\" class=\"wp-image-127 aligncenter\" src=\"https:\/\/www.icog.es\/redespa\/wp-content\/uploads\/2014\/01\/EGU-Logo_smaller.jpg\" alt=\"EGU Logo_smaller\" width=\"87\" height=\"87\" \/><\/a><\/p>\n<p>&nbsp;<\/p>\n<p><a style=\"line-height: 1.5em;\" href=\"http:\/\/www.astrobiology.ac.uk\/\"><img decoding=\"async\" class=\"wp-image-128 aligncenter\" src=\"https:\/\/www.icog.es\/redespa\/wp-content\/uploads\/2014\/01\/UKCA-logo-300x87.jpg\" alt=\"UKCA-logo-300x87\" width=\"180\" height=\"52\" srcset=\"https:\/\/www.icog.es\/redespa\/wp-content\/uploads\/2014\/01\/UKCA-logo-300x87-160x46.jpg 160w, https:\/\/www.icog.es\/redespa\/wp-content\/uploads\/2014\/01\/UKCA-logo-300x87.jpg 300w\" sizes=\"(max-width: 180px) 100vw, 180px\" \/><\/a><\/p>\n<p>&nbsp;<\/p>\n<p><a href=\"https:\/\/cosparhq.cnes.fr\/\"><img decoding=\"async\" class=\"wp-image-129 aligncenter\" src=\"https:\/\/www.icog.es\/redespa\/wp-content\/uploads\/2014\/01\/logo-co21-277x300.gif\" alt=\"logo-co2\" width=\"133\" height=\"144\" srcset=\"https:\/\/www.icog.es\/redespa\/wp-content\/uploads\/2014\/01\/logo-co21-147x160.gif 147w, https:\/\/www.icog.es\/redespa\/wp-content\/uploads\/2014\/01\/logo-co21-277x300.gif 277w\" sizes=\"(max-width: 133px) 100vw, 133px\" \/><\/a><\/p>\n<p><a href=\"http:\/\/www.astromap.eu\/\"><img decoding=\"async\" class=\"size-full wp-image-178 aligncenter\" src=\"https:\/\/www.icog.es\/redespa\/wp-content\/uploads\/2014\/01\/astromap_logo.jpg\" alt=\"astromap_logo\" width=\"222\" height=\"79\" srcset=\"https:\/\/www.icog.es\/redespa\/wp-content\/uploads\/2014\/01\/astromap_logo-160x56.jpg 160w, https:\/\/www.icog.es\/redespa\/wp-content\/uploads\/2014\/01\/astromap_logo.jpg 222w\" sizes=\"(max-width: 222px) 100vw, 222px\" \/><\/a><\/p>\n<p>&nbsp;<\/p>\n<p>&nbsp;<\/p>\n<p><a href=\"http:\/\/tierra.rediris.es\/merge\/tps-spain\/\"><img decoding=\"async\" class=\"wp-image-130 aligncenter\" src=\"https:\/\/www.icog.es\/redespa\/wp-content\/uploads\/2014\/01\/newlogo_TPS-294x300.jpg\" alt=\"newlogo_TPS\" width=\"123\" height=\"126\" srcset=\"https:\/\/www.icog.es\/redespa\/wp-content\/uploads\/2014\/01\/newlogo_TPS-157x160.jpg 157w, https:\/\/www.icog.es\/redespa\/wp-content\/uploads\/2014\/01\/newlogo_TPS-294x300.jpg 294w, https:\/\/www.icog.es\/redespa\/wp-content\/uploads\/2014\/01\/newlogo_TPS-720x733.jpg 720w, https:\/\/www.icog.es\/redespa\/wp-content\/uploads\/2014\/01\/newlogo_TPS.jpg 845w\" sizes=\"(max-width: 123px) 100vw, 123px\" \/><\/a><\/p>\n<p>&nbsp;<\/p>\n<p>&nbsp;<\/p>\n<h2 style=\"text-align: center;\"><a href=\"http:\/\/planetarynews.org\/\"><em><strong>PEN &#8211; The Planetary Exploration Newsletter<\/strong><\/em><\/a><\/h2>\n<p>&nbsp;<\/p>\n<p>&nbsp;<\/p>\n<p>&nbsp;<\/p>\n<p>&nbsp;<\/p>\n<p>&nbsp;<\/p>\n","protected":false},"excerpt":{"rendered":"<p>&nbsp; &nbsp; &nbsp; &nbsp; &nbsp; &nbsp; &nbsp; &nbsp; &nbsp; &nbsp; &nbsp; &nbsp; PEN &#8211; The Planetary Exploration Newsletter &nbsp; &nbsp; &nbsp; &nbsp; &nbsp;<\/p>\n","protected":false},"author":2,"featured_media":0,"parent":0,"menu_order":0,"comment_status":"open","ping_status":"open","template":"","meta":{"footnotes":""},"class_list":["post-118","page","type-page","status-publish","hentry"],"yoast_head":"<!-- This site is optimized with the Yoast SEO plugin v27.3 - https:\/\/yoast.com\/product\/yoast-seo-wordpress\/ -->\r\n<title>Links recomendados - REDESPA<\/title>\r\n<meta name=\"robots\" content=\"index, follow, max-snippet:-1, max-image-preview:large, max-video-preview:-1\" \/>\r\n<link rel=\"canonical\" href=\"https:\/\/www.icog.es\/redespa\/index.php\/recommended-links\/\" \/>\r\n<meta property=\"og:locale\" content=\"es_ES\" \/>\r\n<meta property=\"og:type\" content=\"article\" \/>\r\n<meta property=\"og:title\" content=\"Links recomendados - REDESPA\" \/>\r\n<meta property=\"og:description\" content=\"&nbsp; &nbsp; &nbsp; &nbsp; &nbsp; &nbsp; &nbsp; &nbsp; &nbsp; &nbsp; &nbsp; &nbsp; PEN &#8211; The Planetary Exploration Newsletter &nbsp; &nbsp; &nbsp; &nbsp; &nbsp;\" \/>\r\n<meta property=\"og:url\" content=\"https:\/\/www.icog.es\/redespa\/index.php\/recommended-links\/\" \/>\r\n<meta property=\"og:site_name\" content=\"REDESPA\" \/>\r\n<meta property=\"article:publisher\" content=\"https:\/\/www.facebook.com\/REDESPA\" \/>\r\n<meta property=\"article:modified_time\" content=\"2020-01-10T08:29:42+00:00\" \/>\r\n<meta property=\"og:image\" content=\"https:\/\/www.icog.es\/redespa\/wp-content\/uploads\/2020\/01\/eai-300x300.jpg\" \/>\r\n<meta name=\"twitter:card\" content=\"summary_large_image\" \/>\r\n<meta name=\"twitter:site\" content=\"@REDESPA1\" \/>\r\n<script type=\"application\/ld+json\" class=\"yoast-schema-graph\">{\"@context\":\"https:\\\/\\\/schema.org\",\"@graph\":[{\"@type\":\"WebPage\",\"@id\":\"https:\\\/\\\/www.icog.es\\\/redespa\\\/index.php\\\/recommended-links\\\/\",\"url\":\"https:\\\/\\\/www.icog.es\\\/redespa\\\/index.php\\\/recommended-links\\\/\",\"name\":\"Links recomendados - REDESPA\",\"isPartOf\":{\"@id\":\"https:\\\/\\\/www.icog.es\\\/redespa\\\/#website\"},\"primaryImageOfPage\":{\"@id\":\"https:\\\/\\\/www.icog.es\\\/redespa\\\/index.php\\\/recommended-links\\\/#primaryimage\"},\"image\":{\"@id\":\"https:\\\/\\\/www.icog.es\\\/redespa\\\/index.php\\\/recommended-links\\\/#primaryimage\"},\"thumbnailUrl\":\"https:\\\/\\\/www.icog.es\\\/redespa\\\/wp-content\\\/uploads\\\/2020\\\/01\\\/eai-300x300.jpg\",\"datePublished\":\"2014-01-26T23:57:33+00:00\",\"dateModified\":\"2020-01-10T08:29:42+00:00\",\"inLanguage\":\"es\",\"potentialAction\":[{\"@type\":\"ReadAction\",\"target\":[\"https:\\\/\\\/www.icog.es\\\/redespa\\\/index.php\\\/recommended-links\\\/\"]}]},{\"@type\":\"ImageObject\",\"inLanguage\":\"es\",\"@id\":\"https:\\\/\\\/www.icog.es\\\/redespa\\\/index.php\\\/recommended-links\\\/#primaryimage\",\"url\":\"https:\\\/\\\/www.icog.es\\\/redespa\\\/wp-content\\\/uploads\\\/2020\\\/01\\\/eai.jpg\",\"contentUrl\":\"https:\\\/\\\/www.icog.es\\\/redespa\\\/wp-content\\\/uploads\\\/2020\\\/01\\\/eai.jpg\",\"width\":960,\"height\":960},{\"@type\":\"WebSite\",\"@id\":\"https:\\\/\\\/www.icog.es\\\/redespa\\\/#website\",\"url\":\"https:\\\/\\\/www.icog.es\\\/redespa\\\/\",\"name\":\"REDESPA\",\"description\":\"Red Espa\u00f1ola de Planetolog\u00eda y Astrobiolog\u00eda\",\"publisher\":{\"@id\":\"https:\\\/\\\/www.icog.es\\\/redespa\\\/#organization\"},\"potentialAction\":[{\"@type\":\"SearchAction\",\"target\":{\"@type\":\"EntryPoint\",\"urlTemplate\":\"https:\\\/\\\/www.icog.es\\\/redespa\\\/?s={search_term_string}\"},\"query-input\":{\"@type\":\"PropertyValueSpecification\",\"valueRequired\":true,\"valueName\":\"search_term_string\"}}],\"inLanguage\":\"es\"},{\"@type\":\"Organization\",\"@id\":\"https:\\\/\\\/www.icog.es\\\/redespa\\\/#organization\",\"name\":\"Red Espa\u00f1ola de Planetolog\u00eda y Astrobiolog\u00eda\",\"url\":\"https:\\\/\\\/www.icog.es\\\/redespa\\\/\",\"logo\":{\"@type\":\"ImageObject\",\"inLanguage\":\"es\",\"@id\":\"https:\\\/\\\/www.icog.es\\\/redespa\\\/#\\\/schema\\\/logo\\\/image\\\/\",\"url\":\"https:\\\/\\\/www.icog.es\\\/redespa\\\/wp-content\\\/uploads\\\/2019\\\/05\\\/logoredespa12.jpg\",\"contentUrl\":\"https:\\\/\\\/www.icog.es\\\/redespa\\\/wp-content\\\/uploads\\\/2019\\\/05\\\/logoredespa12.jpg\",\"width\":484,\"height\":100,\"caption\":\"Red Espa\u00f1ola de Planetolog\u00eda y Astrobiolog\u00eda\"},\"image\":{\"@id\":\"https:\\\/\\\/www.icog.es\\\/redespa\\\/#\\\/schema\\\/logo\\\/image\\\/\"},\"sameAs\":[\"https:\\\/\\\/www.facebook.com\\\/REDESPA\",\"https:\\\/\\\/x.com\\\/REDESPA1\",\"https:\\\/\\\/www.linkedin.com\\\/company\\\/316636\",\"https:\\\/\\\/www.youtube.com\\\/channel\\\/UCbe-LMDt_tDeS6ZbnrVt8SA\"]}]}<\/script>\r\n<!-- \/ Yoast SEO plugin. -->","yoast_head_json":{"title":"Links recomendados - REDESPA","robots":{"index":"index","follow":"follow","max-snippet":"max-snippet:-1","max-image-preview":"max-image-preview:large","max-video-preview":"max-video-preview:-1"},"canonical":"https:\/\/www.icog.es\/redespa\/index.php\/recommended-links\/","og_locale":"es_ES","og_type":"article","og_title":"Links recomendados - REDESPA","og_description":"&nbsp; &nbsp; &nbsp; &nbsp; &nbsp; &nbsp; &nbsp; &nbsp; &nbsp; &nbsp; &nbsp; &nbsp; PEN &#8211; The Planetary Exploration Newsletter &nbsp; &nbsp; &nbsp; &nbsp; &nbsp;","og_url":"https:\/\/www.icog.es\/redespa\/index.php\/recommended-links\/","og_site_name":"REDESPA","article_publisher":"https:\/\/www.facebook.com\/REDESPA","article_modified_time":"2020-01-10T08:29:42+00:00","og_image":[{"url":"https:\/\/www.icog.es\/redespa\/wp-content\/uploads\/2020\/01\/eai-300x300.jpg","type":"","width":"","height":""}],"twitter_card":"summary_large_image","twitter_site":"@REDESPA1","schema":{"@context":"https:\/\/schema.org","@graph":[{"@type":"WebPage","@id":"https:\/\/www.icog.es\/redespa\/index.php\/recommended-links\/","url":"https:\/\/www.icog.es\/redespa\/index.php\/recommended-links\/","name":"Links recomendados - REDESPA","isPartOf":{"@id":"https:\/\/www.icog.es\/redespa\/#website"},"primaryImageOfPage":{"@id":"https:\/\/www.icog.es\/redespa\/index.php\/recommended-links\/#primaryimage"},"image":{"@id":"https:\/\/www.icog.es\/redespa\/index.php\/recommended-links\/#primaryimage"},"thumbnailUrl":"https:\/\/www.icog.es\/redespa\/wp-content\/uploads\/2020\/01\/eai-300x300.jpg","datePublished":"2014-01-26T23:57:33+00:00","dateModified":"2020-01-10T08:29:42+00:00","inLanguage":"es","potentialAction":[{"@type":"ReadAction","target":["https:\/\/www.icog.es\/redespa\/index.php\/recommended-links\/"]}]},{"@type":"ImageObject","inLanguage":"es","@id":"https:\/\/www.icog.es\/redespa\/index.php\/recommended-links\/#primaryimage","url":"https:\/\/www.icog.es\/redespa\/wp-content\/uploads\/2020\/01\/eai.jpg","contentUrl":"https:\/\/www.icog.es\/redespa\/wp-content\/uploads\/2020\/01\/eai.jpg","width":960,"height":960},{"@type":"WebSite","@id":"https:\/\/www.icog.es\/redespa\/#website","url":"https:\/\/www.icog.es\/redespa\/","name":"REDESPA","description":"Red Espa\u00f1ola de Planetolog\u00eda y Astrobiolog\u00eda","publisher":{"@id":"https:\/\/www.icog.es\/redespa\/#organization"},"potentialAction":[{"@type":"SearchAction","target":{"@type":"EntryPoint","urlTemplate":"https:\/\/www.icog.es\/redespa\/?s={search_term_string}"},"query-input":{"@type":"PropertyValueSpecification","valueRequired":true,"valueName":"search_term_string"}}],"inLanguage":"es"},{"@type":"Organization","@id":"https:\/\/www.icog.es\/redespa\/#organization","name":"Red Espa\u00f1ola de Planetolog\u00eda y Astrobiolog\u00eda","url":"https:\/\/www.icog.es\/redespa\/","logo":{"@type":"ImageObject","inLanguage":"es","@id":"https:\/\/www.icog.es\/redespa\/#\/schema\/logo\/image\/","url":"https:\/\/www.icog.es\/redespa\/wp-content\/uploads\/2019\/05\/logoredespa12.jpg","contentUrl":"https:\/\/www.icog.es\/redespa\/wp-content\/uploads\/2019\/05\/logoredespa12.jpg","width":484,"height":100,"caption":"Red Espa\u00f1ola de Planetolog\u00eda y Astrobiolog\u00eda"},"image":{"@id":"https:\/\/www.icog.es\/redespa\/#\/schema\/logo\/image\/"},"sameAs":["https:\/\/www.facebook.com\/REDESPA","https:\/\/x.com\/REDESPA1","https:\/\/www.linkedin.com\/company\/316636","https:\/\/www.youtube.com\/channel\/UCbe-LMDt_tDeS6ZbnrVt8SA"]}]}},"_links":{"self":[{"href":"https:\/\/www.icog.es\/redespa\/index.php\/wp-json\/wp\/v2\/pages\/118","targetHints":{"allow":["GET"]}}],"collection":[{"href":"https:\/\/www.icog.es\/redespa\/index.php\/wp-json\/wp\/v2\/pages"}],"about":[{"href":"https:\/\/www.icog.es\/redespa\/index.php\/wp-json\/wp\/v2\/types\/page"}],"author":[{"embeddable":true,"href":"https:\/\/www.icog.es\/redespa\/index.php\/wp-json\/wp\/v2\/users\/2"}],"replies":[{"embeddable":true,"href":"https:\/\/www.icog.es\/redespa\/index.php\/wp-json\/wp\/v2\/comments?post=118"}],"version-history":[{"count":11,"href":"https:\/\/www.icog.es\/redespa\/index.php\/wp-json\/wp\/v2\/pages\/118\/revisions"}],"predecessor-version":[{"id":1843,"href":"https:\/\/www.icog.es\/redespa\/index.php\/wp-json\/wp\/v2\/pages\/118\/revisions\/1843"}],"wp:attachment":[{"href":"https:\/\/www.icog.es\/redespa\/index.php\/wp-json\/wp\/v2\/media?parent=118"}],"curies":[{"name":"wp","href":"https:\/\/api.w.org\/{rel}","templated":true}]}}