{"id":1302,"date":"2019-08-04T09:16:36","date_gmt":"2019-08-04T09:16:36","guid":{"rendered":"http:\/\/td_uid_317_5d46a274ab248"},"modified":"2019-08-06T16:45:40","modified_gmt":"2019-08-06T16:45:40","slug":"publications","status":"publish","type":"page","link":"https:\/\/www.icog.es\/iageth\/index.php\/publications\/","title":{"rendered":"Publications"},"content":{"rendered":"<div id=\"tdi_1\" class=\"tdc-zone\"><div class=\"tdc_zone tdi_2  wpb_row td-pb-row\"  >\r\n<style scoped>\r\n\/* custom css - generated by TagDiv Composer *\/\r\n\r\n\/* custom css - generated by TagDiv Composer *\/\r\n.tdi_2{\r\n                    min-height: 0;\r\n                }\r\n<\/style><div id=\"tdi_3\" class=\"tdc-row stretch_row_content td-stretch-content\"><div class=\"vc_row tdi_4  wpb_row td-pb-row\" >\r\n<style scoped>\r\n\/* custom css - generated by TagDiv Composer *\/\r\n\r\n\/* custom css - generated by TagDiv Composer *\/\r\n.tdi_4,\r\n                .tdi_4 .tdc-columns{\r\n                    min-height: 0;\r\n                }.tdi_4,\r\n\t\t\t\t.tdi_4 .tdc-columns{\r\n\t\t\t\t    display: block;\r\n\t\t\t\t}.tdi_4 .tdc-columns{\r\n\t\t\t\t    width: 100%;\r\n\t\t\t\t}.tdi_4:before,\r\n\t\t\t\t.tdi_4:after{\r\n\t\t\t\t    display: table;\r\n\t\t\t\t}@media (min-width: 768px) {\r\n\t                .tdi_4 {\r\n\t                    margin-left: -0px;\r\n\t                    margin-right: -0px;\r\n\t                }\r\n\t                .tdi_4 .tdc-row-video-background-error,\r\n\t                .tdi_4 > .vc_column,\r\n\t                .tdi_4 > .tdc-columns > .vc_column {\r\n\t                    padding-left: 0px;\r\n\t                    padding-right: 0px;\r\n\t                }\r\n                }\r\n<\/style><div class=\"vc_column tdi_6  wpb_column vc_column_container tdc-column td-pb-span6\">\r\n<style scoped>\r\n\/* custom css - generated by TagDiv Composer *\/\r\n\r\n\/* custom css - generated by TagDiv Composer *\/\r\n.tdi_6{\r\n                    vertical-align: baseline;\r\n                }.tdi_6 > .wpb_wrapper,\r\n\t\t\t\t.tdi_6 > .wpb_wrapper > .tdc-elements{\r\n\t\t\t\t    display: block;\r\n\t\t\t\t}.tdi_6 > .wpb_wrapper > .tdc-elements{\r\n\t\t\t\t    width: 100%;\r\n\t\t\t\t}.tdi_6 > .wpb_wrapper > .vc_row_inner{\r\n\t\t\t\t    width: auto;\r\n\t\t\t\t}.tdi_6 > .wpb_wrapper{\r\n\t\t\t\t    width: auto;\r\n\t\t\t\t    height: auto;\r\n\t\t\t\t}\r\n\/* inline tdc_css att - generated by TagDiv Composer *\/\r\n\r\n\/* phone *\/\r\n@media (max-width: 767px)\r\n{\r\n.tdi_6{\r\ndisplay:none !important;\r\n}\r\n}\r\n\r\n<\/style><div class=\"wpb_wrapper\" ><div class=\"tdm_block td_block_wrap tdm_block_inline_image tdi_7 tdm-inline-block tdm-content-horiz-left td-pb-border-top td_block_template_5\"  data-td-block-uid=\"tdi_7\" >\r\n<style>\r\n\r\n\/* inline tdc_css att - generated by TagDiv Composer *\/\r\n\r\n.tdi_7{\r\nwidth:100% !important;\r\n}\r\n\r\n\/* portrait *\/\r\n@media (min-width: 768px) and (max-width: 1018px)\r\n{\r\n.tdi_7{\r\nmargin-left:-200px !important;\r\nwidth:auto !important;\r\n}\r\n}\r\n\r\n\/* phone *\/\r\n@media (max-width: 767px)\r\n{\r\n.tdi_7{\r\nmargin-right:-20px !important;\r\nmargin-left:-20px !important;\r\n}\r\n}\r\n\r\n\/* landscape *\/\r\n@media (min-width: 1019px) and (max-width: 1140px)\r\n{\r\n.tdi_7{\r\nwidth:auto !important;\r\n}\r\n}\r\n\r\n<\/style>\r\n<style>\r\n\/* custom css - generated by TagDiv Composer *\/\r\n.tdm_block.tdm_block_inline_image{\r\n                  position: relative;\r\n                  margin-bottom: 0;\r\n                  line-height: 0;\r\n                  overflow: hidden;\r\n                }.tdm_block.tdm_block_inline_image .tdm-inline-image-wrap{\r\n                  position: relative;\r\n                  display: inline-block;\r\n                }.tdm_block.tdm_block_inline_image .td-image-video-modal{\r\n                  cursor: pointer;\r\n                }.tdm_block.tdm_block_inline_image .tdm-caption{\r\n                  width: 100%;\r\n                  font-family: Verdana, BlinkMacSystemFont, -apple-system, \"Segoe UI\", Roboto, Oxygen, Ubuntu, Cantarell, \"Open Sans\", \"Helvetica Neue\", sans-serif;\r\n                  padding-top: 6px;\r\n                  padding-bottom: 6px;\r\n                  font-size: 12px;\r\n                  font-style: italic;\r\n                  font-weight: normal;\r\n                  line-height: 17px;\r\n                  color: #444;\r\n                }.tdm_block.tdm_block_inline_image.tdm-caption-over-image .tdm-caption{\r\n                  position: absolute;\r\n                  left: 0;\r\n                  bottom: 0;\r\n                  margin-top: 0;\r\n                  padding-left: 10px;\r\n                  padding-right: 10px;\r\n                  width: 100%;\r\n                  background: rgba(0, 0, 0, 0.7);\r\n                  color: #fff;\r\n                }.tdi_7{\r\n                    width: 100%;\r\n                }.tdi_7 .tdm-inline-image-wrap:after{\r\n\t\t\t\t    content: '';\r\n\t\t\t\t    position: absolute;\r\n\t\t\t\t    top: 0;\r\n\t\t\t\t    left: 0;\r\n\t\t\t\t    width: 100%;\r\n\t\t\t\t    height: 100%;\r\n\t\t\t\t\tbackground: rgba(0,0,0,0.5);\r\n\t\t\t\t}.tdi_7 .tdm-inline-image-wrap:hover:before{\r\n                    opacity: 0;\r\n                }\r\n<\/style><div class=\"tdm-inline-image-wrap \" ><img loading=\"lazy\" decoding=\"async\" class=\"tdm-image td-fix-index\" src=\"https:\/\/www.icog.es\/iageth\/wp-content\/uploads\/2019\/08\/int1.jpg\"  title=\"int1\" width=\"1146\" height=\"630\"><\/div><\/div><\/div><\/div><div class=\"vc_column tdi_9  wpb_column vc_column_container tdc-column td-pb-span6\">\r\n<style scoped>\r\n\/* custom css - generated by TagDiv Composer *\/\r\n\r\n\/* custom css - generated by TagDiv Composer *\/\r\n.tdi_9{\r\n                    vertical-align: baseline;\r\n                }.tdi_9 > .wpb_wrapper,\r\n\t\t\t\t.tdi_9 > .wpb_wrapper > .tdc-elements{\r\n\t\t\t\t    display: block;\r\n\t\t\t\t}.tdi_9 > .wpb_wrapper > .tdc-elements{\r\n\t\t\t\t    width: 100%;\r\n\t\t\t\t}.tdi_9 > .wpb_wrapper > .vc_row_inner{\r\n\t\t\t\t    width: auto;\r\n\t\t\t\t}.tdi_9 > .wpb_wrapper{\r\n\t\t\t\t    width: auto;\r\n\t\t\t\t    height: auto;\r\n\t\t\t\t}\r\n<\/style><div class=\"wpb_wrapper\" ><div class=\"tdm_block td_block_wrap tdm_block_inline_image tdi_10 tdm-inline-block tdm-content-horiz-left td-pb-border-top td_block_template_5\"  data-td-block-uid=\"tdi_10\" >\r\n<style>\r\n\r\n\/* inline tdc_css att - generated by TagDiv Composer *\/\r\n\r\n.tdi_10{\r\nwidth:100% !important;\r\n}\r\n\r\n\/* portrait *\/\r\n@media (min-width: 768px) and (max-width: 1018px)\r\n{\r\n.tdi_10{\r\nmargin-right:-200px !important;\r\nwidth:auto !important;\r\n}\r\n}\r\n\r\n\/* phone *\/\r\n@media (max-width: 767px)\r\n{\r\n.tdi_10{\r\nmargin-right:-90px !important;\r\nmargin-left:-90px !important;\r\nwidth:auto !important;\r\n}\r\n}\r\n\r\n\/* landscape *\/\r\n@media (min-width: 1019px) and (max-width: 1140px)\r\n{\r\n.tdi_10{\r\nwidth:auto !important;\r\n}\r\n}\r\n\r\n<\/style>\r\n<style>\r\n\/* custom css - generated by TagDiv Composer *\/\r\n.tdi_10{\r\n                    width: 100%;\r\n                }.tdi_10 .tdm-inline-image-wrap:after{\r\n\t\t\t\t    content: '';\r\n\t\t\t\t    position: absolute;\r\n\t\t\t\t    top: 0;\r\n\t\t\t\t    left: 0;\r\n\t\t\t\t    width: 100%;\r\n\t\t\t\t    height: 100%;\r\n\t\t\t\t\tbackground: rgba(0,0,0,0.5);\r\n\t\t\t\t}.tdi_10 .tdm-inline-image-wrap:hover:before{\r\n                    opacity: 0;\r\n                }\r\n<\/style><div class=\"tdm-inline-image-wrap \" ><img loading=\"lazy\" decoding=\"async\" class=\"tdm-image td-fix-index\" src=\"https:\/\/www.icog.es\/iageth\/wp-content\/uploads\/2019\/08\/int2.jpg\"  title=\"int2\" width=\"1146\" height=\"630\"><\/div><\/div><\/div><\/div><\/div><\/div><div id=\"tdi_11\" class=\"tdc-row stretch_row\"><div class=\"vc_row tdi_12  wpb_row td-pb-row\" >\r\n<style scoped>\r\n\/* custom css - generated by TagDiv Composer *\/\r\n\r\n\/* custom css - generated by TagDiv Composer *\/\r\n.tdi_12,\r\n                .tdi_12 .tdc-columns{\r\n                    min-height: 0;\r\n                }.tdi_12,\r\n\t\t\t\t.tdi_12 .tdc-columns{\r\n\t\t\t\t    display: block;\r\n\t\t\t\t}.tdi_12 .tdc-columns{\r\n\t\t\t\t    width: 100%;\r\n\t\t\t\t}.tdi_12:before,\r\n\t\t\t\t.tdi_12:after{\r\n\t\t\t\t    display: table;\r\n\t\t\t\t}\r\n\/* inline tdc_css att - generated by TagDiv Composer *\/\r\n\r\n.tdi_12{\r\npadding-right:10% !important;\r\npadding-left:10% !important;\r\n}\r\n\r\n.tdi_12 .td_block_wrap{ text-align:left }\r\n\r\n\/* phone *\/\r\n@media (max-width: 767px)\r\n{\r\n.tdi_12{\r\npadding-right:0px !important;\r\npadding-left:0px !important;\r\n}\r\n}\r\n\r\n<\/style><div class=\"vc_column tdi_14  wpb_column vc_column_container tdc-column td-pb-span12\">\r\n<style scoped>\r\n\/* custom css - generated by TagDiv Composer *\/\r\n\r\n\/* custom css - generated by TagDiv Composer *\/\r\n.tdi_14{\r\n                    vertical-align: baseline;\r\n                }.tdi_14 > .wpb_wrapper,\r\n\t\t\t\t.tdi_14 > .wpb_wrapper > .tdc-elements{\r\n\t\t\t\t    display: block;\r\n\t\t\t\t}.tdi_14 > .wpb_wrapper > .tdc-elements{\r\n\t\t\t\t    width: 100%;\r\n\t\t\t\t}.tdi_14 > .wpb_wrapper > .vc_row_inner{\r\n\t\t\t\t    width: auto;\r\n\t\t\t\t}.tdi_14 > .wpb_wrapper{\r\n\t\t\t\t    width: auto;\r\n\t\t\t\t    height: auto;\r\n\t\t\t\t}\r\n<\/style><div class=\"wpb_wrapper\" ><div class=\"tdm_block td_block_wrap tdm_block_column_title tdi_15 tdm-content-horiz-center td-pb-border-top td_block_template_5\"  data-td-block-uid=\"tdi_15\" >\r\n<style>\r\n\r\n\/* inline tdc_css att - generated by TagDiv Composer *\/\r\n\r\n.tdi_15{\r\nmargin-top:-150px !important;\r\nmargin-bottom:60px !important;\r\n}\r\n\r\n\/* phone *\/\r\n@media (max-width: 767px)\r\n{\r\n.tdi_15{\r\nmargin-bottom:20px !important;\r\n}\r\n}\r\n\r\n<\/style>\r\n<style>\r\n\/* custom css - generated by TagDiv Composer *\/\r\n.tdm_block_column_title{\r\n                  margin-bottom: 0;\r\n                  display: inline-block;\r\n                  width: 100%;\r\n                }\r\n<\/style><div class=\"td-block-row\"><div class=\"td-block-span12 tdm-col\">\r\n<style>\r\n\/* custom css - generated by TagDiv Composer *\/\r\n.tdi_16 .tdm-title{\r\n\t\t\t\t\tcolor: #ffffff;\r\n\t\t\t\t}.tdi_16 .tdm-title-line{\r\n\t\t\t\t\twidth: 180px;\r\n\t\t\t\t\r\n\t\t\t\t\theight: 49px;\r\n\t\t\t\t}.tdi_16:hover .tdm-title-line,\r\n\t\t\t\tbody .tds_icon_box5_wrap:hover .tdi_16 .tdm-title-line{\r\n\t\t\t\t\twidth: 200px;\r\n\t\t\t\t}.tdi_16 .tdm-title-line:after{\r\n\t\t\t\t\theight: 2px;\r\n\t\t\t\t\r\n\t\t\t\t\tbottom: 40%;\r\n\t\t\t\t}\r\n<\/style><div class=\"tds-title tds-title2 td-fix-index tdi_16 \"><h3 class=\"tdm-title tdm-title-bg\">Our selected publications<\/h3><div class=\"tdm-title-line\"><\/div><\/div><\/div><\/div><\/div><\/div><\/div><\/div><\/div><div id=\"tdi_17\" class=\"tdc-row stretch_row\"><div class=\"vc_row tdi_18  wpb_row td-pb-row\" >\r\n<style scoped>\r\n\/* custom css - generated by TagDiv Composer *\/\r\n\r\n\/* custom css - generated by TagDiv Composer *\/\r\n.tdi_18,\r\n                .tdi_18 .tdc-columns{\r\n                    min-height: 0;\r\n                }.tdi_18,\r\n\t\t\t\t.tdi_18 .tdc-columns{\r\n\t\t\t\t    display: block;\r\n\t\t\t\t}.tdi_18 .tdc-columns{\r\n\t\t\t\t    width: 100%;\r\n\t\t\t\t}.tdi_18:before,\r\n\t\t\t\t.tdi_18:after{\r\n\t\t\t\t    display: table;\r\n\t\t\t\t}\r\n\/* inline tdc_css att - generated by TagDiv Composer *\/\r\n\r\n.tdi_18{\r\npadding-right:10% !important;\r\npadding-left:10% !important;\r\n}\r\n\r\n.tdi_18 .td_block_wrap{ text-align:left }\r\n\r\n\/* phone *\/\r\n@media (max-width: 767px)\r\n{\r\n.tdi_18{\r\npadding-right:0px !important;\r\npadding-left:0px !important;\r\n}\r\n}\r\n\r\n<\/style><div class=\"vc_column tdi_20  wpb_column vc_column_container tdc-column td-pb-span12\">\r\n<style scoped>\r\n\/* custom css - generated by TagDiv Composer *\/\r\n\r\n\/* custom css - generated by TagDiv Composer *\/\r\n.tdi_20{\r\n                    vertical-align: baseline;\r\n                }.tdi_20 > .wpb_wrapper,\r\n\t\t\t\t.tdi_20 > .wpb_wrapper > .tdc-elements{\r\n\t\t\t\t    display: block;\r\n\t\t\t\t}.tdi_20 > .wpb_wrapper > .tdc-elements{\r\n\t\t\t\t    width: 100%;\r\n\t\t\t\t}.tdi_20 > .wpb_wrapper > .vc_row_inner{\r\n\t\t\t\t    width: auto;\r\n\t\t\t\t}.tdi_20 > .wpb_wrapper{\r\n\t\t\t\t    width: auto;\r\n\t\t\t\t    height: auto;\r\n\t\t\t\t}\r\n<\/style><div class=\"wpb_wrapper\" ><div class=\"tdm_block td_block_wrap tdm_block_column_title tdi_21 tdm-content-horiz-left td-pb-border-top td_block_template_5\"  data-td-block-uid=\"tdi_21\" >\r\n<style>\r\n\r\n\/* inline tdc_css att - generated by TagDiv Composer *\/\r\n\r\n.tdi_21{\r\nmargin-top:30px !important;\r\nmargin-bottom:40px !important;\r\n}\r\n\r\n\/* phone *\/\r\n@media (max-width: 767px)\r\n{\r\n.tdi_21{\r\nmargin-bottom:20px !important;\r\n}\r\n}\r\n\r\n<\/style><div class=\"td-block-row\"><div class=\"td-block-span12 tdm-col\"><div class=\"tds-title tds-title1 td-fix-index tdi_22 \"><h3 class=\"tdm-title tdm-title-md\"><span style=\"font-size: 20px;\"> \n<a href=\" https:\/\/www.cienciasdaterra.com\/index.php\/vol\/article\/view\/277\n\" target=\"_blank\"><p> Mart\u00ednez-Fr\u00edas, J. & de Wever, P. (2013) Teaching of Straigraphy, geological heritage and Geoethics. State of the Art. Ci\u00eancias da Terra 18: 43-48.<\/p>\n<\/a>\n\n<p>Rejas, J. G., Bosque, J., Malpica, J.A., Maza, F., Dalda, A., Soriano, M.L., Rodriguez, M.G., Cerezal, F., Govcoolea, R. & Martinez-Frias, J. (2013) Aspectos geo\u00e9ticos en la docencia del ordenamiento y gesti\u00f3n del territorio. CONFIGSIG XIV, 2013, Honduras.<\/p>\n\n<a href=\"http:\/\/tierra.rediris.es\/IAGETH\/Geoethics_Mozambique_LV.pdf\n\" target=\"_blank\"><p>Vasconcelos, L. (2012) Geoethics.1st Geological Congress of Mozambique, Maputo, Mozambique, 21-23 November, 2012, 1-11.<\/p>\n<\/a>\n\n<a href=\"https:\/\/sciforum.net\/paper\/view\/conference\/900\n\" target=\"_blank\"><p>Nemec, V. (2012) Geoethics and Sustainability. In: Proceedings of the 2nd World Sustain. Forum 1-30 November 2012; Sciforum Electronic Conferences Series, 2012.<\/p>\n<\/a>\n\n<p>Nikitina, N. (2012) Geoethics: theory, principles, problems. Monograph. M:, LLC Geoinformmark, 2012. 155 pp. ISBN 978-5-98877-049- 7?<\/p>\n\n<a href=\"http:\/\/www.episodes.co.in\/contents\/2011\/dec\/p257-262.pdf\n\" target=\"_blank\"><p>Mart\u00ednez-Fr\u00edas, J., Gonz\u00e1lez, J.L. & Rull, F. (2012) Geoethics and Deontology.From Fundamentals to applications in Planetary Protection. Episodes 34-4: 257-262.<\/p>\n<\/a>\n\n<a href=\"https:\/\/es.scribd.com\/document\/81221765\/geoetica-deontologia-TyT\n\" target=\"_blank\"><p>Gonz\u00e1lez, J.L. & Mart\u00ednez-Fr\u00edas, J. (2011) Geo\u00e9tica: un reto para la deontolog\u00eda profesional. Tierra y Tecnolog\u00eda 39: 62-66 (in Spanish).<\/p>\n<\/a>\n\n<a href=\"http:\/\/tierra.rediris.es\/Geoethics_Planetary_Protection\/art_Geoethics_Tribuna_Astronomia.pdf\n\" target=\"_blank\"><p>Mart\u00ednez-Fr\u00edas, J. & P\u00e9rez Verde, A. (2010) Geo\u00e9tica, Meteoritos y Exploraci\u00f3n Planetaria. La Tribuna. Astronom\u00eda128: 21 (in Spanish).<\/p>\n<\/a>\n<a href=\"http:\/\/tierra.rediris.es\/documentos\/Geoethics_Tierra_Network_2008.pdf\n\" target=\"_blank\"><p>Martinez-Frias, J. (2008) Geoethics: proposal of a geosciences-oriented formal definition and future planetary perspectives. TIERRA: Spanish Thematic Network of Earth and Planetary Sciences. http:\/\/tierra.rediris.es. RedIris. TIERRA Documentos , 2008, 1.<p><\/a>\n<\/span><\/h3><\/div><\/div><\/div><\/div><\/div><\/div><\/div><\/div><\/div><\/div>","protected":false},"excerpt":{"rendered":"","protected":false},"author":1,"featured_media":0,"parent":0,"menu_order":0,"comment_status":"open","ping_status":"closed","template":"page-pagebuilder-overlay.php","meta":{"footnotes":""},"yoast_head":"<!-- This site is optimized with the Yoast SEO plugin v22.9 - https:\/\/yoast.com\/wordpress\/plugins\/seo\/ -->\r\n<title>Publications - International Association for Geoethics<\/title>\r\n<meta name=\"robots\" content=\"index, follow, max-snippet:-1, max-image-preview:large, max-video-preview:-1\" \/>\r\n<link rel=\"canonical\" href=\"https:\/\/www.icog.es\/iageth\/index.php\/publications\/\" \/>\r\n<meta property=\"og:locale\" content=\"es_ES\" \/>\r\n<meta property=\"og:type\" content=\"article\" \/>\r\n<meta property=\"og:title\" content=\"Publications - International Association for Geoethics\" \/>\r\n<meta property=\"og:url\" content=\"https:\/\/www.icog.es\/iageth\/index.php\/publications\/\" \/>\r\n<meta property=\"og:site_name\" content=\"International Association for Geoethics\" \/>\r\n<meta property=\"article:publisher\" content=\"https:\/\/www.facebook.com\/International.Association.for.Geoethics.IAGETH\" \/>\r\n<meta property=\"article:modified_time\" content=\"2019-08-06T16:45:40+00:00\" \/>\r\n<meta name=\"twitter:card\" content=\"summary_large_image\" \/>\r\n<meta name=\"twitter:site\" content=\"@GeoethicsIAGETH\" \/>\r\n<meta name=\"twitter:label1\" content=\"Tiempo de lectura\" \/>\n\t<meta name=\"twitter:data1\" content=\"3 minutos\" \/>\r\n<script type=\"application\/ld+json\" class=\"yoast-schema-graph\">{\"@context\":\"https:\/\/schema.org\",\"@graph\":[{\"@type\":\"WebPage\",\"@id\":\"https:\/\/www.icog.es\/iageth\/index.php\/publications\/\",\"url\":\"https:\/\/www.icog.es\/iageth\/index.php\/publications\/\",\"name\":\"Publications - International Association for Geoethics\",\"isPartOf\":{\"@id\":\"https:\/\/www.icog.es\/iageth\/#website\"},\"datePublished\":\"2019-08-04T09:16:36+00:00\",\"dateModified\":\"2019-08-06T16:45:40+00:00\",\"inLanguage\":\"es\",\"potentialAction\":[{\"@type\":\"ReadAction\",\"target\":[\"https:\/\/www.icog.es\/iageth\/index.php\/publications\/\"]}]},{\"@type\":\"WebSite\",\"@id\":\"https:\/\/www.icog.es\/iageth\/#website\",\"url\":\"https:\/\/www.icog.es\/iageth\/\",\"name\":\"International Association for Geoethics\",\"description\":\"IAGETH\",\"publisher\":{\"@id\":\"https:\/\/www.icog.es\/iageth\/#organization\"},\"potentialAction\":[{\"@type\":\"SearchAction\",\"target\":{\"@type\":\"EntryPoint\",\"urlTemplate\":\"https:\/\/www.icog.es\/iageth\/?s={search_term_string}\"},\"query-input\":\"required name=search_term_string\"}],\"inLanguage\":\"es\"},{\"@type\":\"Organization\",\"@id\":\"https:\/\/www.icog.es\/iageth\/#organization\",\"name\":\"International Association for Geoethics\",\"url\":\"https:\/\/www.icog.es\/iageth\/\",\"logo\":{\"@type\":\"ImageObject\",\"inLanguage\":\"es\",\"@id\":\"https:\/\/www.icog.es\/iageth\/#\/schema\/logo\/image\/\",\"url\":\"https:\/\/www.icog.es\/iageth\/wp-content\/uploads\/2013\/07\/IAGETH_logo.jpg\",\"contentUrl\":\"https:\/\/www.icog.es\/iageth\/wp-content\/uploads\/2013\/07\/IAGETH_logo.jpg\",\"width\":380,\"height\":357,\"caption\":\"International Association for Geoethics\"},\"image\":{\"@id\":\"https:\/\/www.icog.es\/iageth\/#\/schema\/logo\/image\/\"},\"sameAs\":[\"https:\/\/www.facebook.com\/International.Association.for.Geoethics.IAGETH\",\"https:\/\/x.com\/GeoethicsIAGETH\",\"https:\/\/www.linkedin.com\/groups\/Geoethics-official-site-International-Association-4670664\"]}]}<\/script>\r\n<!-- \/ Yoast SEO plugin. -->","yoast_head_json":{"title":"Publications - International Association for Geoethics","robots":{"index":"index","follow":"follow","max-snippet":"max-snippet:-1","max-image-preview":"max-image-preview:large","max-video-preview":"max-video-preview:-1"},"canonical":"https:\/\/www.icog.es\/iageth\/index.php\/publications\/","og_locale":"es_ES","og_type":"article","og_title":"Publications - International Association for Geoethics","og_url":"https:\/\/www.icog.es\/iageth\/index.php\/publications\/","og_site_name":"International Association for Geoethics","article_publisher":"https:\/\/www.facebook.com\/International.Association.for.Geoethics.IAGETH","article_modified_time":"2019-08-06T16:45:40+00:00","twitter_card":"summary_large_image","twitter_site":"@GeoethicsIAGETH","twitter_misc":{"Tiempo de lectura":"3 minutos"},"schema":{"@context":"https:\/\/schema.org","@graph":[{"@type":"WebPage","@id":"https:\/\/www.icog.es\/iageth\/index.php\/publications\/","url":"https:\/\/www.icog.es\/iageth\/index.php\/publications\/","name":"Publications - International Association for Geoethics","isPartOf":{"@id":"https:\/\/www.icog.es\/iageth\/#website"},"datePublished":"2019-08-04T09:16:36+00:00","dateModified":"2019-08-06T16:45:40+00:00","inLanguage":"es","potentialAction":[{"@type":"ReadAction","target":["https:\/\/www.icog.es\/iageth\/index.php\/publications\/"]}]},{"@type":"WebSite","@id":"https:\/\/www.icog.es\/iageth\/#website","url":"https:\/\/www.icog.es\/iageth\/","name":"International Association for Geoethics","description":"IAGETH","publisher":{"@id":"https:\/\/www.icog.es\/iageth\/#organization"},"potentialAction":[{"@type":"SearchAction","target":{"@type":"EntryPoint","urlTemplate":"https:\/\/www.icog.es\/iageth\/?s={search_term_string}"},"query-input":"required name=search_term_string"}],"inLanguage":"es"},{"@type":"Organization","@id":"https:\/\/www.icog.es\/iageth\/#organization","name":"International Association for Geoethics","url":"https:\/\/www.icog.es\/iageth\/","logo":{"@type":"ImageObject","inLanguage":"es","@id":"https:\/\/www.icog.es\/iageth\/#\/schema\/logo\/image\/","url":"https:\/\/www.icog.es\/iageth\/wp-content\/uploads\/2013\/07\/IAGETH_logo.jpg","contentUrl":"https:\/\/www.icog.es\/iageth\/wp-content\/uploads\/2013\/07\/IAGETH_logo.jpg","width":380,"height":357,"caption":"International Association for Geoethics"},"image":{"@id":"https:\/\/www.icog.es\/iageth\/#\/schema\/logo\/image\/"},"sameAs":["https:\/\/www.facebook.com\/International.Association.for.Geoethics.IAGETH","https:\/\/x.com\/GeoethicsIAGETH","https:\/\/www.linkedin.com\/groups\/Geoethics-official-site-International-Association-4670664"]}]}},"_links":{"self":[{"href":"https:\/\/www.icog.es\/iageth\/index.php\/wp-json\/wp\/v2\/pages\/1302"}],"collection":[{"href":"https:\/\/www.icog.es\/iageth\/index.php\/wp-json\/wp\/v2\/pages"}],"about":[{"href":"https:\/\/www.icog.es\/iageth\/index.php\/wp-json\/wp\/v2\/types\/page"}],"author":[{"embeddable":true,"href":"https:\/\/www.icog.es\/iageth\/index.php\/wp-json\/wp\/v2\/users\/1"}],"replies":[{"embeddable":true,"href":"https:\/\/www.icog.es\/iageth\/index.php\/wp-json\/wp\/v2\/comments?post=1302"}],"version-history":[{"count":2,"href":"https:\/\/www.icog.es\/iageth\/index.php\/wp-json\/wp\/v2\/pages\/1302\/revisions"}],"predecessor-version":[{"id":1371,"href":"https:\/\/www.icog.es\/iageth\/index.php\/wp-json\/wp\/v2\/pages\/1302\/revisions\/1371"}],"wp:attachment":[{"href":"https:\/\/www.icog.es\/iageth\/index.php\/wp-json\/wp\/v2\/media?parent=1302"}],"curies":[{"name":"wp","href":"https:\/\/api.w.org\/{rel}","templated":true}]}}