{"id":166,"date":"2016-01-12T12:02:48","date_gmt":"2016-01-12T12:02:48","guid":{"rendered":"http:\/\/www.icog.es\/geologosdelmundo\/?page_id=166"},"modified":"2016-01-12T14:16:48","modified_gmt":"2016-01-12T14:16:48","slug":"proyecto-ayuda-para-la-ampliacion-del-sistema-de-agua-y-saneamiento-de-la-aldea-san-marcos-del-municipio-de-danli","status":"publish","type":"page","link":"https:\/\/www.icog.es\/geologosdelmundo\/index.php\/proyecto-ayuda-para-la-ampliacion-del-sistema-de-agua-y-saneamiento-de-la-aldea-san-marcos-del-municipio-de-danli\/","title":{"rendered":"Proyecto | Ayuda para la ampliaci\u00f3n del sistema de agua y saneamiento de la aldea San Marcos del municipio de Danli"},"content":{"rendered":"","protected":false},"excerpt":{"rendered":"","protected":false},"author":1,"featured_media":0,"parent":0,"menu_order":0,"comment_status":"closed","ping_status":"closed","template":"","meta":{"footnotes":""},"yoast_head":"<!-- This site is optimized with the Yoast SEO plugin v23.5 - https:\/\/yoast.com\/wordpress\/plugins\/seo\/ -->\r\n<title>Proyecto | Ayuda para la ampliaci\u00f3n del sistema de agua y saneamiento de la aldea San Marcos del municipio de Danli - Ge\u00f3logos del Mundo<\/title>\r\n<meta name=\"description\" content=\"Proyecto realizado entre 2012-2013 en la poblaci\u00f3n de San Marcos del municipio de Danli, Honduras.\" \/>\r\n<meta name=\"robots\" content=\"index, follow, max-snippet:-1, max-image-preview:large, max-video-preview:-1\" \/>\r\n<link rel=\"canonical\" href=\"https:\/\/www.icog.es\/geologosdelmundo\/index.php\/proyecto-ayuda-para-la-ampliacion-del-sistema-de-agua-y-saneamiento-de-la-aldea-san-marcos-del-municipio-de-danli\/\" \/>\r\n<meta property=\"og:locale\" content=\"es_ES\" \/>\r\n<meta property=\"og:type\" content=\"article\" \/>\r\n<meta property=\"og:title\" content=\"Proyecto | Ayuda para la ampliaci\u00f3n del sistema de agua y saneamiento de la aldea San Marcos del municipio de Danli - Ge\u00f3logos del Mundo\" \/>\r\n<meta property=\"og:description\" content=\"Proyecto realizado entre 2012-2013 en la poblaci\u00f3n de San Marcos del municipio de Danli, Honduras.\" \/>\r\n<meta property=\"og:url\" content=\"https:\/\/www.icog.es\/geologosdelmundo\/index.php\/proyecto-ayuda-para-la-ampliacion-del-sistema-de-agua-y-saneamiento-de-la-aldea-san-marcos-del-municipio-de-danli\/\" \/>\r\n<meta property=\"og:site_name\" content=\"Ge\u00f3logos del Mundo\" \/>\r\n<meta property=\"article:publisher\" content=\"https:\/\/www.facebook.com\/geologosdelmundo.worldgeologists\" \/>\r\n<meta property=\"article:modified_time\" content=\"2016-01-12T14:16:48+00:00\" \/>\r\n<meta name=\"twitter:card\" content=\"summary_large_image\" \/>\r\n<meta name=\"twitter:site\" content=\"@Geologos_Mundo\" \/>\r\n<script type=\"application\/ld+json\" class=\"yoast-schema-graph\">{\"@context\":\"https:\/\/schema.org\",\"@graph\":[{\"@type\":\"WebPage\",\"@id\":\"https:\/\/www.icog.es\/geologosdelmundo\/index.php\/proyecto-ayuda-para-la-ampliacion-del-sistema-de-agua-y-saneamiento-de-la-aldea-san-marcos-del-municipio-de-danli\/\",\"url\":\"https:\/\/www.icog.es\/geologosdelmundo\/index.php\/proyecto-ayuda-para-la-ampliacion-del-sistema-de-agua-y-saneamiento-de-la-aldea-san-marcos-del-municipio-de-danli\/\",\"name\":\"Proyecto | Ayuda para la ampliaci\u00f3n del sistema de agua y saneamiento de la aldea San Marcos del municipio de Danli - Ge\u00f3logos del Mundo\",\"isPartOf\":{\"@id\":\"https:\/\/www.icog.es\/geologosdelmundo\/#website\"},\"datePublished\":\"2016-01-12T12:02:48+00:00\",\"dateModified\":\"2016-01-12T14:16:48+00:00\",\"description\":\"Proyecto realizado entre 2012-2013 en la poblaci\u00f3n de San Marcos del municipio de Danli, Honduras.\",\"breadcrumb\":{\"@id\":\"https:\/\/www.icog.es\/geologosdelmundo\/index.php\/proyecto-ayuda-para-la-ampliacion-del-sistema-de-agua-y-saneamiento-de-la-aldea-san-marcos-del-municipio-de-danli\/#breadcrumb\"},\"inLanguage\":\"es\",\"potentialAction\":[{\"@type\":\"ReadAction\",\"target\":[\"https:\/\/www.icog.es\/geologosdelmundo\/index.php\/proyecto-ayuda-para-la-ampliacion-del-sistema-de-agua-y-saneamiento-de-la-aldea-san-marcos-del-municipio-de-danli\/\"]}]},{\"@type\":\"BreadcrumbList\",\"@id\":\"https:\/\/www.icog.es\/geologosdelmundo\/index.php\/proyecto-ayuda-para-la-ampliacion-del-sistema-de-agua-y-saneamiento-de-la-aldea-san-marcos-del-municipio-de-danli\/#breadcrumb\",\"itemListElement\":[{\"@type\":\"ListItem\",\"position\":1,\"name\":\"Portada\",\"item\":\"https:\/\/www.icog.es\/geologosdelmundo\/\"},{\"@type\":\"ListItem\",\"position\":2,\"name\":\"Proyecto | Ayuda para la ampliaci\u00f3n del sistema de agua y saneamiento de la aldea San Marcos del municipio de Danli\"}]},{\"@type\":\"WebSite\",\"@id\":\"https:\/\/www.icog.es\/geologosdelmundo\/#website\",\"url\":\"https:\/\/www.icog.es\/geologosdelmundo\/\",\"name\":\"Ge\u00f3logos del Mundo\",\"description\":\"La ONG Ge\u00f3logos del Mundo es una organizaci\u00f3n no gubernamental sin \u00e1nimo de lucro, creada en Espa\u00f1a el a\u00f1o 1999.\",\"potentialAction\":[{\"@type\":\"SearchAction\",\"target\":{\"@type\":\"EntryPoint\",\"urlTemplate\":\"https:\/\/www.icog.es\/geologosdelmundo\/?s={search_term_string}\"},\"query-input\":{\"@type\":\"PropertyValueSpecification\",\"valueRequired\":true,\"valueName\":\"search_term_string\"}}],\"inLanguage\":\"es\"}]}<\/script>\r\n<!-- \/ Yoast SEO plugin. -->","yoast_head_json":{"title":"Proyecto | Ayuda para la ampliaci\u00f3n del sistema de agua y saneamiento de la aldea San Marcos del municipio de Danli - Ge\u00f3logos del Mundo","description":"Proyecto realizado entre 2012-2013 en la poblaci\u00f3n de San Marcos del municipio de Danli, Honduras.","robots":{"index":"index","follow":"follow","max-snippet":"max-snippet:-1","max-image-preview":"max-image-preview:large","max-video-preview":"max-video-preview:-1"},"canonical":"https:\/\/www.icog.es\/geologosdelmundo\/index.php\/proyecto-ayuda-para-la-ampliacion-del-sistema-de-agua-y-saneamiento-de-la-aldea-san-marcos-del-municipio-de-danli\/","og_locale":"es_ES","og_type":"article","og_title":"Proyecto | Ayuda para la ampliaci\u00f3n del sistema de agua y saneamiento de la aldea San Marcos del municipio de Danli - Ge\u00f3logos del Mundo","og_description":"Proyecto realizado entre 2012-2013 en la poblaci\u00f3n de San Marcos del municipio de Danli, Honduras.","og_url":"https:\/\/www.icog.es\/geologosdelmundo\/index.php\/proyecto-ayuda-para-la-ampliacion-del-sistema-de-agua-y-saneamiento-de-la-aldea-san-marcos-del-municipio-de-danli\/","og_site_name":"Ge\u00f3logos del Mundo","article_publisher":"https:\/\/www.facebook.com\/geologosdelmundo.worldgeologists","article_modified_time":"2016-01-12T14:16:48+00:00","twitter_card":"summary_large_image","twitter_site":"@Geologos_Mundo","schema":{"@context":"https:\/\/schema.org","@graph":[{"@type":"WebPage","@id":"https:\/\/www.icog.es\/geologosdelmundo\/index.php\/proyecto-ayuda-para-la-ampliacion-del-sistema-de-agua-y-saneamiento-de-la-aldea-san-marcos-del-municipio-de-danli\/","url":"https:\/\/www.icog.es\/geologosdelmundo\/index.php\/proyecto-ayuda-para-la-ampliacion-del-sistema-de-agua-y-saneamiento-de-la-aldea-san-marcos-del-municipio-de-danli\/","name":"Proyecto | Ayuda para la ampliaci\u00f3n del sistema de agua y saneamiento de la aldea San Marcos del municipio de Danli - Ge\u00f3logos del Mundo","isPartOf":{"@id":"https:\/\/www.icog.es\/geologosdelmundo\/#website"},"datePublished":"2016-01-12T12:02:48+00:00","dateModified":"2016-01-12T14:16:48+00:00","description":"Proyecto realizado entre 2012-2013 en la poblaci\u00f3n de San Marcos del municipio de Danli, Honduras.","breadcrumb":{"@id":"https:\/\/www.icog.es\/geologosdelmundo\/index.php\/proyecto-ayuda-para-la-ampliacion-del-sistema-de-agua-y-saneamiento-de-la-aldea-san-marcos-del-municipio-de-danli\/#breadcrumb"},"inLanguage":"es","potentialAction":[{"@type":"ReadAction","target":["https:\/\/www.icog.es\/geologosdelmundo\/index.php\/proyecto-ayuda-para-la-ampliacion-del-sistema-de-agua-y-saneamiento-de-la-aldea-san-marcos-del-municipio-de-danli\/"]}]},{"@type":"BreadcrumbList","@id":"https:\/\/www.icog.es\/geologosdelmundo\/index.php\/proyecto-ayuda-para-la-ampliacion-del-sistema-de-agua-y-saneamiento-de-la-aldea-san-marcos-del-municipio-de-danli\/#breadcrumb","itemListElement":[{"@type":"ListItem","position":1,"name":"Portada","item":"https:\/\/www.icog.es\/geologosdelmundo\/"},{"@type":"ListItem","position":2,"name":"Proyecto | Ayuda para la ampliaci\u00f3n del sistema de agua y saneamiento de la aldea San Marcos del municipio de Danli"}]},{"@type":"WebSite","@id":"https:\/\/www.icog.es\/geologosdelmundo\/#website","url":"https:\/\/www.icog.es\/geologosdelmundo\/","name":"Ge\u00f3logos del Mundo","description":"La ONG Ge\u00f3logos del Mundo es una organizaci\u00f3n no gubernamental sin \u00e1nimo de lucro, creada en Espa\u00f1a el a\u00f1o 1999.","potentialAction":[{"@type":"SearchAction","target":{"@type":"EntryPoint","urlTemplate":"https:\/\/www.icog.es\/geologosdelmundo\/?s={search_term_string}"},"query-input":{"@type":"PropertyValueSpecification","valueRequired":true,"valueName":"search_term_string"}}],"inLanguage":"es"}]}},"_links":{"self":[{"href":"https:\/\/www.icog.es\/geologosdelmundo\/index.php\/wp-json\/wp\/v2\/pages\/166"}],"collection":[{"href":"https:\/\/www.icog.es\/geologosdelmundo\/index.php\/wp-json\/wp\/v2\/pages"}],"about":[{"href":"https:\/\/www.icog.es\/geologosdelmundo\/index.php\/wp-json\/wp\/v2\/types\/page"}],"author":[{"embeddable":true,"href":"https:\/\/www.icog.es\/geologosdelmundo\/index.php\/wp-json\/wp\/v2\/users\/1"}],"replies":[{"embeddable":true,"href":"https:\/\/www.icog.es\/geologosdelmundo\/index.php\/wp-json\/wp\/v2\/comments?post=166"}],"version-history":[{"count":1,"href":"https:\/\/www.icog.es\/geologosdelmundo\/index.php\/wp-json\/wp\/v2\/pages\/166\/revisions"}],"predecessor-version":[{"id":167,"href":"https:\/\/www.icog.es\/geologosdelmundo\/index.php\/wp-json\/wp\/v2\/pages\/166\/revisions\/167"}],"wp:attachment":[{"href":"https:\/\/www.icog.es\/geologosdelmundo\/index.php\/wp-json\/wp\/v2\/media?parent=166"}],"curies":[{"name":"wp","href":"https:\/\/api.w.org\/{rel}","templated":true}]}}