{"id":150,"date":"2016-01-11T14:39:18","date_gmt":"2016-01-11T14:39:18","guid":{"rendered":"http:\/\/www.icog.es\/geologosdelmundo\/?page_id=150"},"modified":"2021-09-21T11:30:04","modified_gmt":"2021-09-21T09:30:04","slug":"delegaciones","status":"publish","type":"page","link":"https:\/\/www.icog.es\/geologosdelmundo\/index.php\/delegaciones\/","title":{"rendered":"Delegaciones"},"content":{"rendered":"<h4>Nuestras Delegaciones en Espa\u00f1a<\/h4>\n<hr \/>\n<div id=\"unique_iwm_0\"><div class='iwm_map_canvas'><div id='map_canvas_1' data-map-id='1'  class='i_world_map ' class='iwm_map_canvas'><div class='iwm_placeholder'><img width='32px' alt='Delegaciones Placeholder' title='Delegaciones' src='https:\/\/www.icog.es\/geologosdelmundo\/wp-content\/plugins\/interactive-world-maps\/imgs\/placeholder.png'><br>Delegaciones<\/div><\/div><\/div><div id='imap1message' style='display:none;'>\n\t\t\t\t<div id=\"map_1_message_ESAS\" style=\"display:block;\">http:\/\/www.xeologosdelmundu.org\/<\/div><div id=\"map_1_message_ESAN\" style=\"display:block;\">mailto:E-mail: andalucia@geologosdelmundo.org<\/div><div id=\"map_1_message_ESAR\" style=\"display:block;\">mailto:aragon@geologosdelmundo.org<\/div><div id=\"map_1_message_ESCT\" style=\"display:block;\">mailto:catalunya@geologosdelmundo.org<\/div><div id=\"map_1_message_ESPV\" style=\"display:block;\">mailto:euskadi@geologosdelmundo.org<\/div><div id=\"map_1_message_ESMD\" style=\"display:block;\">mailto:madrid@geologosdelmundo.org<\/div>\n\t\t\t\t<\/div><\/div>\n<h4><\/h4>\n<hr \/>\n<div id=\"unique_iwm_1\"><div class='iwm_map_canvas'><div id='map_canvas_2' data-map-id='2'  class='i_world_map ' class='iwm_map_canvas'><div class='iwm_placeholder'><img width='32px' alt='Centro Am\u00e9rica Placeholder' title='Centro Am\u00e9rica' src='https:\/\/www.icog.es\/geologosdelmundo\/wp-content\/plugins\/interactive-world-maps\/imgs\/placeholder.png'><br>Centro Am\u00e9rica<\/div><\/div><\/div><div id='imap2message' style='display:none;'>\n\t\t\t\t<div id=\"map_2_message_SV\" style=\"display:block;\"><\/div>\n\t\t\t\t<\/div><\/div>\n","protected":false},"excerpt":{"rendered":"<p>Nuestras Delegaciones en Espa\u00f1a<\/p>\n","protected":false},"author":1,"featured_media":0,"parent":0,"menu_order":0,"comment_status":"closed","ping_status":"closed","template":"","meta":{"footnotes":""},"yoast_head":"<!-- This site is optimized with the Yoast SEO plugin v23.5 - https:\/\/yoast.com\/wordpress\/plugins\/seo\/ -->\r\n<title>Delegaciones - Ge\u00f3logos del Mundo<\/title>\r\n<meta name=\"robots\" content=\"index, follow, max-snippet:-1, max-image-preview:large, max-video-preview:-1\" \/>\r\n<link rel=\"canonical\" href=\"https:\/\/www.icog.es\/geologosdelmundo\/index.php\/delegaciones\/\" \/>\r\n<meta property=\"og:locale\" content=\"es_ES\" \/>\r\n<meta property=\"og:type\" content=\"article\" \/>\r\n<meta property=\"og:title\" content=\"Delegaciones - Ge\u00f3logos del Mundo\" \/>\r\n<meta property=\"og:description\" content=\"Nuestras Delegaciones en Espa\u00f1a\" \/>\r\n<meta property=\"og:url\" content=\"https:\/\/www.icog.es\/geologosdelmundo\/index.php\/delegaciones\/\" \/>\r\n<meta property=\"og:site_name\" content=\"Ge\u00f3logos del Mundo\" \/>\r\n<meta property=\"article:publisher\" content=\"https:\/\/www.facebook.com\/geologosdelmundo.worldgeologists\" \/>\r\n<meta property=\"article:modified_time\" content=\"2021-09-21T09:30:04+00:00\" \/>\r\n<meta name=\"twitter:card\" content=\"summary_large_image\" \/>\r\n<meta name=\"twitter:site\" content=\"@Geologos_Mundo\" \/>\r\n<meta name=\"twitter:label1\" content=\"Tiempo de lectura\" \/>\n\t<meta name=\"twitter:data1\" content=\"1 minuto\" \/>\r\n<script type=\"application\/ld+json\" class=\"yoast-schema-graph\">{\"@context\":\"https:\/\/schema.org\",\"@graph\":[{\"@type\":\"WebPage\",\"@id\":\"https:\/\/www.icog.es\/geologosdelmundo\/index.php\/delegaciones\/\",\"url\":\"https:\/\/www.icog.es\/geologosdelmundo\/index.php\/delegaciones\/\",\"name\":\"Delegaciones - Ge\u00f3logos del Mundo\",\"isPartOf\":{\"@id\":\"https:\/\/www.icog.es\/geologosdelmundo\/#website\"},\"datePublished\":\"2016-01-11T14:39:18+00:00\",\"dateModified\":\"2021-09-21T09:30:04+00:00\",\"breadcrumb\":{\"@id\":\"https:\/\/www.icog.es\/geologosdelmundo\/index.php\/delegaciones\/#breadcrumb\"},\"inLanguage\":\"es\",\"potentialAction\":[{\"@type\":\"ReadAction\",\"target\":[\"https:\/\/www.icog.es\/geologosdelmundo\/index.php\/delegaciones\/\"]}]},{\"@type\":\"BreadcrumbList\",\"@id\":\"https:\/\/www.icog.es\/geologosdelmundo\/index.php\/delegaciones\/#breadcrumb\",\"itemListElement\":[{\"@type\":\"ListItem\",\"position\":1,\"name\":\"Portada\",\"item\":\"https:\/\/www.icog.es\/geologosdelmundo\/\"},{\"@type\":\"ListItem\",\"position\":2,\"name\":\"Delegaciones\"}]},{\"@type\":\"WebSite\",\"@id\":\"https:\/\/www.icog.es\/geologosdelmundo\/#website\",\"url\":\"https:\/\/www.icog.es\/geologosdelmundo\/\",\"name\":\"Ge\u00f3logos del Mundo\",\"description\":\"La ONG Ge\u00f3logos del Mundo es una organizaci\u00f3n no gubernamental sin \u00e1nimo de lucro, creada en Espa\u00f1a el a\u00f1o 1999.\",\"potentialAction\":[{\"@type\":\"SearchAction\",\"target\":{\"@type\":\"EntryPoint\",\"urlTemplate\":\"https:\/\/www.icog.es\/geologosdelmundo\/?s={search_term_string}\"},\"query-input\":{\"@type\":\"PropertyValueSpecification\",\"valueRequired\":true,\"valueName\":\"search_term_string\"}}],\"inLanguage\":\"es\"}]}<\/script>\r\n<!-- \/ Yoast SEO plugin. -->","yoast_head_json":{"title":"Delegaciones - Ge\u00f3logos del Mundo","robots":{"index":"index","follow":"follow","max-snippet":"max-snippet:-1","max-image-preview":"max-image-preview:large","max-video-preview":"max-video-preview:-1"},"canonical":"https:\/\/www.icog.es\/geologosdelmundo\/index.php\/delegaciones\/","og_locale":"es_ES","og_type":"article","og_title":"Delegaciones - Ge\u00f3logos del Mundo","og_description":"Nuestras Delegaciones en Espa\u00f1a","og_url":"https:\/\/www.icog.es\/geologosdelmundo\/index.php\/delegaciones\/","og_site_name":"Ge\u00f3logos del Mundo","article_publisher":"https:\/\/www.facebook.com\/geologosdelmundo.worldgeologists","article_modified_time":"2021-09-21T09:30:04+00:00","twitter_card":"summary_large_image","twitter_site":"@Geologos_Mundo","twitter_misc":{"Tiempo de lectura":"1 minuto"},"schema":{"@context":"https:\/\/schema.org","@graph":[{"@type":"WebPage","@id":"https:\/\/www.icog.es\/geologosdelmundo\/index.php\/delegaciones\/","url":"https:\/\/www.icog.es\/geologosdelmundo\/index.php\/delegaciones\/","name":"Delegaciones - Ge\u00f3logos del Mundo","isPartOf":{"@id":"https:\/\/www.icog.es\/geologosdelmundo\/#website"},"datePublished":"2016-01-11T14:39:18+00:00","dateModified":"2021-09-21T09:30:04+00:00","breadcrumb":{"@id":"https:\/\/www.icog.es\/geologosdelmundo\/index.php\/delegaciones\/#breadcrumb"},"inLanguage":"es","potentialAction":[{"@type":"ReadAction","target":["https:\/\/www.icog.es\/geologosdelmundo\/index.php\/delegaciones\/"]}]},{"@type":"BreadcrumbList","@id":"https:\/\/www.icog.es\/geologosdelmundo\/index.php\/delegaciones\/#breadcrumb","itemListElement":[{"@type":"ListItem","position":1,"name":"Portada","item":"https:\/\/www.icog.es\/geologosdelmundo\/"},{"@type":"ListItem","position":2,"name":"Delegaciones"}]},{"@type":"WebSite","@id":"https:\/\/www.icog.es\/geologosdelmundo\/#website","url":"https:\/\/www.icog.es\/geologosdelmundo\/","name":"Ge\u00f3logos del Mundo","description":"La ONG Ge\u00f3logos del Mundo es una organizaci\u00f3n no gubernamental sin \u00e1nimo de lucro, creada en Espa\u00f1a el a\u00f1o 1999.","potentialAction":[{"@type":"SearchAction","target":{"@type":"EntryPoint","urlTemplate":"https:\/\/www.icog.es\/geologosdelmundo\/?s={search_term_string}"},"query-input":{"@type":"PropertyValueSpecification","valueRequired":true,"valueName":"search_term_string"}}],"inLanguage":"es"}]}},"_links":{"self":[{"href":"https:\/\/www.icog.es\/geologosdelmundo\/index.php\/wp-json\/wp\/v2\/pages\/150"}],"collection":[{"href":"https:\/\/www.icog.es\/geologosdelmundo\/index.php\/wp-json\/wp\/v2\/pages"}],"about":[{"href":"https:\/\/www.icog.es\/geologosdelmundo\/index.php\/wp-json\/wp\/v2\/types\/page"}],"author":[{"embeddable":true,"href":"https:\/\/www.icog.es\/geologosdelmundo\/index.php\/wp-json\/wp\/v2\/users\/1"}],"replies":[{"embeddable":true,"href":"https:\/\/www.icog.es\/geologosdelmundo\/index.php\/wp-json\/wp\/v2\/comments?post=150"}],"version-history":[{"count":5,"href":"https:\/\/www.icog.es\/geologosdelmundo\/index.php\/wp-json\/wp\/v2\/pages\/150\/revisions"}],"predecessor-version":[{"id":1784,"href":"https:\/\/www.icog.es\/geologosdelmundo\/index.php\/wp-json\/wp\/v2\/pages\/150\/revisions\/1784"}],"wp:attachment":[{"href":"https:\/\/www.icog.es\/geologosdelmundo\/index.php\/wp-json\/wp\/v2\/media?parent=150"}],"curies":[{"name":"wp","href":"https:\/\/api.w.org\/{rel}","templated":true}]}}