{"id":1499,"date":"2020-10-06T12:17:57","date_gmt":"2020-10-06T12:17:57","guid":{"rendered":"https:\/\/www.icog.es\/geologosdelmundo\/?page_id=1499"},"modified":"2022-01-31T12:35:29","modified_gmt":"2022-01-31T10:35:29","slug":"politica-de-cookies","status":"publish","type":"page","link":"https:\/\/www.icog.es\/geologosdelmundo\/index.php\/politica-de-cookies\/","title":{"rendered":"Pol\u00edtica de cookies"},"content":{"rendered":"\n<p>ANTECEDENTES<br>De conformidad con la normativa espa\u00f1ola que regula el uso de cookies en relaci\u00f3n a la prestaci\u00f3n de servicios de comunicaci\u00f3n electr\u00f3nicas, recogida en el Real Decreto Ley 13\/2012 del 30 de marzo, le informaremos sobre las cookies utilizadas en el sitio web de GM y el motivo de su uso. Asimismo, le informa de que al navegar en el sitio web usted est\u00e1 prestando su consentimiento para poder utilizarlas.<br>\u00bfQU\u00c9 SON LAS COOKIES?<br>Una cookie es un fichero que se descarga en su ordenador al acceder a determinadas p\u00e1ginas web. Las Cookies permiten a una p\u00e1gina web, entre otras cosas, almacenar y recuperar informaci\u00f3n sobre los h\u00e1bitos de navegaci\u00f3n de un usuario o de su equipo y, dependiendo de la informaci\u00f3n que contengan y de la forma en que utilice su equipo, pueden utilizarse para reconocer al usuario. Las Cookies se asocian \u00fanicamente a un usuario an\u00f3nimo y su ordenador o dispositivo, y no proporciona referencias que perimtan conocer sus datos personales.<br>TIPOS DE COOKIES<br>Cookies propias: Son aquellas que se env\u00edan al equipo terminal del usuario desde un equipo o dominio gestionado por el equipo editor y desde el que se presta el servicio solicitado por el usuario.<br>Cookies de terceros: Son aquellas que se env\u00edan al equipo terminal del usuario desde un equipo o dominio que no es gestionado por el editor, sino por otra entidad que trata los datos obtenidos.<br>Cookies de sesi\u00f3n: Son un tipo de cookies dise\u00f1adas para recabar y almacenar datos mientras el usuario accede a una p\u00e1gina web.<br>Cookies persistentes: Son un tipo de cookies en el que los datos siguen almacenados en el terminal y pueden ser accedidos y tratados durante un periodo definido por el responsable de la cookie, y que puede ir de unos minutos a varios a\u00f1os.<br>Cookies de an\u00e1lisis: Son aquellas que bien tratadas por nosotros o por terceros, nos permiten cuantificar el n\u00famero de usuarios y as\u00ed realizar la medici\u00f3n y el an\u00e1lisis estad\u00edstico de la utilizaci\u00f3n que hacen los usuarios del servicio ofertado. Para ello se<br>Ejemplo de Pol\u00edtica de Cookies para Ge\u00f3logos del Mundo<br>analiza su navegaci\u00f3n en nuestra p\u00e1gina web con el fin de mejorar la oferta de productos o servicios que le ofrecemos.<br>Cookies publicitarias: Son aquellas que permiten la gesti\u00f3n, de la forma m\u00e1s eficaz posible, de los espacios publicitarios que, en su caso, el editor haya incluido en una p\u00e1gina web, aplicaci\u00f3n o plataforma desde la que presta el servicio solicitado en base a criterios como el contenido editado o la frecuencia en la que se muestran los anuncios.<br>Cookies de publicidad comportamental: Son aquellas que permiten la gesti\u00f3n, de la forma m\u00e1s eficaz posible, de los espacios publicitarios que, en su caso, el editor haya incluido en una p\u00e1gina web, aplicaci\u00f3n o plataforma desde la que presta el servicio solicitado. Estas cookies almacenan informaci\u00f3n del comportamiento de los usuarios obtenida a trav\u00e9s de la observaci\u00f3n continuada de sus h\u00e1bitos de navegaci\u00f3n, lo que permite desarrollar el perfil espec\u00edfico para mostrar publicidad en funci\u00f3n del mismo. Asimismo es posible que al visitar alguna p\u00e1gina o al abrir alg\u00fan email donde se publique alg\u00fan anuncio o alguna promoci\u00f3n sobre nuestros productos o servicios se instale en tu navegador alguna cookie que nos sirve para mostrarte posteriormente publicidad relacionada con la b\u00fasqueda que hayas realizado, desarrollar un control de nuestros anuncios en relaci\u00f3n, por ejemplo, con el n\u00famero de veces que son vistos, donde aparecen, a qu\u00e9 hora se ven, etc.<br>TIPOS DE COOKIES UTILIZADAS POR ESTE SITIO WEB<br>Las cookies utilizadas en nuestro sitio web, son de terceros, de sesi\u00f3n, de an\u00e1lisis y publicitarias, y nos permiten almacenar y acceder a informaci\u00f3n relativa al idioma, el tipo de navegador utilizado, y otras caracter\u00edsticas generales predefinidas por el usuario, as\u00ed como seguir y analizar la actividad que lleva a cabo, con el objeto de introducir mejoras y prestar nuestros servicios de una manera m\u00e1s eficiente y personalizada.<br>La utilizaci\u00f3n de las cookies ofrece ventajas en la prestaci\u00f3n de servicios dentro de lo que se conoce como la sociedad de la informaci\u00f3n, puesto que, facilita al usuario la navegaci\u00f3n y el acceso a los diferentes servicios que ofrece este sitio web; evita al usuario tener que configurar las caracter\u00edsticas generales predefinidas cada vez que accede al sitio web; favorece la mejora del funcionamiento y de los servicios prestados a trav\u00e9s de este sitio web, tras al correspondiente an\u00e1lisis de la informaci\u00f3n obtenida a trav\u00e9s de las cookies instaladas.<br>Ejemplo de Pol\u00edtica de Cookies para Ge\u00f3logos del Mundo<br>El detalle de las cookies es el siguiente:<br>\uf0fc Google Analitycs 1P_JAR: transfiere datos a Google. Tiene una permanencia de 1 semana.<br>\uf0fc Google Analitycs _ga: se usa para distinguir a los usuarios. Tiene una permanencia de dos a\u00f1os.<br>\uf0fc Google Analitycs _gid: Google Analytics utiliza esta cookie para almacenar y actualizar un valor \u00fanico para cada p\u00e1gina visitada. La cookie se actualiza cada vez que env\u00eda los datos a Google Analytics.<br>\uf0fc Google Analitycs OGP y OGPC: se usa para almacenar datos de variables personalizadas de visitante. Esta cookie se crea cuando un programador usa el m\u00e9todo _setCustomVar con una variable personalizada de visitante. Esta cookie tambi\u00e9n se usaba para el m\u00e9todo _setVar desactivado. La cookie se actualiza cada vez que los datos de tiempo se env\u00edan a Google Analytics.<br>\uf0fc Google NID: el navegador env\u00eda esta cookie con solicitudes a los sitios de Google. Esta cookie contiene una ID \u00fanica que Google utiliza para recordar tus preferencias y otros datos, como tu preferencia de idioma, la cantidad de resultados de la b\u00fasqueda que deseas que se muestren por p\u00e1gina y si deseas o no activar el filtro SafeSearch de Google.<br>\uf0fc Google ANID: tambi\u00e9n usamos esta cookie para los anuncios que se muestren en toda la web. Se almacena en google.com.<br>\uf0fc Google Consent: cookie de Google que permite personalizar como se ven anuncios fuera de Google o almacenar informaci\u00f3n como el idioma preferido a la hora que mostrar resultados de b\u00fasqueda.<br>\uf0fc Cookies SID, HSID, SIDV y SIDCC: contiene registros firmados digitalmente y cifrados del ID de la cuenta de un usuario y la hora de acceso m\u00e1s reciente. La combinaci\u00f3n de estas cookies nos permite bloquear muchos tipos de ataques, como los intentos de robar contenido de los formularios que completas en las p\u00e1ginas webs.<br>\uf0fc Cookies APISID, SAPISID y SSID: al crear o iniciar sesi\u00f3n en la web de Ge\u00f3logos del Mundo estas cookies se almacenan en su ordenador con el fin de<br>Ejemplo de Pol\u00edtica de Cookies para Ge\u00f3logos del Mundo<br>permanecer conectado a su cuenta al visitar sus servicios de nuevo. Mientras permanezca con esta sesi\u00f3n activa y use complementos en otros sitios web como el nuestro, se har\u00e1 uso de estas cookies para mejorar su experiencia de uso.<br>REVOCACI\u00d3N Y ELIMINACI\u00d3N DE COOKIES<br>En todo momento podr\u00e1 acceder a la configuraci\u00f3n de su navegador aceptando o rechazando todas las cookies, o bien seleccionar aquellas cuya instalaci\u00f3n admite y cu\u00e1les no, siguiendo uno de los siguientes procedimientos, que depende del navegador que utilice:<br>Firefox<br>https:\/\/support.mozilla.org\/es\/kb\/habilitar-y-deshabilitar-cookies-sitios-web-rastrear-preferencias?redirectlocale=es&amp;redirectslug=habilitar-y-deshabilitar-cookies-que-los-sitios-we<br>Chrome<br>https:\/\/support.google.com\/chrome\/answer\/95647?hl=es<br>Explorer<br>https:\/\/support.microsoft.com\/es-es\/hub\/4338813\/windows-help?os=windows-10<br>Safari<br>https:\/\/support.apple.com\/kb\/ph5042?locale=es_ES<br>Opera<br>https:\/\/help.opera.com\/es\/Windows\/11.50\/es-ES\/cookies.html<br>Otros navegadores<br>Consulte la documentaci\u00f3n del navegador instalado.<br>TERCEROS PRESTADORES DE SERVICIOS<br>En concreto los terceros prestadores de servicios con los que hemos contratado alg\u00fan servicio para el que es necesario la utilizaci\u00f3n de cookies son:<br>Google Inc. (https:\/\/policies.google.com\/privacy?hl=es&amp;gl=es), con la finalidad del an\u00e1lisis estad\u00edstico del sitio web de contabilizaci\u00f3n de visitantes, p\u00e1ginas visitadas, palabras clave y similares.<\/p>\n","protected":false},"excerpt":{"rendered":"<p>ANTECEDENTESDe conformidad con la normativa espa\u00f1ola que regula el uso de cookies en relaci\u00f3n a la prestaci\u00f3n de servicios de comunicaci\u00f3n electr\u00f3nicas, recogida en el Real Decreto Ley 13\/2012 del 30 de marzo, le informaremos sobre las cookies utilizadas en el sitio web de GM y el motivo de su uso. Asimismo, le informa de<\/p>\n","protected":false},"author":2,"featured_media":0,"parent":0,"menu_order":0,"comment_status":"closed","ping_status":"closed","template":"","meta":{"footnotes":""},"yoast_head":"<!-- This site is optimized with the Yoast SEO plugin v23.5 - https:\/\/yoast.com\/wordpress\/plugins\/seo\/ -->\r\n<title>Pol\u00edtica de cookies - Ge\u00f3logos del Mundo<\/title>\r\n<meta name=\"robots\" content=\"index, follow, max-snippet:-1, max-image-preview:large, max-video-preview:-1\" \/>\r\n<link rel=\"canonical\" href=\"https:\/\/www.icog.es\/geologosdelmundo\/index.php\/politica-de-cookies\/\" \/>\r\n<meta property=\"og:locale\" content=\"es_ES\" \/>\r\n<meta property=\"og:type\" content=\"article\" \/>\r\n<meta property=\"og:title\" content=\"Pol\u00edtica de cookies - Ge\u00f3logos del Mundo\" \/>\r\n<meta property=\"og:description\" content=\"ANTECEDENTESDe conformidad con la normativa espa\u00f1ola que regula el uso de cookies en relaci\u00f3n a la prestaci\u00f3n de servicios de comunicaci\u00f3n electr\u00f3nicas, recogida en el Real Decreto Ley 13\/2012 del 30 de marzo, le informaremos sobre las cookies utilizadas en el sitio web de GM y el motivo de su uso. Asimismo, le informa de\" \/>\r\n<meta property=\"og:url\" content=\"https:\/\/www.icog.es\/geologosdelmundo\/index.php\/politica-de-cookies\/\" \/>\r\n<meta property=\"og:site_name\" content=\"Ge\u00f3logos del Mundo\" \/>\r\n<meta property=\"article:publisher\" content=\"https:\/\/www.facebook.com\/geologosdelmundo.worldgeologists\" \/>\r\n<meta property=\"article:modified_time\" content=\"2022-01-31T10:35:29+00:00\" \/>\r\n<meta name=\"twitter:card\" content=\"summary_large_image\" \/>\r\n<meta name=\"twitter:site\" content=\"@Geologos_Mundo\" \/>\r\n<meta name=\"twitter:label1\" content=\"Tiempo de lectura\" \/>\n\t<meta name=\"twitter:data1\" content=\"6 minutos\" \/>\r\n<script type=\"application\/ld+json\" class=\"yoast-schema-graph\">{\"@context\":\"https:\/\/schema.org\",\"@graph\":[{\"@type\":\"WebPage\",\"@id\":\"https:\/\/www.icog.es\/geologosdelmundo\/index.php\/politica-de-cookies\/\",\"url\":\"https:\/\/www.icog.es\/geologosdelmundo\/index.php\/politica-de-cookies\/\",\"name\":\"Pol\u00edtica de cookies - Ge\u00f3logos del Mundo\",\"isPartOf\":{\"@id\":\"https:\/\/www.icog.es\/geologosdelmundo\/#website\"},\"datePublished\":\"2020-10-06T12:17:57+00:00\",\"dateModified\":\"2022-01-31T10:35:29+00:00\",\"breadcrumb\":{\"@id\":\"https:\/\/www.icog.es\/geologosdelmundo\/index.php\/politica-de-cookies\/#breadcrumb\"},\"inLanguage\":\"es\",\"potentialAction\":[{\"@type\":\"ReadAction\",\"target\":[\"https:\/\/www.icog.es\/geologosdelmundo\/index.php\/politica-de-cookies\/\"]}]},{\"@type\":\"BreadcrumbList\",\"@id\":\"https:\/\/www.icog.es\/geologosdelmundo\/index.php\/politica-de-cookies\/#breadcrumb\",\"itemListElement\":[{\"@type\":\"ListItem\",\"position\":1,\"name\":\"Portada\",\"item\":\"https:\/\/www.icog.es\/geologosdelmundo\/\"},{\"@type\":\"ListItem\",\"position\":2,\"name\":\"Pol\u00edtica de cookies\"}]},{\"@type\":\"WebSite\",\"@id\":\"https:\/\/www.icog.es\/geologosdelmundo\/#website\",\"url\":\"https:\/\/www.icog.es\/geologosdelmundo\/\",\"name\":\"Ge\u00f3logos del Mundo\",\"description\":\"La ONG Ge\u00f3logos del Mundo es una organizaci\u00f3n no gubernamental sin \u00e1nimo de lucro, creada en Espa\u00f1a el a\u00f1o 1999.\",\"potentialAction\":[{\"@type\":\"SearchAction\",\"target\":{\"@type\":\"EntryPoint\",\"urlTemplate\":\"https:\/\/www.icog.es\/geologosdelmundo\/?s={search_term_string}\"},\"query-input\":{\"@type\":\"PropertyValueSpecification\",\"valueRequired\":true,\"valueName\":\"search_term_string\"}}],\"inLanguage\":\"es\"}]}<\/script>\r\n<!-- \/ Yoast SEO plugin. -->","yoast_head_json":{"title":"Pol\u00edtica de cookies - Ge\u00f3logos del Mundo","robots":{"index":"index","follow":"follow","max-snippet":"max-snippet:-1","max-image-preview":"max-image-preview:large","max-video-preview":"max-video-preview:-1"},"canonical":"https:\/\/www.icog.es\/geologosdelmundo\/index.php\/politica-de-cookies\/","og_locale":"es_ES","og_type":"article","og_title":"Pol\u00edtica de cookies - Ge\u00f3logos del Mundo","og_description":"ANTECEDENTESDe conformidad con la normativa espa\u00f1ola que regula el uso de cookies en relaci\u00f3n a la prestaci\u00f3n de servicios de comunicaci\u00f3n electr\u00f3nicas, recogida en el Real Decreto Ley 13\/2012 del 30 de marzo, le informaremos sobre las cookies utilizadas en el sitio web de GM y el motivo de su uso. Asimismo, le informa de","og_url":"https:\/\/www.icog.es\/geologosdelmundo\/index.php\/politica-de-cookies\/","og_site_name":"Ge\u00f3logos del Mundo","article_publisher":"https:\/\/www.facebook.com\/geologosdelmundo.worldgeologists","article_modified_time":"2022-01-31T10:35:29+00:00","twitter_card":"summary_large_image","twitter_site":"@Geologos_Mundo","twitter_misc":{"Tiempo de lectura":"6 minutos"},"schema":{"@context":"https:\/\/schema.org","@graph":[{"@type":"WebPage","@id":"https:\/\/www.icog.es\/geologosdelmundo\/index.php\/politica-de-cookies\/","url":"https:\/\/www.icog.es\/geologosdelmundo\/index.php\/politica-de-cookies\/","name":"Pol\u00edtica de cookies - Ge\u00f3logos del Mundo","isPartOf":{"@id":"https:\/\/www.icog.es\/geologosdelmundo\/#website"},"datePublished":"2020-10-06T12:17:57+00:00","dateModified":"2022-01-31T10:35:29+00:00","breadcrumb":{"@id":"https:\/\/www.icog.es\/geologosdelmundo\/index.php\/politica-de-cookies\/#breadcrumb"},"inLanguage":"es","potentialAction":[{"@type":"ReadAction","target":["https:\/\/www.icog.es\/geologosdelmundo\/index.php\/politica-de-cookies\/"]}]},{"@type":"BreadcrumbList","@id":"https:\/\/www.icog.es\/geologosdelmundo\/index.php\/politica-de-cookies\/#breadcrumb","itemListElement":[{"@type":"ListItem","position":1,"name":"Portada","item":"https:\/\/www.icog.es\/geologosdelmundo\/"},{"@type":"ListItem","position":2,"name":"Pol\u00edtica de cookies"}]},{"@type":"WebSite","@id":"https:\/\/www.icog.es\/geologosdelmundo\/#website","url":"https:\/\/www.icog.es\/geologosdelmundo\/","name":"Ge\u00f3logos del Mundo","description":"La ONG Ge\u00f3logos del Mundo es una organizaci\u00f3n no gubernamental sin \u00e1nimo de lucro, creada en Espa\u00f1a el a\u00f1o 1999.","potentialAction":[{"@type":"SearchAction","target":{"@type":"EntryPoint","urlTemplate":"https:\/\/www.icog.es\/geologosdelmundo\/?s={search_term_string}"},"query-input":{"@type":"PropertyValueSpecification","valueRequired":true,"valueName":"search_term_string"}}],"inLanguage":"es"}]}},"_links":{"self":[{"href":"https:\/\/www.icog.es\/geologosdelmundo\/index.php\/wp-json\/wp\/v2\/pages\/1499"}],"collection":[{"href":"https:\/\/www.icog.es\/geologosdelmundo\/index.php\/wp-json\/wp\/v2\/pages"}],"about":[{"href":"https:\/\/www.icog.es\/geologosdelmundo\/index.php\/wp-json\/wp\/v2\/types\/page"}],"author":[{"embeddable":true,"href":"https:\/\/www.icog.es\/geologosdelmundo\/index.php\/wp-json\/wp\/v2\/users\/2"}],"replies":[{"embeddable":true,"href":"https:\/\/www.icog.es\/geologosdelmundo\/index.php\/wp-json\/wp\/v2\/comments?post=1499"}],"version-history":[{"count":1,"href":"https:\/\/www.icog.es\/geologosdelmundo\/index.php\/wp-json\/wp\/v2\/pages\/1499\/revisions"}],"predecessor-version":[{"id":1500,"href":"https:\/\/www.icog.es\/geologosdelmundo\/index.php\/wp-json\/wp\/v2\/pages\/1499\/revisions\/1500"}],"wp:attachment":[{"href":"https:\/\/www.icog.es\/geologosdelmundo\/index.php\/wp-json\/wp\/v2\/media?parent=1499"}],"curies":[{"name":"wp","href":"https:\/\/api.w.org\/{rel}","templated":true}]}}