{"id":1493,"date":"2020-10-06T12:09:50","date_gmt":"2020-10-06T12:09:50","guid":{"rendered":"https:\/\/www.icog.es\/geologosdelmundo\/?page_id=1493"},"modified":"2022-01-31T12:39:41","modified_gmt":"2022-01-31T10:39:41","slug":"politica-de-privacidad","status":"publish","type":"page","link":"https:\/\/www.icog.es\/geologosdelmundo\/index.php\/politica-de-privacidad\/","title":{"rendered":"Pol\u00edtica de privacidad"},"content":{"rendered":"\n<p>La Junta Directiva de Ge\u00f3logos del Mundo, en adelante GM, tiene la firme decisi\u00f3n de garantizar el cumplimiento de la legislaci\u00f3n en materia de protecci\u00f3n de datos y de esta forma, velar por los derechos legales y gestionar adecuadamente los datos personales.<br>Para ello, GM ha adoptado el principio de \u201cresponsabilidad proactiva\u201d, dot\u00e1ndose de un sistema de gesti\u00f3n que garantiza:<\/p>\n\n\n\n<ol><li>Garantizar la licitud de datos, estableciendo una finalidad adecuada con los procesos para los que son recogidos, con el fin de dar cumplimiento a los l\u00edticos objetivos de GM.<\/li><li>Recoger los datos estrictamente necesarios, informando a los interesados seg\u00fan se establece en la legislaci\u00f3n. Dependiendo del m\u00e9todo de recogida, los datos que se recoger\u00e1n a trav\u00e9s de los formularios correspondientes, solo contendr\u00e1n los campos imprescindibles para poder efectuar su tratamiento de acuerdo a la finalidad informada al titular de los datos.<\/li><li>Garantizar el ejercicio de los derechos legales de los interesados.<\/li><li>Garantizar la confidencialidad de los datos personales en todo el proceso de tratamiento y el cumplimiento de la obligaci\u00f3n de secreto con respecto a los datos de car\u00e1cter personal.<br>Como parte de este sistema, ponemos a su disposici\u00f3n los elementos comunes para todos los tratamientos sobre los datos personales que se traten en GM, en calidad de Responsable del Tratamiento:<br>\u00bfQui\u00e9n es el Responsable del Tratamiento de tus datos?<br>GE\u00d3LOGOS DEL MUNDO (en lo sucesivo GM)<br>CIF: G82254285<br>Direcci\u00f3n: C\/Raquel Meller, 7 Local, Madrid 28027<br>Contacto: Quien sea<br>\u00bfQu\u00e9 medidas ha tomado GM para garantizar la seguridad de tus datos?<br>Des de GM, se han tomado las siguientes medidas para garantizar el respeto de la protecci\u00f3n de datos desde el origen:<br>\uf0b7 Fijar unos principios de seguridad apropiados.<br>\uf0b7 Revisar los requisitos de documentaci\u00f3n necesarios para cumplir con el Reglamento.<br>Ejemplo de Pol\u00edtica de Privacidad para Ge\u00f3logos del Mundo<br>\uf0b7 Aplicar el enfoque basado en el riesgo, analizando y evaluando los riesgos hacia las personas inherentes a los tratamientos de datos que lleva a cabo el ICOG.<br>\uf0b7 Asegurar la implementaci\u00f3n y el mantenimiento de suficientes medidas t\u00e9cnicas y organizativas de protecci\u00f3n de datos personales en su propia organizaci\u00f3n, instalaciones y sistemas de informaci\u00f3n, de conformidad con la normativa vigente en cada momento, derivadas de los an\u00e1lisis de riesgos, a fin de garantizar la confidencialidad en el almacenamiento y tratamiento de los datos personales, as\u00ed como evitar los accesos por parte de terceros no autorizados, y su alteraci\u00f3n, perdida o tratamiento no autorizado.<br>\uf0b7 Asegurar que la divulgaci\u00f3n o transmisi\u00f3n de los datos personales descritos para cada tratamiento de datos personales o cualquier tercero est\u00e1n sujetas a las pol\u00edticas de GM, que habr\u00e1 que garantizar un nivel adecuado de protecci\u00f3n de datos seg\u00fan los acuerdos o cualquier otro medio exigido por la ley.<br>\u00bfC\u00f3mo hemos obtenido tus datos?<br>Dos v\u00edas:<\/li><li>Obtenci\u00f3n del propio interesado\/titular de los datos<\/li><li>Obtenci\u00f3n de terceros<br>En el primer caso, cuando nos facilitas tus datos personales, garantizas que est\u00e1s habilitado para facilitar esta informaci\u00f3n y que esta es cierta, veraz, exacta y actualizada, que no es confidencial, que no viola ninguna restricci\u00f3n contractual o derechos de terceros y te comprometes a no suplantar a otros usuarios utilizando sus datos de registro a los distintos servicios y\/o contenidos del sitio web.<br>Tienes la responsabilidad de mantener tus datos correctos y actualizados, y de comunicar cualquier modificaci\u00f3n que afecte a los mismos. En consecuencia, GM se exonera de cualquier responsabilidad derivada del incumplimiento por el titular de los datos de esta garant\u00eda, respondiendo el titular de los datos frente a GM y terceros de cualesquiera da\u00f1os y perjuicios ocasionados como consecuencia del incumplimiento de las obligaciones asumidas en esta cl\u00e1usula.<br>En el segundo caso, que no sea propio interesado sino un tercero el que nos facilite datos de aqu\u00e9l (por ejemplo, entidades p\u00fablicas o privadas o colaboradoras con las que lleguemos a acuerdos o convenios de colaboraci\u00f3n), es el tercero el que garantiza expresamente que dispone de la autorizaci\u00f3n del interesado para dicha aportaci\u00f3n, exoner\u00e1ndonos de cualquier responsabilidad en caso de cualquier reclamaci\u00f3n por el<br>Ejemplo de Pol\u00edtica de Privacidad para Ge\u00f3logos del Mundo<br>interesado, responsabilidad que asume \u00fanica y exclusivamente quien nos ha comunicado los datos en nombres o inter\u00e9s de \u00e9ste.<br>\u00bfDurante cu\u00e1nto tiempo conservaremos sus datos?<br>Como regla general, los datos se mantendr\u00e1n durante el tiempo que es necesario para cumplir con la finalidad para la que se recabaron y para determinar las posibles responsabilidades que se pudieran derivar de dicha finalidad y del tratamiento de los datos. En particular, GM te informar\u00e1, en el momento de la recogida de los datos, del plazo o el criterio de conservaci\u00f3n de los datos para cada tratamiento.<br>Esta informaci\u00f3n deber\u00e1 facilitarse en las cl\u00e1usulas de protecci\u00f3n de datos que se utilicen en los diferentes canales de recogida de datos utilizados para GM.<br>\u00bfA qu\u00e9 terceros cedemos tus datos?<br>Te informamos que los datos que nos proporcionas podr\u00e1n ser comunicados a terceras entidades para el cumplimiento de fines directamente relacionados con funciones leg\u00edtimas de GM o del tercero, y por obligaciones legales. En el momento de la recogida de los datos, se informar\u00e1n de los destinatarios de los datos as\u00ed como de la existencia o no de transferencias internacionales de datos para cada tratamiento de forma particularizada.<br>\u00bfCu\u00e1les son tus derechos cuando nos facilites tus datos?<br>El titular de los datos tiene reconocidos, en cualquier momento, los siguientes derechos, cuando resulte legalmente procedente:<\/li><li>De acceso: derecho a conocer qu\u00e9 datos personales tiene GM registrados y el tratamiento que se les aplica. Tambi\u00e9n tiene derecho a obtener una copia de los datos personales objeto del tratamiento.<\/li><li>Rectificaci\u00f3n: solicitar una rectificaci\u00f3n o actualizaci\u00f3n de los datos personales que tenga GM en su poder, si son inexactos, err\u00f3neos o incompletos.<\/li><li>Supresi\u00f3n: solicitar su supresi\u00f3n cuando haya desaparecido la finalidad del motiv\u00f3 el tratamiento o recogida, por tratamiento il\u00edcito de datos, por ejemplo, datos innecesarios, u obsoletos, retirada de tu consentimiento o por cumplimiento de una obligaci\u00f3n legal.<\/li><li>Oposici\u00f3n al tratamiento: en determinadas circunstancias y por motivos relacionados con su situaci\u00f3n particular, los titulares podr\u00e1n oponerse al tratamiento de sus datos (por ejemplo, cuando el tratamiento tenga por objeto el marketing directo). GM<br>Ejemplo de Pol\u00edtica de Privacidad para Ge\u00f3logos del Mundo<br>dejar\u00e1 de tratar los datos, salvo por motivos leg\u00edtimos imperiosos, o el ejercicio o defensa de posibles reclamaciones.<\/li><li>Portabilidad de los datos: en determinadas circunstancias, derecho a recibir los datos personales, que han proporcionado a GM, en un formato estructurado, el uso com\u00fan y legible por m\u00e1quina, as\u00ed como transmitirlos a otro Responsable de Tratamiento.<\/li><li>Limitaci\u00f3n del tratamiento: en determinadas circunstancias, los titulares podr\u00e1n solicitar la limitaci\u00f3n del tratamiento de sus datos (suspensi\u00f3n del tratamiento que en cada caso corresponda), en cuyo caso \u00fanicamente se conservar\u00e1 para el ejercicio o la defensa de reclamaciones.<\/li><li>Revocar el consentimiento: en cualquier momento, el titular de los datos puede retirar el consentimiento prestado en un tratamiento de datos personales.<br>Para ejercer todos estos derechos puedes dirigirte mediante la remisi\u00f3n de un escrito incluyendo en la misma la \u201cRef. Protecci\u00f3n de Datos\u201d, en el que se concrete la solicitud correspondiente y al que acompa\u00f1e fotocopia del DNI a:<br>GE\u00d3LOGOS DEL MUNDO, C\/RAQUEL MELLER, 27, 7 LOCAL, 28027 MADRID<br>geologosdelmundo@icog.es<br>De conformidad con la normativa aplicable, tambi\u00e9n tendr\u00e1 derecho a presentar una reclamaci\u00f3n ante la Agencia Espa\u00f1ola de Protecci\u00f3n de Datos, si lo considera necesario, especialmente cuando no haya obtenido satisfacci\u00f3n en el ejercicio de sus derechos, y la forma de ponerse en contacto con ella. Si deseas m\u00e1s informaci\u00f3n puedes visitar la p\u00e1gina web de la Agencia Espa\u00f1ola de Protecci\u00f3n de Datos, www.agpd.es<br>Uso del portal<br>El usuario asume la responsabilidad del uso del portal. Dicha responsabilidad se extiende al registro que fuese necesario para acceder a determinados servicios o contenidos. En dicho registro el usuario ser\u00e1 responsable de aportar informaci\u00f3n veraz e il\u00edcita.<br>El usuario se compromete a hacer un uso adecuado de los contenidos y servicios que GM ofrece a trav\u00e9s de su portal y con car\u00e1cter enunciativo pero no limitativo, a no emplearlos para:<br>\uf0b7 Incurrir en actividades il\u00edcitas, ilegales o contrarias a la buena fe y al orden p\u00fablico.<br>\uf0b7 Difundir contenidos o propaganda de car\u00e1cter racista, xen\u00f3fobo, de apolog\u00eda del terrorismo o atentatorio contra los derechos humanos.<br>Ejemplo de Pol\u00edtica de Privacidad para Ge\u00f3logos del Mundo<br>\uf0b7 Provocar da\u00f1os en los sistemas f\u00edsicos y l\u00f3gicos de la entidad, de sus proveedores o de terceras personas, introducir o difundir en la red virus inform\u00e1ticos o cualesquiera otros sistemas f\u00edsicos o l\u00f3gicos que sean susceptibles de provocar los da\u00f1os anteriormente mencionados.<br>\uf0b7 Intentar acceder y, en su caso, utilizar las cuentas de correo electr\u00f3nico de otros usuarios y modificar o manipular sus mensajes.<br>GM se reserva el derecho de retirar todos aquellos comentarios y aportaciones que vulneren el respeto a la dignidad de la persona, que sean discriminatorios, xen\u00f3fobos, racistas, que atenten contra la juventud o la infancia, el orden o la seguridad p\u00fablica o que a su juicio, no resultaran adecuados para su publicaci\u00f3n. En cualquier caso, la entidad no ser\u00e1 responsable de las opiniones vertidas por los usuarios a trav\u00e9s de los foros, chats u otras herramientas de participaci\u00f3n que pudieran contenerse en la web.<br>Asimismo, el usuario se obliga a no utilizar el dise\u00f1o y el c\u00f3digo fuente de las p\u00e1ginas del portal con una finalidad contraria a la ley, la moral ni el orden p\u00fablico.<br>Contenido de la web y enlaces (links)<br>GM se reserva el derecho a actualizar, modificar o eliminar la informaci\u00f3n contenida en sus p\u00e1ginas webs, pudiendo incluso limitar o no permitir el acceso a dicha informaci\u00f3n a dichos usuarios.<br>GM no asume responsabilidad alguna por la informaci\u00f3n contenida en p\u00e1ginas webs de terceros a las que pueda acceder por \u201clinks\u201d o enlaces desde cualquier p\u00e1gina web propiedad de GM.<br>La presencia de \u201clinks\u201d o enlaces en nuestra web tiene la finalidad meramente informativa y en ning\u00fan caso supone sugerencia, invitaci\u00f3n o reconocimiento sobre los mismos.<br>PROPIEDAD INTELECTUAL E INDUSTRIAL<br>Los derechos de propiedad intelectual del contenido de las p\u00e1ginas webs, su dise\u00f1o gr\u00e1fico y c\u00f3digos, son titularidad de GM y queda prohibida su reproducci\u00f3n, distribuci\u00f3n, comunicaci\u00f3n p\u00fablica, transformaci\u00f3n o cualquier otra actividad que se pueda realizar con contenidos de sus p\u00e1ginas webs, ni aun citando las fuentes, salvo por consentimiento escrito de GM.<br>Ejemplo de Pol\u00edtica de Privacidad para Ge\u00f3logos del Mundo<br>LEGISLACI\u00d3N<br>Con car\u00e1cter general, las relaciones entre GM con los usuarios de sus servicios telem\u00e1ticos, presentes en este sitio web, se encuentran sometidas a la legislaci\u00f3n y jurisdicciones espa\u00f1olas.<\/li><\/ol>\n","protected":false},"excerpt":{"rendered":"<p>La Junta Directiva de Ge\u00f3logos del Mundo, en adelante GM, tiene la firme decisi\u00f3n de garantizar el cumplimiento de la legislaci\u00f3n en materia de protecci\u00f3n de datos y de esta forma, velar por los derechos legales y gestionar adecuadamente los datos personales.Para ello, GM ha adoptado el principio de \u201cresponsabilidad proactiva\u201d, dot\u00e1ndose de un sistema<\/p>\n","protected":false},"author":2,"featured_media":0,"parent":0,"menu_order":0,"comment_status":"closed","ping_status":"closed","template":"","meta":{"footnotes":""},"yoast_head":"<!-- This site is optimized with the Yoast SEO plugin v23.5 - https:\/\/yoast.com\/wordpress\/plugins\/seo\/ -->\r\n<title>Pol\u00edtica de privacidad - Ge\u00f3logos del Mundo<\/title>\r\n<meta name=\"robots\" content=\"index, follow, max-snippet:-1, max-image-preview:large, max-video-preview:-1\" \/>\r\n<link rel=\"canonical\" href=\"https:\/\/www.icog.es\/geologosdelmundo\/index.php\/politica-de-privacidad\/\" \/>\r\n<meta property=\"og:locale\" content=\"es_ES\" \/>\r\n<meta property=\"og:type\" content=\"article\" \/>\r\n<meta property=\"og:title\" content=\"Pol\u00edtica de privacidad - Ge\u00f3logos del Mundo\" \/>\r\n<meta property=\"og:description\" content=\"La Junta Directiva de Ge\u00f3logos del Mundo, en adelante GM, tiene la firme decisi\u00f3n de garantizar el cumplimiento de la legislaci\u00f3n en materia de protecci\u00f3n de datos y de esta forma, velar por los derechos legales y gestionar adecuadamente los datos personales.Para ello, GM ha adoptado el principio de \u201cresponsabilidad proactiva\u201d, dot\u00e1ndose de un sistema\" \/>\r\n<meta property=\"og:url\" content=\"https:\/\/www.icog.es\/geologosdelmundo\/index.php\/politica-de-privacidad\/\" \/>\r\n<meta property=\"og:site_name\" content=\"Ge\u00f3logos del Mundo\" \/>\r\n<meta property=\"article:publisher\" content=\"https:\/\/www.facebook.com\/geologosdelmundo.worldgeologists\" \/>\r\n<meta property=\"article:modified_time\" content=\"2022-01-31T10:39:41+00:00\" \/>\r\n<meta name=\"twitter:card\" content=\"summary_large_image\" \/>\r\n<meta name=\"twitter:site\" content=\"@Geologos_Mundo\" \/>\r\n<meta name=\"twitter:label1\" content=\"Tiempo de lectura\" \/>\n\t<meta name=\"twitter:data1\" content=\"9 minutos\" \/>\r\n<script type=\"application\/ld+json\" class=\"yoast-schema-graph\">{\"@context\":\"https:\/\/schema.org\",\"@graph\":[{\"@type\":\"WebPage\",\"@id\":\"https:\/\/www.icog.es\/geologosdelmundo\/index.php\/politica-de-privacidad\/\",\"url\":\"https:\/\/www.icog.es\/geologosdelmundo\/index.php\/politica-de-privacidad\/\",\"name\":\"Pol\u00edtica de privacidad - Ge\u00f3logos del Mundo\",\"isPartOf\":{\"@id\":\"https:\/\/www.icog.es\/geologosdelmundo\/#website\"},\"datePublished\":\"2020-10-06T12:09:50+00:00\",\"dateModified\":\"2022-01-31T10:39:41+00:00\",\"breadcrumb\":{\"@id\":\"https:\/\/www.icog.es\/geologosdelmundo\/index.php\/politica-de-privacidad\/#breadcrumb\"},\"inLanguage\":\"es\",\"potentialAction\":[{\"@type\":\"ReadAction\",\"target\":[\"https:\/\/www.icog.es\/geologosdelmundo\/index.php\/politica-de-privacidad\/\"]}]},{\"@type\":\"BreadcrumbList\",\"@id\":\"https:\/\/www.icog.es\/geologosdelmundo\/index.php\/politica-de-privacidad\/#breadcrumb\",\"itemListElement\":[{\"@type\":\"ListItem\",\"position\":1,\"name\":\"Portada\",\"item\":\"https:\/\/www.icog.es\/geologosdelmundo\/\"},{\"@type\":\"ListItem\",\"position\":2,\"name\":\"Pol\u00edtica de privacidad\"}]},{\"@type\":\"WebSite\",\"@id\":\"https:\/\/www.icog.es\/geologosdelmundo\/#website\",\"url\":\"https:\/\/www.icog.es\/geologosdelmundo\/\",\"name\":\"Ge\u00f3logos del Mundo\",\"description\":\"La ONG Ge\u00f3logos del Mundo es una organizaci\u00f3n no gubernamental sin \u00e1nimo de lucro, creada en Espa\u00f1a el a\u00f1o 1999.\",\"potentialAction\":[{\"@type\":\"SearchAction\",\"target\":{\"@type\":\"EntryPoint\",\"urlTemplate\":\"https:\/\/www.icog.es\/geologosdelmundo\/?s={search_term_string}\"},\"query-input\":{\"@type\":\"PropertyValueSpecification\",\"valueRequired\":true,\"valueName\":\"search_term_string\"}}],\"inLanguage\":\"es\"}]}<\/script>\r\n<!-- \/ Yoast SEO plugin. -->","yoast_head_json":{"title":"Pol\u00edtica de privacidad - Ge\u00f3logos del Mundo","robots":{"index":"index","follow":"follow","max-snippet":"max-snippet:-1","max-image-preview":"max-image-preview:large","max-video-preview":"max-video-preview:-1"},"canonical":"https:\/\/www.icog.es\/geologosdelmundo\/index.php\/politica-de-privacidad\/","og_locale":"es_ES","og_type":"article","og_title":"Pol\u00edtica de privacidad - Ge\u00f3logos del Mundo","og_description":"La Junta Directiva de Ge\u00f3logos del Mundo, en adelante GM, tiene la firme decisi\u00f3n de garantizar el cumplimiento de la legislaci\u00f3n en materia de protecci\u00f3n de datos y de esta forma, velar por los derechos legales y gestionar adecuadamente los datos personales.Para ello, GM ha adoptado el principio de \u201cresponsabilidad proactiva\u201d, dot\u00e1ndose de un sistema","og_url":"https:\/\/www.icog.es\/geologosdelmundo\/index.php\/politica-de-privacidad\/","og_site_name":"Ge\u00f3logos del Mundo","article_publisher":"https:\/\/www.facebook.com\/geologosdelmundo.worldgeologists","article_modified_time":"2022-01-31T10:39:41+00:00","twitter_card":"summary_large_image","twitter_site":"@Geologos_Mundo","twitter_misc":{"Tiempo de lectura":"9 minutos"},"schema":{"@context":"https:\/\/schema.org","@graph":[{"@type":"WebPage","@id":"https:\/\/www.icog.es\/geologosdelmundo\/index.php\/politica-de-privacidad\/","url":"https:\/\/www.icog.es\/geologosdelmundo\/index.php\/politica-de-privacidad\/","name":"Pol\u00edtica de privacidad - Ge\u00f3logos del Mundo","isPartOf":{"@id":"https:\/\/www.icog.es\/geologosdelmundo\/#website"},"datePublished":"2020-10-06T12:09:50+00:00","dateModified":"2022-01-31T10:39:41+00:00","breadcrumb":{"@id":"https:\/\/www.icog.es\/geologosdelmundo\/index.php\/politica-de-privacidad\/#breadcrumb"},"inLanguage":"es","potentialAction":[{"@type":"ReadAction","target":["https:\/\/www.icog.es\/geologosdelmundo\/index.php\/politica-de-privacidad\/"]}]},{"@type":"BreadcrumbList","@id":"https:\/\/www.icog.es\/geologosdelmundo\/index.php\/politica-de-privacidad\/#breadcrumb","itemListElement":[{"@type":"ListItem","position":1,"name":"Portada","item":"https:\/\/www.icog.es\/geologosdelmundo\/"},{"@type":"ListItem","position":2,"name":"Pol\u00edtica de privacidad"}]},{"@type":"WebSite","@id":"https:\/\/www.icog.es\/geologosdelmundo\/#website","url":"https:\/\/www.icog.es\/geologosdelmundo\/","name":"Ge\u00f3logos del Mundo","description":"La ONG Ge\u00f3logos del Mundo es una organizaci\u00f3n no gubernamental sin \u00e1nimo de lucro, creada en Espa\u00f1a el a\u00f1o 1999.","potentialAction":[{"@type":"SearchAction","target":{"@type":"EntryPoint","urlTemplate":"https:\/\/www.icog.es\/geologosdelmundo\/?s={search_term_string}"},"query-input":{"@type":"PropertyValueSpecification","valueRequired":true,"valueName":"search_term_string"}}],"inLanguage":"es"}]}},"_links":{"self":[{"href":"https:\/\/www.icog.es\/geologosdelmundo\/index.php\/wp-json\/wp\/v2\/pages\/1493"}],"collection":[{"href":"https:\/\/www.icog.es\/geologosdelmundo\/index.php\/wp-json\/wp\/v2\/pages"}],"about":[{"href":"https:\/\/www.icog.es\/geologosdelmundo\/index.php\/wp-json\/wp\/v2\/types\/page"}],"author":[{"embeddable":true,"href":"https:\/\/www.icog.es\/geologosdelmundo\/index.php\/wp-json\/wp\/v2\/users\/2"}],"replies":[{"embeddable":true,"href":"https:\/\/www.icog.es\/geologosdelmundo\/index.php\/wp-json\/wp\/v2\/comments?post=1493"}],"version-history":[{"count":1,"href":"https:\/\/www.icog.es\/geologosdelmundo\/index.php\/wp-json\/wp\/v2\/pages\/1493\/revisions"}],"predecessor-version":[{"id":1494,"href":"https:\/\/www.icog.es\/geologosdelmundo\/index.php\/wp-json\/wp\/v2\/pages\/1493\/revisions\/1494"}],"wp:attachment":[{"href":"https:\/\/www.icog.es\/geologosdelmundo\/index.php\/wp-json\/wp\/v2\/media?parent=1493"}],"curies":[{"name":"wp","href":"https:\/\/api.w.org\/{rel}","templated":true}]}}