{"id":1425,"date":"2020-08-05T16:08:32","date_gmt":"2020-08-05T16:08:32","guid":{"rendered":"https:\/\/www.icog.es\/geologosdelmundo\/?page_id=1425"},"modified":"2023-05-29T15:34:12","modified_gmt":"2023-05-29T13:34:12","slug":"memoria-de-actividades-y-economica","status":"publish","type":"page","link":"https:\/\/www.icog.es\/geologosdelmundo\/index.php\/memoria-de-actividades-y-economica\/","title":{"rendered":"Memoria de actividades y econ\u00f3mica"},"content":{"rendered":"\n<figure class=\"wp-block-image size-large is-resized\"><img loading=\"lazy\" decoding=\"async\" src=\"https:\/\/www.icog.es\/geologosdelmundo\/wp-content\/uploads\/2023\/05\/Captura-de-pantalla-2023-05-29-152540-2-732x1024.jpg\" alt=\"\" class=\"wp-image-2537\" width=\"369\" height=\"516\" srcset=\"https:\/\/www.icog.es\/geologosdelmundo\/wp-content\/uploads\/2023\/05\/Captura-de-pantalla-2023-05-29-152540-2-732x1024.jpg 732w, https:\/\/www.icog.es\/geologosdelmundo\/wp-content\/uploads\/2023\/05\/Captura-de-pantalla-2023-05-29-152540-2-214x300.jpg 214w, https:\/\/www.icog.es\/geologosdelmundo\/wp-content\/uploads\/2023\/05\/Captura-de-pantalla-2023-05-29-152540-2-134x187.jpg 134w, https:\/\/www.icog.es\/geologosdelmundo\/wp-content\/uploads\/2023\/05\/Captura-de-pantalla-2023-05-29-152540-2.jpg 989w\" sizes=\"(max-width: 369px) 100vw, 369px\" \/><\/figure>\n\n\n\n<p class=\"has-text-align-left\"><a href=\"https:\/\/www.icog.es\/geologosdelmundo\/wp-content\/uploads\/2023\/05\/MEMORIA-2022.pdf\">Descargar Memoria 2022<\/a><\/p>\n\n\n\n<p> <\/p>\n\n\n\n<figure class=\"wp-block-image size-full\"><img loading=\"lazy\" decoding=\"async\" width=\"363\" height=\"493\" src=\"https:\/\/www.icog.es\/geologosdelmundo\/wp-content\/uploads\/2022\/07\/Portada_MEMORIA_2021_pw.jpg\" alt=\"\" class=\"wp-image-2250\" srcset=\"https:\/\/www.icog.es\/geologosdelmundo\/wp-content\/uploads\/2022\/07\/Portada_MEMORIA_2021_pw.jpg 363w, https:\/\/www.icog.es\/geologosdelmundo\/wp-content\/uploads\/2022\/07\/Portada_MEMORIA_2021_pw-221x300.jpg 221w, https:\/\/www.icog.es\/geologosdelmundo\/wp-content\/uploads\/2022\/07\/Portada_MEMORIA_2021_pw-138x187.jpg 138w\" sizes=\"(max-width: 363px) 100vw, 363px\" \/><figcaption class=\"wp-element-caption\"><a href=\"https:\/\/www.icog.es\/geologosdelmundo\/wp-content\/uploads\/2022\/08\/MEMORIA_2021.1_2022_08_01_cuentas_firmadas.pdf\">Descargar  Memoria 2021<\/a><\/figcaption><\/figure>\n\n\n\n<p><\/p>\n\n\n\n<figure class=\"wp-block-image size-large is-resized\"><img loading=\"lazy\" decoding=\"async\" src=\"https:\/\/www.icog.es\/geologosdelmundo\/wp-content\/uploads\/2021\/06\/portada_memoria_2020_pw.jpg\" alt=\"\" class=\"wp-image-1712\" width=\"363\" height=\"491\" srcset=\"https:\/\/www.icog.es\/geologosdelmundo\/wp-content\/uploads\/2021\/06\/portada_memoria_2020_pw-221x300.jpg 221w, https:\/\/www.icog.es\/geologosdelmundo\/wp-content\/uploads\/2021\/06\/portada_memoria_2020_pw-138x187.jpg 138w\" sizes=\"(max-width: 363px) 100vw, 363px\" \/><figcaption class=\"wp-element-caption\"><a href=\"https:\/\/www.icog.es\/geologosdelmundo\/wp-content\/uploads\/2021\/06\/MEMORIA_2020.3.pdf\">Descargar Memoria 2020<\/a><\/figcaption><\/figure>\n\n\n\n<p><\/p>\n\n\n\n<figure class=\"wp-block-image size-large is-resized\"><img loading=\"lazy\" decoding=\"async\" src=\"https:\/\/www.icog.es\/geologosdelmundo\/wp-content\/uploads\/2020\/09\/portada_memoriagm_2019-694x1024.jpg\" alt=\"\" class=\"wp-image-1463\" width=\"362\" height=\"512\"\/><figcaption class=\"wp-element-caption\">Descargar <a href=\"https:\/\/www.icog.es\/geologosdelmundo\/wp-content\/uploads\/2020\/09\/MEMORIA_2019_pw-1.pdf\">Memoria 2019<\/a><\/figcaption><\/figure>\n\n\n\n<p><\/p>\n\n\n\n<figure class=\"wp-block-image size-large is-resized\"><img loading=\"lazy\" decoding=\"async\" src=\"https:\/\/www.icog.es\/geologosdelmundo\/wp-content\/uploads\/2020\/08\/MEMORIA_final_2018-1-724x1024.jpg\" alt=\"\" class=\"wp-image-1423\" width=\"362\" height=\"512\"\/><figcaption class=\"wp-element-caption\">Descargar <a href=\"https:\/\/www.icog.es\/geologosdelmundo\/wp-content\/uploads\/2020\/08\/MEMORIA_final_2018.pdf\">Memoria 2018<\/a><br><br><\/figcaption><\/figure>\n\n\n\n<figure class=\"wp-block-image size-large is-resized\"><img loading=\"lazy\" decoding=\"async\" src=\"https:\/\/www.icog.es\/geologosdelmundo\/wp-content\/uploads\/2020\/08\/MEMORIA2_2017_final_2-1-724x1024.jpg\" alt=\"\" class=\"wp-image-1432\" width=\"362\" height=\"512\"\/><figcaption class=\"wp-element-caption\">Descargar <a href=\"https:\/\/www.icog.es\/geologosdelmundo\/wp-content\/uploads\/2019\/07\/MEMORIA2_2017_final.pdf\">Memoria 2017<\/a><br><br><\/figcaption><\/figure>\n\n\n\n<figure class=\"wp-block-image size-large is-resized\"><img loading=\"lazy\" decoding=\"async\" src=\"https:\/\/www.icog.es\/geologosdelmundo\/wp-content\/uploads\/2020\/08\/MEMORIA-GM-2011-2013-portada-724x1024.jpg\" alt=\"\" class=\"wp-image-1438\" width=\"362\" height=\"512\"\/><figcaption class=\"wp-element-caption\">Descargar <a href=\"https:\/\/www.icog.es\/geologosdelmundo\/wp-content\/uploads\/2020\/08\/MEMORIA-2011-2013_final-1.pdf\">Memoria 2011-2013<\/a><br><br><\/figcaption><\/figure>\n\n\n\n<figure class=\"wp-block-image size-large\"><img loading=\"lazy\" decoding=\"async\" width=\"362\" height=\"532\" src=\"https:\/\/www.icog.es\/geologosdelmundo\/wp-content\/uploads\/2020\/08\/memoria-GM-2008-2010_portada_2.jpg\" alt=\"\" class=\"wp-image-1444\" srcset=\"https:\/\/www.icog.es\/geologosdelmundo\/wp-content\/uploads\/2020\/08\/memoria-GM-2008-2010_portada_2.jpg 362w, https:\/\/www.icog.es\/geologosdelmundo\/wp-content\/uploads\/2020\/08\/memoria-GM-2008-2010_portada_2-204x300.jpg 204w, https:\/\/www.icog.es\/geologosdelmundo\/wp-content\/uploads\/2020\/08\/memoria-GM-2008-2010_portada_2-127x187.jpg 127w\" sizes=\"(max-width: 362px) 100vw, 362px\" \/><figcaption class=\"wp-element-caption\">Descargar <a href=\"https:\/\/www.icog.es\/geologosdelmundo\/wp-content\/uploads\/2020\/08\/memoria-GM-2008-2010_final.pdf\">Memoria 2008 -2010<\/a><br><br><br><\/figcaption><\/figure>\n\n\n\n<figure class=\"wp-block-image size-large\"><img loading=\"lazy\" decoding=\"async\" width=\"367\" height=\"519\" src=\"https:\/\/www.icog.es\/geologosdelmundo\/wp-content\/uploads\/2020\/08\/memoria-2006-2007_portada_pw.jpg\" alt=\"\" class=\"wp-image-1449\" srcset=\"https:\/\/www.icog.es\/geologosdelmundo\/wp-content\/uploads\/2020\/08\/memoria-2006-2007_portada_pw.jpg 367w, https:\/\/www.icog.es\/geologosdelmundo\/wp-content\/uploads\/2020\/08\/memoria-2006-2007_portada_pw-212x300.jpg 212w, https:\/\/www.icog.es\/geologosdelmundo\/wp-content\/uploads\/2020\/08\/memoria-2006-2007_portada_pw-132x187.jpg 132w\" sizes=\"(max-width: 367px) 100vw, 367px\" \/><figcaption class=\"wp-element-caption\">Descargar <a href=\"https:\/\/www.icog.es\/geologosdelmundo\/wp-content\/uploads\/2020\/08\/memoria-2006-2007_final-1.pdf\">Memoria 2006 &#8211; 2007<\/a><br><br><br><\/figcaption><\/figure>\n\n\n\n<figure class=\"wp-block-image size-large\"><img loading=\"lazy\" decoding=\"async\" width=\"362\" height=\"512\" src=\"https:\/\/www.icog.es\/geologosdelmundo\/wp-content\/uploads\/2020\/08\/Memoria20042005_final_portada_pw.jpg\" alt=\"\" class=\"wp-image-1452\" srcset=\"https:\/\/www.icog.es\/geologosdelmundo\/wp-content\/uploads\/2020\/08\/Memoria20042005_final_portada_pw.jpg 362w, https:\/\/www.icog.es\/geologosdelmundo\/wp-content\/uploads\/2020\/08\/Memoria20042005_final_portada_pw-212x300.jpg 212w, https:\/\/www.icog.es\/geologosdelmundo\/wp-content\/uploads\/2020\/08\/Memoria20042005_final_portada_pw-132x187.jpg 132w\" sizes=\"(max-width: 362px) 100vw, 362px\" \/><figcaption class=\"wp-element-caption\">Descargar <a href=\"https:\/\/www.icog.es\/geologosdelmundo\/wp-content\/uploads\/2020\/08\/Memoria20042005_final-1.pdf\">Memoria 2004 &#8211; 2005<\/a><br><br><br><\/figcaption><\/figure>\n\n\n\n<figure class=\"wp-block-image size-large\"><img loading=\"lazy\" decoding=\"async\" width=\"362\" height=\"509\" src=\"https:\/\/www.icog.es\/geologosdelmundo\/wp-content\/uploads\/2020\/08\/memoria_1999-2003_portada_pw.jpg\" alt=\"\" class=\"wp-image-1454\" srcset=\"https:\/\/www.icog.es\/geologosdelmundo\/wp-content\/uploads\/2020\/08\/memoria_1999-2003_portada_pw.jpg 362w, https:\/\/www.icog.es\/geologosdelmundo\/wp-content\/uploads\/2020\/08\/memoria_1999-2003_portada_pw-213x300.jpg 213w, https:\/\/www.icog.es\/geologosdelmundo\/wp-content\/uploads\/2020\/08\/memoria_1999-2003_portada_pw-133x187.jpg 133w\" sizes=\"(max-width: 362px) 100vw, 362px\" \/><figcaption class=\"wp-element-caption\">Descargar <a href=\"https:\/\/www.icog.es\/geologosdelmundo\/wp-content\/uploads\/2020\/08\/memoriagm9903.pdf\">Memoria 1999 -2003<\/a><\/figcaption><\/figure>\n","protected":false},"excerpt":{"rendered":"<p>Descargar Memoria 2022<\/p>\n","protected":false},"author":2,"featured_media":0,"parent":0,"menu_order":0,"comment_status":"closed","ping_status":"closed","template":"","meta":{"footnotes":""},"yoast_head":"<!-- This site is optimized with the Yoast SEO plugin v23.5 - https:\/\/yoast.com\/wordpress\/plugins\/seo\/ -->\r\n<title>Memoria de actividades y econ\u00f3mica - Ge\u00f3logos del Mundo<\/title>\r\n<meta name=\"robots\" content=\"index, follow, max-snippet:-1, max-image-preview:large, max-video-preview:-1\" \/>\r\n<link rel=\"canonical\" href=\"https:\/\/www.icog.es\/geologosdelmundo\/index.php\/memoria-de-actividades-y-economica\/\" \/>\r\n<meta property=\"og:locale\" content=\"es_ES\" \/>\r\n<meta property=\"og:type\" content=\"article\" \/>\r\n<meta property=\"og:title\" content=\"Memoria de actividades y econ\u00f3mica - Ge\u00f3logos del Mundo\" \/>\r\n<meta property=\"og:description\" content=\"Descargar Memoria 2022\" \/>\r\n<meta property=\"og:url\" content=\"https:\/\/www.icog.es\/geologosdelmundo\/index.php\/memoria-de-actividades-y-economica\/\" \/>\r\n<meta property=\"og:site_name\" content=\"Ge\u00f3logos del Mundo\" \/>\r\n<meta property=\"article:publisher\" content=\"https:\/\/www.facebook.com\/geologosdelmundo.worldgeologists\" \/>\r\n<meta property=\"article:modified_time\" content=\"2023-05-29T13:34:12+00:00\" \/>\r\n<meta property=\"og:image\" content=\"https:\/\/www.icog.es\/geologosdelmundo\/wp-content\/uploads\/2023\/05\/Captura-de-pantalla-2023-05-29-152540-2-732x1024.jpg\" \/>\r\n<meta name=\"twitter:card\" content=\"summary_large_image\" \/>\r\n<meta name=\"twitter:site\" content=\"@Geologos_Mundo\" \/>\r\n<meta name=\"twitter:label1\" content=\"Tiempo de lectura\" \/>\n\t<meta name=\"twitter:data1\" content=\"3 minutos\" \/>\r\n<script type=\"application\/ld+json\" class=\"yoast-schema-graph\">{\"@context\":\"https:\/\/schema.org\",\"@graph\":[{\"@type\":\"WebPage\",\"@id\":\"https:\/\/www.icog.es\/geologosdelmundo\/index.php\/memoria-de-actividades-y-economica\/\",\"url\":\"https:\/\/www.icog.es\/geologosdelmundo\/index.php\/memoria-de-actividades-y-economica\/\",\"name\":\"Memoria de actividades y econ\u00f3mica - Ge\u00f3logos del Mundo\",\"isPartOf\":{\"@id\":\"https:\/\/www.icog.es\/geologosdelmundo\/#website\"},\"primaryImageOfPage\":{\"@id\":\"https:\/\/www.icog.es\/geologosdelmundo\/index.php\/memoria-de-actividades-y-economica\/#primaryimage\"},\"image\":{\"@id\":\"https:\/\/www.icog.es\/geologosdelmundo\/index.php\/memoria-de-actividades-y-economica\/#primaryimage\"},\"thumbnailUrl\":\"https:\/\/www.icog.es\/geologosdelmundo\/wp-content\/uploads\/2023\/05\/Captura-de-pantalla-2023-05-29-152540-2-732x1024.jpg\",\"datePublished\":\"2020-08-05T16:08:32+00:00\",\"dateModified\":\"2023-05-29T13:34:12+00:00\",\"breadcrumb\":{\"@id\":\"https:\/\/www.icog.es\/geologosdelmundo\/index.php\/memoria-de-actividades-y-economica\/#breadcrumb\"},\"inLanguage\":\"es\",\"potentialAction\":[{\"@type\":\"ReadAction\",\"target\":[\"https:\/\/www.icog.es\/geologosdelmundo\/index.php\/memoria-de-actividades-y-economica\/\"]}]},{\"@type\":\"ImageObject\",\"inLanguage\":\"es\",\"@id\":\"https:\/\/www.icog.es\/geologosdelmundo\/index.php\/memoria-de-actividades-y-economica\/#primaryimage\",\"url\":\"https:\/\/www.icog.es\/geologosdelmundo\/wp-content\/uploads\/2023\/05\/Captura-de-pantalla-2023-05-29-152540-2.jpg\",\"contentUrl\":\"https:\/\/www.icog.es\/geologosdelmundo\/wp-content\/uploads\/2023\/05\/Captura-de-pantalla-2023-05-29-152540-2.jpg\",\"width\":989,\"height\":1384},{\"@type\":\"BreadcrumbList\",\"@id\":\"https:\/\/www.icog.es\/geologosdelmundo\/index.php\/memoria-de-actividades-y-economica\/#breadcrumb\",\"itemListElement\":[{\"@type\":\"ListItem\",\"position\":1,\"name\":\"Portada\",\"item\":\"https:\/\/www.icog.es\/geologosdelmundo\/\"},{\"@type\":\"ListItem\",\"position\":2,\"name\":\"Memoria de actividades y econ\u00f3mica\"}]},{\"@type\":\"WebSite\",\"@id\":\"https:\/\/www.icog.es\/geologosdelmundo\/#website\",\"url\":\"https:\/\/www.icog.es\/geologosdelmundo\/\",\"name\":\"Ge\u00f3logos del Mundo\",\"description\":\"La ONG Ge\u00f3logos del Mundo es una organizaci\u00f3n no gubernamental sin \u00e1nimo de lucro, creada en Espa\u00f1a el a\u00f1o 1999.\",\"potentialAction\":[{\"@type\":\"SearchAction\",\"target\":{\"@type\":\"EntryPoint\",\"urlTemplate\":\"https:\/\/www.icog.es\/geologosdelmundo\/?s={search_term_string}\"},\"query-input\":{\"@type\":\"PropertyValueSpecification\",\"valueRequired\":true,\"valueName\":\"search_term_string\"}}],\"inLanguage\":\"es\"}]}<\/script>\r\n<!-- \/ Yoast SEO plugin. -->","yoast_head_json":{"title":"Memoria de actividades y econ\u00f3mica - Ge\u00f3logos del Mundo","robots":{"index":"index","follow":"follow","max-snippet":"max-snippet:-1","max-image-preview":"max-image-preview:large","max-video-preview":"max-video-preview:-1"},"canonical":"https:\/\/www.icog.es\/geologosdelmundo\/index.php\/memoria-de-actividades-y-economica\/","og_locale":"es_ES","og_type":"article","og_title":"Memoria de actividades y econ\u00f3mica - Ge\u00f3logos del Mundo","og_description":"Descargar Memoria 2022","og_url":"https:\/\/www.icog.es\/geologosdelmundo\/index.php\/memoria-de-actividades-y-economica\/","og_site_name":"Ge\u00f3logos del Mundo","article_publisher":"https:\/\/www.facebook.com\/geologosdelmundo.worldgeologists","article_modified_time":"2023-05-29T13:34:12+00:00","og_image":[{"url":"https:\/\/www.icog.es\/geologosdelmundo\/wp-content\/uploads\/2023\/05\/Captura-de-pantalla-2023-05-29-152540-2-732x1024.jpg"}],"twitter_card":"summary_large_image","twitter_site":"@Geologos_Mundo","twitter_misc":{"Tiempo de lectura":"3 minutos"},"schema":{"@context":"https:\/\/schema.org","@graph":[{"@type":"WebPage","@id":"https:\/\/www.icog.es\/geologosdelmundo\/index.php\/memoria-de-actividades-y-economica\/","url":"https:\/\/www.icog.es\/geologosdelmundo\/index.php\/memoria-de-actividades-y-economica\/","name":"Memoria de actividades y econ\u00f3mica - Ge\u00f3logos del Mundo","isPartOf":{"@id":"https:\/\/www.icog.es\/geologosdelmundo\/#website"},"primaryImageOfPage":{"@id":"https:\/\/www.icog.es\/geologosdelmundo\/index.php\/memoria-de-actividades-y-economica\/#primaryimage"},"image":{"@id":"https:\/\/www.icog.es\/geologosdelmundo\/index.php\/memoria-de-actividades-y-economica\/#primaryimage"},"thumbnailUrl":"https:\/\/www.icog.es\/geologosdelmundo\/wp-content\/uploads\/2023\/05\/Captura-de-pantalla-2023-05-29-152540-2-732x1024.jpg","datePublished":"2020-08-05T16:08:32+00:00","dateModified":"2023-05-29T13:34:12+00:00","breadcrumb":{"@id":"https:\/\/www.icog.es\/geologosdelmundo\/index.php\/memoria-de-actividades-y-economica\/#breadcrumb"},"inLanguage":"es","potentialAction":[{"@type":"ReadAction","target":["https:\/\/www.icog.es\/geologosdelmundo\/index.php\/memoria-de-actividades-y-economica\/"]}]},{"@type":"ImageObject","inLanguage":"es","@id":"https:\/\/www.icog.es\/geologosdelmundo\/index.php\/memoria-de-actividades-y-economica\/#primaryimage","url":"https:\/\/www.icog.es\/geologosdelmundo\/wp-content\/uploads\/2023\/05\/Captura-de-pantalla-2023-05-29-152540-2.jpg","contentUrl":"https:\/\/www.icog.es\/geologosdelmundo\/wp-content\/uploads\/2023\/05\/Captura-de-pantalla-2023-05-29-152540-2.jpg","width":989,"height":1384},{"@type":"BreadcrumbList","@id":"https:\/\/www.icog.es\/geologosdelmundo\/index.php\/memoria-de-actividades-y-economica\/#breadcrumb","itemListElement":[{"@type":"ListItem","position":1,"name":"Portada","item":"https:\/\/www.icog.es\/geologosdelmundo\/"},{"@type":"ListItem","position":2,"name":"Memoria de actividades y econ\u00f3mica"}]},{"@type":"WebSite","@id":"https:\/\/www.icog.es\/geologosdelmundo\/#website","url":"https:\/\/www.icog.es\/geologosdelmundo\/","name":"Ge\u00f3logos del Mundo","description":"La ONG Ge\u00f3logos del Mundo es una organizaci\u00f3n no gubernamental sin \u00e1nimo de lucro, creada en Espa\u00f1a el a\u00f1o 1999.","potentialAction":[{"@type":"SearchAction","target":{"@type":"EntryPoint","urlTemplate":"https:\/\/www.icog.es\/geologosdelmundo\/?s={search_term_string}"},"query-input":{"@type":"PropertyValueSpecification","valueRequired":true,"valueName":"search_term_string"}}],"inLanguage":"es"}]}},"_links":{"self":[{"href":"https:\/\/www.icog.es\/geologosdelmundo\/index.php\/wp-json\/wp\/v2\/pages\/1425"}],"collection":[{"href":"https:\/\/www.icog.es\/geologosdelmundo\/index.php\/wp-json\/wp\/v2\/pages"}],"about":[{"href":"https:\/\/www.icog.es\/geologosdelmundo\/index.php\/wp-json\/wp\/v2\/types\/page"}],"author":[{"embeddable":true,"href":"https:\/\/www.icog.es\/geologosdelmundo\/index.php\/wp-json\/wp\/v2\/users\/2"}],"replies":[{"embeddable":true,"href":"https:\/\/www.icog.es\/geologosdelmundo\/index.php\/wp-json\/wp\/v2\/comments?post=1425"}],"version-history":[{"count":21,"href":"https:\/\/www.icog.es\/geologosdelmundo\/index.php\/wp-json\/wp\/v2\/pages\/1425\/revisions"}],"predecessor-version":[{"id":2540,"href":"https:\/\/www.icog.es\/geologosdelmundo\/index.php\/wp-json\/wp\/v2\/pages\/1425\/revisions\/2540"}],"wp:attachment":[{"href":"https:\/\/www.icog.es\/geologosdelmundo\/index.php\/wp-json\/wp\/v2\/media?parent=1425"}],"curies":[{"name":"wp","href":"https:\/\/api.w.org\/{rel}","templated":true}]}}