{"id":1340,"date":"2020-07-02T22:12:55","date_gmt":"2020-07-02T22:12:55","guid":{"rendered":"https:\/\/www.icog.es\/geologosdelmundo\/?page_id=1340"},"modified":"2020-07-16T12:45:22","modified_gmt":"2020-07-16T12:45:22","slug":"convenios","status":"publish","type":"page","link":"https:\/\/www.icog.es\/geologosdelmundo\/index.php\/convenios\/","title":{"rendered":"Convenios"},"content":{"rendered":"\n<p>Desde su comienzo hace mas de 20 a\u00f1os,Ge\u00f3logos del Mundo trabaja en coordinaci\u00f3n con otras instituciones p\u00fablicas y privadas mediante convenios.<\/p>\n\n\n\n<p>Nuestro objetivo es fortalecer nuestras acciones mediante la interacci\u00f3n tanto en proyectos como en actividades de divulgaci\u00f3n y sensibilizaci\u00f3n.<\/p>\n\n\n\n<p><\/p>\n\n\n\n<p><\/p>\n\n\n\n<p><a rel=\"noreferrer noopener\" aria-label=\"CONVENIO MARCO DE COLABORACI\u00d3N ENTRE EL ILUSTRE COLEGIODE GE\u00d3LOGOS, GE\u00d3LOGOS DEL MUNDO Y LA FUNDACI\u00d3N MUJERES POR \u00c1FRICA (opens in a new tab)\" href=\"https:\/\/www.icog.es\/geologosdelmundo\/wp-content\/uploads\/2020\/07\/convenio_mujeresporafrica_firmado_2020.pdf\" target=\"_blank\">CONVENIO MARCO DE COLABORACI\u00d3N ENTRE EL ILUSTRE COLEGIO DE GE\u00d3LOGOS, GE\u00d3LOGOS DEL MUNDO Y LA FUNDACI\u00d3N MUJERES POR \u00c1FRICA<\/a> (ESPA\u00d1A, 2020)<\/p>\n\n\n\n<figure class=\"wp-block-image size-large\"><img loading=\"lazy\" decoding=\"async\" width=\"443\" height=\"71\" src=\"https:\/\/www.icog.es\/geologosdelmundo\/wp-content\/uploads\/2020\/02\/logo_header.png\" alt=\"\" class=\"wp-image-1294\" srcset=\"https:\/\/www.icog.es\/geologosdelmundo\/wp-content\/uploads\/2020\/02\/logo_header.png 443w, https:\/\/www.icog.es\/geologosdelmundo\/wp-content\/uploads\/2020\/02\/logo_header-300x48.png 300w, https:\/\/www.icog.es\/geologosdelmundo\/wp-content\/uploads\/2020\/02\/logo_header-280x45.png 280w\" sizes=\"(max-width: 443px) 100vw, 443px\" \/><figcaption><br><\/figcaption><\/figure>\n\n\n\n<p><a rel=\"noreferrer noopener\" aria-label=\"CONVENIO MARCO DE COLABORACI\u00d3N ENTRE GE\u00d3LOGOS DEL MUNDO - WORLD GEOLOGISTS Y LA UNIVERSIDAD NACIONAL DE CIENCIAS FORESTALES (UNACIFOR) (opens in a new tab)\" href=\"https:\/\/www.icog.es\/geologosdelmundo\/wp-content\/uploads\/2020\/07\/convenio-GM-Unacifor-2018.pdf\" target=\"_blank\">CONVENIO MARCO DE COLABORACI\u00d3N ENTRE GE\u00d3LOGOS DEL MUNDO &#8211; WORLD GEOLOGISTS Y LA UNIVERSIDAD NACIONAL DE CIENCIAS FORESTALES (UNACIFOR)<\/a> (HONDURAS, 2017)<\/p>\n\n\n\n<figure class=\"wp-block-image size-large\"><img loading=\"lazy\" decoding=\"async\" width=\"195\" height=\"250\" src=\"https:\/\/www.icog.es\/geologosdelmundo\/wp-content\/uploads\/2020\/07\/unacifor_b.png\" alt=\"\" class=\"wp-image-1356\" srcset=\"https:\/\/www.icog.es\/geologosdelmundo\/wp-content\/uploads\/2020\/07\/unacifor_b.png 195w, https:\/\/www.icog.es\/geologosdelmundo\/wp-content\/uploads\/2020\/07\/unacifor_b-146x187.png 146w\" sizes=\"(max-width: 195px) 100vw, 195px\" \/><figcaption><br><\/figcaption><\/figure>\n\n\n\n<p><a rel=\"noreferrer noopener\" aria-label=\"CONVENIO DE COOPERACI\u00d3N EDUCATIVA ENTRE LA UNIVERSIDAD COMPLUTENSE DE MADRID Y GE\u00d3LOGOS DEL MUNDO- WORLD GEOLOGISTS (opens in a new tab)\" href=\"https:\/\/www.icog.es\/geologosdelmundo\/wp-content\/uploads\/2020\/07\/convenio-GM_UCM_firmado_GM-1.pdf\" target=\"_blank\">CONVENIO DE COOPERACI\u00d3N EDUCATIVA ENTRE LA UNIVERSIDAD COMPLUTENSE DE MADRID Y GE\u00d3LOGOS DEL MUNDO- WORLD GEOLOGISTS<\/a> (ESPA\u00d1A, 2015)<\/p>\n\n\n\n<figure class=\"wp-block-image size-large\"><img loading=\"lazy\" decoding=\"async\" width=\"250\" height=\"249\" src=\"https:\/\/www.icog.es\/geologosdelmundo\/wp-content\/uploads\/2020\/07\/logo_geo_final_color-e_GEOLOGICAS.png\" alt=\"\" class=\"wp-image-1341\" srcset=\"https:\/\/www.icog.es\/geologosdelmundo\/wp-content\/uploads\/2020\/07\/logo_geo_final_color-e_GEOLOGICAS.png 250w, https:\/\/www.icog.es\/geologosdelmundo\/wp-content\/uploads\/2020\/07\/logo_geo_final_color-e_GEOLOGICAS-150x150.png 150w, https:\/\/www.icog.es\/geologosdelmundo\/wp-content\/uploads\/2020\/07\/logo_geo_final_color-e_GEOLOGICAS-188x187.png 188w\" sizes=\"(max-width: 250px) 100vw, 250px\" \/><figcaption><br><br><\/figcaption><\/figure>\n\n\n\n<p><a href=\"https:\/\/www.icog.es\/geologosdelmundo\/wp-content\/uploads\/2020\/07\/CONVENIO-UNI-GRANADA-GM.pdf\">CONVENIO ENTRE LA UNIVERSIDAD DE GRANADA Y  GE\u00d3LOGOS DEL MUNDO<\/a> (ESPA\u00d1A, ABRIL 2013)<\/p>\n\n\n\n<figure class=\"wp-block-image size-large is-resized\"><img loading=\"lazy\" decoding=\"async\" src=\"https:\/\/www.icog.es\/geologosdelmundo\/wp-content\/uploads\/2020\/07\/logo-de-la-ugr.png\" alt=\"\" class=\"wp-image-1393\" width=\"212\" height=\"198\" srcset=\"https:\/\/www.icog.es\/geologosdelmundo\/wp-content\/uploads\/2020\/07\/logo-de-la-ugr.png 847w, https:\/\/www.icog.es\/geologosdelmundo\/wp-content\/uploads\/2020\/07\/logo-de-la-ugr-300x281.png 300w, https:\/\/www.icog.es\/geologosdelmundo\/wp-content\/uploads\/2020\/07\/logo-de-la-ugr-200x187.png 200w\" sizes=\"(max-width: 212px) 100vw, 212px\" \/><figcaption><br><\/figcaption><\/figure>\n\n\n\n<p><a href=\"https:\/\/www.icog.es\/geologosdelmundo\/wp-content\/uploads\/2020\/07\/CONVENIO-GM-SECRETARIA-TECNICA.pdf\">CONVENIO B\u00c1SICO DE FUNCIONAMIENTO ENTRE EL GOBIERNO DE ECUADOR Y GE\u00d3LOGOS DEL MUNDO (WORLD GEOLOGISTS)<\/a> (ECUADOR, MARZO 2013)<\/p>\n\n\n\n<figure class=\"wp-block-image size-large is-resized\"><img loading=\"lazy\" decoding=\"async\" src=\"https:\/\/www.icog.es\/geologosdelmundo\/wp-content\/uploads\/2020\/07\/secretaria_tecnica_ecuador.jpg\" alt=\"\" class=\"wp-image-1385\" width=\"225\" height=\"225\" srcset=\"https:\/\/www.icog.es\/geologosdelmundo\/wp-content\/uploads\/2020\/07\/secretaria_tecnica_ecuador.jpg 900w, https:\/\/www.icog.es\/geologosdelmundo\/wp-content\/uploads\/2020\/07\/secretaria_tecnica_ecuador-300x300.jpg 300w, https:\/\/www.icog.es\/geologosdelmundo\/wp-content\/uploads\/2020\/07\/secretaria_tecnica_ecuador-150x150.jpg 150w, https:\/\/www.icog.es\/geologosdelmundo\/wp-content\/uploads\/2020\/07\/secretaria_tecnica_ecuador-187x187.jpg 187w\" sizes=\"(max-width: 225px) 100vw, 225px\" \/><figcaption><br><br><\/figcaption><\/figure>\n\n\n\n<p><a rel=\"noreferrer noopener\" aria-label=\"CONVENIO DE COLABORACI\u00d3N ENTRE LA UNIVERSIDAD DE OVIEDO Y LA ENTIDAD GE\u00d3LOGOS DEL MUNDO PARA LA REALIZACI\u00d3N DE ACTIVIDADES SOLIDARIAS Y DE RESPONSABILIDAD SOCIAL DE ESTUDIANTES UNIVERSITARIOS (opens in a new tab)\" href=\"https:\/\/www.icog.es\/geologosdelmundo\/wp-content\/uploads\/2020\/07\/1-Convenio-Actividades-solidarias-GM-Unioviedo-2012-.pdf\" target=\"_blank\">CONVENIO DE COLABORACI\u00d3N ENTRE LA UNIVERSIDAD DE OVIEDO Y LA ENTIDAD GE\u00d3LOGOS DEL MUNDO PARA LA REALIZACI\u00d3N DE ACTIVIDADES SOLIDARIAS Y DE RESPONSABILIDAD SOCIAL DE ESTUDIANTES UNIVERSITARIOS<\/a> (ESPA\u00d1A, 2012)<\/p>\n\n\n\n<figure class=\"wp-block-image size-large\"><img loading=\"lazy\" decoding=\"async\" width=\"250\" height=\"174\" src=\"https:\/\/www.icog.es\/geologosdelmundo\/wp-content\/uploads\/2020\/07\/logo-uniovi-color_PW.png\" alt=\"\" class=\"wp-image-1358\"\/><figcaption><br><br><\/figcaption><\/figure>\n\n\n\n<p><\/p>\n\n\n\n<p><a href=\"https:\/\/www.icog.es\/geologosdelmundo\/wp-content\/uploads\/2020\/07\/CONVENIO-SNGR-GM.pdf\">CONVENIO MARCO DE COLABORACI\u00d3N ENTRE LA SECRTAR\u00cdA NACIONAL DE GESTI\u00d3N DE RIESGOS Y GE\u00d3LOGOS DEL MUNDO<\/a> (ECUADOR, JUNIO 2012)<\/p>\n\n\n\n<figure class=\"wp-block-image size-large\"><img loading=\"lazy\" decoding=\"async\" width=\"448\" height=\"299\" src=\"https:\/\/www.icog.es\/geologosdelmundo\/wp-content\/uploads\/2020\/07\/Logo-nuevo-SNGR.jpg\" alt=\"\" class=\"wp-image-1395\" srcset=\"https:\/\/www.icog.es\/geologosdelmundo\/wp-content\/uploads\/2020\/07\/Logo-nuevo-SNGR.jpg 448w, https:\/\/www.icog.es\/geologosdelmundo\/wp-content\/uploads\/2020\/07\/Logo-nuevo-SNGR-300x200.jpg 300w, https:\/\/www.icog.es\/geologosdelmundo\/wp-content\/uploads\/2020\/07\/Logo-nuevo-SNGR-280x187.jpg 280w\" sizes=\"(max-width: 448px) 100vw, 448px\" \/><\/figure>\n\n\n\n<p><a href=\"https:\/\/www.icog.es\/geologosdelmundo\/wp-content\/uploads\/2020\/07\/ConvenioASIDE-GM-2011-12.pdf\">CONVENIO ESPEC\u00cdFICO DE COLABORACI\u00d3N ENTRE LA ASOCIACI\u00d3N DE INVESTIGACI\u00d3N PARA EL DESARROLLO ECOL\u00d3GICO Y SOCIOECON\u00d3MICO (ASIDE) Y GE\u00d3LOGOS DEL MUNDO (GM)<\/a> (HONDURAS, 2011)<\/p>\n\n\n\n<figure class=\"wp-block-image size-large\"><img loading=\"lazy\" decoding=\"async\" width=\"425\" height=\"109\" src=\"https:\/\/www.icog.es\/geologosdelmundo\/wp-content\/uploads\/2020\/07\/logo-aside.png\" alt=\"\" class=\"wp-image-1392\" srcset=\"https:\/\/www.icog.es\/geologosdelmundo\/wp-content\/uploads\/2020\/07\/logo-aside.png 425w, https:\/\/www.icog.es\/geologosdelmundo\/wp-content\/uploads\/2020\/07\/logo-aside-300x77.png 300w, https:\/\/www.icog.es\/geologosdelmundo\/wp-content\/uploads\/2020\/07\/logo-aside-280x72.png 280w\" sizes=\"(max-width: 425px) 100vw, 425px\" \/><figcaption><br><br><br><\/figcaption><\/figure>\n\n\n\n<p><a href=\"https:\/\/www.icog.es\/geologosdelmundo\/wp-content\/uploads\/2020\/07\/convenio_GM_UNACH-OK.pdf\">CONVENIO MARCO DE COLABORACI\u00d3N AL DESARROLLO T\u00c9CNICO-CIENT\u00cdFICO ENTRE LA ONG GE\u00d3LOGOS DEL MUNDO Y LA UNIVERSIDAD NACIONAL DE CHIMBORAZO<\/a>  (ECUADOR, FEBRERO 2011)<\/p>\n\n\n\n<figure class=\"wp-block-image size-large\"><img loading=\"lazy\" decoding=\"async\" width=\"300\" height=\"300\" src=\"https:\/\/www.icog.es\/geologosdelmundo\/wp-content\/uploads\/2020\/07\/logo-universidad-nacional-de-chimborazo-e1594900938693.png\" alt=\"\" class=\"wp-image-1396\"\/><figcaption><br><\/figcaption><\/figure>\n\n\n\n<p><a href=\"https:\/\/www.icog.es\/geologosdelmundo\/wp-content\/uploads\/2020\/07\/DEFINITIVO-convenio-m.-vivienda-09-05-07.pdf\">CONVENIO MARCO DE COLABORACI\u00d3N ENTRE EL MINISTERIO DE VIVIENDA DEL GOBIERNO DE ESPA\u00d1A Y LA ONG GE\u00d3LOGOS DEL MUNDO PARA LA REALIZACI\u00d3N DE ACTUACIONES CONJUNTAS EN MATERIA DE ARQUITECTURA Y VIVIENDA<\/a> (ESPA\u00d1A, 2007)<\/p>\n\n\n\n<figure class=\"wp-block-image size-large\"><img loading=\"lazy\" decoding=\"async\" width=\"450\" height=\"144\" src=\"https:\/\/www.icog.es\/geologosdelmundo\/wp-content\/uploads\/2020\/07\/450px-Logotipo_del_Ministerio_de_Fomento.svg.png\" alt=\"\" class=\"wp-image-1386\" srcset=\"https:\/\/www.icog.es\/geologosdelmundo\/wp-content\/uploads\/2020\/07\/450px-Logotipo_del_Ministerio_de_Fomento.svg.png 450w, https:\/\/www.icog.es\/geologosdelmundo\/wp-content\/uploads\/2020\/07\/450px-Logotipo_del_Ministerio_de_Fomento.svg-300x96.png 300w, https:\/\/www.icog.es\/geologosdelmundo\/wp-content\/uploads\/2020\/07\/450px-Logotipo_del_Ministerio_de_Fomento.svg-280x90.png 280w\" sizes=\"(max-width: 450px) 100vw, 450px\" \/><figcaption><br><\/figcaption><\/figure>\n\n\n\n<p><a href=\"https:\/\/www.icog.es\/geologosdelmundo\/wp-content\/uploads\/2020\/07\/CONVENIO-MARCO-FAYDES-DEFINITIVO.pdf\">CONVENIO-MARCO DE COOPERACI\u00d3N ENTRE LA ONG GE\u00d3LOGOS DEL MUNDO Y LA FUNDACI\u00d3N AGUA Y DESARROLLO<\/a> (ECUADOR, SEPTIEMBRE 2007)<\/p>\n\n\n\n<p><\/p>\n\n\n\n<p><\/p>\n\n\n\n<p><a href=\"https:\/\/www.icog.es\/geologosdelmundo\/wp-content\/uploads\/2020\/07\/CONVENIO-IGME.pdf\">CONVENIO MARCO DE COLABORACI\u00d3N ENTRE EL INSTITUTO GEOL\u00d3GICO Y MINERO DE ESPA\u00d1A Y GE\u00d3LOGOS DEL MUNDO<\/a> (ESPA\u00d1A, 2005)<\/p>\n\n\n\n<figure class=\"wp-block-image size-large\"><img loading=\"lazy\" decoding=\"async\" width=\"343\" height=\"109\" src=\"https:\/\/www.icog.es\/geologosdelmundo\/wp-content\/uploads\/2020\/07\/logoigme.png\" alt=\"\" class=\"wp-image-1394\" srcset=\"https:\/\/www.icog.es\/geologosdelmundo\/wp-content\/uploads\/2020\/07\/logoigme.png 343w, https:\/\/www.icog.es\/geologosdelmundo\/wp-content\/uploads\/2020\/07\/logoigme-300x95.png 300w, https:\/\/www.icog.es\/geologosdelmundo\/wp-content\/uploads\/2020\/07\/logoigme-280x89.png 280w\" sizes=\"(max-width: 343px) 100vw, 343px\" \/><\/figure>\n","protected":false},"excerpt":{"rendered":"<p>Desde su comienzo hace mas de 20 a\u00f1os,Ge\u00f3logos del Mundo trabaja en coordinaci\u00f3n con otras instituciones p\u00fablicas y privadas mediante convenios. Nuestro objetivo es fortalecer nuestras acciones mediante la interacci\u00f3n tanto en proyectos como en actividades de divulgaci\u00f3n y sensibilizaci\u00f3n. CONVENIO MARCO DE COLABORACI\u00d3N ENTRE EL ILUSTRE COLEGIO DE GE\u00d3LOGOS, GE\u00d3LOGOS DEL MUNDO Y LA<\/p>\n","protected":false},"author":2,"featured_media":0,"parent":0,"menu_order":0,"comment_status":"closed","ping_status":"closed","template":"","meta":{"footnotes":""},"yoast_head":"<!-- This site is optimized with the Yoast SEO plugin v23.5 - https:\/\/yoast.com\/wordpress\/plugins\/seo\/ -->\r\n<title>Convenios - Ge\u00f3logos del Mundo<\/title>\r\n<meta name=\"robots\" content=\"index, follow, max-snippet:-1, max-image-preview:large, max-video-preview:-1\" \/>\r\n<link rel=\"canonical\" href=\"https:\/\/www.icog.es\/geologosdelmundo\/index.php\/convenios\/\" \/>\r\n<meta property=\"og:locale\" content=\"es_ES\" \/>\r\n<meta property=\"og:type\" content=\"article\" \/>\r\n<meta property=\"og:title\" content=\"Convenios - Ge\u00f3logos del Mundo\" \/>\r\n<meta property=\"og:description\" content=\"Desde su comienzo hace mas de 20 a\u00f1os,Ge\u00f3logos del Mundo trabaja en coordinaci\u00f3n con otras instituciones p\u00fablicas y privadas mediante convenios. Nuestro objetivo es fortalecer nuestras acciones mediante la interacci\u00f3n tanto en proyectos como en actividades de divulgaci\u00f3n y sensibilizaci\u00f3n. CONVENIO MARCO DE COLABORACI\u00d3N ENTRE EL ILUSTRE COLEGIO DE GE\u00d3LOGOS, GE\u00d3LOGOS DEL MUNDO Y LA\" \/>\r\n<meta property=\"og:url\" content=\"https:\/\/www.icog.es\/geologosdelmundo\/index.php\/convenios\/\" \/>\r\n<meta property=\"og:site_name\" content=\"Ge\u00f3logos del Mundo\" \/>\r\n<meta property=\"article:publisher\" content=\"https:\/\/www.facebook.com\/geologosdelmundo.worldgeologists\" \/>\r\n<meta property=\"article:modified_time\" content=\"2020-07-16T12:45:22+00:00\" \/>\r\n<meta property=\"og:image\" content=\"https:\/\/www.icog.es\/geologosdelmundo\/wp-content\/uploads\/2020\/02\/logo_header.png\" \/>\r\n<meta name=\"twitter:card\" content=\"summary_large_image\" \/>\r\n<meta name=\"twitter:site\" content=\"@Geologos_Mundo\" \/>\r\n<meta name=\"twitter:label1\" content=\"Tiempo de lectura\" \/>\n\t<meta name=\"twitter:data1\" content=\"2 minutos\" \/>\r\n<script type=\"application\/ld+json\" class=\"yoast-schema-graph\">{\"@context\":\"https:\/\/schema.org\",\"@graph\":[{\"@type\":\"WebPage\",\"@id\":\"https:\/\/www.icog.es\/geologosdelmundo\/index.php\/convenios\/\",\"url\":\"https:\/\/www.icog.es\/geologosdelmundo\/index.php\/convenios\/\",\"name\":\"Convenios - Ge\u00f3logos del Mundo\",\"isPartOf\":{\"@id\":\"https:\/\/www.icog.es\/geologosdelmundo\/#website\"},\"primaryImageOfPage\":{\"@id\":\"https:\/\/www.icog.es\/geologosdelmundo\/index.php\/convenios\/#primaryimage\"},\"image\":{\"@id\":\"https:\/\/www.icog.es\/geologosdelmundo\/index.php\/convenios\/#primaryimage\"},\"thumbnailUrl\":\"https:\/\/www.icog.es\/geologosdelmundo\/wp-content\/uploads\/2020\/02\/logo_header.png\",\"datePublished\":\"2020-07-02T22:12:55+00:00\",\"dateModified\":\"2020-07-16T12:45:22+00:00\",\"breadcrumb\":{\"@id\":\"https:\/\/www.icog.es\/geologosdelmundo\/index.php\/convenios\/#breadcrumb\"},\"inLanguage\":\"es\",\"potentialAction\":[{\"@type\":\"ReadAction\",\"target\":[\"https:\/\/www.icog.es\/geologosdelmundo\/index.php\/convenios\/\"]}]},{\"@type\":\"ImageObject\",\"inLanguage\":\"es\",\"@id\":\"https:\/\/www.icog.es\/geologosdelmundo\/index.php\/convenios\/#primaryimage\",\"url\":\"https:\/\/www.icog.es\/geologosdelmundo\/wp-content\/uploads\/2020\/02\/logo_header.png\",\"contentUrl\":\"https:\/\/www.icog.es\/geologosdelmundo\/wp-content\/uploads\/2020\/02\/logo_header.png\",\"width\":443,\"height\":71},{\"@type\":\"BreadcrumbList\",\"@id\":\"https:\/\/www.icog.es\/geologosdelmundo\/index.php\/convenios\/#breadcrumb\",\"itemListElement\":[{\"@type\":\"ListItem\",\"position\":1,\"name\":\"Portada\",\"item\":\"https:\/\/www.icog.es\/geologosdelmundo\/\"},{\"@type\":\"ListItem\",\"position\":2,\"name\":\"Convenios\"}]},{\"@type\":\"WebSite\",\"@id\":\"https:\/\/www.icog.es\/geologosdelmundo\/#website\",\"url\":\"https:\/\/www.icog.es\/geologosdelmundo\/\",\"name\":\"Ge\u00f3logos del Mundo\",\"description\":\"La ONG Ge\u00f3logos del Mundo es una organizaci\u00f3n no gubernamental sin \u00e1nimo de lucro, creada en Espa\u00f1a el a\u00f1o 1999.\",\"potentialAction\":[{\"@type\":\"SearchAction\",\"target\":{\"@type\":\"EntryPoint\",\"urlTemplate\":\"https:\/\/www.icog.es\/geologosdelmundo\/?s={search_term_string}\"},\"query-input\":{\"@type\":\"PropertyValueSpecification\",\"valueRequired\":true,\"valueName\":\"search_term_string\"}}],\"inLanguage\":\"es\"}]}<\/script>\r\n<!-- \/ Yoast SEO plugin. -->","yoast_head_json":{"title":"Convenios - Ge\u00f3logos del Mundo","robots":{"index":"index","follow":"follow","max-snippet":"max-snippet:-1","max-image-preview":"max-image-preview:large","max-video-preview":"max-video-preview:-1"},"canonical":"https:\/\/www.icog.es\/geologosdelmundo\/index.php\/convenios\/","og_locale":"es_ES","og_type":"article","og_title":"Convenios - Ge\u00f3logos del Mundo","og_description":"Desde su comienzo hace mas de 20 a\u00f1os,Ge\u00f3logos del Mundo trabaja en coordinaci\u00f3n con otras instituciones p\u00fablicas y privadas mediante convenios. Nuestro objetivo es fortalecer nuestras acciones mediante la interacci\u00f3n tanto en proyectos como en actividades de divulgaci\u00f3n y sensibilizaci\u00f3n. CONVENIO MARCO DE COLABORACI\u00d3N ENTRE EL ILUSTRE COLEGIO DE GE\u00d3LOGOS, GE\u00d3LOGOS DEL MUNDO Y LA","og_url":"https:\/\/www.icog.es\/geologosdelmundo\/index.php\/convenios\/","og_site_name":"Ge\u00f3logos del Mundo","article_publisher":"https:\/\/www.facebook.com\/geologosdelmundo.worldgeologists","article_modified_time":"2020-07-16T12:45:22+00:00","og_image":[{"url":"https:\/\/www.icog.es\/geologosdelmundo\/wp-content\/uploads\/2020\/02\/logo_header.png"}],"twitter_card":"summary_large_image","twitter_site":"@Geologos_Mundo","twitter_misc":{"Tiempo de lectura":"2 minutos"},"schema":{"@context":"https:\/\/schema.org","@graph":[{"@type":"WebPage","@id":"https:\/\/www.icog.es\/geologosdelmundo\/index.php\/convenios\/","url":"https:\/\/www.icog.es\/geologosdelmundo\/index.php\/convenios\/","name":"Convenios - Ge\u00f3logos del Mundo","isPartOf":{"@id":"https:\/\/www.icog.es\/geologosdelmundo\/#website"},"primaryImageOfPage":{"@id":"https:\/\/www.icog.es\/geologosdelmundo\/index.php\/convenios\/#primaryimage"},"image":{"@id":"https:\/\/www.icog.es\/geologosdelmundo\/index.php\/convenios\/#primaryimage"},"thumbnailUrl":"https:\/\/www.icog.es\/geologosdelmundo\/wp-content\/uploads\/2020\/02\/logo_header.png","datePublished":"2020-07-02T22:12:55+00:00","dateModified":"2020-07-16T12:45:22+00:00","breadcrumb":{"@id":"https:\/\/www.icog.es\/geologosdelmundo\/index.php\/convenios\/#breadcrumb"},"inLanguage":"es","potentialAction":[{"@type":"ReadAction","target":["https:\/\/www.icog.es\/geologosdelmundo\/index.php\/convenios\/"]}]},{"@type":"ImageObject","inLanguage":"es","@id":"https:\/\/www.icog.es\/geologosdelmundo\/index.php\/convenios\/#primaryimage","url":"https:\/\/www.icog.es\/geologosdelmundo\/wp-content\/uploads\/2020\/02\/logo_header.png","contentUrl":"https:\/\/www.icog.es\/geologosdelmundo\/wp-content\/uploads\/2020\/02\/logo_header.png","width":443,"height":71},{"@type":"BreadcrumbList","@id":"https:\/\/www.icog.es\/geologosdelmundo\/index.php\/convenios\/#breadcrumb","itemListElement":[{"@type":"ListItem","position":1,"name":"Portada","item":"https:\/\/www.icog.es\/geologosdelmundo\/"},{"@type":"ListItem","position":2,"name":"Convenios"}]},{"@type":"WebSite","@id":"https:\/\/www.icog.es\/geologosdelmundo\/#website","url":"https:\/\/www.icog.es\/geologosdelmundo\/","name":"Ge\u00f3logos del Mundo","description":"La ONG Ge\u00f3logos del Mundo es una organizaci\u00f3n no gubernamental sin \u00e1nimo de lucro, creada en Espa\u00f1a el a\u00f1o 1999.","potentialAction":[{"@type":"SearchAction","target":{"@type":"EntryPoint","urlTemplate":"https:\/\/www.icog.es\/geologosdelmundo\/?s={search_term_string}"},"query-input":{"@type":"PropertyValueSpecification","valueRequired":true,"valueName":"search_term_string"}}],"inLanguage":"es"}]}},"_links":{"self":[{"href":"https:\/\/www.icog.es\/geologosdelmundo\/index.php\/wp-json\/wp\/v2\/pages\/1340"}],"collection":[{"href":"https:\/\/www.icog.es\/geologosdelmundo\/index.php\/wp-json\/wp\/v2\/pages"}],"about":[{"href":"https:\/\/www.icog.es\/geologosdelmundo\/index.php\/wp-json\/wp\/v2\/types\/page"}],"author":[{"embeddable":true,"href":"https:\/\/www.icog.es\/geologosdelmundo\/index.php\/wp-json\/wp\/v2\/users\/2"}],"replies":[{"embeddable":true,"href":"https:\/\/www.icog.es\/geologosdelmundo\/index.php\/wp-json\/wp\/v2\/comments?post=1340"}],"version-history":[{"count":30,"href":"https:\/\/www.icog.es\/geologosdelmundo\/index.php\/wp-json\/wp\/v2\/pages\/1340\/revisions"}],"predecessor-version":[{"id":1418,"href":"https:\/\/www.icog.es\/geologosdelmundo\/index.php\/wp-json\/wp\/v2\/pages\/1340\/revisions\/1418"}],"wp:attachment":[{"href":"https:\/\/www.icog.es\/geologosdelmundo\/index.php\/wp-json\/wp\/v2\/media?parent=1340"}],"curies":[{"name":"wp","href":"https:\/\/api.w.org\/{rel}","templated":true}]}}