{"id":1324,"date":"2020-07-02T19:51:58","date_gmt":"2020-07-02T19:51:58","guid":{"rendered":"https:\/\/www.icog.es\/geologosdelmundo\/?page_id=1324"},"modified":"2020-07-02T20:05:01","modified_gmt":"2020-07-02T20:05:01","slug":"codigo-e-conducta","status":"publish","type":"page","link":"https:\/\/www.icog.es\/geologosdelmundo\/index.php\/codigo-e-conducta\/","title":{"rendered":"C\u00f3digo de conducta"},"content":{"rendered":"\n<p>1. IDENTIDAD DE LAS ONGD<\/p>\n\n\n\n<p> El mundo de las ONGD se caracteriza &nbsp;por la pluralidad &nbsp;y la diversidad, como fuerzas principales del colectivo, de las que se derivan otros rasgos <\/p>\n\n\n\n<p><strong>1<\/strong><strong>.<\/strong><strong>1<\/strong><strong>. Concepto y caracter\u00edsticas de las ONGD<\/strong><\/p>\n\n\n\n<p>Las &nbsp;ONGD forman&nbsp; &nbsp;parte &nbsp;del &nbsp;llamado&nbsp; &nbsp;tercer &nbsp;sector &nbsp;o &nbsp;no &nbsp;lucrativo;&nbsp; &nbsp;m\u00e1s concretamente &nbsp;participan, &nbsp;sin agotarlo, &nbsp;del movimiento &nbsp;asociativo &nbsp;altruista de la sociedad civil.<\/p>\n\n\n\n<p><strong>1<\/strong><strong>.<\/strong><strong>2<\/strong><strong>. Consenso b\u00e1sico en torno a algunos conceptos<\/strong><\/p>\n\n\n\n<p>Nuestra ONG promueve el desarrollo, &nbsp;entendi\u00e9ndolo &nbsp;como un &nbsp;proceso de cambio social, &nbsp;econ\u00f3mico,&nbsp; &nbsp;pol\u00edtico, &nbsp;cultural,&nbsp; &nbsp;tecnol\u00f3gico,&nbsp; &nbsp;etc&#8230; que, surgido &nbsp;de la voluntad &nbsp;colectiva, requiere la organizaci\u00f3n &nbsp;participativa &nbsp;y el uso democr\u00e1tico del poder de los miembros de una comunidad. El desarrollo, as\u00ed entendido, &nbsp;crea condiciones de equidad que abren m\u00e1s y mejores oportunidades &nbsp;de vida al ser humano &nbsp;para que despliegue todas sus potencialidades &nbsp;y preserva, para las generaciones futuras, el acceso y buen uso de los recursos, el medio ambiente natural &nbsp;y el acervo cultural.<\/p>\n\n\n\n<p>2. CAMPOS DE TRABAJO DE NUESTRA ONG<\/p>\n\n\n\n<p>Nuestra ONG, desarrolla &nbsp;su trabajo en distintos campos:<\/p>\n\n\n\n<p><strong>2<\/strong><strong>.<\/strong><strong>1 Programas y proyectos de desarrollo<\/strong><\/p>\n\n\n\n<p>Se&nbsp; &nbsp;pretende&nbsp; &nbsp;actuar&nbsp; &nbsp;contra&nbsp; &nbsp;las&nbsp; &nbsp;causas estructurales&nbsp; &nbsp;de &nbsp;la &nbsp;pobreza &nbsp;y propiciar el desarrollo&nbsp; social de los pueblos a quienes se dirige.<\/p>\n\n\n\n<p><strong>2<\/strong><strong>.<\/strong><strong>2<\/strong><strong>. Ayuda humanitaria\n&nbsp;y de emergencia<\/strong><\/p>\n\n\n\n<p>Damos&nbsp; &nbsp;apoyo&nbsp; &nbsp;a poblaciones &nbsp;afectadas &nbsp;por desastres o cat\u00e1strofes &nbsp;que provocan &nbsp;da\u00f1os, perjuicios econ\u00f3micos, p\u00e9rdidas de vidas humanas &nbsp;y deterioro de la salud o de los servicios comunitarios &nbsp;b\u00e1sicos, en medida suficiente &nbsp;para exigir una respuesta&nbsp; &nbsp;excepcional. Nuestra &nbsp;ONG trabaja&nbsp; &nbsp;tambi\u00e9n&nbsp; &nbsp;en&nbsp; &nbsp;tareas&nbsp; &nbsp;de prevenci\u00f3n de este tipo de situaciones.<\/p>\n\n\n\n<p><strong>2<\/strong><strong>.<\/strong><strong>3<\/strong><strong>. Sensibilizaci\u00f3n y educaci\u00f3n para el desarrollo<\/strong><\/p>\n\n\n\n<p>Esta actividad &nbsp;es un proceso activo y creativo que promueve un cambio de actitudes y comportamientos &nbsp;en la sociedad, fomentando &nbsp;los valores de justicia y solidaridad.<\/p>\n\n\n\n<p>3. CRITERIOS GENERALES<\/p>\n\n\n\n<p>Ge\u00f3logos del Mundo (GM) para alcanzar sus objetivos, procura &nbsp;trabajar de modo coordinado y con esp\u00edritu &nbsp;de colaboraci\u00f3n, evitando &nbsp;el trabajo &nbsp;aislado, &nbsp;la competitividad &nbsp;entre otras ONGD y la duplicidad de las tareas.<\/p>\n\n\n\n<p><strong>3<\/strong><strong>.<\/strong><strong>1<\/strong><strong>. Relaci\u00f3n con donantes privados<\/strong><\/p>\n\n\n\n<p>GM velar\u00e1 por que la procedencia\nde las donaciones que reciba no impida su libre actuaci\u00f3n y no supongan &nbsp;obst\u00e1culo alguno para la consecuci\u00f3n de los\nobjetivos que les son propios.<\/p>\n\n\n\n<p>Respetar\u00e1 &nbsp;siempre la voluntad &nbsp;de donantes &nbsp;en &nbsp;lo que se refiere al destino &nbsp;final &nbsp;de sus fondos. Dar\u00e1 cumplimiento &nbsp;al derecho de \u00e9stos a recibir la correspondiente &nbsp;certificaci\u00f3n de la donaci\u00f3n.<\/p>\n\n\n\n<p>4. CRITERIOS GENERALES\n&nbsp;DE ORGANIZACI\u00d3N DE N U E S TR A ONG<\/p>\n\n\n\n<p><strong>4<\/strong><strong>.<\/strong><strong>1<\/strong><strong>. Transparencia y gesti\u00f3n<\/strong><\/p>\n\n\n\n<p>Nuestra ONG deber\u00e1 actuar en todo momento conforme a la ley.<\/p>\n\n\n\n<p>La gesti\u00f3n &nbsp;de nuestra ONG deber\u00e1\n&nbsp;ser responsable &nbsp;y leal, buscando &nbsp;en todo momento &nbsp;el\nlogro de los objetivos de la instituci\u00f3n.<\/p>\n\n\n\n<p>Nuestra ONG, como organizaci\u00f3n &nbsp;al servicio de la sociedad, debe facilitar a todo aquel &nbsp;que lo &nbsp;solicite &nbsp;informaci\u00f3n&nbsp; &nbsp;peri\u00f3dica &nbsp;sobre &nbsp;sus &nbsp;l\u00edneas &nbsp;de &nbsp;actuaci\u00f3n, programas, &nbsp;objetivos, forma de obtenci\u00f3n &nbsp;de recursos, cantidad &nbsp;de los mismos y composici\u00f3n de sus \u00f3rganos de gobierno.<\/p>\n\n\n\n<p><strong>4<\/strong><strong>.<\/strong><strong>2<\/strong><strong>. Recursos econ\u00f3micos<\/strong><\/p>\n\n\n\n<p>Toda la actividad de captaci\u00f3n de fondos que realicen nuestra ONG se ajustar\u00e1 al marco legal, as\u00ed como a los principios \u00e9ticos establecidos en este C\u00f3digo.<\/p>\n\n\n\n<p><strong>4<\/strong><strong>.<\/strong><strong>3<\/strong><strong>. Recursos humanos<\/strong><\/p>\n\n\n\n<p>Se respetar\u00e1 &nbsp;escrupulosamente\n&nbsp;la legalidad\n&nbsp;vigente\n&nbsp;cuando &nbsp;la relaci\u00f3n\n&nbsp;entre\n&nbsp;la ONG y las personas que aportan &nbsp;su trabajo sea de tipo laboral.<\/p>\n\n\n\n<p>Nuestra ONG deber\u00e1&nbsp; &nbsp;adoptar&nbsp; &nbsp;las\n&nbsp;medidas&nbsp; &nbsp;necesarias&nbsp; &nbsp;para&nbsp; &nbsp;evitar&nbsp; &nbsp;que&nbsp; &nbsp;se &nbsp;produzca cualquier &nbsp;discriminaci\u00f3n\n&nbsp;o exclusi\u00f3n\n&nbsp;de participar &nbsp;en la misma por raz\u00f3n &nbsp;de raza, sexo,<br><\/p>\n\n\n\n<p>nacionalidad &nbsp;o religi\u00f3n. &nbsp;As\u00ed mismo, desarrollaremos &nbsp;pol\u00edticas internas&nbsp; &nbsp;que &nbsp;garanticen&nbsp; &nbsp;la efectiva &nbsp;igualdad&nbsp; &nbsp;de &nbsp;g\u00e9nero &nbsp;y &nbsp;que &nbsp;favorezcan&nbsp; &nbsp;la participaci\u00f3n&nbsp; &nbsp;de &nbsp;las &nbsp;minor\u00edas &nbsp;en &nbsp;la instituci\u00f3n.<\/p>\n\n\n\n<p>5. PAUTAS COMUNICATIVAS, PUBLICIDAD &nbsp;Y USO DE IM\u00c1GENES<\/p>\n\n\n\n<p>Nuestra ONG debe garantizar &nbsp;la transparencia, &nbsp;la rendici\u00f3n de cuentas &nbsp;y el buen gobierno; y debe fomentar &nbsp;la movilizaci\u00f3n y la participaci\u00f3n &nbsp;social para el desarrollo.  <\/p>\n\n\n\n<p><a rel=\"noreferrer noopener\" aria-label=\"Leer el documento completo (opens in a new tab)\" href=\"https:\/\/www.icog.es\/geologosdelmundo\/wp-content\/uploads\/2020\/07\/C\u00f3digo-de-Conducta-de-GM.pdf\" target=\"_blank\"><strong>Leer el documento completo<\/strong><\/a><\/p>\n","protected":false},"excerpt":{"rendered":"<p>1. IDENTIDAD DE LAS ONGD El mundo de las ONGD se caracteriza &nbsp;por la pluralidad &nbsp;y la diversidad, como fuerzas principales del colectivo, de las que se derivan otros rasgos 1.1. Concepto y caracter\u00edsticas de las ONGD Las &nbsp;ONGD forman&nbsp; &nbsp;parte &nbsp;del &nbsp;llamado&nbsp; &nbsp;tercer &nbsp;sector &nbsp;o &nbsp;no &nbsp;lucrativo;&nbsp; &nbsp;m\u00e1s concretamente &nbsp;participan, &nbsp;sin agotarlo, &nbsp;del movimiento<\/p>\n","protected":false},"author":2,"featured_media":1256,"parent":0,"menu_order":0,"comment_status":"closed","ping_status":"closed","template":"","meta":{"footnotes":""},"yoast_head":"<!-- This site is optimized with the Yoast SEO plugin v23.5 - https:\/\/yoast.com\/wordpress\/plugins\/seo\/ -->\r\n<title>C\u00f3digo de conducta - Ge\u00f3logos del Mundo<\/title>\r\n<meta name=\"robots\" content=\"index, follow, max-snippet:-1, max-image-preview:large, max-video-preview:-1\" \/>\r\n<link rel=\"canonical\" href=\"https:\/\/www.icog.es\/geologosdelmundo\/index.php\/codigo-e-conducta\/\" \/>\r\n<meta property=\"og:locale\" content=\"es_ES\" \/>\r\n<meta property=\"og:type\" content=\"article\" \/>\r\n<meta property=\"og:title\" content=\"C\u00f3digo de conducta - Ge\u00f3logos del Mundo\" \/>\r\n<meta property=\"og:description\" content=\"1. IDENTIDAD DE LAS ONGD El mundo de las ONGD se caracteriza &nbsp;por la pluralidad &nbsp;y la diversidad, como fuerzas principales del colectivo, de las que se derivan otros rasgos 1.1. Concepto y caracter\u00edsticas de las ONGD Las &nbsp;ONGD forman&nbsp; &nbsp;parte &nbsp;del &nbsp;llamado&nbsp; &nbsp;tercer &nbsp;sector &nbsp;o &nbsp;no &nbsp;lucrativo;&nbsp; &nbsp;m\u00e1s concretamente &nbsp;participan, &nbsp;sin agotarlo, &nbsp;del movimiento\" \/>\r\n<meta property=\"og:url\" content=\"https:\/\/www.icog.es\/geologosdelmundo\/index.php\/codigo-e-conducta\/\" \/>\r\n<meta property=\"og:site_name\" content=\"Ge\u00f3logos del Mundo\" \/>\r\n<meta property=\"article:publisher\" content=\"https:\/\/www.facebook.com\/geologosdelmundo.worldgeologists\" \/>\r\n<meta property=\"article:modified_time\" content=\"2020-07-02T20:05:01+00:00\" \/>\r\n<meta property=\"og:image\" content=\"https:\/\/www.icog.es\/geologosdelmundo\/wp-content\/uploads\/2019\/11\/proy_151-inauguracion_san_jose_2.jpg\" \/>\r\n\t<meta property=\"og:image:width\" content=\"1600\" \/>\r\n\t<meta property=\"og:image:height\" content=\"1200\" \/>\r\n\t<meta property=\"og:image:type\" content=\"image\/jpeg\" \/>\r\n<meta name=\"twitter:card\" content=\"summary_large_image\" \/>\r\n<meta name=\"twitter:site\" content=\"@Geologos_Mundo\" \/>\r\n<meta name=\"twitter:label1\" content=\"Tiempo de lectura\" \/>\n\t<meta name=\"twitter:data1\" content=\"4 minutos\" \/>\r\n<script type=\"application\/ld+json\" class=\"yoast-schema-graph\">{\"@context\":\"https:\/\/schema.org\",\"@graph\":[{\"@type\":\"WebPage\",\"@id\":\"https:\/\/www.icog.es\/geologosdelmundo\/index.php\/codigo-e-conducta\/\",\"url\":\"https:\/\/www.icog.es\/geologosdelmundo\/index.php\/codigo-e-conducta\/\",\"name\":\"C\u00f3digo de conducta - Ge\u00f3logos del Mundo\",\"isPartOf\":{\"@id\":\"https:\/\/www.icog.es\/geologosdelmundo\/#website\"},\"primaryImageOfPage\":{\"@id\":\"https:\/\/www.icog.es\/geologosdelmundo\/index.php\/codigo-e-conducta\/#primaryimage\"},\"image\":{\"@id\":\"https:\/\/www.icog.es\/geologosdelmundo\/index.php\/codigo-e-conducta\/#primaryimage\"},\"thumbnailUrl\":\"https:\/\/www.icog.es\/geologosdelmundo\/wp-content\/uploads\/2019\/11\/proy_151-inauguracion_san_jose_2.jpg\",\"datePublished\":\"2020-07-02T19:51:58+00:00\",\"dateModified\":\"2020-07-02T20:05:01+00:00\",\"breadcrumb\":{\"@id\":\"https:\/\/www.icog.es\/geologosdelmundo\/index.php\/codigo-e-conducta\/#breadcrumb\"},\"inLanguage\":\"es\",\"potentialAction\":[{\"@type\":\"ReadAction\",\"target\":[\"https:\/\/www.icog.es\/geologosdelmundo\/index.php\/codigo-e-conducta\/\"]}]},{\"@type\":\"ImageObject\",\"inLanguage\":\"es\",\"@id\":\"https:\/\/www.icog.es\/geologosdelmundo\/index.php\/codigo-e-conducta\/#primaryimage\",\"url\":\"https:\/\/www.icog.es\/geologosdelmundo\/wp-content\/uploads\/2019\/11\/proy_151-inauguracion_san_jose_2.jpg\",\"contentUrl\":\"https:\/\/www.icog.es\/geologosdelmundo\/wp-content\/uploads\/2019\/11\/proy_151-inauguracion_san_jose_2.jpg\",\"width\":1600,\"height\":1200},{\"@type\":\"BreadcrumbList\",\"@id\":\"https:\/\/www.icog.es\/geologosdelmundo\/index.php\/codigo-e-conducta\/#breadcrumb\",\"itemListElement\":[{\"@type\":\"ListItem\",\"position\":1,\"name\":\"Portada\",\"item\":\"https:\/\/www.icog.es\/geologosdelmundo\/\"},{\"@type\":\"ListItem\",\"position\":2,\"name\":\"C\u00f3digo de conducta\"}]},{\"@type\":\"WebSite\",\"@id\":\"https:\/\/www.icog.es\/geologosdelmundo\/#website\",\"url\":\"https:\/\/www.icog.es\/geologosdelmundo\/\",\"name\":\"Ge\u00f3logos del Mundo\",\"description\":\"La ONG Ge\u00f3logos del Mundo es una organizaci\u00f3n no gubernamental sin \u00e1nimo de lucro, creada en Espa\u00f1a el a\u00f1o 1999.\",\"potentialAction\":[{\"@type\":\"SearchAction\",\"target\":{\"@type\":\"EntryPoint\",\"urlTemplate\":\"https:\/\/www.icog.es\/geologosdelmundo\/?s={search_term_string}\"},\"query-input\":{\"@type\":\"PropertyValueSpecification\",\"valueRequired\":true,\"valueName\":\"search_term_string\"}}],\"inLanguage\":\"es\"}]}<\/script>\r\n<!-- \/ Yoast SEO plugin. -->","yoast_head_json":{"title":"C\u00f3digo de conducta - Ge\u00f3logos del Mundo","robots":{"index":"index","follow":"follow","max-snippet":"max-snippet:-1","max-image-preview":"max-image-preview:large","max-video-preview":"max-video-preview:-1"},"canonical":"https:\/\/www.icog.es\/geologosdelmundo\/index.php\/codigo-e-conducta\/","og_locale":"es_ES","og_type":"article","og_title":"C\u00f3digo de conducta - Ge\u00f3logos del Mundo","og_description":"1. IDENTIDAD DE LAS ONGD El mundo de las ONGD se caracteriza &nbsp;por la pluralidad &nbsp;y la diversidad, como fuerzas principales del colectivo, de las que se derivan otros rasgos 1.1. Concepto y caracter\u00edsticas de las ONGD Las &nbsp;ONGD forman&nbsp; &nbsp;parte &nbsp;del &nbsp;llamado&nbsp; &nbsp;tercer &nbsp;sector &nbsp;o &nbsp;no &nbsp;lucrativo;&nbsp; &nbsp;m\u00e1s concretamente &nbsp;participan, &nbsp;sin agotarlo, &nbsp;del movimiento","og_url":"https:\/\/www.icog.es\/geologosdelmundo\/index.php\/codigo-e-conducta\/","og_site_name":"Ge\u00f3logos del Mundo","article_publisher":"https:\/\/www.facebook.com\/geologosdelmundo.worldgeologists","article_modified_time":"2020-07-02T20:05:01+00:00","og_image":[{"width":1600,"height":1200,"url":"https:\/\/www.icog.es\/geologosdelmundo\/wp-content\/uploads\/2019\/11\/proy_151-inauguracion_san_jose_2.jpg","type":"image\/jpeg"}],"twitter_card":"summary_large_image","twitter_site":"@Geologos_Mundo","twitter_misc":{"Tiempo de lectura":"4 minutos"},"schema":{"@context":"https:\/\/schema.org","@graph":[{"@type":"WebPage","@id":"https:\/\/www.icog.es\/geologosdelmundo\/index.php\/codigo-e-conducta\/","url":"https:\/\/www.icog.es\/geologosdelmundo\/index.php\/codigo-e-conducta\/","name":"C\u00f3digo de conducta - Ge\u00f3logos del Mundo","isPartOf":{"@id":"https:\/\/www.icog.es\/geologosdelmundo\/#website"},"primaryImageOfPage":{"@id":"https:\/\/www.icog.es\/geologosdelmundo\/index.php\/codigo-e-conducta\/#primaryimage"},"image":{"@id":"https:\/\/www.icog.es\/geologosdelmundo\/index.php\/codigo-e-conducta\/#primaryimage"},"thumbnailUrl":"https:\/\/www.icog.es\/geologosdelmundo\/wp-content\/uploads\/2019\/11\/proy_151-inauguracion_san_jose_2.jpg","datePublished":"2020-07-02T19:51:58+00:00","dateModified":"2020-07-02T20:05:01+00:00","breadcrumb":{"@id":"https:\/\/www.icog.es\/geologosdelmundo\/index.php\/codigo-e-conducta\/#breadcrumb"},"inLanguage":"es","potentialAction":[{"@type":"ReadAction","target":["https:\/\/www.icog.es\/geologosdelmundo\/index.php\/codigo-e-conducta\/"]}]},{"@type":"ImageObject","inLanguage":"es","@id":"https:\/\/www.icog.es\/geologosdelmundo\/index.php\/codigo-e-conducta\/#primaryimage","url":"https:\/\/www.icog.es\/geologosdelmundo\/wp-content\/uploads\/2019\/11\/proy_151-inauguracion_san_jose_2.jpg","contentUrl":"https:\/\/www.icog.es\/geologosdelmundo\/wp-content\/uploads\/2019\/11\/proy_151-inauguracion_san_jose_2.jpg","width":1600,"height":1200},{"@type":"BreadcrumbList","@id":"https:\/\/www.icog.es\/geologosdelmundo\/index.php\/codigo-e-conducta\/#breadcrumb","itemListElement":[{"@type":"ListItem","position":1,"name":"Portada","item":"https:\/\/www.icog.es\/geologosdelmundo\/"},{"@type":"ListItem","position":2,"name":"C\u00f3digo de conducta"}]},{"@type":"WebSite","@id":"https:\/\/www.icog.es\/geologosdelmundo\/#website","url":"https:\/\/www.icog.es\/geologosdelmundo\/","name":"Ge\u00f3logos del Mundo","description":"La ONG Ge\u00f3logos del Mundo es una organizaci\u00f3n no gubernamental sin \u00e1nimo de lucro, creada en Espa\u00f1a el a\u00f1o 1999.","potentialAction":[{"@type":"SearchAction","target":{"@type":"EntryPoint","urlTemplate":"https:\/\/www.icog.es\/geologosdelmundo\/?s={search_term_string}"},"query-input":{"@type":"PropertyValueSpecification","valueRequired":true,"valueName":"search_term_string"}}],"inLanguage":"es"}]}},"_links":{"self":[{"href":"https:\/\/www.icog.es\/geologosdelmundo\/index.php\/wp-json\/wp\/v2\/pages\/1324"}],"collection":[{"href":"https:\/\/www.icog.es\/geologosdelmundo\/index.php\/wp-json\/wp\/v2\/pages"}],"about":[{"href":"https:\/\/www.icog.es\/geologosdelmundo\/index.php\/wp-json\/wp\/v2\/types\/page"}],"author":[{"embeddable":true,"href":"https:\/\/www.icog.es\/geologosdelmundo\/index.php\/wp-json\/wp\/v2\/users\/2"}],"replies":[{"embeddable":true,"href":"https:\/\/www.icog.es\/geologosdelmundo\/index.php\/wp-json\/wp\/v2\/comments?post=1324"}],"version-history":[{"count":5,"href":"https:\/\/www.icog.es\/geologosdelmundo\/index.php\/wp-json\/wp\/v2\/pages\/1324\/revisions"}],"predecessor-version":[{"id":1334,"href":"https:\/\/www.icog.es\/geologosdelmundo\/index.php\/wp-json\/wp\/v2\/pages\/1324\/revisions\/1334"}],"wp:featuredmedia":[{"embeddable":true,"href":"https:\/\/www.icog.es\/geologosdelmundo\/index.php\/wp-json\/wp\/v2\/media\/1256"}],"wp:attachment":[{"href":"https:\/\/www.icog.es\/geologosdelmundo\/index.php\/wp-json\/wp\/v2\/media?parent=1324"}],"curies":[{"name":"wp","href":"https:\/\/api.w.org\/{rel}","templated":true}]}}