{"id":1320,"date":"2020-07-02T18:19:36","date_gmt":"2020-07-02T18:19:36","guid":{"rendered":"https:\/\/www.icog.es\/geologosdelmundo\/?page_id=1320"},"modified":"2020-07-02T20:11:47","modified_gmt":"2020-07-02T20:11:47","slug":"plan-estrategico","status":"publish","type":"page","link":"https:\/\/www.icog.es\/geologosdelmundo\/index.php\/plan-estrategico\/","title":{"rendered":"Plan estrat\u00e9gico"},"content":{"rendered":"\n<p>Desde el nacimiento de Ge\u00f3logos del Mundo (GM) en el a\u00f1o 2009, como una organizaci\u00f3n sin \u00e1nimo de lucro que pretend\u00eda ayudar, mediante la geolog\u00eda, a las comunidades m\u00e1s desfavorecidas en temas de agua y saneamiento b\u00e1sico alrededor del mundo. GM ha ido cambiando y evolucionando en sus proyectos de cooperaci\u00f3n al desarrollo, a\u00f1adiendo entre ellos modalidades como las gesti\u00f3n y evaluaci\u00f3n de los riesgos geol\u00f3gicos, remediaci\u00f3n de suelos contaminados y construcciones de casas y escuelas en zonas afectadas por terremotos; todo ello acorde con la necesidad de poder responder de forma r\u00e1pida y eficaz a los principales problemas de nuestros beneficiarios y beneficiarias directos e indirectos.<\/p>\n\n\n\n<p><a rel=\"noreferrer noopener\" aria-label=\"Descargar el documento (opens in a new tab)\" href=\"https:\/\/www.icog.es\/geologosdelmundo\/wp-content\/uploads\/2020\/07\/Plan-Estrat\u00e9gico-de-GM.pdf\" target=\"_blank\"><strong>Descargar el documento<\/strong><\/a><\/p>\n","protected":false},"excerpt":{"rendered":"<p>Desde el nacimiento de Ge\u00f3logos del Mundo (GM) en el a\u00f1o 2009, como una organizaci\u00f3n sin \u00e1nimo de lucro que pretend\u00eda ayudar, mediante la geolog\u00eda, a las comunidades m\u00e1s desfavorecidas en temas de agua y saneamiento b\u00e1sico alrededor del mundo. GM ha ido cambiando y evolucionando en sus proyectos de cooperaci\u00f3n al desarrollo, a\u00f1adiendo entre<\/p>\n","protected":false},"author":2,"featured_media":893,"parent":0,"menu_order":0,"comment_status":"closed","ping_status":"closed","template":"","meta":{"footnotes":""},"yoast_head":"<!-- This site is optimized with the Yoast SEO plugin v23.5 - https:\/\/yoast.com\/wordpress\/plugins\/seo\/ -->\r\n<title>Plan estrat\u00e9gico - Ge\u00f3logos del Mundo<\/title>\r\n<meta name=\"robots\" content=\"index, follow, max-snippet:-1, max-image-preview:large, max-video-preview:-1\" \/>\r\n<link rel=\"canonical\" href=\"https:\/\/www.icog.es\/geologosdelmundo\/index.php\/plan-estrategico\/\" \/>\r\n<meta property=\"og:locale\" content=\"es_ES\" \/>\r\n<meta property=\"og:type\" content=\"article\" \/>\r\n<meta property=\"og:title\" content=\"Plan estrat\u00e9gico - Ge\u00f3logos del Mundo\" \/>\r\n<meta property=\"og:description\" content=\"Desde el nacimiento de Ge\u00f3logos del Mundo (GM) en el a\u00f1o 2009, como una organizaci\u00f3n sin \u00e1nimo de lucro que pretend\u00eda ayudar, mediante la geolog\u00eda, a las comunidades m\u00e1s desfavorecidas en temas de agua y saneamiento b\u00e1sico alrededor del mundo. GM ha ido cambiando y evolucionando en sus proyectos de cooperaci\u00f3n al desarrollo, a\u00f1adiendo entre\" \/>\r\n<meta property=\"og:url\" content=\"https:\/\/www.icog.es\/geologosdelmundo\/index.php\/plan-estrategico\/\" \/>\r\n<meta property=\"og:site_name\" content=\"Ge\u00f3logos del Mundo\" \/>\r\n<meta property=\"article:publisher\" content=\"https:\/\/www.facebook.com\/geologosdelmundo.worldgeologists\" \/>\r\n<meta property=\"article:modified_time\" content=\"2020-07-02T20:11:47+00:00\" \/>\r\n<meta property=\"og:image\" content=\"https:\/\/www.icog.es\/geologosdelmundo\/wp-content\/uploads\/2018\/06\/ods_CINU_pw.png\" \/>\r\n\t<meta property=\"og:image:width\" content=\"650\" \/>\r\n\t<meta property=\"og:image:height\" content=\"474\" \/>\r\n\t<meta property=\"og:image:type\" content=\"image\/png\" \/>\r\n<meta name=\"twitter:card\" content=\"summary_large_image\" \/>\r\n<meta name=\"twitter:site\" content=\"@Geologos_Mundo\" \/>\r\n<meta name=\"twitter:label1\" content=\"Tiempo de lectura\" \/>\n\t<meta name=\"twitter:data1\" content=\"1 minuto\" \/>\r\n<script type=\"application\/ld+json\" class=\"yoast-schema-graph\">{\"@context\":\"https:\/\/schema.org\",\"@graph\":[{\"@type\":\"WebPage\",\"@id\":\"https:\/\/www.icog.es\/geologosdelmundo\/index.php\/plan-estrategico\/\",\"url\":\"https:\/\/www.icog.es\/geologosdelmundo\/index.php\/plan-estrategico\/\",\"name\":\"Plan estrat\u00e9gico - Ge\u00f3logos del Mundo\",\"isPartOf\":{\"@id\":\"https:\/\/www.icog.es\/geologosdelmundo\/#website\"},\"primaryImageOfPage\":{\"@id\":\"https:\/\/www.icog.es\/geologosdelmundo\/index.php\/plan-estrategico\/#primaryimage\"},\"image\":{\"@id\":\"https:\/\/www.icog.es\/geologosdelmundo\/index.php\/plan-estrategico\/#primaryimage\"},\"thumbnailUrl\":\"https:\/\/www.icog.es\/geologosdelmundo\/wp-content\/uploads\/2018\/06\/ods_CINU_pw.png\",\"datePublished\":\"2020-07-02T18:19:36+00:00\",\"dateModified\":\"2020-07-02T20:11:47+00:00\",\"breadcrumb\":{\"@id\":\"https:\/\/www.icog.es\/geologosdelmundo\/index.php\/plan-estrategico\/#breadcrumb\"},\"inLanguage\":\"es\",\"potentialAction\":[{\"@type\":\"ReadAction\",\"target\":[\"https:\/\/www.icog.es\/geologosdelmundo\/index.php\/plan-estrategico\/\"]}]},{\"@type\":\"ImageObject\",\"inLanguage\":\"es\",\"@id\":\"https:\/\/www.icog.es\/geologosdelmundo\/index.php\/plan-estrategico\/#primaryimage\",\"url\":\"https:\/\/www.icog.es\/geologosdelmundo\/wp-content\/uploads\/2018\/06\/ods_CINU_pw.png\",\"contentUrl\":\"https:\/\/www.icog.es\/geologosdelmundo\/wp-content\/uploads\/2018\/06\/ods_CINU_pw.png\",\"width\":650,\"height\":474},{\"@type\":\"BreadcrumbList\",\"@id\":\"https:\/\/www.icog.es\/geologosdelmundo\/index.php\/plan-estrategico\/#breadcrumb\",\"itemListElement\":[{\"@type\":\"ListItem\",\"position\":1,\"name\":\"Portada\",\"item\":\"https:\/\/www.icog.es\/geologosdelmundo\/\"},{\"@type\":\"ListItem\",\"position\":2,\"name\":\"Plan estrat\u00e9gico\"}]},{\"@type\":\"WebSite\",\"@id\":\"https:\/\/www.icog.es\/geologosdelmundo\/#website\",\"url\":\"https:\/\/www.icog.es\/geologosdelmundo\/\",\"name\":\"Ge\u00f3logos del Mundo\",\"description\":\"La ONG Ge\u00f3logos del Mundo es una organizaci\u00f3n no gubernamental sin \u00e1nimo de lucro, creada en Espa\u00f1a el a\u00f1o 1999.\",\"potentialAction\":[{\"@type\":\"SearchAction\",\"target\":{\"@type\":\"EntryPoint\",\"urlTemplate\":\"https:\/\/www.icog.es\/geologosdelmundo\/?s={search_term_string}\"},\"query-input\":{\"@type\":\"PropertyValueSpecification\",\"valueRequired\":true,\"valueName\":\"search_term_string\"}}],\"inLanguage\":\"es\"}]}<\/script>\r\n<!-- \/ Yoast SEO plugin. -->","yoast_head_json":{"title":"Plan estrat\u00e9gico - Ge\u00f3logos del Mundo","robots":{"index":"index","follow":"follow","max-snippet":"max-snippet:-1","max-image-preview":"max-image-preview:large","max-video-preview":"max-video-preview:-1"},"canonical":"https:\/\/www.icog.es\/geologosdelmundo\/index.php\/plan-estrategico\/","og_locale":"es_ES","og_type":"article","og_title":"Plan estrat\u00e9gico - Ge\u00f3logos del Mundo","og_description":"Desde el nacimiento de Ge\u00f3logos del Mundo (GM) en el a\u00f1o 2009, como una organizaci\u00f3n sin \u00e1nimo de lucro que pretend\u00eda ayudar, mediante la geolog\u00eda, a las comunidades m\u00e1s desfavorecidas en temas de agua y saneamiento b\u00e1sico alrededor del mundo. GM ha ido cambiando y evolucionando en sus proyectos de cooperaci\u00f3n al desarrollo, a\u00f1adiendo entre","og_url":"https:\/\/www.icog.es\/geologosdelmundo\/index.php\/plan-estrategico\/","og_site_name":"Ge\u00f3logos del Mundo","article_publisher":"https:\/\/www.facebook.com\/geologosdelmundo.worldgeologists","article_modified_time":"2020-07-02T20:11:47+00:00","og_image":[{"width":650,"height":474,"url":"https:\/\/www.icog.es\/geologosdelmundo\/wp-content\/uploads\/2018\/06\/ods_CINU_pw.png","type":"image\/png"}],"twitter_card":"summary_large_image","twitter_site":"@Geologos_Mundo","twitter_misc":{"Tiempo de lectura":"1 minuto"},"schema":{"@context":"https:\/\/schema.org","@graph":[{"@type":"WebPage","@id":"https:\/\/www.icog.es\/geologosdelmundo\/index.php\/plan-estrategico\/","url":"https:\/\/www.icog.es\/geologosdelmundo\/index.php\/plan-estrategico\/","name":"Plan estrat\u00e9gico - Ge\u00f3logos del Mundo","isPartOf":{"@id":"https:\/\/www.icog.es\/geologosdelmundo\/#website"},"primaryImageOfPage":{"@id":"https:\/\/www.icog.es\/geologosdelmundo\/index.php\/plan-estrategico\/#primaryimage"},"image":{"@id":"https:\/\/www.icog.es\/geologosdelmundo\/index.php\/plan-estrategico\/#primaryimage"},"thumbnailUrl":"https:\/\/www.icog.es\/geologosdelmundo\/wp-content\/uploads\/2018\/06\/ods_CINU_pw.png","datePublished":"2020-07-02T18:19:36+00:00","dateModified":"2020-07-02T20:11:47+00:00","breadcrumb":{"@id":"https:\/\/www.icog.es\/geologosdelmundo\/index.php\/plan-estrategico\/#breadcrumb"},"inLanguage":"es","potentialAction":[{"@type":"ReadAction","target":["https:\/\/www.icog.es\/geologosdelmundo\/index.php\/plan-estrategico\/"]}]},{"@type":"ImageObject","inLanguage":"es","@id":"https:\/\/www.icog.es\/geologosdelmundo\/index.php\/plan-estrategico\/#primaryimage","url":"https:\/\/www.icog.es\/geologosdelmundo\/wp-content\/uploads\/2018\/06\/ods_CINU_pw.png","contentUrl":"https:\/\/www.icog.es\/geologosdelmundo\/wp-content\/uploads\/2018\/06\/ods_CINU_pw.png","width":650,"height":474},{"@type":"BreadcrumbList","@id":"https:\/\/www.icog.es\/geologosdelmundo\/index.php\/plan-estrategico\/#breadcrumb","itemListElement":[{"@type":"ListItem","position":1,"name":"Portada","item":"https:\/\/www.icog.es\/geologosdelmundo\/"},{"@type":"ListItem","position":2,"name":"Plan estrat\u00e9gico"}]},{"@type":"WebSite","@id":"https:\/\/www.icog.es\/geologosdelmundo\/#website","url":"https:\/\/www.icog.es\/geologosdelmundo\/","name":"Ge\u00f3logos del Mundo","description":"La ONG Ge\u00f3logos del Mundo es una organizaci\u00f3n no gubernamental sin \u00e1nimo de lucro, creada en Espa\u00f1a el a\u00f1o 1999.","potentialAction":[{"@type":"SearchAction","target":{"@type":"EntryPoint","urlTemplate":"https:\/\/www.icog.es\/geologosdelmundo\/?s={search_term_string}"},"query-input":{"@type":"PropertyValueSpecification","valueRequired":true,"valueName":"search_term_string"}}],"inLanguage":"es"}]}},"_links":{"self":[{"href":"https:\/\/www.icog.es\/geologosdelmundo\/index.php\/wp-json\/wp\/v2\/pages\/1320"}],"collection":[{"href":"https:\/\/www.icog.es\/geologosdelmundo\/index.php\/wp-json\/wp\/v2\/pages"}],"about":[{"href":"https:\/\/www.icog.es\/geologosdelmundo\/index.php\/wp-json\/wp\/v2\/types\/page"}],"author":[{"embeddable":true,"href":"https:\/\/www.icog.es\/geologosdelmundo\/index.php\/wp-json\/wp\/v2\/users\/2"}],"replies":[{"embeddable":true,"href":"https:\/\/www.icog.es\/geologosdelmundo\/index.php\/wp-json\/wp\/v2\/comments?post=1320"}],"version-history":[{"count":4,"href":"https:\/\/www.icog.es\/geologosdelmundo\/index.php\/wp-json\/wp\/v2\/pages\/1320\/revisions"}],"predecessor-version":[{"id":1337,"href":"https:\/\/www.icog.es\/geologosdelmundo\/index.php\/wp-json\/wp\/v2\/pages\/1320\/revisions\/1337"}],"wp:featuredmedia":[{"embeddable":true,"href":"https:\/\/www.icog.es\/geologosdelmundo\/index.php\/wp-json\/wp\/v2\/media\/893"}],"wp:attachment":[{"href":"https:\/\/www.icog.es\/geologosdelmundo\/index.php\/wp-json\/wp\/v2\/media?parent=1320"}],"curies":[{"name":"wp","href":"https:\/\/api.w.org\/{rel}","templated":true}]}}