{"id":12,"date":"2015-12-30T16:00:05","date_gmt":"2015-12-30T16:00:05","guid":{"rendered":"http:\/\/www.icog.es\/geologosdelmundo\/?page_id=12"},"modified":"2016-01-11T12:50:51","modified_gmt":"2016-01-11T12:50:51","slug":"finalidad-y-objetivos","status":"publish","type":"page","link":"https:\/\/www.icog.es\/geologosdelmundo\/index.php\/finalidad-y-objetivos\/","title":{"rendered":"Finalidad y objetivos"},"content":{"rendered":"<p style=\"text-align: justify;\"><img loading=\"lazy\" decoding=\"async\" class=\"alignleft size-full wp-image-13\" src=\"https:\/\/www.icog.es\/geologosdelmundo\/wp-content\/uploads\/AMSS2G-e1452516585589.jpg\" alt=\"AMSS2G\" width=\"480\" height=\"360\" srcset=\"https:\/\/www.icog.es\/geologosdelmundo\/wp-content\/uploads\/AMSS2G-e1452516585589.jpg 480w, https:\/\/www.icog.es\/geologosdelmundo\/wp-content\/uploads\/AMSS2G-e1452516585589-300x225.jpg 300w, https:\/\/www.icog.es\/geologosdelmundo\/wp-content\/uploads\/AMSS2G-e1452516585589-249x187.jpg 249w\" sizes=\"(max-width: 480px) 100vw, 480px\" \/>Los riesgos geol\u00f3gicos (terremotos, inundaciones, deslizamientos de tierras, etc.), la explotaci\u00f3n irracional de los recursos geol\u00f3gicos e hidrogeol\u00f3gicos y la falta de acceso a servicios b\u00e1sicos como el agua y el saneamiento constituyen graves impedimentos para que la poblaci\u00f3n pueda mantener una calidad de vida digna.<\/p>\n<p style=\"text-align: justify;\">Ante esta situaci\u00f3n Ge\u00f3logos del Mundo act\u00faa en aquellos casos en los que el control del factor geol\u00f3gico puede tener un papel determinante en el desarrollo de las regiones, especialmente de las m\u00e1s vulnerables y menos desarrolladas. El fin de Ge\u00f3logos del Mundo es el de contribuir a la mejora sostenible de las condiciones de vida de los sectores m\u00e1s vulnerables de la sociedad civil, con atenci\u00f3n especial a los pa\u00edses de mayor pobreza.<\/p>\n<p style=\"text-align: justify;\">Los objetivos de Ge\u00f3logos del Mundo son:<\/p>\n<ul>\n<li style=\"text-align: justify;\">Generar la informaci\u00f3n geol\u00f3gica e hidrogeol\u00f3gica y las herramientas de apoyo para la toma de decisiones en los \u00e1mbitos de la gesti\u00f3n de los riesgos y de los recursos naturales y promover el conocimiento de los procesos geol\u00f3gicos como base para el uso racional del suelo, la ordenaci\u00f3n territorial y la preparaci\u00f3n de las poblaciones que viven en zonas de riesgo.<\/li>\n<li style=\"text-align: justify;\">Concebir nuevos m\u00e9todos y formas de intervenci\u00f3n y realizar acciones participativas en regiones vulnerables por factores o causas geol\u00f3gicas o hidrol\u00f3gicas que contribuyan a la disminuci\u00f3n de los riesgos naturales, a la satisfacci\u00f3n de las necesidades b\u00e1sicas de la poblaci\u00f3n y a la reducci\u00f3n de la pobreza.<\/li>\n<li style=\"text-align: justify;\">Colaborar en el fortalecimiento de las instituciones competentes y en la formaci\u00f3n de los profesionales en ciencias de la tierra en las regiones donde se act\u00faa.<\/li>\n<li style=\"text-align: justify;\">Divulgar las problem\u00e1ticas y las estrategias recomendadas relativas a la gesti\u00f3n de riesgos y de los recursos naturales a las poblaciones interesadas.. Difundir y reforzar al nivel de la sociedad civil las capacidades de la geolog\u00eda y de los ge\u00f3logos para una gesti\u00f3n de riesgos y de recursos naturales de mayor impacto social.<\/li>\n<\/ul>\n","protected":false},"excerpt":{"rendered":"<p>Los riesgos geol\u00f3gicos (terremotos, inundaciones, deslizamientos de tierras, etc.), la explotaci\u00f3n irracional de los recursos geol\u00f3gicos e hidrogeol\u00f3gicos y la falta de acceso a servicios b\u00e1sicos como el agua y el saneamiento constituyen graves impedimentos para que la poblaci\u00f3n pueda mantener una calidad de vida digna. Ante esta situaci\u00f3n Ge\u00f3logos del Mundo act\u00faa en aquellos<\/p>\n","protected":false},"author":1,"featured_media":0,"parent":0,"menu_order":0,"comment_status":"closed","ping_status":"closed","template":"","meta":{"footnotes":""},"yoast_head":"<!-- This site is optimized with the Yoast SEO plugin v23.5 - https:\/\/yoast.com\/wordpress\/plugins\/seo\/ -->\r\n<title>Finalidad y objetivos - Ge\u00f3logos del Mundo<\/title>\r\n<meta name=\"robots\" content=\"index, follow, max-snippet:-1, max-image-preview:large, max-video-preview:-1\" \/>\r\n<link rel=\"canonical\" href=\"https:\/\/www.icog.es\/geologosdelmundo\/index.php\/finalidad-y-objetivos\/\" \/>\r\n<meta property=\"og:locale\" content=\"es_ES\" \/>\r\n<meta property=\"og:type\" content=\"article\" \/>\r\n<meta property=\"og:title\" content=\"Finalidad y objetivos - Ge\u00f3logos del Mundo\" \/>\r\n<meta property=\"og:description\" content=\"Los riesgos geol\u00f3gicos (terremotos, inundaciones, deslizamientos de tierras, etc.), la explotaci\u00f3n irracional de los recursos geol\u00f3gicos e hidrogeol\u00f3gicos y la falta de acceso a servicios b\u00e1sicos como el agua y el saneamiento constituyen graves impedimentos para que la poblaci\u00f3n pueda mantener una calidad de vida digna. Ante esta situaci\u00f3n Ge\u00f3logos del Mundo act\u00faa en aquellos\" \/>\r\n<meta property=\"og:url\" content=\"https:\/\/www.icog.es\/geologosdelmundo\/index.php\/finalidad-y-objetivos\/\" \/>\r\n<meta property=\"og:site_name\" content=\"Ge\u00f3logos del Mundo\" \/>\r\n<meta property=\"article:publisher\" content=\"https:\/\/www.facebook.com\/geologosdelmundo.worldgeologists\" \/>\r\n<meta property=\"article:modified_time\" content=\"2016-01-11T12:50:51+00:00\" \/>\r\n<meta property=\"og:image\" content=\"https:\/\/www.icog.es\/geologosdelmundo\/wp-content\/uploads\/AMSS2G-e1452516585589.jpg\" \/>\r\n<meta name=\"twitter:card\" content=\"summary_large_image\" \/>\r\n<meta name=\"twitter:site\" content=\"@Geologos_Mundo\" \/>\r\n<meta name=\"twitter:label1\" content=\"Tiempo de lectura\" \/>\n\t<meta name=\"twitter:data1\" content=\"2 minutos\" \/>\r\n<script type=\"application\/ld+json\" class=\"yoast-schema-graph\">{\"@context\":\"https:\/\/schema.org\",\"@graph\":[{\"@type\":\"WebPage\",\"@id\":\"https:\/\/www.icog.es\/geologosdelmundo\/index.php\/finalidad-y-objetivos\/\",\"url\":\"https:\/\/www.icog.es\/geologosdelmundo\/index.php\/finalidad-y-objetivos\/\",\"name\":\"Finalidad y objetivos - Ge\u00f3logos del Mundo\",\"isPartOf\":{\"@id\":\"https:\/\/www.icog.es\/geologosdelmundo\/#website\"},\"primaryImageOfPage\":{\"@id\":\"https:\/\/www.icog.es\/geologosdelmundo\/index.php\/finalidad-y-objetivos\/#primaryimage\"},\"image\":{\"@id\":\"https:\/\/www.icog.es\/geologosdelmundo\/index.php\/finalidad-y-objetivos\/#primaryimage\"},\"thumbnailUrl\":\"https:\/\/www.icog.es\/geologosdelmundo\/wp-content\/uploads\/AMSS2G-e1452516585589.jpg\",\"datePublished\":\"2015-12-30T16:00:05+00:00\",\"dateModified\":\"2016-01-11T12:50:51+00:00\",\"breadcrumb\":{\"@id\":\"https:\/\/www.icog.es\/geologosdelmundo\/index.php\/finalidad-y-objetivos\/#breadcrumb\"},\"inLanguage\":\"es\",\"potentialAction\":[{\"@type\":\"ReadAction\",\"target\":[\"https:\/\/www.icog.es\/geologosdelmundo\/index.php\/finalidad-y-objetivos\/\"]}]},{\"@type\":\"ImageObject\",\"inLanguage\":\"es\",\"@id\":\"https:\/\/www.icog.es\/geologosdelmundo\/index.php\/finalidad-y-objetivos\/#primaryimage\",\"url\":\"https:\/\/www.icog.es\/geologosdelmundo\/wp-content\/uploads\/AMSS2G-e1452516585589.jpg\",\"contentUrl\":\"https:\/\/www.icog.es\/geologosdelmundo\/wp-content\/uploads\/AMSS2G-e1452516585589.jpg\",\"width\":480,\"height\":360},{\"@type\":\"BreadcrumbList\",\"@id\":\"https:\/\/www.icog.es\/geologosdelmundo\/index.php\/finalidad-y-objetivos\/#breadcrumb\",\"itemListElement\":[{\"@type\":\"ListItem\",\"position\":1,\"name\":\"Portada\",\"item\":\"https:\/\/www.icog.es\/geologosdelmundo\/\"},{\"@type\":\"ListItem\",\"position\":2,\"name\":\"Finalidad y objetivos\"}]},{\"@type\":\"WebSite\",\"@id\":\"https:\/\/www.icog.es\/geologosdelmundo\/#website\",\"url\":\"https:\/\/www.icog.es\/geologosdelmundo\/\",\"name\":\"Ge\u00f3logos del Mundo\",\"description\":\"La ONG Ge\u00f3logos del Mundo es una organizaci\u00f3n no gubernamental sin \u00e1nimo de lucro, creada en Espa\u00f1a el a\u00f1o 1999.\",\"potentialAction\":[{\"@type\":\"SearchAction\",\"target\":{\"@type\":\"EntryPoint\",\"urlTemplate\":\"https:\/\/www.icog.es\/geologosdelmundo\/?s={search_term_string}\"},\"query-input\":{\"@type\":\"PropertyValueSpecification\",\"valueRequired\":true,\"valueName\":\"search_term_string\"}}],\"inLanguage\":\"es\"}]}<\/script>\r\n<!-- \/ Yoast SEO plugin. -->","yoast_head_json":{"title":"Finalidad y objetivos - Ge\u00f3logos del Mundo","robots":{"index":"index","follow":"follow","max-snippet":"max-snippet:-1","max-image-preview":"max-image-preview:large","max-video-preview":"max-video-preview:-1"},"canonical":"https:\/\/www.icog.es\/geologosdelmundo\/index.php\/finalidad-y-objetivos\/","og_locale":"es_ES","og_type":"article","og_title":"Finalidad y objetivos - Ge\u00f3logos del Mundo","og_description":"Los riesgos geol\u00f3gicos (terremotos, inundaciones, deslizamientos de tierras, etc.), la explotaci\u00f3n irracional de los recursos geol\u00f3gicos e hidrogeol\u00f3gicos y la falta de acceso a servicios b\u00e1sicos como el agua y el saneamiento constituyen graves impedimentos para que la poblaci\u00f3n pueda mantener una calidad de vida digna. Ante esta situaci\u00f3n Ge\u00f3logos del Mundo act\u00faa en aquellos","og_url":"https:\/\/www.icog.es\/geologosdelmundo\/index.php\/finalidad-y-objetivos\/","og_site_name":"Ge\u00f3logos del Mundo","article_publisher":"https:\/\/www.facebook.com\/geologosdelmundo.worldgeologists","article_modified_time":"2016-01-11T12:50:51+00:00","og_image":[{"url":"https:\/\/www.icog.es\/geologosdelmundo\/wp-content\/uploads\/AMSS2G-e1452516585589.jpg"}],"twitter_card":"summary_large_image","twitter_site":"@Geologos_Mundo","twitter_misc":{"Tiempo de lectura":"2 minutos"},"schema":{"@context":"https:\/\/schema.org","@graph":[{"@type":"WebPage","@id":"https:\/\/www.icog.es\/geologosdelmundo\/index.php\/finalidad-y-objetivos\/","url":"https:\/\/www.icog.es\/geologosdelmundo\/index.php\/finalidad-y-objetivos\/","name":"Finalidad y objetivos - Ge\u00f3logos del Mundo","isPartOf":{"@id":"https:\/\/www.icog.es\/geologosdelmundo\/#website"},"primaryImageOfPage":{"@id":"https:\/\/www.icog.es\/geologosdelmundo\/index.php\/finalidad-y-objetivos\/#primaryimage"},"image":{"@id":"https:\/\/www.icog.es\/geologosdelmundo\/index.php\/finalidad-y-objetivos\/#primaryimage"},"thumbnailUrl":"https:\/\/www.icog.es\/geologosdelmundo\/wp-content\/uploads\/AMSS2G-e1452516585589.jpg","datePublished":"2015-12-30T16:00:05+00:00","dateModified":"2016-01-11T12:50:51+00:00","breadcrumb":{"@id":"https:\/\/www.icog.es\/geologosdelmundo\/index.php\/finalidad-y-objetivos\/#breadcrumb"},"inLanguage":"es","potentialAction":[{"@type":"ReadAction","target":["https:\/\/www.icog.es\/geologosdelmundo\/index.php\/finalidad-y-objetivos\/"]}]},{"@type":"ImageObject","inLanguage":"es","@id":"https:\/\/www.icog.es\/geologosdelmundo\/index.php\/finalidad-y-objetivos\/#primaryimage","url":"https:\/\/www.icog.es\/geologosdelmundo\/wp-content\/uploads\/AMSS2G-e1452516585589.jpg","contentUrl":"https:\/\/www.icog.es\/geologosdelmundo\/wp-content\/uploads\/AMSS2G-e1452516585589.jpg","width":480,"height":360},{"@type":"BreadcrumbList","@id":"https:\/\/www.icog.es\/geologosdelmundo\/index.php\/finalidad-y-objetivos\/#breadcrumb","itemListElement":[{"@type":"ListItem","position":1,"name":"Portada","item":"https:\/\/www.icog.es\/geologosdelmundo\/"},{"@type":"ListItem","position":2,"name":"Finalidad y objetivos"}]},{"@type":"WebSite","@id":"https:\/\/www.icog.es\/geologosdelmundo\/#website","url":"https:\/\/www.icog.es\/geologosdelmundo\/","name":"Ge\u00f3logos del Mundo","description":"La ONG Ge\u00f3logos del Mundo es una organizaci\u00f3n no gubernamental sin \u00e1nimo de lucro, creada en Espa\u00f1a el a\u00f1o 1999.","potentialAction":[{"@type":"SearchAction","target":{"@type":"EntryPoint","urlTemplate":"https:\/\/www.icog.es\/geologosdelmundo\/?s={search_term_string}"},"query-input":{"@type":"PropertyValueSpecification","valueRequired":true,"valueName":"search_term_string"}}],"inLanguage":"es"}]}},"_links":{"self":[{"href":"https:\/\/www.icog.es\/geologosdelmundo\/index.php\/wp-json\/wp\/v2\/pages\/12"}],"collection":[{"href":"https:\/\/www.icog.es\/geologosdelmundo\/index.php\/wp-json\/wp\/v2\/pages"}],"about":[{"href":"https:\/\/www.icog.es\/geologosdelmundo\/index.php\/wp-json\/wp\/v2\/types\/page"}],"author":[{"embeddable":true,"href":"https:\/\/www.icog.es\/geologosdelmundo\/index.php\/wp-json\/wp\/v2\/users\/1"}],"replies":[{"embeddable":true,"href":"https:\/\/www.icog.es\/geologosdelmundo\/index.php\/wp-json\/wp\/v2\/comments?post=12"}],"version-history":[{"count":4,"href":"https:\/\/www.icog.es\/geologosdelmundo\/index.php\/wp-json\/wp\/v2\/pages\/12\/revisions"}],"predecessor-version":[{"id":144,"href":"https:\/\/www.icog.es\/geologosdelmundo\/index.php\/wp-json\/wp\/v2\/pages\/12\/revisions\/144"}],"wp:attachment":[{"href":"https:\/\/www.icog.es\/geologosdelmundo\/index.php\/wp-json\/wp\/v2\/media?parent=12"}],"curies":[{"name":"wp","href":"https:\/\/api.w.org\/{rel}","templated":true}]}}