{"id":102,"date":"2016-01-05T11:20:26","date_gmt":"2016-01-05T11:20:26","guid":{"rendered":"http:\/\/www.icog.es\/geologosdelmundo\/?page_id=102"},"modified":"2021-11-04T13:57:22","modified_gmt":"2021-11-04T11:57:22","slug":"socio","status":"publish","type":"page","link":"https:\/\/www.icog.es\/geologosdelmundo\/index.php\/socio\/","title":{"rendered":"Socio"},"content":{"rendered":"<p style=\"text-align: justify;\">En Espa\u00f1a, se aplican deducciones fiscales sobre las donaciones a ONGDs:<\/p>\n<div class=\"col-sm-12 col-md-6\">\n<div class=\"left-side\">\n<ul class=\"features\">\n<li>\n<p class=\"screenshot-box__feature-title element-scheme__hdg1\">DESDE 2021 CUANDO REALIZAS UN DONATIVO, DESGRAVAS EL 80% EN LOS PRIMEROS 150 EUROS DE APORTACI\u00d3N, O SEA QUE SI PAGAS 150 EUROS DE CUOTA TU CUOTA ANUAL TE SALDR\u00c1 EN 30 EUROS.<\/p>\n<\/li>\n<li>\n<p class=\"screenshot-box__feature-title element-scheme__hdg1\">DE CADA 10\u20ac QUE RECIBIMOS, 9,3 EUROS VAN DIRECTAMENTE A LOS BENEFICIARIOS EN TERRENO Y 0,7 EUROS SE DESTINAN A LOS GASTOS DE ADMINISTRACI\u00d3N Y LOG\u00cdSTICA.<\/p>\n<\/li>\n<\/ul>\n<p><a class=\"btn btn-fullcolor btn-third\" title=\"M\u00e1s informaci\u00f3n\" href=\"https:\/\/www.icog.es\/geologosdelmundo\/index.php\/2015\/12\/03\/con-la-nueva-ley-aumenta-tu-ayuda-con-menor-coste-real\/\" target=\"_self\" rel=\"noopener\">M\u00e1s informaci\u00f3n<\/a><\/div>\n<\/div>\n<div class=\"col-sm-12 col-md-6\">\n<div class=\"thescreenshot\">\n<div class=\"slick-list draggable\">\n<div class=\"slick-track\">\n<ul>\n<li id=\"slick-slide00\" class=\"u-slick-show1stOnly slick-slide slick-current slick-active slick-item--activated\" tabindex=\"0\" role=\"tabpanel\" data-slick-index=\"0\" aria-hidden=\"false\" aria-describedby=\"slick-slide-control00\"><img loading=\"lazy\" decoding=\"async\" title=\"cooperacion_economia\" src=\"https:\/\/www.icog.es\/geologosdelmundo\/wp-content\/uploads\/cooperacion_economia-e1451738118919-580x380_c.jpg\" alt=\"\" width=\"580\" height=\"380\" \/><\/li>\n<\/ul>\n<\/div>\n<\/div>\n<div class=\"znSlickDots\"><\/div>\n<\/div>\n<\/div>\n<p style=\"text-align: justify;\">\n","protected":false},"excerpt":{"rendered":"<p>En Espa\u00f1a, se aplican deducciones fiscales sobre las donaciones a ONGDs: DESDE 2021 CUANDO REALIZAS UN DONATIVO, DESGRAVAS EL 80% EN LOS PRIMEROS 150 EUROS DE APORTACI\u00d3N, O SEA QUE SI PAGAS 150 EUROS DE CUOTA TU CUOTA ANUAL TE SALDR\u00c1 EN 30 EUROS. DE CADA 10\u20ac QUE RECIBIMOS, 9,3 EUROS VAN DIRECTAMENTE A LOS<\/p>\n","protected":false},"author":1,"featured_media":232,"parent":0,"menu_order":0,"comment_status":"closed","ping_status":"closed","template":"","meta":{"footnotes":""},"yoast_head":"<!-- This site is optimized with the Yoast SEO plugin v23.5 - https:\/\/yoast.com\/wordpress\/plugins\/seo\/ -->\r\n<title>Socio - Ge\u00f3logos del Mundo<\/title>\r\n<meta name=\"description\" content=\"Modify your meta description by editing it right here\" \/>\r\n<meta name=\"robots\" content=\"index, follow, max-snippet:-1, max-image-preview:large, max-video-preview:-1\" \/>\r\n<link rel=\"canonical\" href=\"https:\/\/www.icog.es\/geologosdelmundo\/index.php\/socio\/\" \/>\r\n<meta property=\"og:locale\" content=\"es_ES\" \/>\r\n<meta property=\"og:type\" content=\"article\" \/>\r\n<meta property=\"og:title\" content=\"Hazte socio de Ge\u00f3logos del Mundo\" \/>\r\n<meta property=\"og:description\" content=\"En Espa\u00f1a, se aplican deducciones fiscales sobre las donaciones a ONGD, a trav\u00e9s de las cuales el estado te devuelve el 50% en 2015 y el 75% a partir de 2016. Anualmente te enviaremos un certificado acreditativo de tu aportaci\u00f3n.\" \/>\r\n<meta property=\"og:url\" content=\"https:\/\/www.icog.es\/geologosdelmundo\/index.php\/socio\/\" \/>\r\n<meta property=\"og:site_name\" content=\"Ge\u00f3logos del Mundo\" \/>\r\n<meta property=\"article:publisher\" content=\"https:\/\/www.facebook.com\/geologosdelmundo.worldgeologists\" \/>\r\n<meta property=\"article:modified_time\" content=\"2021-11-04T11:57:22+00:00\" \/>\r\n<meta property=\"og:image\" content=\"https:\/\/www.icog.es\/geologosdelmundo\/wp-content\/uploads\/2016\/01\/assaig-bombeig-038-e1453204881185.jpg\" \/>\r\n\t<meta property=\"og:image:width\" content=\"3264\" \/>\r\n\t<meta property=\"og:image:height\" content=\"2448\" \/>\r\n\t<meta property=\"og:image:type\" content=\"image\/jpeg\" \/>\r\n<meta name=\"twitter:card\" content=\"summary_large_image\" \/>\r\n<meta name=\"twitter:title\" content=\"Hazte socio de Ge\u00f3logos del Mundo\" \/>\r\n<meta name=\"twitter:description\" content=\"En Espa\u00f1a, se aplican deducciones fiscales sobre las donaciones a ONGD, a trav\u00e9s de las cuales el estado te devuelve el 50% en 2015 y el 75% a partir de 2016. Anualmente te enviaremos un certificado acreditativo de tu aportaci\u00f3n.\" \/>\r\n<meta name=\"twitter:image\" content=\"https:\/\/www.icog.es\/geologosdelmundo\/wp-content\/uploads\/2016\/01\/assaig-bombeig-038-e1666006290564.jpg\" \/>\r\n<meta name=\"twitter:site\" content=\"@Geologos_Mundo\" \/>\r\n<meta name=\"twitter:label1\" content=\"Tiempo de lectura\" \/>\n\t<meta name=\"twitter:data1\" content=\"1 minuto\" \/>\r\n<script type=\"application\/ld+json\" class=\"yoast-schema-graph\">{\"@context\":\"https:\/\/schema.org\",\"@graph\":[{\"@type\":\"WebPage\",\"@id\":\"https:\/\/www.icog.es\/geologosdelmundo\/index.php\/socio\/\",\"url\":\"https:\/\/www.icog.es\/geologosdelmundo\/index.php\/socio\/\",\"name\":\"Socio - Ge\u00f3logos del Mundo\",\"isPartOf\":{\"@id\":\"https:\/\/www.icog.es\/geologosdelmundo\/#website\"},\"primaryImageOfPage\":{\"@id\":\"https:\/\/www.icog.es\/geologosdelmundo\/index.php\/socio\/#primaryimage\"},\"image\":{\"@id\":\"https:\/\/www.icog.es\/geologosdelmundo\/index.php\/socio\/#primaryimage\"},\"thumbnailUrl\":\"https:\/\/www.icog.es\/geologosdelmundo\/wp-content\/uploads\/2016\/01\/assaig-bombeig-038-e1666006290564.jpg\",\"datePublished\":\"2016-01-05T11:20:26+00:00\",\"dateModified\":\"2021-11-04T11:57:22+00:00\",\"description\":\"Modify your meta description by editing it right here\",\"breadcrumb\":{\"@id\":\"https:\/\/www.icog.es\/geologosdelmundo\/index.php\/socio\/#breadcrumb\"},\"inLanguage\":\"es\",\"potentialAction\":[{\"@type\":\"ReadAction\",\"target\":[\"https:\/\/www.icog.es\/geologosdelmundo\/index.php\/socio\/\"]}]},{\"@type\":\"ImageObject\",\"inLanguage\":\"es\",\"@id\":\"https:\/\/www.icog.es\/geologosdelmundo\/index.php\/socio\/#primaryimage\",\"url\":\"https:\/\/www.icog.es\/geologosdelmundo\/wp-content\/uploads\/2016\/01\/assaig-bombeig-038-e1666006290564.jpg\",\"contentUrl\":\"https:\/\/www.icog.es\/geologosdelmundo\/wp-content\/uploads\/2016\/01\/assaig-bombeig-038-e1666006290564.jpg\",\"width\":1200,\"height\":900},{\"@type\":\"BreadcrumbList\",\"@id\":\"https:\/\/www.icog.es\/geologosdelmundo\/index.php\/socio\/#breadcrumb\",\"itemListElement\":[{\"@type\":\"ListItem\",\"position\":1,\"name\":\"Portada\",\"item\":\"https:\/\/www.icog.es\/geologosdelmundo\/\"},{\"@type\":\"ListItem\",\"position\":2,\"name\":\"Socio\"}]},{\"@type\":\"WebSite\",\"@id\":\"https:\/\/www.icog.es\/geologosdelmundo\/#website\",\"url\":\"https:\/\/www.icog.es\/geologosdelmundo\/\",\"name\":\"Ge\u00f3logos del Mundo\",\"description\":\"La ONG Ge\u00f3logos del Mundo es una organizaci\u00f3n no gubernamental sin \u00e1nimo de lucro, creada en Espa\u00f1a el a\u00f1o 1999.\",\"potentialAction\":[{\"@type\":\"SearchAction\",\"target\":{\"@type\":\"EntryPoint\",\"urlTemplate\":\"https:\/\/www.icog.es\/geologosdelmundo\/?s={search_term_string}\"},\"query-input\":{\"@type\":\"PropertyValueSpecification\",\"valueRequired\":true,\"valueName\":\"search_term_string\"}}],\"inLanguage\":\"es\"}]}<\/script>\r\n<!-- \/ Yoast SEO plugin. -->","yoast_head_json":{"title":"Socio - Ge\u00f3logos del Mundo","description":"Modify your meta description by editing it right here","robots":{"index":"index","follow":"follow","max-snippet":"max-snippet:-1","max-image-preview":"max-image-preview:large","max-video-preview":"max-video-preview:-1"},"canonical":"https:\/\/www.icog.es\/geologosdelmundo\/index.php\/socio\/","og_locale":"es_ES","og_type":"article","og_title":"Hazte socio de Ge\u00f3logos del Mundo","og_description":"En Espa\u00f1a, se aplican deducciones fiscales sobre las donaciones a ONGD, a trav\u00e9s de las cuales el estado te devuelve el 50% en 2015 y el 75% a partir de 2016. Anualmente te enviaremos un certificado acreditativo de tu aportaci\u00f3n.","og_url":"https:\/\/www.icog.es\/geologosdelmundo\/index.php\/socio\/","og_site_name":"Ge\u00f3logos del Mundo","article_publisher":"https:\/\/www.facebook.com\/geologosdelmundo.worldgeologists","article_modified_time":"2021-11-04T11:57:22+00:00","og_image":[{"width":3264,"height":2448,"url":"https:\/\/www.icog.es\/geologosdelmundo\/wp-content\/uploads\/2016\/01\/assaig-bombeig-038-e1453204881185.jpg","type":"image\/jpeg"}],"twitter_card":"summary_large_image","twitter_title":"Hazte socio de Ge\u00f3logos del Mundo","twitter_description":"En Espa\u00f1a, se aplican deducciones fiscales sobre las donaciones a ONGD, a trav\u00e9s de las cuales el estado te devuelve el 50% en 2015 y el 75% a partir de 2016. Anualmente te enviaremos un certificado acreditativo de tu aportaci\u00f3n.","twitter_image":"https:\/\/www.icog.es\/geologosdelmundo\/wp-content\/uploads\/2016\/01\/assaig-bombeig-038-e1666006290564.jpg","twitter_site":"@Geologos_Mundo","twitter_misc":{"Tiempo de lectura":"1 minuto"},"schema":{"@context":"https:\/\/schema.org","@graph":[{"@type":"WebPage","@id":"https:\/\/www.icog.es\/geologosdelmundo\/index.php\/socio\/","url":"https:\/\/www.icog.es\/geologosdelmundo\/index.php\/socio\/","name":"Socio - Ge\u00f3logos del Mundo","isPartOf":{"@id":"https:\/\/www.icog.es\/geologosdelmundo\/#website"},"primaryImageOfPage":{"@id":"https:\/\/www.icog.es\/geologosdelmundo\/index.php\/socio\/#primaryimage"},"image":{"@id":"https:\/\/www.icog.es\/geologosdelmundo\/index.php\/socio\/#primaryimage"},"thumbnailUrl":"https:\/\/www.icog.es\/geologosdelmundo\/wp-content\/uploads\/2016\/01\/assaig-bombeig-038-e1666006290564.jpg","datePublished":"2016-01-05T11:20:26+00:00","dateModified":"2021-11-04T11:57:22+00:00","description":"Modify your meta description by editing it right here","breadcrumb":{"@id":"https:\/\/www.icog.es\/geologosdelmundo\/index.php\/socio\/#breadcrumb"},"inLanguage":"es","potentialAction":[{"@type":"ReadAction","target":["https:\/\/www.icog.es\/geologosdelmundo\/index.php\/socio\/"]}]},{"@type":"ImageObject","inLanguage":"es","@id":"https:\/\/www.icog.es\/geologosdelmundo\/index.php\/socio\/#primaryimage","url":"https:\/\/www.icog.es\/geologosdelmundo\/wp-content\/uploads\/2016\/01\/assaig-bombeig-038-e1666006290564.jpg","contentUrl":"https:\/\/www.icog.es\/geologosdelmundo\/wp-content\/uploads\/2016\/01\/assaig-bombeig-038-e1666006290564.jpg","width":1200,"height":900},{"@type":"BreadcrumbList","@id":"https:\/\/www.icog.es\/geologosdelmundo\/index.php\/socio\/#breadcrumb","itemListElement":[{"@type":"ListItem","position":1,"name":"Portada","item":"https:\/\/www.icog.es\/geologosdelmundo\/"},{"@type":"ListItem","position":2,"name":"Socio"}]},{"@type":"WebSite","@id":"https:\/\/www.icog.es\/geologosdelmundo\/#website","url":"https:\/\/www.icog.es\/geologosdelmundo\/","name":"Ge\u00f3logos del Mundo","description":"La ONG Ge\u00f3logos del Mundo es una organizaci\u00f3n no gubernamental sin \u00e1nimo de lucro, creada en Espa\u00f1a el a\u00f1o 1999.","potentialAction":[{"@type":"SearchAction","target":{"@type":"EntryPoint","urlTemplate":"https:\/\/www.icog.es\/geologosdelmundo\/?s={search_term_string}"},"query-input":{"@type":"PropertyValueSpecification","valueRequired":true,"valueName":"search_term_string"}}],"inLanguage":"es"}]}},"_links":{"self":[{"href":"https:\/\/www.icog.es\/geologosdelmundo\/index.php\/wp-json\/wp\/v2\/pages\/102"}],"collection":[{"href":"https:\/\/www.icog.es\/geologosdelmundo\/index.php\/wp-json\/wp\/v2\/pages"}],"about":[{"href":"https:\/\/www.icog.es\/geologosdelmundo\/index.php\/wp-json\/wp\/v2\/types\/page"}],"author":[{"embeddable":true,"href":"https:\/\/www.icog.es\/geologosdelmundo\/index.php\/wp-json\/wp\/v2\/users\/1"}],"replies":[{"embeddable":true,"href":"https:\/\/www.icog.es\/geologosdelmundo\/index.php\/wp-json\/wp\/v2\/comments?post=102"}],"version-history":[{"count":5,"href":"https:\/\/www.icog.es\/geologosdelmundo\/index.php\/wp-json\/wp\/v2\/pages\/102\/revisions"}],"predecessor-version":[{"id":1841,"href":"https:\/\/www.icog.es\/geologosdelmundo\/index.php\/wp-json\/wp\/v2\/pages\/102\/revisions\/1841"}],"wp:featuredmedia":[{"embeddable":true,"href":"https:\/\/www.icog.es\/geologosdelmundo\/index.php\/wp-json\/wp\/v2\/media\/232"}],"wp:attachment":[{"href":"https:\/\/www.icog.es\/geologosdelmundo\/index.php\/wp-json\/wp\/v2\/media?parent=102"}],"curies":[{"name":"wp","href":"https:\/\/api.w.org\/{rel}","templated":true}]}}