{"id":759,"date":"2013-09-18T14:49:27","date_gmt":"2013-09-18T14:49:27","guid":{"rendered":"http:\/\/www.icog.es\/cursos\/?page_id=759"},"modified":"2013-09-18T14:53:18","modified_gmt":"2013-09-18T14:53:18","slug":"coworking","status":"publish","type":"page","link":"https:\/\/www.icog.es\/cursos\/index.php\/coworking\/","title":{"rendered":"Coworking"},"content":{"rendered":"<p style=\"text-align: justify;\"><a href=\"https:\/\/www.icog.es\/cursos\/wp-content\/uploads\/2013\/09\/coworkingicog.jpg\"><img loading=\"lazy\" decoding=\"async\" class=\" wp-image-760 alignleft\" alt=\"coworkingicog\" src=\"https:\/\/www.icog.es\/cursos\/wp-content\/uploads\/2013\/09\/coworkingicog-300x187.jpg\" width=\"300\" height=\"187\" srcset=\"https:\/\/www.icog.es\/cursos\/wp-content\/uploads\/2013\/09\/coworkingicog-300x187.jpg 300w, https:\/\/www.icog.es\/cursos\/wp-content\/uploads\/2013\/09\/coworkingicog.jpg 718w\" sizes=\"auto, (max-width: 300px) 100vw, 300px\" \/><\/a>La Escuela de Geolog\u00eda Profesional se encuentra dentro del Colegio Oficial de Ge\u00f3logos de Espa\u00f1a (ICOG), en este sentido el\u00a0ICOG dispone de un espacio de &#8216;coworking&#8217; destinado, fundamentalmente, a los profesionales de ciencias con el objetivo de aprovechar sinergias y proyectos comunes.<\/p>\n<p style=\"text-align: justify;\"><span style=\"font-size: 13px; line-height: 19px;\">El &#8216;coworking&#8217; favorece las relaciones comerciales en un entorno din\u00e1mico e inspirador\u00bby es una alternativa a muchos trabajadores independientes y microempresas que operan desde casa.\u00a0<\/span>A su vez refuerza la sensaci\u00f3n de esp\u00edritu comunitario y permite reducir los gastos mensuales por alquilar una oficina convencional.<\/p>\n<p style=\"text-align: justify;\">En concreto <strong>los espacios disponibles son seis puestos de trabajo individuales, despacho personal, sala de reuniones y la sala de formaci\u00f3n de la Escuela de Geolog\u00eda Profesional<\/strong>\u00a0y todo el material necesario para llevar a cabo la labor como mesas, armarios, acceso a internet y otras necesidades.<\/p>\n<p style=\"text-align: justify;\">Por \u00faltimo el Colegio de Geologos ha remarcado que todos los profesionales que alquilen estos espacios tendr\u00e1n la oportunidad de acceder a descuentos en los cursos de formaci\u00f3n organizados por el propio Colegio.<\/p>\n<p style=\"text-align: justify;\"><a href=\"http:\/\/www.icog.es\/coworking\/\" target=\"_blank\"><span style=\"color: #0000ff;\">M\u00e1s informaci\u00f3n sobre el espacio de coworking del ICOG aqu\u00ed.<\/span><\/a><\/p>\n<p style=\"text-align: center;\"><a href=\"http:\/\/www.icog.es\/coworking\/\"><img loading=\"lazy\" decoding=\"async\" class=\"size-full wp-image-763 aligncenter\" title=\"Espacio de coworking del Colegio Oficial de Ge\u00f3logos en Madrid\" alt=\"coworkingicogtw\" src=\"https:\/\/www.icog.es\/cursos\/wp-content\/uploads\/2013\/09\/coworkingicogtw.jpg\" width=\"630\" height=\"810\" srcset=\"https:\/\/www.icog.es\/cursos\/wp-content\/uploads\/2013\/09\/coworkingicogtw.jpg 630w, https:\/\/www.icog.es\/cursos\/wp-content\/uploads\/2013\/09\/coworkingicogtw-233x300.jpg 233w\" sizes=\"auto, (max-width: 630px) 100vw, 630px\" \/><\/a><\/p>\n","protected":false},"excerpt":{"rendered":"<p>La Escuela de Geolog\u00eda Profesional se encuentra dentro del Colegio Oficial de Ge\u00f3logos de Espa\u00f1a (ICOG), en este sentido el\u00a0ICOG dispone de un espacio de &#8216;coworking&#8217; destinado, fundamentalmente, a los profesionales de ciencias con el objetivo de aprovechar sinergias y proyectos comunes. El &#8216;coworking&#8217; favorece las relaciones comerciales en un entorno din\u00e1mico e inspirador\u00bby es<\/p>\n","protected":false},"author":1,"featured_media":0,"parent":0,"menu_order":0,"comment_status":"open","ping_status":"open","template":"","meta":{"footnotes":""},"class_list":["post-759","page","type-page","status-publish","hentry"],"yoast_head":"<!-- This site is optimized with the Yoast SEO plugin v25.4 - https:\/\/yoast.com\/wordpress\/plugins\/seo\/ -->\r\n<title>Coworking - Escuela de Geolog\u00eda Profesional<\/title>\r\n<meta name=\"description\" content=\"Espacio de coworking disponible en la sede en Madrid del Colegio Oficial de Ge\u00f3logos de Espa\u00f1a.\" \/>\r\n<meta name=\"robots\" content=\"index, follow, max-snippet:-1, max-image-preview:large, max-video-preview:-1\" \/>\r\n<link rel=\"canonical\" href=\"https:\/\/www.icog.es\/cursos\/index.php\/coworking\/\" \/>\r\n<meta name=\"twitter:card\" content=\"summary_large_image\" \/>\r\n<meta name=\"twitter:title\" content=\"Coworking - Escuela de Geolog\u00eda Profesional\" \/>\r\n<meta name=\"twitter:description\" content=\"Espacio de coworking disponible en la sede en Madrid del Colegio Oficial de Ge\u00f3logos de Espa\u00f1a.\" \/>\r\n<meta name=\"twitter:image\" content=\"https:\/\/www.icog.es\/cursos\/wp-content\/uploads\/2013\/09\/coworkingicog.jpg\" \/>\r\n<meta name=\"twitter:site\" content=\"@cgeologos\" \/>\r\n<meta name=\"twitter:label1\" content=\"Tiempo de lectura\" \/>\n\t<meta name=\"twitter:data1\" content=\"1 minuto\" \/>\r\n<script type=\"application\/ld+json\" class=\"yoast-schema-graph\">{\"@context\":\"https:\/\/schema.org\",\"@graph\":[{\"@type\":\"WebPage\",\"@id\":\"https:\/\/www.icog.es\/cursos\/index.php\/coworking\/\",\"url\":\"https:\/\/www.icog.es\/cursos\/index.php\/coworking\/\",\"name\":\"Coworking - Escuela de Geolog\u00eda Profesional\",\"isPartOf\":{\"@id\":\"https:\/\/www.icog.es\/cursos\/#website\"},\"primaryImageOfPage\":{\"@id\":\"https:\/\/www.icog.es\/cursos\/index.php\/coworking\/#primaryimage\"},\"image\":{\"@id\":\"https:\/\/www.icog.es\/cursos\/index.php\/coworking\/#primaryimage\"},\"thumbnailUrl\":\"https:\/\/www.icog.es\/cursos\/wp-content\/uploads\/2013\/09\/coworkingicog-300x187.jpg\",\"datePublished\":\"2013-09-18T14:49:27+00:00\",\"dateModified\":\"2013-09-18T14:53:18+00:00\",\"description\":\"Espacio de coworking disponible en la sede en Madrid del Colegio Oficial de Ge\u00f3logos de Espa\u00f1a.\",\"breadcrumb\":{\"@id\":\"https:\/\/www.icog.es\/cursos\/index.php\/coworking\/#breadcrumb\"},\"inLanguage\":\"es\",\"potentialAction\":[{\"@type\":\"ReadAction\",\"target\":[\"https:\/\/www.icog.es\/cursos\/index.php\/coworking\/\"]}]},{\"@type\":\"ImageObject\",\"inLanguage\":\"es\",\"@id\":\"https:\/\/www.icog.es\/cursos\/index.php\/coworking\/#primaryimage\",\"url\":\"https:\/\/www.icog.es\/cursos\/wp-content\/uploads\/2013\/09\/coworkingicog.jpg\",\"contentUrl\":\"https:\/\/www.icog.es\/cursos\/wp-content\/uploads\/2013\/09\/coworkingicog.jpg\",\"width\":718,\"height\":448},{\"@type\":\"BreadcrumbList\",\"@id\":\"https:\/\/www.icog.es\/cursos\/index.php\/coworking\/#breadcrumb\",\"itemListElement\":[{\"@type\":\"ListItem\",\"position\":1,\"name\":\"Portada\",\"item\":\"https:\/\/www.icog.es\/cursos\/\"},{\"@type\":\"ListItem\",\"position\":2,\"name\":\"Coworking\"}]},{\"@type\":\"WebSite\",\"@id\":\"https:\/\/www.icog.es\/cursos\/#website\",\"url\":\"https:\/\/www.icog.es\/cursos\/\",\"name\":\"Escuela de Geolog\u00eda Profesional\",\"description\":\"Actividades formativas del Ilustre Colegio Oficial de Ge\u00f3logos (Espa\u00f1a)\",\"potentialAction\":[{\"@type\":\"SearchAction\",\"target\":{\"@type\":\"EntryPoint\",\"urlTemplate\":\"https:\/\/www.icog.es\/cursos\/?s={search_term_string}\"},\"query-input\":{\"@type\":\"PropertyValueSpecification\",\"valueRequired\":true,\"valueName\":\"search_term_string\"}}],\"inLanguage\":\"es\"}]}<\/script>\r\n<!-- \/ Yoast SEO plugin. -->","yoast_head_json":{"title":"Coworking - Escuela de Geolog\u00eda Profesional","description":"Espacio de coworking disponible en la sede en Madrid del Colegio Oficial de Ge\u00f3logos de Espa\u00f1a.","robots":{"index":"index","follow":"follow","max-snippet":"max-snippet:-1","max-image-preview":"max-image-preview:large","max-video-preview":"max-video-preview:-1"},"canonical":"https:\/\/www.icog.es\/cursos\/index.php\/coworking\/","twitter_card":"summary_large_image","twitter_title":"Coworking - Escuela de Geolog\u00eda Profesional","twitter_description":"Espacio de coworking disponible en la sede en Madrid del Colegio Oficial de Ge\u00f3logos de Espa\u00f1a.","twitter_image":"https:\/\/www.icog.es\/cursos\/wp-content\/uploads\/2013\/09\/coworkingicog.jpg","twitter_site":"@cgeologos","twitter_misc":{"Tiempo de lectura":"1 minuto"},"schema":{"@context":"https:\/\/schema.org","@graph":[{"@type":"WebPage","@id":"https:\/\/www.icog.es\/cursos\/index.php\/coworking\/","url":"https:\/\/www.icog.es\/cursos\/index.php\/coworking\/","name":"Coworking - Escuela de Geolog\u00eda Profesional","isPartOf":{"@id":"https:\/\/www.icog.es\/cursos\/#website"},"primaryImageOfPage":{"@id":"https:\/\/www.icog.es\/cursos\/index.php\/coworking\/#primaryimage"},"image":{"@id":"https:\/\/www.icog.es\/cursos\/index.php\/coworking\/#primaryimage"},"thumbnailUrl":"https:\/\/www.icog.es\/cursos\/wp-content\/uploads\/2013\/09\/coworkingicog-300x187.jpg","datePublished":"2013-09-18T14:49:27+00:00","dateModified":"2013-09-18T14:53:18+00:00","description":"Espacio de coworking disponible en la sede en Madrid del Colegio Oficial de Ge\u00f3logos de Espa\u00f1a.","breadcrumb":{"@id":"https:\/\/www.icog.es\/cursos\/index.php\/coworking\/#breadcrumb"},"inLanguage":"es","potentialAction":[{"@type":"ReadAction","target":["https:\/\/www.icog.es\/cursos\/index.php\/coworking\/"]}]},{"@type":"ImageObject","inLanguage":"es","@id":"https:\/\/www.icog.es\/cursos\/index.php\/coworking\/#primaryimage","url":"https:\/\/www.icog.es\/cursos\/wp-content\/uploads\/2013\/09\/coworkingicog.jpg","contentUrl":"https:\/\/www.icog.es\/cursos\/wp-content\/uploads\/2013\/09\/coworkingicog.jpg","width":718,"height":448},{"@type":"BreadcrumbList","@id":"https:\/\/www.icog.es\/cursos\/index.php\/coworking\/#breadcrumb","itemListElement":[{"@type":"ListItem","position":1,"name":"Portada","item":"https:\/\/www.icog.es\/cursos\/"},{"@type":"ListItem","position":2,"name":"Coworking"}]},{"@type":"WebSite","@id":"https:\/\/www.icog.es\/cursos\/#website","url":"https:\/\/www.icog.es\/cursos\/","name":"Escuela de Geolog\u00eda Profesional","description":"Actividades formativas del Ilustre Colegio Oficial de Ge\u00f3logos (Espa\u00f1a)","potentialAction":[{"@type":"SearchAction","target":{"@type":"EntryPoint","urlTemplate":"https:\/\/www.icog.es\/cursos\/?s={search_term_string}"},"query-input":{"@type":"PropertyValueSpecification","valueRequired":true,"valueName":"search_term_string"}}],"inLanguage":"es"}]}},"amp_enabled":true,"_links":{"self":[{"href":"https:\/\/www.icog.es\/cursos\/index.php\/wp-json\/wp\/v2\/pages\/759","targetHints":{"allow":["GET"]}}],"collection":[{"href":"https:\/\/www.icog.es\/cursos\/index.php\/wp-json\/wp\/v2\/pages"}],"about":[{"href":"https:\/\/www.icog.es\/cursos\/index.php\/wp-json\/wp\/v2\/types\/page"}],"author":[{"embeddable":true,"href":"https:\/\/www.icog.es\/cursos\/index.php\/wp-json\/wp\/v2\/users\/1"}],"replies":[{"embeddable":true,"href":"https:\/\/www.icog.es\/cursos\/index.php\/wp-json\/wp\/v2\/comments?post=759"}],"version-history":[{"count":4,"href":"https:\/\/www.icog.es\/cursos\/index.php\/wp-json\/wp\/v2\/pages\/759\/revisions"}],"predecessor-version":[{"id":766,"href":"https:\/\/www.icog.es\/cursos\/index.php\/wp-json\/wp\/v2\/pages\/759\/revisions\/766"}],"wp:attachment":[{"href":"https:\/\/www.icog.es\/cursos\/index.php\/wp-json\/wp\/v2\/media?parent=759"}],"curies":[{"name":"wp","href":"https:\/\/api.w.org\/{rel}","templated":true}]}}