{"id":750,"date":"2013-09-18T14:31:32","date_gmt":"2013-09-18T14:31:32","guid":{"rendered":"http:\/\/www.icog.es\/cursos\/?page_id=750"},"modified":"2013-09-18T14:39:53","modified_gmt":"2013-09-18T14:39:53","slug":"alquiler-de-sala","status":"publish","type":"page","link":"https:\/\/www.icog.es\/cursos\/index.php\/alquiler-de-sala\/","title":{"rendered":"Alquiler de Sala"},"content":{"rendered":"<h2>Contacte con la Escuela si necesita alquilar una sala para sus eventos<\/h2>\n<p>Un excelente marco para la organizaci\u00f3n de cursos, seminarios, jornadas y reuniones de empresa.<\/p>\n<p style=\"text-align: justify;\"><a href=\"https:\/\/www.icog.es\/cursos\/wp-content\/uploads\/2013\/09\/sala.jpg\"><img loading=\"lazy\" decoding=\"async\" class=\"size-medium wp-image-751 alignleft\" alt=\"sala\" src=\"https:\/\/www.icog.es\/cursos\/wp-content\/uploads\/2013\/09\/sala-300x140.jpg\" width=\"300\" height=\"140\" srcset=\"https:\/\/www.icog.es\/cursos\/wp-content\/uploads\/2013\/09\/sala-300x140.jpg 300w, https:\/\/www.icog.es\/cursos\/wp-content\/uploads\/2013\/09\/sala.jpg 1024w\" sizes=\"auto, (max-width: 300px) 100vw, 300px\" \/><\/a>Instalaciones modernas, con el equipamiento audiovisual, inform\u00e1tico y de comunicaciones para desarrollar las actividades con el m\u00e1ximo nivel de calidad.<\/p>\n<p style=\"text-align: justify;\">Un equipo humano altamente cualificado y profesional que ofrece un servicio integral, centrado exclusivamente en la actividad del cliente.<\/p>\n<p style=\"text-align: justify;\">La sala est\u00e1 climatizada, con luz natural, wifi y posibilidad de retransmitir v\u00eda streaming sus eventos.<\/p>\n<p style=\"text-align: justify;\">La capacidad m\u00e1xima de la sala es de 70 personas.<\/p>\n<h3>Tarifas<\/h3>\n<p>Media Jornada (4-5 horas) 190 \u20ac<\/p>\n<p>Jornada Completa (8-10h) 290 \u20ac<\/p>\n<ul>\n<li>Los precios incluyen todos los medios audiovisuales necesarios: Ca\u00f1\u00f3n proyector,\u00a0Pantalla digital, ordenador, TV, etc.<\/li>\n<li><span style=\"font-size: 13px; line-height: 19px;\">Para cursos de larga duraci\u00f3n, acuerdos concertados o servicios adicionales\u00a0<\/span>(coffe break, c\u00f3ctel, elaboraci\u00f3n de documentaci\u00f3n, etc) solicite un presupuesto.<\/li>\n<\/ul>\n<h3>Contacte con nosotros<\/h3>\n\n<div class=\"wpcf7 no-js\" id=\"wpcf7-f569-o1\" lang=\"\" dir=\"ltr\" data-wpcf7-id=\"569\">\n<div class=\"screen-reader-response\"><p role=\"status\" aria-live=\"polite\" aria-atomic=\"true\"><\/p> <ul><\/ul><\/div>\n<form action=\"\/cursos\/index.php\/wp-json\/wp\/v2\/pages\/750#wpcf7-f569-o1\" method=\"post\" class=\"wpcf7-form init\" aria-label=\"Formulario de contacto\" novalidate=\"novalidate\" data-status=\"init\">\n<fieldset class=\"hidden-fields-container\"><input type=\"hidden\" name=\"_wpcf7\" value=\"569\" \/><input type=\"hidden\" name=\"_wpcf7_version\" value=\"6.1\" \/><input type=\"hidden\" name=\"_wpcf7_locale\" value=\"\" \/><input type=\"hidden\" name=\"_wpcf7_unit_tag\" value=\"wpcf7-f569-o1\" \/><input type=\"hidden\" name=\"_wpcf7_container_post\" value=\"0\" \/><input type=\"hidden\" name=\"_wpcf7_posted_data_hash\" value=\"\" \/>\n<\/fieldset>\n<p>Su nombre (requerido)\n<\/p>\n<p><span class=\"wpcf7-form-control-wrap\" data-name=\"your-name\"><input size=\"40\" maxlength=\"400\" class=\"wpcf7-form-control wpcf7-text wpcf7-validates-as-required\" aria-required=\"true\" aria-invalid=\"false\" value=\"\" type=\"text\" name=\"your-name\" \/><\/span>\n<\/p>\n<p>Su Email (requerido)\n<\/p>\n<p><span class=\"wpcf7-form-control-wrap\" data-name=\"your-email\"><input size=\"40\" maxlength=\"400\" class=\"wpcf7-form-control wpcf7-email wpcf7-validates-as-required wpcf7-text wpcf7-validates-as-email\" aria-required=\"true\" aria-invalid=\"false\" value=\"\" type=\"email\" name=\"your-email\" \/><\/span>\n<\/p>\n<p>Asunto\n<\/p>\n<p><span class=\"wpcf7-form-control-wrap\" data-name=\"your-subject\"><input size=\"40\" maxlength=\"400\" class=\"wpcf7-form-control wpcf7-text\" aria-invalid=\"false\" value=\"\" type=\"text\" name=\"your-subject\" \/><\/span>\n<\/p>\n<p>Su Mensaje\n<\/p>\n<p><span class=\"wpcf7-form-control-wrap\" data-name=\"your-message\"><textarea cols=\"40\" rows=\"10\" maxlength=\"2000\" class=\"wpcf7-form-control wpcf7-textarea\" aria-invalid=\"false\" name=\"your-message\"><\/textarea><\/span>\n<\/p>\n<p><input class=\"wpcf7-form-control wpcf7-submit has-spinner\" type=\"submit\" value=\"Enviar\" \/>\n<\/p><p style=\"display: none !important;\" class=\"akismet-fields-container\" data-prefix=\"_wpcf7_ak_\"><label>&#916;<textarea name=\"_wpcf7_ak_hp_textarea\" cols=\"45\" rows=\"8\" maxlength=\"100\"><\/textarea><\/label><input type=\"hidden\" id=\"ak_js_1\" name=\"_wpcf7_ak_js\" value=\"23\"\/><script>document.getElementById( \"ak_js_1\" ).setAttribute( \"value\", ( new Date() ).getTime() );<\/script><\/p><div class=\"wpcf7-response-output\" aria-hidden=\"true\"><\/div>\n<\/form>\n<\/div>\n\n<p>&nbsp;<\/p>\n","protected":false},"excerpt":{"rendered":"<p>Contacte con la Escuela si necesita alquilar una sala para sus eventos Un excelente marco para la organizaci\u00f3n de cursos, seminarios, jornadas y reuniones de empresa. Instalaciones modernas, con el equipamiento audiovisual, inform\u00e1tico y de comunicaciones para desarrollar las actividades con el m\u00e1ximo nivel de calidad. Un equipo humano altamente cualificado y profesional que ofrece<\/p>\n","protected":false},"author":1,"featured_media":0,"parent":0,"menu_order":0,"comment_status":"open","ping_status":"open","template":"","meta":{"footnotes":""},"class_list":["post-750","page","type-page","status-publish","hentry"],"yoast_head":"<!-- This site is optimized with the Yoast SEO plugin v25.4 - https:\/\/yoast.com\/wordpress\/plugins\/seo\/ -->\r\n<title>Alquiler de Sala - Escuela de Geolog\u00eda Profesional<\/title>\r\n<meta name=\"description\" content=\"Condiciones y precios del alquiler de la sala de actos de la Escuela de Geolog\u00eda Profesional del Colegio Oficial de Ge\u00f3logos de Espa\u00f1a.\" \/>\r\n<meta name=\"robots\" content=\"index, follow, max-snippet:-1, max-image-preview:large, max-video-preview:-1\" \/>\r\n<link rel=\"canonical\" href=\"https:\/\/www.icog.es\/cursos\/index.php\/alquiler-de-sala\/\" \/>\r\n<meta name=\"twitter:card\" content=\"summary_large_image\" \/>\r\n<meta name=\"twitter:title\" content=\"Alquiler de Sala - Escuela de Geolog\u00eda Profesional\" \/>\r\n<meta name=\"twitter:description\" content=\"Condiciones y precios del alquiler de la sala de actos de la Escuela de Geolog\u00eda Profesional del Colegio Oficial de Ge\u00f3logos de Espa\u00f1a.\" \/>\r\n<meta name=\"twitter:image\" content=\"https:\/\/www.icog.es\/cursos\/wp-content\/uploads\/2013\/09\/sala.jpg\" \/>\r\n<meta name=\"twitter:site\" content=\"@cgeologos\" \/>\r\n<meta name=\"twitter:label1\" content=\"Tiempo de lectura\" \/>\n\t<meta name=\"twitter:data1\" content=\"1 minuto\" \/>\r\n<script type=\"application\/ld+json\" class=\"yoast-schema-graph\">{\"@context\":\"https:\/\/schema.org\",\"@graph\":[{\"@type\":\"WebPage\",\"@id\":\"https:\/\/www.icog.es\/cursos\/index.php\/alquiler-de-sala\/\",\"url\":\"https:\/\/www.icog.es\/cursos\/index.php\/alquiler-de-sala\/\",\"name\":\"Alquiler de Sala - Escuela de Geolog\u00eda Profesional\",\"isPartOf\":{\"@id\":\"https:\/\/www.icog.es\/cursos\/#website\"},\"primaryImageOfPage\":{\"@id\":\"https:\/\/www.icog.es\/cursos\/index.php\/alquiler-de-sala\/#primaryimage\"},\"image\":{\"@id\":\"https:\/\/www.icog.es\/cursos\/index.php\/alquiler-de-sala\/#primaryimage\"},\"thumbnailUrl\":\"https:\/\/www.icog.es\/cursos\/wp-content\/uploads\/2013\/09\/sala-300x140.jpg\",\"datePublished\":\"2013-09-18T14:31:32+00:00\",\"dateModified\":\"2013-09-18T14:39:53+00:00\",\"description\":\"Condiciones y precios del alquiler de la sala de actos de la Escuela de Geolog\u00eda Profesional del Colegio Oficial de Ge\u00f3logos de Espa\u00f1a.\",\"breadcrumb\":{\"@id\":\"https:\/\/www.icog.es\/cursos\/index.php\/alquiler-de-sala\/#breadcrumb\"},\"inLanguage\":\"es\",\"potentialAction\":[{\"@type\":\"ReadAction\",\"target\":[\"https:\/\/www.icog.es\/cursos\/index.php\/alquiler-de-sala\/\"]}]},{\"@type\":\"ImageObject\",\"inLanguage\":\"es\",\"@id\":\"https:\/\/www.icog.es\/cursos\/index.php\/alquiler-de-sala\/#primaryimage\",\"url\":\"https:\/\/www.icog.es\/cursos\/wp-content\/uploads\/2013\/09\/sala.jpg\",\"contentUrl\":\"https:\/\/www.icog.es\/cursos\/wp-content\/uploads\/2013\/09\/sala.jpg\",\"width\":1024,\"height\":480},{\"@type\":\"BreadcrumbList\",\"@id\":\"https:\/\/www.icog.es\/cursos\/index.php\/alquiler-de-sala\/#breadcrumb\",\"itemListElement\":[{\"@type\":\"ListItem\",\"position\":1,\"name\":\"Portada\",\"item\":\"https:\/\/www.icog.es\/cursos\/\"},{\"@type\":\"ListItem\",\"position\":2,\"name\":\"Alquiler de Sala\"}]},{\"@type\":\"WebSite\",\"@id\":\"https:\/\/www.icog.es\/cursos\/#website\",\"url\":\"https:\/\/www.icog.es\/cursos\/\",\"name\":\"Escuela de Geolog\u00eda Profesional\",\"description\":\"Actividades formativas del Ilustre Colegio Oficial de Ge\u00f3logos (Espa\u00f1a)\",\"potentialAction\":[{\"@type\":\"SearchAction\",\"target\":{\"@type\":\"EntryPoint\",\"urlTemplate\":\"https:\/\/www.icog.es\/cursos\/?s={search_term_string}\"},\"query-input\":{\"@type\":\"PropertyValueSpecification\",\"valueRequired\":true,\"valueName\":\"search_term_string\"}}],\"inLanguage\":\"es\"}]}<\/script>\r\n<!-- \/ Yoast SEO plugin. -->","yoast_head_json":{"title":"Alquiler de Sala - Escuela de Geolog\u00eda Profesional","description":"Condiciones y precios del alquiler de la sala de actos de la Escuela de Geolog\u00eda Profesional del Colegio Oficial de Ge\u00f3logos de Espa\u00f1a.","robots":{"index":"index","follow":"follow","max-snippet":"max-snippet:-1","max-image-preview":"max-image-preview:large","max-video-preview":"max-video-preview:-1"},"canonical":"https:\/\/www.icog.es\/cursos\/index.php\/alquiler-de-sala\/","twitter_card":"summary_large_image","twitter_title":"Alquiler de Sala - Escuela de Geolog\u00eda Profesional","twitter_description":"Condiciones y precios del alquiler de la sala de actos de la Escuela de Geolog\u00eda Profesional del Colegio Oficial de Ge\u00f3logos de Espa\u00f1a.","twitter_image":"https:\/\/www.icog.es\/cursos\/wp-content\/uploads\/2013\/09\/sala.jpg","twitter_site":"@cgeologos","twitter_misc":{"Tiempo de lectura":"1 minuto"},"schema":{"@context":"https:\/\/schema.org","@graph":[{"@type":"WebPage","@id":"https:\/\/www.icog.es\/cursos\/index.php\/alquiler-de-sala\/","url":"https:\/\/www.icog.es\/cursos\/index.php\/alquiler-de-sala\/","name":"Alquiler de Sala - Escuela de Geolog\u00eda Profesional","isPartOf":{"@id":"https:\/\/www.icog.es\/cursos\/#website"},"primaryImageOfPage":{"@id":"https:\/\/www.icog.es\/cursos\/index.php\/alquiler-de-sala\/#primaryimage"},"image":{"@id":"https:\/\/www.icog.es\/cursos\/index.php\/alquiler-de-sala\/#primaryimage"},"thumbnailUrl":"https:\/\/www.icog.es\/cursos\/wp-content\/uploads\/2013\/09\/sala-300x140.jpg","datePublished":"2013-09-18T14:31:32+00:00","dateModified":"2013-09-18T14:39:53+00:00","description":"Condiciones y precios del alquiler de la sala de actos de la Escuela de Geolog\u00eda Profesional del Colegio Oficial de Ge\u00f3logos de Espa\u00f1a.","breadcrumb":{"@id":"https:\/\/www.icog.es\/cursos\/index.php\/alquiler-de-sala\/#breadcrumb"},"inLanguage":"es","potentialAction":[{"@type":"ReadAction","target":["https:\/\/www.icog.es\/cursos\/index.php\/alquiler-de-sala\/"]}]},{"@type":"ImageObject","inLanguage":"es","@id":"https:\/\/www.icog.es\/cursos\/index.php\/alquiler-de-sala\/#primaryimage","url":"https:\/\/www.icog.es\/cursos\/wp-content\/uploads\/2013\/09\/sala.jpg","contentUrl":"https:\/\/www.icog.es\/cursos\/wp-content\/uploads\/2013\/09\/sala.jpg","width":1024,"height":480},{"@type":"BreadcrumbList","@id":"https:\/\/www.icog.es\/cursos\/index.php\/alquiler-de-sala\/#breadcrumb","itemListElement":[{"@type":"ListItem","position":1,"name":"Portada","item":"https:\/\/www.icog.es\/cursos\/"},{"@type":"ListItem","position":2,"name":"Alquiler de Sala"}]},{"@type":"WebSite","@id":"https:\/\/www.icog.es\/cursos\/#website","url":"https:\/\/www.icog.es\/cursos\/","name":"Escuela de Geolog\u00eda Profesional","description":"Actividades formativas del Ilustre Colegio Oficial de Ge\u00f3logos (Espa\u00f1a)","potentialAction":[{"@type":"SearchAction","target":{"@type":"EntryPoint","urlTemplate":"https:\/\/www.icog.es\/cursos\/?s={search_term_string}"},"query-input":{"@type":"PropertyValueSpecification","valueRequired":true,"valueName":"search_term_string"}}],"inLanguage":"es"}]}},"amp_enabled":true,"_links":{"self":[{"href":"https:\/\/www.icog.es\/cursos\/index.php\/wp-json\/wp\/v2\/pages\/750","targetHints":{"allow":["GET"]}}],"collection":[{"href":"https:\/\/www.icog.es\/cursos\/index.php\/wp-json\/wp\/v2\/pages"}],"about":[{"href":"https:\/\/www.icog.es\/cursos\/index.php\/wp-json\/wp\/v2\/types\/page"}],"author":[{"embeddable":true,"href":"https:\/\/www.icog.es\/cursos\/index.php\/wp-json\/wp\/v2\/users\/1"}],"replies":[{"embeddable":true,"href":"https:\/\/www.icog.es\/cursos\/index.php\/wp-json\/wp\/v2\/comments?post=750"}],"version-history":[{"count":6,"href":"https:\/\/www.icog.es\/cursos\/index.php\/wp-json\/wp\/v2\/pages\/750\/revisions"}],"predecessor-version":[{"id":758,"href":"https:\/\/www.icog.es\/cursos\/index.php\/wp-json\/wp\/v2\/pages\/750\/revisions\/758"}],"wp:attachment":[{"href":"https:\/\/www.icog.es\/cursos\/index.php\/wp-json\/wp\/v2\/media?parent=750"}],"curies":[{"name":"wp","href":"https:\/\/api.w.org\/{rel}","templated":true}]}}