{"id":572,"date":"2013-06-26T10:40:54","date_gmt":"2013-06-26T10:40:54","guid":{"rendered":"http:\/\/www.icog.es\/cursos\/?page_id=572"},"modified":"2013-06-26T11:26:33","modified_gmt":"2013-06-26T11:26:33","slug":"partners","status":"publish","type":"page","link":"https:\/\/www.icog.es\/cursos\/index.php\/partners\/","title":{"rendered":"Partners"},"content":{"rendered":"<p style=\"text-align: justify;\">La Escuela cuenta con un nutrido grupo de especialistas en distintas disciplinas as\u00ed como entidades y empresas que colaboran en una o varias de nuestras actividades formativas.<\/p>\n<p style=\"text-align: justify;\"><div class=\"row \"> \u00a0<\/div>\n<p><a href=\"http:\/\/www.riarga.com\"><img loading=\"lazy\" decoding=\"async\" class=\"size-full wp-image-574 alignleft\" style=\"text-align: justify;\" alt=\"Riarga\" src=\"https:\/\/www.icog.es\/cursos\/wp-content\/uploads\/2013\/06\/Riarga.jpg\" width=\"180\" height=\"113\" \/><\/a><\/p>\n<p style=\"text-align: justify;\"><strong>DGM RIARGA<\/strong> S.L. desarrolla su labor profesional en campos para la gesti\u00f3n y desarrollo del medio e implantaci\u00f3n de infraestructuras relacionadas. Para ellos dispone de un equipo de profesionales de naturaleza multidisciplinar que permite abordar sus proyectos de forma integral para el correcto desarrollo de los mismos.<\/p>\n<p style=\"text-align: justify;\"><div class=\"row \"> \u00a0<\/div>\n<p><a style=\"font-family: Verdana, Arial, Helvetica, sans-serif; font-size: 11.111111640930176px; line-height: normal;\" href=\"http:\/\/http:\/\/www.cedex.es\"><img loading=\"lazy\" decoding=\"async\" class=\"size-full wp-image-575 alignleft\" alt=\"CEDEX\" src=\"https:\/\/www.icog.es\/cursos\/wp-content\/uploads\/2013\/06\/CEDEX.jpg\" width=\"181\" height=\"113\" \/><\/a><\/p>\n<p style=\"text-align: justify;\">El <strong>CEDEX<\/strong>, un organismo p\u00fablico de vanguardia aplicado a la ingenier\u00eda civil, la edificaci\u00f3n y el medio ambiente. El Centro de Estudios y Experimentaci\u00f3n de Obras P\u00fablicas (CEDEX) nace como organismo aut\u00f3nomo por Decreto de 23 de agosto de 1957. Est\u00e1 adscrito org\u00e1nicamente al Ministerio de Fomento y funcionalmente a los Ministerios de Fomento y de Agricultura, Alimentaci\u00f3n y Medio Ambiente.<\/p>\n<p style=\"text-align: justify;\"><div class=\"row \"> \u00a0<\/div>\n<p style=\"text-align: justify;\"><a style=\"font-family: Verdana, Arial, Helvetica, sans-serif; font-size: 11.111111640930176px; line-height: normal;\" href=\"http:\/\/www.igme.es\/internet\/default.asp\"><img loading=\"lazy\" decoding=\"async\" class=\"wp-image-576 alignleft\" alt=\"igme\" src=\"https:\/\/www.icog.es\/cursos\/wp-content\/uploads\/2013\/06\/igme.jpg\" width=\"186\" height=\"113\" \/><\/a><\/p>\n<p style=\"text-align: justify;\">El\u00a0<strong>Instituto Geol\u00f3gico y Minero de Espa\u00f1a<\/strong>\u00a0es un Organismo P\u00fablico de Investigaci\u00f3n, con car\u00e1cter de organismo aut\u00f3nomo, adscrito al Ministerio de Econom\u00eda y Competitividad. Fue creado con la denominaci\u00f3n de \u00abComisi\u00f3n para la Carta Geol\u00f3gica de Madrid y General del Reino\u00bb, mediante Real Decreto de 12 de julio de 1849. M\u00e1s tarde, en 1910, pas\u00f3 a denominarse Instituto Geol\u00f3gico de Espa\u00f1a, y en 1927 se reorganiza, moderniza los laboratorios, se instala en su actual sede, y adquiere el nombre de Instituto Geol\u00f3gico y Minero de Espa\u00f1a.<\/p>\n<p style=\"text-align: justify;\"><div class=\"row \"> \u00a0<\/div>\n<p style=\"text-align: justify;\"><a style=\"font-family: Verdana, Arial, Helvetica, sans-serif; font-size: 11.111111640930176px; line-height: normal;\" href=\"http:\/\/turismogeologico.com\/\"><img loading=\"lazy\" decoding=\"async\" class=\"size-full wp-image-581 alignleft\" alt=\"turisgeo\" src=\"https:\/\/www.icog.es\/cursos\/wp-content\/uploads\/2013\/06\/turisgeo.jpg\" width=\"194\" height=\"113\" \/><\/a><strong>Turismo Geol\u00f3gico<\/strong> es una empresa dedicada a elaborar rutas guiadas, formaci\u00f3n para docentes en ciencias de la tierra y el medio ambiente as\u00ed como la organizaci\u00f3n de salidas de campo para colegios.<\/p>\n<p style=\"text-align: justify;\"><div class=\"row \"> \u00a0<\/div>\n<p style=\"text-align: justify;\"><a href=\"http:\/\/www.ingeo.es\/index.php\"><img loading=\"lazy\" decoding=\"async\" class=\" wp-image-595 alignleft\" alt=\"ingeo\" src=\"https:\/\/www.icog.es\/cursos\/wp-content\/uploads\/2013\/06\/ingeo-300x91.jpg\" width=\"189\" height=\"58\" srcset=\"https:\/\/www.icog.es\/cursos\/wp-content\/uploads\/2013\/06\/ingeo-300x91.jpg 300w, https:\/\/www.icog.es\/cursos\/wp-content\/uploads\/2013\/06\/ingeo.jpg 371w\" sizes=\"auto, (max-width: 189px) 100vw, 189px\" \/><\/a><\/p>\n<p style=\"text-align: justify;\"><strong>INGEO<\/strong> est\u00e1 formado por un equipo multidisciplinar de profesionales con m\u00e1s de diez a\u00f1os de experiencia, especializados principalmente en el campo de la energ\u00eda geot\u00e9rmica, ingenier\u00eda de dise\u00f1o y optimizaci\u00f3n de campos de captaci\u00f3n abiertos y cerrados, testificaci\u00f3n de propiedades geot\u00e9rmicas del subsuelo, control t\u00e9cnico de calidad en las obras y estudio de per\u00edmetros de influencia t\u00e9rmica de las instalaciones.<\/p>\n<p style=\"text-align: justify;\"><div class=\"row \"> \u00a0<\/div>\n<p style=\"text-align: justify;\"><a style=\"font-size: 13px; line-height: 19px;\" href=\"http:\/\/www.adif.es\/es_ES\/index.shtml\"><img loading=\"lazy\" decoding=\"async\" class=\" wp-image-601 alignleft\" alt=\"adif\" src=\"https:\/\/www.icog.es\/cursos\/wp-content\/uploads\/2013\/06\/adif-300x90.jpg\" width=\"189\" height=\"57\" srcset=\"https:\/\/www.icog.es\/cursos\/wp-content\/uploads\/2013\/06\/adif-300x90.jpg 300w, https:\/\/www.icog.es\/cursos\/wp-content\/uploads\/2013\/06\/adif.jpg 376w\" sizes=\"auto, (max-width: 189px) 100vw, 189px\" \/><\/a><\/p>\n<p style=\"text-align: justify;\"><strong>Adif<\/strong>, el Administrador de Infraestructuras Ferroviarias, es una entidad p\u00fablica empresarial dependiente del Ministerio de Fomento. Adif ejerce un papel principal como dinamizador del sector ferroviario, haciendo del ferrocarril el medio de transporte por excelencia y facilitando el acceso a la infraestructura en condiciones de igualdad.<\/p>\n<p style=\"text-align: justify;\"><div class=\"row \"> \u00a0<\/div>\n<p style=\"text-align: justify;\"><a href=\"http:\/\/www.sadim.es\/metaspace\/portal\/47629\/47646-inicio\"><img loading=\"lazy\" decoding=\"async\" class=\"size-full wp-image-603 alignleft\" alt=\"sadim\" src=\"https:\/\/www.icog.es\/cursos\/wp-content\/uploads\/2013\/06\/sadim.jpg\" width=\"110\" height=\"113\" \/><\/a><\/p>\n<p style=\"text-align: justify;\"><strong>Sadim<\/strong>, perteneciente al grupo de empresas de la SEPI, se constituye en abril de 1999 con el objetivo de promover la diversificaci\u00f3n de actividades de su socio \u00fanico, HUNOSA, y sentar de este modo las bases para un desarrollo econ\u00f3mico de futuro.<\/p>\n<p style=\"text-align: justify;\"><div class=\"row \"> \u00a0<\/div>\n<p style=\"text-align: justify;\"><a style=\"font-size: 13px; line-height: 19px;\" href=\"http:\/\/geologose.wordpress.com\/\"><img loading=\"lazy\" decoding=\"async\" class=\" wp-image-606 alignleft\" alt=\"geologosemprendedores\" src=\"https:\/\/www.icog.es\/cursos\/wp-content\/uploads\/2013\/06\/geologosemprendedores-300x105.jpg\" width=\"216\" height=\"76\" srcset=\"https:\/\/www.icog.es\/cursos\/wp-content\/uploads\/2013\/06\/geologosemprendedores-300x105.jpg 300w, https:\/\/www.icog.es\/cursos\/wp-content\/uploads\/2013\/06\/geologosemprendedores.jpg 321w\" sizes=\"auto, (max-width: 216px) 100vw, 216px\" \/><\/a><\/p>\n<p style=\"text-align: justify;\"><strong>Ge\u00f3logos-e<\/strong> es una plataforma de ge\u00f3logos que se dirigida a las PYMES y Profesionales Libres de la Geolog\u00eda. El Objetivo de la plataforma es aglutinar a los ge\u00f3logos que desarrollan su actividad profesional como empresarios y profesionales libres para aportarles desde el colegio formaci\u00f3n y algunos medios que incrementen su capacidad empresarial y profesional. El medio de comunicaci\u00f3n de la Plataforma ser\u00e1 la red profesional linkedIn.<\/p>\n<p style=\"text-align: justify;\"><div class=\"row \"> \u00a0<\/div>\n<p style=\"text-align: justify;\"><strong><a href=\"http:\/\/www.carac.es\"><img loading=\"lazy\" decoding=\"async\" class=\" wp-image-610 alignleft\" alt=\"carac\" src=\"https:\/\/www.icog.es\/cursos\/wp-content\/uploads\/2013\/06\/carac.jpg\" width=\"241\" height=\"102\" \/><\/a>CARAC CONSULTORES<\/strong> dise\u00f1a y ejecuta Planes Formativos \/ Acciones Formativas, en muy diversas \u00e1reas de conocimiento, adapt\u00e1ndonos en cada ocasi\u00f3n a las necesidades especificas de cada compa\u00f1\u00eda, contribuyendo as\u00ed, a la mejora competitiva de las mismas y al desarrollo de los trabajadores que participan en los mismos.<\/p>\n<p style=\"text-align: justify;\">\n<p style=\"text-align: justify;\">\n","protected":false},"excerpt":{"rendered":"<p>La Escuela cuenta con un nutrido grupo de especialistas en distintas disciplinas as\u00ed como entidades y empresas que colaboran en una o varias de nuestras actividades formativas. DGM RIARGA S.L. desarrolla su labor profesional en campos para la gesti\u00f3n y desarrollo del medio e implantaci\u00f3n de infraestructuras relacionadas. Para ellos dispone de un equipo de<\/p>\n","protected":false},"author":1,"featured_media":0,"parent":0,"menu_order":0,"comment_status":"open","ping_status":"open","template":"","meta":{"footnotes":""},"class_list":["post-572","page","type-page","status-publish","hentry"],"yoast_head":"<!-- This site is optimized with the Yoast SEO plugin v25.4 - https:\/\/yoast.com\/wordpress\/plugins\/seo\/ -->\r\n<title>Partners - Escuela de Geolog\u00eda Profesional - Colegio de Ge\u00f3logos<\/title>\r\n<meta name=\"description\" content=\"Listado de entidades que colaboran con la Escuela de Geolog\u00eda Profesional en una o varias de sus actividades formativas.\" \/>\r\n<meta name=\"robots\" content=\"index, follow, max-snippet:-1, max-image-preview:large, max-video-preview:-1\" \/>\r\n<link rel=\"canonical\" href=\"https:\/\/www.icog.es\/cursos\/index.php\/partners\/\" \/>\r\n<meta name=\"twitter:card\" content=\"summary_large_image\" \/>\r\n<meta name=\"twitter:title\" content=\"Partners - Escuela de Geolog\u00eda Profesional - Colegio de Ge\u00f3logos\" \/>\r\n<meta name=\"twitter:description\" content=\"Listado de entidades que colaboran con la Escuela de Geolog\u00eda Profesional en una o varias de sus actividades formativas.\" \/>\r\n<meta name=\"twitter:image\" content=\"https:\/\/www.icog.es\/cursos\/wp-content\/uploads\/2013\/06\/Riarga.jpg\" \/>\r\n<meta name=\"twitter:site\" content=\"@cgeologos\" \/>\r\n<meta name=\"twitter:label1\" content=\"Tiempo de lectura\" \/>\n\t<meta name=\"twitter:data1\" content=\"3 minutos\" \/>\r\n<script type=\"application\/ld+json\" class=\"yoast-schema-graph\">{\"@context\":\"https:\/\/schema.org\",\"@graph\":[{\"@type\":\"WebPage\",\"@id\":\"https:\/\/www.icog.es\/cursos\/index.php\/partners\/\",\"url\":\"https:\/\/www.icog.es\/cursos\/index.php\/partners\/\",\"name\":\"Partners - Escuela de Geolog\u00eda Profesional - Colegio de Ge\u00f3logos\",\"isPartOf\":{\"@id\":\"https:\/\/www.icog.es\/cursos\/#website\"},\"primaryImageOfPage\":{\"@id\":\"https:\/\/www.icog.es\/cursos\/index.php\/partners\/#primaryimage\"},\"image\":{\"@id\":\"https:\/\/www.icog.es\/cursos\/index.php\/partners\/#primaryimage\"},\"thumbnailUrl\":\"https:\/\/www.icog.es\/cursos\/wp-content\/uploads\/2013\/06\/Riarga.jpg\",\"datePublished\":\"2013-06-26T10:40:54+00:00\",\"dateModified\":\"2013-06-26T11:26:33+00:00\",\"description\":\"Listado de entidades que colaboran con la Escuela de Geolog\u00eda Profesional en una o varias de sus actividades formativas.\",\"breadcrumb\":{\"@id\":\"https:\/\/www.icog.es\/cursos\/index.php\/partners\/#breadcrumb\"},\"inLanguage\":\"es\",\"potentialAction\":[{\"@type\":\"ReadAction\",\"target\":[\"https:\/\/www.icog.es\/cursos\/index.php\/partners\/\"]}]},{\"@type\":\"ImageObject\",\"inLanguage\":\"es\",\"@id\":\"https:\/\/www.icog.es\/cursos\/index.php\/partners\/#primaryimage\",\"url\":\"https:\/\/www.icog.es\/cursos\/wp-content\/uploads\/2013\/06\/Riarga.jpg\",\"contentUrl\":\"https:\/\/www.icog.es\/cursos\/wp-content\/uploads\/2013\/06\/Riarga.jpg\",\"width\":180,\"height\":113},{\"@type\":\"BreadcrumbList\",\"@id\":\"https:\/\/www.icog.es\/cursos\/index.php\/partners\/#breadcrumb\",\"itemListElement\":[{\"@type\":\"ListItem\",\"position\":1,\"name\":\"Portada\",\"item\":\"https:\/\/www.icog.es\/cursos\/\"},{\"@type\":\"ListItem\",\"position\":2,\"name\":\"Partners\"}]},{\"@type\":\"WebSite\",\"@id\":\"https:\/\/www.icog.es\/cursos\/#website\",\"url\":\"https:\/\/www.icog.es\/cursos\/\",\"name\":\"Escuela de Geolog\u00eda Profesional\",\"description\":\"Actividades formativas del Ilustre Colegio Oficial de Ge\u00f3logos (Espa\u00f1a)\",\"potentialAction\":[{\"@type\":\"SearchAction\",\"target\":{\"@type\":\"EntryPoint\",\"urlTemplate\":\"https:\/\/www.icog.es\/cursos\/?s={search_term_string}\"},\"query-input\":{\"@type\":\"PropertyValueSpecification\",\"valueRequired\":true,\"valueName\":\"search_term_string\"}}],\"inLanguage\":\"es\"}]}<\/script>\r\n<!-- \/ Yoast SEO plugin. -->","yoast_head_json":{"title":"Partners - Escuela de Geolog\u00eda Profesional - Colegio de Ge\u00f3logos","description":"Listado de entidades que colaboran con la Escuela de Geolog\u00eda Profesional en una o varias de sus actividades formativas.","robots":{"index":"index","follow":"follow","max-snippet":"max-snippet:-1","max-image-preview":"max-image-preview:large","max-video-preview":"max-video-preview:-1"},"canonical":"https:\/\/www.icog.es\/cursos\/index.php\/partners\/","twitter_card":"summary_large_image","twitter_title":"Partners - Escuela de Geolog\u00eda Profesional - Colegio de Ge\u00f3logos","twitter_description":"Listado de entidades que colaboran con la Escuela de Geolog\u00eda Profesional en una o varias de sus actividades formativas.","twitter_image":"https:\/\/www.icog.es\/cursos\/wp-content\/uploads\/2013\/06\/Riarga.jpg","twitter_site":"@cgeologos","twitter_misc":{"Tiempo de lectura":"3 minutos"},"schema":{"@context":"https:\/\/schema.org","@graph":[{"@type":"WebPage","@id":"https:\/\/www.icog.es\/cursos\/index.php\/partners\/","url":"https:\/\/www.icog.es\/cursos\/index.php\/partners\/","name":"Partners - Escuela de Geolog\u00eda Profesional - Colegio de Ge\u00f3logos","isPartOf":{"@id":"https:\/\/www.icog.es\/cursos\/#website"},"primaryImageOfPage":{"@id":"https:\/\/www.icog.es\/cursos\/index.php\/partners\/#primaryimage"},"image":{"@id":"https:\/\/www.icog.es\/cursos\/index.php\/partners\/#primaryimage"},"thumbnailUrl":"https:\/\/www.icog.es\/cursos\/wp-content\/uploads\/2013\/06\/Riarga.jpg","datePublished":"2013-06-26T10:40:54+00:00","dateModified":"2013-06-26T11:26:33+00:00","description":"Listado de entidades que colaboran con la Escuela de Geolog\u00eda Profesional en una o varias de sus actividades formativas.","breadcrumb":{"@id":"https:\/\/www.icog.es\/cursos\/index.php\/partners\/#breadcrumb"},"inLanguage":"es","potentialAction":[{"@type":"ReadAction","target":["https:\/\/www.icog.es\/cursos\/index.php\/partners\/"]}]},{"@type":"ImageObject","inLanguage":"es","@id":"https:\/\/www.icog.es\/cursos\/index.php\/partners\/#primaryimage","url":"https:\/\/www.icog.es\/cursos\/wp-content\/uploads\/2013\/06\/Riarga.jpg","contentUrl":"https:\/\/www.icog.es\/cursos\/wp-content\/uploads\/2013\/06\/Riarga.jpg","width":180,"height":113},{"@type":"BreadcrumbList","@id":"https:\/\/www.icog.es\/cursos\/index.php\/partners\/#breadcrumb","itemListElement":[{"@type":"ListItem","position":1,"name":"Portada","item":"https:\/\/www.icog.es\/cursos\/"},{"@type":"ListItem","position":2,"name":"Partners"}]},{"@type":"WebSite","@id":"https:\/\/www.icog.es\/cursos\/#website","url":"https:\/\/www.icog.es\/cursos\/","name":"Escuela de Geolog\u00eda Profesional","description":"Actividades formativas del Ilustre Colegio Oficial de Ge\u00f3logos (Espa\u00f1a)","potentialAction":[{"@type":"SearchAction","target":{"@type":"EntryPoint","urlTemplate":"https:\/\/www.icog.es\/cursos\/?s={search_term_string}"},"query-input":{"@type":"PropertyValueSpecification","valueRequired":true,"valueName":"search_term_string"}}],"inLanguage":"es"}]}},"amp_enabled":true,"_links":{"self":[{"href":"https:\/\/www.icog.es\/cursos\/index.php\/wp-json\/wp\/v2\/pages\/572","targetHints":{"allow":["GET"]}}],"collection":[{"href":"https:\/\/www.icog.es\/cursos\/index.php\/wp-json\/wp\/v2\/pages"}],"about":[{"href":"https:\/\/www.icog.es\/cursos\/index.php\/wp-json\/wp\/v2\/types\/page"}],"author":[{"embeddable":true,"href":"https:\/\/www.icog.es\/cursos\/index.php\/wp-json\/wp\/v2\/users\/1"}],"replies":[{"embeddable":true,"href":"https:\/\/www.icog.es\/cursos\/index.php\/wp-json\/wp\/v2\/comments?post=572"}],"version-history":[{"count":5,"href":"https:\/\/www.icog.es\/cursos\/index.php\/wp-json\/wp\/v2\/pages\/572\/revisions"}],"predecessor-version":[{"id":2462,"href":"https:\/\/www.icog.es\/cursos\/index.php\/wp-json\/wp\/v2\/pages\/572\/revisions\/2462"}],"wp:attachment":[{"href":"https:\/\/www.icog.es\/cursos\/index.php\/wp-json\/wp\/v2\/media?parent=572"}],"curies":[{"name":"wp","href":"https:\/\/api.w.org\/{rel}","templated":true}]}}