{"id":561,"date":"2013-06-25T15:29:28","date_gmt":"2013-06-25T15:29:28","guid":{"rendered":"http:\/\/www.icog.es\/cursos\/?page_id=561"},"modified":"2014-03-18T15:34:42","modified_gmt":"2014-03-18T15:34:42","slug":"politica-de-calidad","status":"publish","type":"page","link":"https:\/\/www.icog.es\/cursos\/index.php\/politica-de-calidad\/","title":{"rendered":"Pol\u00edtica de calidad"},"content":{"rendered":"<p style=\"text-align: justify;\"><a href=\"https:\/\/www.icog.es\/cursos\/wp-content\/uploads\/2014\/03\/aenoricog.jpg\"><img loading=\"lazy\" decoding=\"async\" class=\"size-full wp-image-1006 alignleft\" alt=\"aenoricog\" src=\"https:\/\/www.icog.es\/cursos\/wp-content\/uploads\/2014\/03\/aenoricog.jpg\" width=\"370\" height=\"200\" srcset=\"https:\/\/www.icog.es\/cursos\/wp-content\/uploads\/2014\/03\/aenoricog.jpg 370w, https:\/\/www.icog.es\/cursos\/wp-content\/uploads\/2014\/03\/aenoricog-300x162.jpg 300w, https:\/\/www.icog.es\/cursos\/wp-content\/uploads\/2014\/03\/aenoricog-160x86.jpg 160w\" sizes=\"auto, (max-width: 370px) 100vw, 370px\" \/><\/a>La Escuela de Geolog\u00eda Profesional asume la calidad como factor fundamental en su funcionamiento interno y en la realizaci\u00f3n de sus actividades, con objeto de lograr la satisfacci\u00f3n al alumno, dando cumplimiento a sus solicitudes y requerimientos. Por eso, la Junta de Gobierno del Ilustre Colegio Oficial de Ge\u00f3logos (ICOG) proporciona todos los recursos humanos y materiales necesarios, ya que la conformidad de su servicio docente con los requisitos del alumno, y proveer de una formaci\u00f3n de calidad que permita competir al alumno en el mercado global es su objetivo primordial.<\/p>\n<p style=\"text-align: justify;\">El ICOG tiene una concepci\u00f3n de la calidad que se engloba en los siguientes principios:<\/p>\n<ul style=\"text-align: justify;\">\n<li><span style=\"font-size: 13px; line-height: 19px;\">Planificar y ejecutar sus actividades de manera ordenada, racional y ausente de defectos, prestando el servicio dentro de los plazos establecidos.<\/span><\/li>\n<li><span style=\"font-size: 13px; line-height: 19px;\">Mantener con el alumno una comunicaci\u00f3n fluida, para atender sus necesidades, y para subsanar los posibles defectos de concepci\u00f3n o inadecuaci\u00f3n de la actividad a la realidad de las necesidades del alumno.<\/span><\/li>\n<li><span style=\"font-size: 13px; line-height: 19px;\">Formar y comprometer al personal para el seguimiento de los procedimientos de calidad, sin merma de la creatividad ni de las innovaciones que surgir\u00e1n dentro de un proceso de mejora continua.<\/span><\/li>\n<li><span style=\"font-size: 13px; line-height: 19px;\">Lograr un equipo seleccionado de personal y docentes con criterios de calidad acordes con el objetivo primordial de la Escuela, para optimizar la idoneidad las actividades formativas, con la finalidad de prestar un mejor servicio al alumno.<\/span><\/li>\n<\/ul>\n<p style=\"text-align: justify;\"><span style=\"font-size: 13px; line-height: 19px;\">La Escuela entiende que la calidad no puede imponerse desde fuera, sino que debe nacer desde el interior del equipo humano que forma la entidad y sus necesarios colaboradores, y anima a todos a hacer de la calidad su forma de trabajo.\u00a0<\/span><\/p>\n<p style=\"text-align: justify;\">La Escuela realiza encuestas a sus alumnos y profesores con el fin de perseguir la mejora continua.<\/p>\n<p style=\"text-align: justify;\"><strong>Actualmente los cursos que impartimos en la Escuela est\u00e1n <span style=\"color: #0000ff;\"><a href=\"https:\/\/www.icog.es\/cursos\/index.php\/ampliamos-la-certificacion-de-calidad-los-cursos-de-la-escuela\/\" target=\"_blank\"><span style=\"color: #0000ff;\">certificados en ISO9001 por AENOR.<\/span><\/a><\/span><\/strong><\/p>\n<h4 style=\"text-align: justify;\">Contacte con nosotros<\/h4>\n<p>Esperamos sus comentarios, quejas o sugerencias.<\/p>\n<p style=\"text-align: justify;\">\n<div class=\"wpcf7 no-js\" id=\"wpcf7-f569-o1\" lang=\"\" dir=\"ltr\" data-wpcf7-id=\"569\">\n<div class=\"screen-reader-response\"><p role=\"status\" aria-live=\"polite\" aria-atomic=\"true\"><\/p> <ul><\/ul><\/div>\n<form action=\"\/cursos\/index.php\/wp-json\/wp\/v2\/pages\/561#wpcf7-f569-o1\" method=\"post\" class=\"wpcf7-form init\" aria-label=\"Formulario de contacto\" novalidate=\"novalidate\" data-status=\"init\">\n<fieldset class=\"hidden-fields-container\"><input type=\"hidden\" name=\"_wpcf7\" value=\"569\" \/><input type=\"hidden\" name=\"_wpcf7_version\" value=\"6.1\" \/><input type=\"hidden\" name=\"_wpcf7_locale\" value=\"\" \/><input type=\"hidden\" name=\"_wpcf7_unit_tag\" value=\"wpcf7-f569-o1\" \/><input type=\"hidden\" name=\"_wpcf7_container_post\" value=\"0\" \/><input type=\"hidden\" name=\"_wpcf7_posted_data_hash\" value=\"\" \/>\n<\/fieldset>\n<p>Su nombre (requerido)\n<\/p>\n<p><span class=\"wpcf7-form-control-wrap\" data-name=\"your-name\"><input size=\"40\" maxlength=\"400\" class=\"wpcf7-form-control wpcf7-text wpcf7-validates-as-required\" aria-required=\"true\" aria-invalid=\"false\" value=\"\" type=\"text\" name=\"your-name\" \/><\/span>\n<\/p>\n<p>Su Email (requerido)\n<\/p>\n<p><span class=\"wpcf7-form-control-wrap\" data-name=\"your-email\"><input size=\"40\" maxlength=\"400\" class=\"wpcf7-form-control wpcf7-email wpcf7-validates-as-required wpcf7-text wpcf7-validates-as-email\" aria-required=\"true\" aria-invalid=\"false\" value=\"\" type=\"email\" name=\"your-email\" \/><\/span>\n<\/p>\n<p>Asunto\n<\/p>\n<p><span class=\"wpcf7-form-control-wrap\" data-name=\"your-subject\"><input size=\"40\" maxlength=\"400\" class=\"wpcf7-form-control wpcf7-text\" aria-invalid=\"false\" value=\"\" type=\"text\" name=\"your-subject\" \/><\/span>\n<\/p>\n<p>Su Mensaje\n<\/p>\n<p><span class=\"wpcf7-form-control-wrap\" data-name=\"your-message\"><textarea cols=\"40\" rows=\"10\" maxlength=\"2000\" class=\"wpcf7-form-control wpcf7-textarea\" aria-invalid=\"false\" name=\"your-message\"><\/textarea><\/span>\n<\/p>\n<p><input class=\"wpcf7-form-control wpcf7-submit has-spinner\" type=\"submit\" value=\"Enviar\" \/>\n<\/p><p style=\"display: none !important;\" class=\"akismet-fields-container\" data-prefix=\"_wpcf7_ak_\"><label>&#916;<textarea name=\"_wpcf7_ak_hp_textarea\" cols=\"45\" rows=\"8\" maxlength=\"100\"><\/textarea><\/label><input type=\"hidden\" id=\"ak_js_1\" name=\"_wpcf7_ak_js\" value=\"142\"\/><script>document.getElementById( \"ak_js_1\" ).setAttribute( \"value\", ( new Date() ).getTime() );<\/script><\/p><div class=\"wpcf7-response-output\" aria-hidden=\"true\"><\/div>\n<\/form>\n<\/div>\n\n","protected":false},"excerpt":{"rendered":"<p>La Escuela de Geolog\u00eda Profesional asume la calidad como factor fundamental en su funcionamiento interno y en la realizaci\u00f3n de sus actividades, con objeto de lograr la satisfacci\u00f3n al alumno, dando cumplimiento a sus solicitudes y requerimientos. Por eso, la Junta de Gobierno del Ilustre Colegio Oficial de Ge\u00f3logos (ICOG) proporciona todos los recursos humanos<\/p>\n","protected":false},"author":1,"featured_media":0,"parent":0,"menu_order":0,"comment_status":"open","ping_status":"open","template":"","meta":{"footnotes":""},"class_list":["post-561","page","type-page","status-publish","hentry"],"yoast_head":"<!-- This site is optimized with the Yoast SEO plugin v25.4 - https:\/\/yoast.com\/wordpress\/plugins\/seo\/ -->\r\n<title>Pol\u00edtica de calidad - Escuela de Geolog\u00eda Profesional<\/title>\r\n<meta name=\"description\" content=\"La Escuela de Geolog\u00eda Profesional asume la calidad como factor fundamental en su funcionamiento interno y en la realizaci\u00f3n de sus actividades, con objeto de lograr la satisfacci\u00f3n al alumno, dando cumplimiento a sus solicitudes y requerimientos.\" \/>\r\n<meta name=\"robots\" content=\"index, follow, max-snippet:-1, max-image-preview:large, max-video-preview:-1\" \/>\r\n<link rel=\"canonical\" href=\"https:\/\/www.icog.es\/cursos\/index.php\/politica-de-calidad\/\" \/>\r\n<meta name=\"twitter:card\" content=\"summary_large_image\" \/>\r\n<meta name=\"twitter:title\" content=\"Pol\u00edtica de calidad - Escuela de Geolog\u00eda Profesional\" \/>\r\n<meta name=\"twitter:description\" content=\"La Escuela de Geolog\u00eda Profesional asume la calidad como factor fundamental en su funcionamiento interno y en la realizaci\u00f3n de sus actividades, con objeto de lograr la satisfacci\u00f3n al alumno, dando cumplimiento a sus solicitudes y requerimientos.\" \/>\r\n<meta name=\"twitter:image\" content=\"https:\/\/www.icog.es\/cursos\/wp-content\/uploads\/2014\/03\/aenoricog.jpg\" \/>\r\n<meta name=\"twitter:site\" content=\"@cgeologos\" \/>\r\n<meta name=\"twitter:label1\" content=\"Tiempo de lectura\" \/>\n\t<meta name=\"twitter:data1\" content=\"2 minutos\" \/>\r\n<script type=\"application\/ld+json\" class=\"yoast-schema-graph\">{\"@context\":\"https:\/\/schema.org\",\"@graph\":[{\"@type\":\"WebPage\",\"@id\":\"https:\/\/www.icog.es\/cursos\/index.php\/politica-de-calidad\/\",\"url\":\"https:\/\/www.icog.es\/cursos\/index.php\/politica-de-calidad\/\",\"name\":\"Pol\u00edtica de calidad - Escuela de Geolog\u00eda Profesional\",\"isPartOf\":{\"@id\":\"https:\/\/www.icog.es\/cursos\/#website\"},\"primaryImageOfPage\":{\"@id\":\"https:\/\/www.icog.es\/cursos\/index.php\/politica-de-calidad\/#primaryimage\"},\"image\":{\"@id\":\"https:\/\/www.icog.es\/cursos\/index.php\/politica-de-calidad\/#primaryimage\"},\"thumbnailUrl\":\"https:\/\/www.icog.es\/cursos\/wp-content\/uploads\/2014\/03\/aenoricog.jpg\",\"datePublished\":\"2013-06-25T15:29:28+00:00\",\"dateModified\":\"2014-03-18T15:34:42+00:00\",\"description\":\"La Escuela de Geolog\u00eda Profesional asume la calidad como factor fundamental en su funcionamiento interno y en la realizaci\u00f3n de sus actividades, con objeto de lograr la satisfacci\u00f3n al alumno, dando cumplimiento a sus solicitudes y requerimientos.\",\"breadcrumb\":{\"@id\":\"https:\/\/www.icog.es\/cursos\/index.php\/politica-de-calidad\/#breadcrumb\"},\"inLanguage\":\"es\",\"potentialAction\":[{\"@type\":\"ReadAction\",\"target\":[\"https:\/\/www.icog.es\/cursos\/index.php\/politica-de-calidad\/\"]}]},{\"@type\":\"ImageObject\",\"inLanguage\":\"es\",\"@id\":\"https:\/\/www.icog.es\/cursos\/index.php\/politica-de-calidad\/#primaryimage\",\"url\":\"https:\/\/www.icog.es\/cursos\/wp-content\/uploads\/2014\/03\/aenoricog.jpg\",\"contentUrl\":\"https:\/\/www.icog.es\/cursos\/wp-content\/uploads\/2014\/03\/aenoricog.jpg\",\"width\":370,\"height\":200},{\"@type\":\"BreadcrumbList\",\"@id\":\"https:\/\/www.icog.es\/cursos\/index.php\/politica-de-calidad\/#breadcrumb\",\"itemListElement\":[{\"@type\":\"ListItem\",\"position\":1,\"name\":\"Portada\",\"item\":\"https:\/\/www.icog.es\/cursos\/\"},{\"@type\":\"ListItem\",\"position\":2,\"name\":\"Pol\u00edtica de calidad\"}]},{\"@type\":\"WebSite\",\"@id\":\"https:\/\/www.icog.es\/cursos\/#website\",\"url\":\"https:\/\/www.icog.es\/cursos\/\",\"name\":\"Escuela de Geolog\u00eda Profesional\",\"description\":\"Actividades formativas del Ilustre Colegio Oficial de Ge\u00f3logos (Espa\u00f1a)\",\"potentialAction\":[{\"@type\":\"SearchAction\",\"target\":{\"@type\":\"EntryPoint\",\"urlTemplate\":\"https:\/\/www.icog.es\/cursos\/?s={search_term_string}\"},\"query-input\":{\"@type\":\"PropertyValueSpecification\",\"valueRequired\":true,\"valueName\":\"search_term_string\"}}],\"inLanguage\":\"es\"}]}<\/script>\r\n<!-- \/ Yoast SEO plugin. -->","yoast_head_json":{"title":"Pol\u00edtica de calidad - Escuela de Geolog\u00eda Profesional","description":"La Escuela de Geolog\u00eda Profesional asume la calidad como factor fundamental en su funcionamiento interno y en la realizaci\u00f3n de sus actividades, con objeto de lograr la satisfacci\u00f3n al alumno, dando cumplimiento a sus solicitudes y requerimientos.","robots":{"index":"index","follow":"follow","max-snippet":"max-snippet:-1","max-image-preview":"max-image-preview:large","max-video-preview":"max-video-preview:-1"},"canonical":"https:\/\/www.icog.es\/cursos\/index.php\/politica-de-calidad\/","twitter_card":"summary_large_image","twitter_title":"Pol\u00edtica de calidad - Escuela de Geolog\u00eda Profesional","twitter_description":"La Escuela de Geolog\u00eda Profesional asume la calidad como factor fundamental en su funcionamiento interno y en la realizaci\u00f3n de sus actividades, con objeto de lograr la satisfacci\u00f3n al alumno, dando cumplimiento a sus solicitudes y requerimientos.","twitter_image":"https:\/\/www.icog.es\/cursos\/wp-content\/uploads\/2014\/03\/aenoricog.jpg","twitter_site":"@cgeologos","twitter_misc":{"Tiempo de lectura":"2 minutos"},"schema":{"@context":"https:\/\/schema.org","@graph":[{"@type":"WebPage","@id":"https:\/\/www.icog.es\/cursos\/index.php\/politica-de-calidad\/","url":"https:\/\/www.icog.es\/cursos\/index.php\/politica-de-calidad\/","name":"Pol\u00edtica de calidad - Escuela de Geolog\u00eda Profesional","isPartOf":{"@id":"https:\/\/www.icog.es\/cursos\/#website"},"primaryImageOfPage":{"@id":"https:\/\/www.icog.es\/cursos\/index.php\/politica-de-calidad\/#primaryimage"},"image":{"@id":"https:\/\/www.icog.es\/cursos\/index.php\/politica-de-calidad\/#primaryimage"},"thumbnailUrl":"https:\/\/www.icog.es\/cursos\/wp-content\/uploads\/2014\/03\/aenoricog.jpg","datePublished":"2013-06-25T15:29:28+00:00","dateModified":"2014-03-18T15:34:42+00:00","description":"La Escuela de Geolog\u00eda Profesional asume la calidad como factor fundamental en su funcionamiento interno y en la realizaci\u00f3n de sus actividades, con objeto de lograr la satisfacci\u00f3n al alumno, dando cumplimiento a sus solicitudes y requerimientos.","breadcrumb":{"@id":"https:\/\/www.icog.es\/cursos\/index.php\/politica-de-calidad\/#breadcrumb"},"inLanguage":"es","potentialAction":[{"@type":"ReadAction","target":["https:\/\/www.icog.es\/cursos\/index.php\/politica-de-calidad\/"]}]},{"@type":"ImageObject","inLanguage":"es","@id":"https:\/\/www.icog.es\/cursos\/index.php\/politica-de-calidad\/#primaryimage","url":"https:\/\/www.icog.es\/cursos\/wp-content\/uploads\/2014\/03\/aenoricog.jpg","contentUrl":"https:\/\/www.icog.es\/cursos\/wp-content\/uploads\/2014\/03\/aenoricog.jpg","width":370,"height":200},{"@type":"BreadcrumbList","@id":"https:\/\/www.icog.es\/cursos\/index.php\/politica-de-calidad\/#breadcrumb","itemListElement":[{"@type":"ListItem","position":1,"name":"Portada","item":"https:\/\/www.icog.es\/cursos\/"},{"@type":"ListItem","position":2,"name":"Pol\u00edtica de calidad"}]},{"@type":"WebSite","@id":"https:\/\/www.icog.es\/cursos\/#website","url":"https:\/\/www.icog.es\/cursos\/","name":"Escuela de Geolog\u00eda Profesional","description":"Actividades formativas del Ilustre Colegio Oficial de Ge\u00f3logos (Espa\u00f1a)","potentialAction":[{"@type":"SearchAction","target":{"@type":"EntryPoint","urlTemplate":"https:\/\/www.icog.es\/cursos\/?s={search_term_string}"},"query-input":{"@type":"PropertyValueSpecification","valueRequired":true,"valueName":"search_term_string"}}],"inLanguage":"es"}]}},"amp_enabled":true,"_links":{"self":[{"href":"https:\/\/www.icog.es\/cursos\/index.php\/wp-json\/wp\/v2\/pages\/561","targetHints":{"allow":["GET"]}}],"collection":[{"href":"https:\/\/www.icog.es\/cursos\/index.php\/wp-json\/wp\/v2\/pages"}],"about":[{"href":"https:\/\/www.icog.es\/cursos\/index.php\/wp-json\/wp\/v2\/types\/page"}],"author":[{"embeddable":true,"href":"https:\/\/www.icog.es\/cursos\/index.php\/wp-json\/wp\/v2\/users\/1"}],"replies":[{"embeddable":true,"href":"https:\/\/www.icog.es\/cursos\/index.php\/wp-json\/wp\/v2\/comments?post=561"}],"version-history":[{"count":7,"href":"https:\/\/www.icog.es\/cursos\/index.php\/wp-json\/wp\/v2\/pages\/561\/revisions"}],"predecessor-version":[{"id":1010,"href":"https:\/\/www.icog.es\/cursos\/index.php\/wp-json\/wp\/v2\/pages\/561\/revisions\/1010"}],"wp:attachment":[{"href":"https:\/\/www.icog.es\/cursos\/index.php\/wp-json\/wp\/v2\/media?parent=561"}],"curies":[{"name":"wp","href":"https:\/\/api.w.org\/{rel}","templated":true}]}}