{"id":3384,"date":"2020-10-30T10:58:28","date_gmt":"2020-10-30T10:58:28","guid":{"rendered":"https:\/\/www.icog.es\/cursos\/?page_id=3384"},"modified":"2024-01-18T10:06:01","modified_gmt":"2024-01-18T10:06:01","slug":"convenios","status":"publish","type":"page","link":"https:\/\/www.icog.es\/cursos\/index.php\/convenios\/","title":{"rendered":"Convenios"},"content":{"rendered":"\n<ul class=\"wp-block-list\">\n<li>Convenio de Colaboraci\u00f3n Educativa con el Consejo General de Colegios de Bi\u00f3logos (23\/02\/23)<\/li>\n\n\n\n<li>Convenio marco con el Colegio de Ge\u00f3logos de Costa Rica (<strong>CGCR<\/strong>) 26\/05\/2021<\/li>\n\n\n\n<li>Convenio marco con la Asociaci\u00f3n Geol\u00f3gica Argentina <strong>(AGA)<\/strong> | 27\/04\/2021<\/li>\n\n\n\n<li>Convenio con la Asociaci\u00f3n Colombiana de Ge\u00f3logos y Geof\u00edsicos del Petr\u00f3leo | 08\/04\/2021<\/li>\n\n\n\n<li>Convenio con la Sociedad Colombiana de Geolog\u00eda | 08\/04\/2021<\/li>\n\n\n\n<li>Convenio Marco de Colaboraci\u00f3n con el Colegio Oficial de Ingenieros T\u00e9cnicos y Grados en Minas y Energ\u00eda de Madrid | Firmado 23\/02\/2021<\/li>\n\n\n\n<li>Convenio Marco de Colaboraci\u00f3n con el Colegio Regional de Ingenieros Ge\u00f3logos, Minas, Petroles y Ambientales del Litoral <strong>(CRIGMPAL)<\/strong>, de Ecuador | Firmado el 20\/01\/2021<\/li>\n\n\n\n<li>Acuerdo Marco con el Centro de Estudios y Experimentaci\u00f3n de Obras P\u00fablicas <strong>(CEDEX)<\/strong> | Firmado el 13\/11\/2012<\/li>\n\n\n\n<li>Convenio de Colaboraci\u00f3n con el Colegio Profesional de Ge\u00f3logos del CHUBUT <strong>(CPGCH)<\/strong> | Firmado el 27 de mayo de 2013<\/li>\n\n\n\n<li>Convenio de Colaboraci\u00f3n con el Consejo Superior Profesional de Geolog\u00eda de Argentina <strong>(CSPG)<\/strong> | Firmado el 29 de julio de 2013<\/li>\n\n\n\n<li>Convenio de Colaboraci\u00f3n con la Asociaci\u00f3n Argentina de Geolog\u00eda Aplicada a la Ingenier\u00eda <strong>(ASAGAI)<\/strong> | Firmado 15 de diciembre de 2015<\/li>\n\n\n\n<li>Convenio de Colaboraci\u00f3n con la Asociaci\u00f3n Espa\u00f1ola para la Ense\u00f1anza de las Ciencias de la Tierra <strong>(AEPECT)<\/strong> y la Sociedad Geol\u00f3gica de Espa\u00f1a <strong>(SGE)<\/strong> | Firmado el 10\/05\/2017<\/li>\n\n\n\n<li>Convenio Marco de Colaboraci\u00f3n con Asociaci\u00f3n de Laboratorios de Construcci\u00f3n de Andaluc\u00eda <strong>(ALA)<\/strong> | Firmado el 8 de octubre de 2019<\/li>\n\n\n\n<li>Convenio Marco de Colaboraci\u00f3n con el Colegio Oficial de Ingenieros de Minas del Centro de Espa\u00f1a <strong>(COIMCE)<\/strong> | Firmado el 06\/11\/2018<\/li>\n\n\n\n<li>Convenio Marco de Colaboraci\u00f3n con <strong>ESRI<\/strong> | Firmado el 20 de marzo de 2019<\/li>\n<\/ul>\n","protected":false},"excerpt":{"rendered":"","protected":false},"author":1,"featured_media":3385,"parent":0,"menu_order":0,"comment_status":"closed","ping_status":"closed","template":"","meta":{"footnotes":""},"class_list":["post-3384","page","type-page","status-publish","has-post-thumbnail","hentry"],"yoast_head":"<!-- This site is optimized with the Yoast SEO plugin v25.4 - https:\/\/yoast.com\/wordpress\/plugins\/seo\/ -->\r\n<title>Convenios - Escuela de Geolog\u00eda Profesional<\/title>\r\n<meta name=\"robots\" content=\"index, follow, max-snippet:-1, max-image-preview:large, max-video-preview:-1\" \/>\r\n<link rel=\"canonical\" href=\"https:\/\/www.icog.es\/cursos\/index.php\/convenios\/\" \/>\r\n<meta name=\"twitter:card\" content=\"summary_large_image\" \/>\r\n<meta name=\"twitter:title\" content=\"Convenios - Escuela de Geolog\u00eda Profesional\" \/>\r\n<meta name=\"twitter:image\" content=\"https:\/\/www.icog.es\/cursos\/wp-content\/uploads\/2020\/10\/acuerdos2020.jpg\" \/>\r\n<meta name=\"twitter:site\" content=\"@cgeologos\" \/>\r\n<meta name=\"twitter:label1\" content=\"Tiempo de lectura\" \/>\n\t<meta name=\"twitter:data1\" content=\"2 minutos\" \/>\r\n<script type=\"application\/ld+json\" class=\"yoast-schema-graph\">{\"@context\":\"https:\/\/schema.org\",\"@graph\":[{\"@type\":\"WebPage\",\"@id\":\"https:\/\/www.icog.es\/cursos\/index.php\/convenios\/\",\"url\":\"https:\/\/www.icog.es\/cursos\/index.php\/convenios\/\",\"name\":\"Convenios - Escuela de Geolog\u00eda Profesional\",\"isPartOf\":{\"@id\":\"https:\/\/www.icog.es\/cursos\/#website\"},\"primaryImageOfPage\":{\"@id\":\"https:\/\/www.icog.es\/cursos\/index.php\/convenios\/#primaryimage\"},\"image\":{\"@id\":\"https:\/\/www.icog.es\/cursos\/index.php\/convenios\/#primaryimage\"},\"thumbnailUrl\":\"https:\/\/www.icog.es\/cursos\/wp-content\/uploads\/2020\/10\/acuerdos2020.jpg\",\"datePublished\":\"2020-10-30T10:58:28+00:00\",\"dateModified\":\"2024-01-18T10:06:01+00:00\",\"breadcrumb\":{\"@id\":\"https:\/\/www.icog.es\/cursos\/index.php\/convenios\/#breadcrumb\"},\"inLanguage\":\"es\",\"potentialAction\":[{\"@type\":\"ReadAction\",\"target\":[\"https:\/\/www.icog.es\/cursos\/index.php\/convenios\/\"]}]},{\"@type\":\"ImageObject\",\"inLanguage\":\"es\",\"@id\":\"https:\/\/www.icog.es\/cursos\/index.php\/convenios\/#primaryimage\",\"url\":\"https:\/\/www.icog.es\/cursos\/wp-content\/uploads\/2020\/10\/acuerdos2020.jpg\",\"contentUrl\":\"https:\/\/www.icog.es\/cursos\/wp-content\/uploads\/2020\/10\/acuerdos2020.jpg\",\"width\":1794,\"height\":913},{\"@type\":\"BreadcrumbList\",\"@id\":\"https:\/\/www.icog.es\/cursos\/index.php\/convenios\/#breadcrumb\",\"itemListElement\":[{\"@type\":\"ListItem\",\"position\":1,\"name\":\"Portada\",\"item\":\"https:\/\/www.icog.es\/cursos\/\"},{\"@type\":\"ListItem\",\"position\":2,\"name\":\"Convenios\"}]},{\"@type\":\"WebSite\",\"@id\":\"https:\/\/www.icog.es\/cursos\/#website\",\"url\":\"https:\/\/www.icog.es\/cursos\/\",\"name\":\"Escuela de Geolog\u00eda Profesional\",\"description\":\"Actividades formativas del Ilustre Colegio Oficial de Ge\u00f3logos (Espa\u00f1a)\",\"potentialAction\":[{\"@type\":\"SearchAction\",\"target\":{\"@type\":\"EntryPoint\",\"urlTemplate\":\"https:\/\/www.icog.es\/cursos\/?s={search_term_string}\"},\"query-input\":{\"@type\":\"PropertyValueSpecification\",\"valueRequired\":true,\"valueName\":\"search_term_string\"}}],\"inLanguage\":\"es\"}]}<\/script>\r\n<!-- \/ Yoast SEO plugin. -->","yoast_head_json":{"title":"Convenios - Escuela de Geolog\u00eda Profesional","robots":{"index":"index","follow":"follow","max-snippet":"max-snippet:-1","max-image-preview":"max-image-preview:large","max-video-preview":"max-video-preview:-1"},"canonical":"https:\/\/www.icog.es\/cursos\/index.php\/convenios\/","twitter_card":"summary_large_image","twitter_title":"Convenios - Escuela de Geolog\u00eda Profesional","twitter_image":"https:\/\/www.icog.es\/cursos\/wp-content\/uploads\/2020\/10\/acuerdos2020.jpg","twitter_site":"@cgeologos","twitter_misc":{"Tiempo de lectura":"2 minutos"},"schema":{"@context":"https:\/\/schema.org","@graph":[{"@type":"WebPage","@id":"https:\/\/www.icog.es\/cursos\/index.php\/convenios\/","url":"https:\/\/www.icog.es\/cursos\/index.php\/convenios\/","name":"Convenios - Escuela de Geolog\u00eda Profesional","isPartOf":{"@id":"https:\/\/www.icog.es\/cursos\/#website"},"primaryImageOfPage":{"@id":"https:\/\/www.icog.es\/cursos\/index.php\/convenios\/#primaryimage"},"image":{"@id":"https:\/\/www.icog.es\/cursos\/index.php\/convenios\/#primaryimage"},"thumbnailUrl":"https:\/\/www.icog.es\/cursos\/wp-content\/uploads\/2020\/10\/acuerdos2020.jpg","datePublished":"2020-10-30T10:58:28+00:00","dateModified":"2024-01-18T10:06:01+00:00","breadcrumb":{"@id":"https:\/\/www.icog.es\/cursos\/index.php\/convenios\/#breadcrumb"},"inLanguage":"es","potentialAction":[{"@type":"ReadAction","target":["https:\/\/www.icog.es\/cursos\/index.php\/convenios\/"]}]},{"@type":"ImageObject","inLanguage":"es","@id":"https:\/\/www.icog.es\/cursos\/index.php\/convenios\/#primaryimage","url":"https:\/\/www.icog.es\/cursos\/wp-content\/uploads\/2020\/10\/acuerdos2020.jpg","contentUrl":"https:\/\/www.icog.es\/cursos\/wp-content\/uploads\/2020\/10\/acuerdos2020.jpg","width":1794,"height":913},{"@type":"BreadcrumbList","@id":"https:\/\/www.icog.es\/cursos\/index.php\/convenios\/#breadcrumb","itemListElement":[{"@type":"ListItem","position":1,"name":"Portada","item":"https:\/\/www.icog.es\/cursos\/"},{"@type":"ListItem","position":2,"name":"Convenios"}]},{"@type":"WebSite","@id":"https:\/\/www.icog.es\/cursos\/#website","url":"https:\/\/www.icog.es\/cursos\/","name":"Escuela de Geolog\u00eda Profesional","description":"Actividades formativas del Ilustre Colegio Oficial de Ge\u00f3logos (Espa\u00f1a)","potentialAction":[{"@type":"SearchAction","target":{"@type":"EntryPoint","urlTemplate":"https:\/\/www.icog.es\/cursos\/?s={search_term_string}"},"query-input":{"@type":"PropertyValueSpecification","valueRequired":true,"valueName":"search_term_string"}}],"inLanguage":"es"}]}},"amp_enabled":true,"_links":{"self":[{"href":"https:\/\/www.icog.es\/cursos\/index.php\/wp-json\/wp\/v2\/pages\/3384","targetHints":{"allow":["GET"]}}],"collection":[{"href":"https:\/\/www.icog.es\/cursos\/index.php\/wp-json\/wp\/v2\/pages"}],"about":[{"href":"https:\/\/www.icog.es\/cursos\/index.php\/wp-json\/wp\/v2\/types\/page"}],"author":[{"embeddable":true,"href":"https:\/\/www.icog.es\/cursos\/index.php\/wp-json\/wp\/v2\/users\/1"}],"replies":[{"embeddable":true,"href":"https:\/\/www.icog.es\/cursos\/index.php\/wp-json\/wp\/v2\/comments?post=3384"}],"version-history":[{"count":6,"href":"https:\/\/www.icog.es\/cursos\/index.php\/wp-json\/wp\/v2\/pages\/3384\/revisions"}],"predecessor-version":[{"id":4233,"href":"https:\/\/www.icog.es\/cursos\/index.php\/wp-json\/wp\/v2\/pages\/3384\/revisions\/4233"}],"wp:featuredmedia":[{"embeddable":true,"href":"https:\/\/www.icog.es\/cursos\/index.php\/wp-json\/wp\/v2\/media\/3385"}],"wp:attachment":[{"href":"https:\/\/www.icog.es\/cursos\/index.php\/wp-json\/wp\/v2\/media?parent=3384"}],"curies":[{"name":"wp","href":"https:\/\/api.w.org\/{rel}","templated":true}]}}