{"id":19,"date":"2013-03-10T18:33:47","date_gmt":"2013-03-10T18:33:47","guid":{"rendered":"http:\/\/www.icog.es\/cursos\/?page_id=19"},"modified":"2020-10-08T12:26:09","modified_gmt":"2020-10-08T12:26:09","slug":"contacto","status":"publish","type":"page","link":"https:\/\/www.icog.es\/cursos\/index.php\/contacto\/","title":{"rendered":"Contacto"},"content":{"rendered":"","protected":false},"excerpt":{"rendered":"","protected":false},"author":1,"featured_media":0,"parent":0,"menu_order":0,"comment_status":"open","ping_status":"open","template":"","meta":{"footnotes":""},"class_list":["post-19","page","type-page","status-publish","hentry"],"yoast_head":"<!-- This site is optimized with the Yoast SEO plugin v25.4 - https:\/\/yoast.com\/wordpress\/plugins\/seo\/ -->\r\n<title>Contacto - Escuela de Geolog\u00eda Profesional<\/title>\r\n<meta name=\"description\" content=\"Datos de contacto con la Escuela de Geolog\u00eda Profesional del Ilustre Colegio Oficial de Ge\u00f3logos (Espa\u00f1a).\" \/>\r\n<meta name=\"robots\" content=\"index, follow, max-snippet:-1, max-image-preview:large, max-video-preview:-1\" \/>\r\n<link rel=\"canonical\" href=\"https:\/\/www.icog.es\/cursos\/index.php\/contacto\/\" \/>\r\n<meta name=\"twitter:card\" content=\"summary_large_image\" \/>\r\n<meta name=\"twitter:title\" content=\"Contacto - Escuela de Geolog\u00eda Profesional\" \/>\r\n<meta name=\"twitter:description\" content=\"Datos de contacto con la Escuela de Geolog\u00eda Profesional del Ilustre Colegio Oficial de Ge\u00f3logos (Espa\u00f1a).\" \/>\r\n<meta name=\"twitter:site\" content=\"@cgeologos\" \/>\r\n<script type=\"application\/ld+json\" class=\"yoast-schema-graph\">{\"@context\":\"https:\/\/schema.org\",\"@graph\":[{\"@type\":\"WebPage\",\"@id\":\"https:\/\/www.icog.es\/cursos\/index.php\/contacto\/\",\"url\":\"https:\/\/www.icog.es\/cursos\/index.php\/contacto\/\",\"name\":\"Contacto - Escuela de Geolog\u00eda Profesional\",\"isPartOf\":{\"@id\":\"https:\/\/www.icog.es\/cursos\/#website\"},\"datePublished\":\"2013-03-10T18:33:47+00:00\",\"dateModified\":\"2020-10-08T12:26:09+00:00\",\"description\":\"Datos de contacto con la Escuela de Geolog\u00eda Profesional del Ilustre Colegio Oficial de Ge\u00f3logos (Espa\u00f1a).\",\"breadcrumb\":{\"@id\":\"https:\/\/www.icog.es\/cursos\/index.php\/contacto\/#breadcrumb\"},\"inLanguage\":\"es\",\"potentialAction\":[{\"@type\":\"ReadAction\",\"target\":[\"https:\/\/www.icog.es\/cursos\/index.php\/contacto\/\"]}]},{\"@type\":\"BreadcrumbList\",\"@id\":\"https:\/\/www.icog.es\/cursos\/index.php\/contacto\/#breadcrumb\",\"itemListElement\":[{\"@type\":\"ListItem\",\"position\":1,\"name\":\"Portada\",\"item\":\"https:\/\/www.icog.es\/cursos\/\"},{\"@type\":\"ListItem\",\"position\":2,\"name\":\"Contacto\"}]},{\"@type\":\"WebSite\",\"@id\":\"https:\/\/www.icog.es\/cursos\/#website\",\"url\":\"https:\/\/www.icog.es\/cursos\/\",\"name\":\"Escuela de Geolog\u00eda Profesional\",\"description\":\"Actividades formativas del Ilustre Colegio Oficial de Ge\u00f3logos (Espa\u00f1a)\",\"potentialAction\":[{\"@type\":\"SearchAction\",\"target\":{\"@type\":\"EntryPoint\",\"urlTemplate\":\"https:\/\/www.icog.es\/cursos\/?s={search_term_string}\"},\"query-input\":{\"@type\":\"PropertyValueSpecification\",\"valueRequired\":true,\"valueName\":\"search_term_string\"}}],\"inLanguage\":\"es\"}]}<\/script>\r\n<!-- \/ Yoast SEO plugin. -->","yoast_head_json":{"title":"Contacto - Escuela de Geolog\u00eda Profesional","description":"Datos de contacto con la Escuela de Geolog\u00eda Profesional del Ilustre Colegio Oficial de Ge\u00f3logos (Espa\u00f1a).","robots":{"index":"index","follow":"follow","max-snippet":"max-snippet:-1","max-image-preview":"max-image-preview:large","max-video-preview":"max-video-preview:-1"},"canonical":"https:\/\/www.icog.es\/cursos\/index.php\/contacto\/","twitter_card":"summary_large_image","twitter_title":"Contacto - Escuela de Geolog\u00eda Profesional","twitter_description":"Datos de contacto con la Escuela de Geolog\u00eda Profesional del Ilustre Colegio Oficial de Ge\u00f3logos (Espa\u00f1a).","twitter_site":"@cgeologos","schema":{"@context":"https:\/\/schema.org","@graph":[{"@type":"WebPage","@id":"https:\/\/www.icog.es\/cursos\/index.php\/contacto\/","url":"https:\/\/www.icog.es\/cursos\/index.php\/contacto\/","name":"Contacto - Escuela de Geolog\u00eda Profesional","isPartOf":{"@id":"https:\/\/www.icog.es\/cursos\/#website"},"datePublished":"2013-03-10T18:33:47+00:00","dateModified":"2020-10-08T12:26:09+00:00","description":"Datos de contacto con la Escuela de Geolog\u00eda Profesional del Ilustre Colegio Oficial de Ge\u00f3logos (Espa\u00f1a).","breadcrumb":{"@id":"https:\/\/www.icog.es\/cursos\/index.php\/contacto\/#breadcrumb"},"inLanguage":"es","potentialAction":[{"@type":"ReadAction","target":["https:\/\/www.icog.es\/cursos\/index.php\/contacto\/"]}]},{"@type":"BreadcrumbList","@id":"https:\/\/www.icog.es\/cursos\/index.php\/contacto\/#breadcrumb","itemListElement":[{"@type":"ListItem","position":1,"name":"Portada","item":"https:\/\/www.icog.es\/cursos\/"},{"@type":"ListItem","position":2,"name":"Contacto"}]},{"@type":"WebSite","@id":"https:\/\/www.icog.es\/cursos\/#website","url":"https:\/\/www.icog.es\/cursos\/","name":"Escuela de Geolog\u00eda Profesional","description":"Actividades formativas del Ilustre Colegio Oficial de Ge\u00f3logos (Espa\u00f1a)","potentialAction":[{"@type":"SearchAction","target":{"@type":"EntryPoint","urlTemplate":"https:\/\/www.icog.es\/cursos\/?s={search_term_string}"},"query-input":{"@type":"PropertyValueSpecification","valueRequired":true,"valueName":"search_term_string"}}],"inLanguage":"es"}]}},"amp_enabled":true,"_links":{"self":[{"href":"https:\/\/www.icog.es\/cursos\/index.php\/wp-json\/wp\/v2\/pages\/19","targetHints":{"allow":["GET"]}}],"collection":[{"href":"https:\/\/www.icog.es\/cursos\/index.php\/wp-json\/wp\/v2\/pages"}],"about":[{"href":"https:\/\/www.icog.es\/cursos\/index.php\/wp-json\/wp\/v2\/types\/page"}],"author":[{"embeddable":true,"href":"https:\/\/www.icog.es\/cursos\/index.php\/wp-json\/wp\/v2\/users\/1"}],"replies":[{"embeddable":true,"href":"https:\/\/www.icog.es\/cursos\/index.php\/wp-json\/wp\/v2\/comments?post=19"}],"version-history":[{"count":5,"href":"https:\/\/www.icog.es\/cursos\/index.php\/wp-json\/wp\/v2\/pages\/19\/revisions"}],"predecessor-version":[{"id":3365,"href":"https:\/\/www.icog.es\/cursos\/index.php\/wp-json\/wp\/v2\/pages\/19\/revisions\/3365"}],"wp:attachment":[{"href":"https:\/\/www.icog.es\/cursos\/index.php\/wp-json\/wp\/v2\/media?parent=19"}],"curies":[{"name":"wp","href":"https:\/\/api.w.org\/{rel}","templated":true}]}}