{"id":1804,"date":"2016-02-17T16:30:08","date_gmt":"2016-02-17T16:30:08","guid":{"rendered":"http:\/\/www.icog.es\/cursos\/index.php\/tienda\/"},"modified":"2016-02-17T16:30:08","modified_gmt":"2016-02-17T16:30:08","slug":"tienda","status":"publish","type":"page","link":"https:\/\/www.icog.es\/cursos\/index.php\/tienda\/","title":{"rendered":"Tienda"},"content":{"rendered":"","protected":false},"excerpt":{"rendered":"","protected":false},"author":1,"featured_media":0,"parent":0,"menu_order":0,"comment_status":"closed","ping_status":"closed","template":"","meta":{"footnotes":""},"class_list":["post-1804","page","type-page","status-publish","hentry"],"yoast_head":"<!-- This site is optimized with the Yoast SEO plugin v25.4 - https:\/\/yoast.com\/wordpress\/plugins\/seo\/ -->\r\n<title>Tienda - Escuela de Geolog\u00eda Profesional<\/title>\r\n<meta name=\"robots\" content=\"index, follow, max-snippet:-1, max-image-preview:large, max-video-preview:-1\" \/>\r\n<link rel=\"canonical\" href=\"https:\/\/www.icog.es\/cursos\/index.php\/tienda\/\" \/>\r\n<meta name=\"twitter:card\" content=\"summary_large_image\" \/>\r\n<meta name=\"twitter:title\" content=\"Tienda - Escuela de Geolog\u00eda Profesional\" \/>\r\n<meta name=\"twitter:site\" content=\"@cgeologos\" \/>\r\n<script type=\"application\/ld+json\" class=\"yoast-schema-graph\">{\"@context\":\"https:\/\/schema.org\",\"@graph\":[{\"@type\":\"WebPage\",\"@id\":\"https:\/\/www.icog.es\/cursos\/index.php\/tienda\/\",\"url\":\"https:\/\/www.icog.es\/cursos\/index.php\/tienda\/\",\"name\":\"Tienda - Escuela de Geolog\u00eda Profesional\",\"isPartOf\":{\"@id\":\"https:\/\/www.icog.es\/cursos\/#website\"},\"datePublished\":\"2016-02-17T16:30:08+00:00\",\"breadcrumb\":{\"@id\":\"https:\/\/www.icog.es\/cursos\/index.php\/tienda\/#breadcrumb\"},\"inLanguage\":\"es\",\"potentialAction\":[{\"@type\":\"ReadAction\",\"target\":[\"https:\/\/www.icog.es\/cursos\/index.php\/tienda\/\"]}]},{\"@type\":\"BreadcrumbList\",\"@id\":\"https:\/\/www.icog.es\/cursos\/index.php\/tienda\/#breadcrumb\",\"itemListElement\":[{\"@type\":\"ListItem\",\"position\":1,\"name\":\"Portada\",\"item\":\"https:\/\/www.icog.es\/cursos\/\"},{\"@type\":\"ListItem\",\"position\":2,\"name\":\"Tienda\"}]},{\"@type\":\"WebSite\",\"@id\":\"https:\/\/www.icog.es\/cursos\/#website\",\"url\":\"https:\/\/www.icog.es\/cursos\/\",\"name\":\"Escuela de Geolog\u00eda Profesional\",\"description\":\"Actividades formativas del Ilustre Colegio Oficial de Ge\u00f3logos (Espa\u00f1a)\",\"potentialAction\":[{\"@type\":\"SearchAction\",\"target\":{\"@type\":\"EntryPoint\",\"urlTemplate\":\"https:\/\/www.icog.es\/cursos\/?s={search_term_string}\"},\"query-input\":{\"@type\":\"PropertyValueSpecification\",\"valueRequired\":true,\"valueName\":\"search_term_string\"}}],\"inLanguage\":\"es\"}]}<\/script>\r\n<!-- \/ Yoast SEO plugin. -->","yoast_head_json":{"title":"Tienda - Escuela de Geolog\u00eda Profesional","robots":{"index":"index","follow":"follow","max-snippet":"max-snippet:-1","max-image-preview":"max-image-preview:large","max-video-preview":"max-video-preview:-1"},"canonical":"https:\/\/www.icog.es\/cursos\/index.php\/tienda\/","twitter_card":"summary_large_image","twitter_title":"Tienda - Escuela de Geolog\u00eda Profesional","twitter_site":"@cgeologos","schema":{"@context":"https:\/\/schema.org","@graph":[{"@type":"WebPage","@id":"https:\/\/www.icog.es\/cursos\/index.php\/tienda\/","url":"https:\/\/www.icog.es\/cursos\/index.php\/tienda\/","name":"Tienda - Escuela de Geolog\u00eda Profesional","isPartOf":{"@id":"https:\/\/www.icog.es\/cursos\/#website"},"datePublished":"2016-02-17T16:30:08+00:00","breadcrumb":{"@id":"https:\/\/www.icog.es\/cursos\/index.php\/tienda\/#breadcrumb"},"inLanguage":"es","potentialAction":[{"@type":"ReadAction","target":["https:\/\/www.icog.es\/cursos\/index.php\/tienda\/"]}]},{"@type":"BreadcrumbList","@id":"https:\/\/www.icog.es\/cursos\/index.php\/tienda\/#breadcrumb","itemListElement":[{"@type":"ListItem","position":1,"name":"Portada","item":"https:\/\/www.icog.es\/cursos\/"},{"@type":"ListItem","position":2,"name":"Tienda"}]},{"@type":"WebSite","@id":"https:\/\/www.icog.es\/cursos\/#website","url":"https:\/\/www.icog.es\/cursos\/","name":"Escuela de Geolog\u00eda Profesional","description":"Actividades formativas del Ilustre Colegio Oficial de Ge\u00f3logos (Espa\u00f1a)","potentialAction":[{"@type":"SearchAction","target":{"@type":"EntryPoint","urlTemplate":"https:\/\/www.icog.es\/cursos\/?s={search_term_string}"},"query-input":{"@type":"PropertyValueSpecification","valueRequired":true,"valueName":"search_term_string"}}],"inLanguage":"es"}]}},"amp_enabled":true,"_links":{"self":[{"href":"https:\/\/www.icog.es\/cursos\/index.php\/wp-json\/wp\/v2\/pages\/1804","targetHints":{"allow":["GET"]}}],"collection":[{"href":"https:\/\/www.icog.es\/cursos\/index.php\/wp-json\/wp\/v2\/pages"}],"about":[{"href":"https:\/\/www.icog.es\/cursos\/index.php\/wp-json\/wp\/v2\/types\/page"}],"author":[{"embeddable":true,"href":"https:\/\/www.icog.es\/cursos\/index.php\/wp-json\/wp\/v2\/users\/1"}],"replies":[{"embeddable":true,"href":"https:\/\/www.icog.es\/cursos\/index.php\/wp-json\/wp\/v2\/comments?post=1804"}],"version-history":[{"count":0,"href":"https:\/\/www.icog.es\/cursos\/index.php\/wp-json\/wp\/v2\/pages\/1804\/revisions"}],"wp:attachment":[{"href":"https:\/\/www.icog.es\/cursos\/index.php\/wp-json\/wp\/v2\/media?parent=1804"}],"curies":[{"name":"wp","href":"https:\/\/api.w.org\/{rel}","templated":true}]}}