{"id":69,"date":"2013-06-15T17:53:32","date_gmt":"2013-06-15T17:53:32","guid":{"rendered":"http:\/\/www.icog.es\/asturias\/?page_id=69"},"modified":"2019-04-03T14:03:47","modified_gmt":"2019-04-03T12:03:47","slug":"el-colegio","status":"publish","type":"page","link":"https:\/\/www.icog.es\/asturias\/el-colegio\/","title":{"rendered":"El Colegio"},"content":{"rendered":"\n<h4 class=\"wp-block-heading\"><figure><a href=\"http:\/\/www.icog.es\/asturias\/wp-content\/uploads\/2013\/06\/logoicog.jpg\"><img loading=\"lazy\" decoding=\"async\" class=\" wp-image-57 alignleft\" title=\"Colegio de Ge\u00f3logos\" src=\"http:\/\/www.icog.es\/asturias\/wp-content\/uploads\/2013\/06\/logoicog.jpg\" alt=\"logoicog\" width=\"206\" height=\"201\"><\/a><\/figure><\/h4>\n\n\n\n<h4 class=\"wp-block-heading\">\u00bfQU\u00c9 ES EL COLEGIO OFICIAL DE GE\u00d3LOGOS DE ASTURIAS?<\/h4>\n\n\n\n<p>Es la Delegaci\u00f3n para el Principado de Asturias del <a href=\"http:\/\/www.icog.es\" target=\"_blank\" rel=\"noopener noreferrer\"><span style=\"color: #0000ff;\">Ilustre Colegio Oficial de Ge\u00f3logos (ICOG)<\/span><\/a>.<\/p>\n\n\n\n<p>El ICOG es una instituci\u00f3n sin finalidad lucrativa creada para la defensa y apoyo de los intereses de los Ge\u00f3logos, <strong>creada por Ley 73\/1978 de 26 de Diciembre<\/strong>, <strong>es una corporaci\u00f3n de Derecho P\u00fablico<\/strong>, amparada por Ley y reconocida por el Estado, con personalidad jur\u00eddica propia y capacidad plena para el ejercicio de sus funciones y cumplimiento de sus fines.<\/p>\n\n\n\n<p>Goza, a todos los efectos, del rango de preeminencia atribuidos a esta clase de entidades por la Ley de Colegios Profesionales, por lo que es la \u00fanica corporaci\u00f3n legitimada para elevar a los Poderes P\u00fablicos los problemas y aspiraciones de la profesi\u00f3n, asumiendo en tal sentido la representaci\u00f3n del colectivo profesional.<\/p>\n\n\n\n<p>Los Estatutos del ICOG fueron aprobados por el <a href=\"http:\/\/www.icog.es\/_portal\/uploads\/asesoria_legislacion\/estatutos.pdf\" target=\"_blank\" rel=\"noopener noreferrer\"><span style=\"color: #0000ff;\">Real Decreto 1378\/2001, de 7 de diciembre de 2001<\/span><\/a>.<\/p>\n\n\n\n<p>El <strong>Colegio de Ge\u00f3logos de Asturias<\/strong> tiene en la actualidad cerca de 300 miembros que se engloban en los m\u00e1s de 2.800 que tiene el ICOG en toda Espa\u00f1a.<\/p>\n\n\n\n<p>El organo de direcci\u00f3n del Colegio de Ge\u00f3logos de Asturias es el&nbsp;<strong>Consejo de Gobierno<\/strong>, lo que en esta p\u00e1gina web encontrar\u00e1s bajo el ep\u00edgrafe de DIRECTIVA.<\/p>\n\n\n\n<p>El Consejo de Gobierno se re\u00fane al menos dos veces al a\u00f1o con los responsables de los otros Consejos de Gobierno Auton\u00f3micos (Arag\u00f3n, Catalu\u00f1a y Pa\u00eds Vasco) y la Junta de Gobierno del ICOG. A estas reuniones se les denomina <strong>Comisi\u00f3n Mixta<\/strong>. Tienen por finalidad definir objetivos, hacer el seguimiento de los mismos y coordinar esfuerzos, entre otros. En la actualidad estas reuniones se realizan por videoconferencia.<\/p>\n\n\n\n<blockquote style=\"text-align:center\" class=\"wp-block-quote is-style-large is-layout-flow wp-block-quote-is-layout-flow\"><p>Estar colegiado en el Colegio de Ge\u00f3logos de Asturias significa estar colegiado en el Ilustre Colegio Oficial de Ge\u00f3logos (ICOG). Somos la misma entidad y podr\u00e1s utilizar los servicios que prestamos en cualquiera de las sedes (Oviedo, Madrid, Barcelona, Bilbao y Zaragoza)<\/p><\/blockquote>\n\n\n\n<h4 class=\"wp-block-heading\">SON FUNCIONES DEL ICOG<\/h4>\n\n\n\n<ul class=\"wp-block-list\"><li style=\"text-align: justify;\"><span style=\"font-size: 13px; line-height: 19px;\">Servir con normas propias a los intereses de la colectividad.<\/span><\/li><\/ul>\n\n\n\n<ul class=\"wp-block-list\"><li style=\"text-align: justify;\"><span style=\"font-size: 13px; line-height: 19px;\">Representar y defender la profesi\u00f3n ante la Administraci\u00f3n, Instituciones, Tribunales y particulares.<\/span><\/li><\/ul>\n\n\n\n<ul class=\"wp-block-list\"><li style=\"text-align: justify;\"><span style=\"font-size: 13px; line-height: 19px;\">Promover la dignificaci\u00f3n social y econ\u00f3mica de los colegiados, procurando la formaci\u00f3n integral y el perfeccionamiento continuado de los mismos, ordenando el ejercicio de la profesi\u00f3n, de acuerdo con la \u00e9tica y deontolog\u00eda profesional.<\/span><\/li><\/ul>\n\n\n\n<ul class=\"wp-block-list\"><li style=\"text-align: justify;\"><span style=\"font-size: 13px; line-height: 19px;\">Organizar actividades y servicios de inter\u00e9s colegial, sean de car\u00e1cter profesional, formativo, cultural, asistencial, de previsi\u00f3n y otros an\u00e1logos.<\/span><\/li><\/ul>\n\n\n\n<ul class=\"wp-block-list\"><li style=\"text-align: justify;\"><span style=\"font-size: 13px; line-height: 19px;\">Asesorar y defender a los colegiados, en el ejercicio de los derechos profesionales en sus relaciones con la Administraci\u00f3n y las Empresas<\/span><\/li><\/ul>\n\n\n\n<ul class=\"wp-block-list\"><li style=\"text-align: justify;\"><span style=\"font-size: 13px; line-height: 19px;\">Adoptar las medidas conducentes a evitar el intrusismo profesional, denunciando y persiguiendo ante la Administraci\u00f3n y Tribunales de Justicia los casos conocidos por la Junta de Gobierno.<\/span><\/li><\/ul>\n\n\n\n<ul class=\"wp-block-list\"><li style=\"text-align: justify;\"><span style=\"font-size: 13px; line-height: 19px;\">Informar los proyectos de Ley y disposiciones legales que se refieran a funciones profesionales y \u00e1mbito de actuaci\u00f3n del Ge\u00f3logo.<\/span><\/li><\/ul>\n\n\n\n<ul class=\"wp-block-list\"><li style=\"text-align: justify;\"><span style=\"font-size: 13px; line-height: 19px;\">Participar en la elaboraci\u00f3n de los Planes de Estudios de las distintas Facultades en relaci\u00f3n con la profesi\u00f3n.<\/span><\/li><li style=\"text-align: justify;\"><span style=\"font-size: 13px; line-height: 19px;\">Visar los trabajos profesionales de los colegiados, seg\u00fan lo que se establezca en el Reglamento.<\/span><\/li><\/ul>\n\n\n\n<p><\/p>\n","protected":false},"excerpt":{"rendered":"<p>\u00bfQU\u00c9 ES EL COLEGIO OFICIAL DE GE\u00d3LOGOS DE ASTURIAS? Es la Delegaci\u00f3n para el Principado de Asturias del Ilustre Colegio Oficial de Ge\u00f3logos (ICOG). El ICOG es una instituci\u00f3n sin finalidad lucrativa creada para la defensa y apoyo de los &hellip; <a href=\"https:\/\/www.icog.es\/asturias\/el-colegio\/\">Sigue leyendo <span class=\"meta-nav\">&rarr;<\/span><\/a><\/p>\n","protected":false},"author":1,"featured_media":0,"parent":0,"menu_order":0,"comment_status":"closed","ping_status":"open","template":"","meta":{"footnotes":""},"class_list":["post-69","page","type-page","status-publish","hentry"],"yoast_head":"<!-- This site is optimized with the Yoast SEO plugin v25.8 - https:\/\/yoast.com\/wordpress\/plugins\/seo\/ -->\r\n<title>El Colegio - Colegio de Ge\u00f3logos de Asturias<\/title>\r\n<meta name=\"description\" content=\"Breve descripci\u00f3n de los fines y funciones del Colegio de Ge\u00f3logos de Asturias\" \/>\r\n<meta name=\"robots\" content=\"index, follow, max-snippet:-1, max-image-preview:large, max-video-preview:-1\" \/>\r\n<link rel=\"canonical\" href=\"https:\/\/www.icog.es\/asturias\/el-colegio\/\" \/>\r\n<meta property=\"og:locale\" content=\"es_ES\" \/>\r\n<meta property=\"og:type\" content=\"article\" \/>\r\n<meta property=\"og:title\" content=\"El Colegio - Colegio de Ge\u00f3logos de Asturias\" \/>\r\n<meta property=\"og:description\" content=\"Breve descripci\u00f3n de los fines y funciones del Colegio de Ge\u00f3logos de Asturias\" \/>\r\n<meta property=\"og:url\" content=\"https:\/\/www.icog.es\/asturias\/el-colegio\/\" \/>\r\n<meta property=\"og:site_name\" content=\"Colegio de Ge\u00f3logos de Asturias\" \/>\r\n<meta property=\"article:publisher\" content=\"https:\/\/www.facebook.com\/CGEOLOGOS\/\" \/>\r\n<meta property=\"article:modified_time\" content=\"2019-04-03T12:03:47+00:00\" \/>\r\n<meta property=\"og:image\" content=\"http:\/\/www.icog.es\/asturias\/wp-content\/uploads\/2013\/06\/logoicog.jpg\" \/>\r\n<meta name=\"twitter:card\" content=\"summary_large_image\" \/>\r\n<meta name=\"twitter:site\" content=\"@cgeologos\" \/>\r\n<meta name=\"twitter:label1\" content=\"Tiempo de lectura\" \/>\n\t<meta name=\"twitter:data1\" content=\"3 minutos\" \/>\r\n<script type=\"application\/ld+json\" class=\"yoast-schema-graph\">{\"@context\":\"https:\/\/schema.org\",\"@graph\":[{\"@type\":\"WebPage\",\"@id\":\"https:\/\/www.icog.es\/asturias\/el-colegio\/\",\"url\":\"https:\/\/www.icog.es\/asturias\/el-colegio\/\",\"name\":\"El Colegio - Colegio de Ge\u00f3logos de Asturias\",\"isPartOf\":{\"@id\":\"https:\/\/www.icog.es\/asturias\/#website\"},\"primaryImageOfPage\":{\"@id\":\"https:\/\/www.icog.es\/asturias\/el-colegio\/#primaryimage\"},\"image\":{\"@id\":\"https:\/\/www.icog.es\/asturias\/el-colegio\/#primaryimage\"},\"thumbnailUrl\":\"http:\/\/www.icog.es\/asturias\/wp-content\/uploads\/2013\/06\/logoicog.jpg\",\"datePublished\":\"2013-06-15T17:53:32+00:00\",\"dateModified\":\"2019-04-03T12:03:47+00:00\",\"description\":\"Breve descripci\u00f3n de los fines y funciones del Colegio de Ge\u00f3logos de Asturias\",\"inLanguage\":\"es\",\"potentialAction\":[{\"@type\":\"ReadAction\",\"target\":[\"https:\/\/www.icog.es\/asturias\/el-colegio\/\"]}]},{\"@type\":\"ImageObject\",\"inLanguage\":\"es\",\"@id\":\"https:\/\/www.icog.es\/asturias\/el-colegio\/#primaryimage\",\"url\":\"http:\/\/www.icog.es\/asturias\/wp-content\/uploads\/2013\/06\/logoicog.jpg\",\"contentUrl\":\"http:\/\/www.icog.es\/asturias\/wp-content\/uploads\/2013\/06\/logoicog.jpg\"},{\"@type\":\"WebSite\",\"@id\":\"https:\/\/www.icog.es\/asturias\/#website\",\"url\":\"https:\/\/www.icog.es\/asturias\/\",\"name\":\"Colegio de Ge\u00f3logos de Asturias\",\"description\":\"\",\"potentialAction\":[{\"@type\":\"SearchAction\",\"target\":{\"@type\":\"EntryPoint\",\"urlTemplate\":\"https:\/\/www.icog.es\/asturias\/?s={search_term_string}\"},\"query-input\":{\"@type\":\"PropertyValueSpecification\",\"valueRequired\":true,\"valueName\":\"search_term_string\"}}],\"inLanguage\":\"es\"}]}<\/script>\r\n<!-- \/ Yoast SEO plugin. -->","yoast_head_json":{"title":"El Colegio - Colegio de Ge\u00f3logos de Asturias","description":"Breve descripci\u00f3n de los fines y funciones del Colegio de Ge\u00f3logos de Asturias","robots":{"index":"index","follow":"follow","max-snippet":"max-snippet:-1","max-image-preview":"max-image-preview:large","max-video-preview":"max-video-preview:-1"},"canonical":"https:\/\/www.icog.es\/asturias\/el-colegio\/","og_locale":"es_ES","og_type":"article","og_title":"El Colegio - Colegio de Ge\u00f3logos de Asturias","og_description":"Breve descripci\u00f3n de los fines y funciones del Colegio de Ge\u00f3logos de Asturias","og_url":"https:\/\/www.icog.es\/asturias\/el-colegio\/","og_site_name":"Colegio de Ge\u00f3logos de Asturias","article_publisher":"https:\/\/www.facebook.com\/CGEOLOGOS\/","article_modified_time":"2019-04-03T12:03:47+00:00","og_image":[{"url":"http:\/\/www.icog.es\/asturias\/wp-content\/uploads\/2013\/06\/logoicog.jpg","type":"","width":"","height":""}],"twitter_card":"summary_large_image","twitter_site":"@cgeologos","twitter_misc":{"Tiempo de lectura":"3 minutos"},"schema":{"@context":"https:\/\/schema.org","@graph":[{"@type":"WebPage","@id":"https:\/\/www.icog.es\/asturias\/el-colegio\/","url":"https:\/\/www.icog.es\/asturias\/el-colegio\/","name":"El Colegio - Colegio de Ge\u00f3logos de Asturias","isPartOf":{"@id":"https:\/\/www.icog.es\/asturias\/#website"},"primaryImageOfPage":{"@id":"https:\/\/www.icog.es\/asturias\/el-colegio\/#primaryimage"},"image":{"@id":"https:\/\/www.icog.es\/asturias\/el-colegio\/#primaryimage"},"thumbnailUrl":"http:\/\/www.icog.es\/asturias\/wp-content\/uploads\/2013\/06\/logoicog.jpg","datePublished":"2013-06-15T17:53:32+00:00","dateModified":"2019-04-03T12:03:47+00:00","description":"Breve descripci\u00f3n de los fines y funciones del Colegio de Ge\u00f3logos de Asturias","inLanguage":"es","potentialAction":[{"@type":"ReadAction","target":["https:\/\/www.icog.es\/asturias\/el-colegio\/"]}]},{"@type":"ImageObject","inLanguage":"es","@id":"https:\/\/www.icog.es\/asturias\/el-colegio\/#primaryimage","url":"http:\/\/www.icog.es\/asturias\/wp-content\/uploads\/2013\/06\/logoicog.jpg","contentUrl":"http:\/\/www.icog.es\/asturias\/wp-content\/uploads\/2013\/06\/logoicog.jpg"},{"@type":"WebSite","@id":"https:\/\/www.icog.es\/asturias\/#website","url":"https:\/\/www.icog.es\/asturias\/","name":"Colegio de Ge\u00f3logos de Asturias","description":"","potentialAction":[{"@type":"SearchAction","target":{"@type":"EntryPoint","urlTemplate":"https:\/\/www.icog.es\/asturias\/?s={search_term_string}"},"query-input":{"@type":"PropertyValueSpecification","valueRequired":true,"valueName":"search_term_string"}}],"inLanguage":"es"}]}},"amp_enabled":true,"_links":{"self":[{"href":"https:\/\/www.icog.es\/asturias\/wp-json\/wp\/v2\/pages\/69","targetHints":{"allow":["GET"]}}],"collection":[{"href":"https:\/\/www.icog.es\/asturias\/wp-json\/wp\/v2\/pages"}],"about":[{"href":"https:\/\/www.icog.es\/asturias\/wp-json\/wp\/v2\/types\/page"}],"author":[{"embeddable":true,"href":"https:\/\/www.icog.es\/asturias\/wp-json\/wp\/v2\/users\/1"}],"replies":[{"embeddable":true,"href":"https:\/\/www.icog.es\/asturias\/wp-json\/wp\/v2\/comments?post=69"}],"version-history":[{"count":20,"href":"https:\/\/www.icog.es\/asturias\/wp-json\/wp\/v2\/pages\/69\/revisions"}],"predecessor-version":[{"id":2473,"href":"https:\/\/www.icog.es\/asturias\/wp-json\/wp\/v2\/pages\/69\/revisions\/2473"}],"wp:attachment":[{"href":"https:\/\/www.icog.es\/asturias\/wp-json\/wp\/v2\/media?parent=69"}],"curies":[{"name":"wp","href":"https:\/\/api.w.org\/{rel}","templated":true}]}}