{"id":58,"date":"2013-06-15T11:59:39","date_gmt":"2013-06-15T11:59:39","guid":{"rendered":"http:\/\/www.icog.es\/asturias\/?page_id=58"},"modified":"2021-03-11T19:42:15","modified_gmt":"2021-03-11T18:42:15","slug":"servicios","status":"publish","type":"page","link":"https:\/\/www.icog.es\/asturias\/servicios\/","title":{"rendered":"Servicios"},"content":{"rendered":"\n<h4 class=\"wp-block-heading\"> Asesor\u00eda Jur\u00eddica, <a href=\"http:\/\/www.icog.es\/_portal\/asesor_resp\/asesor_resp.asp\" target=\"_blank\" rel=\"noreferrer noopener\">El asesor jur\u00eddico del ICOG responder\u00e1 a todas tus preguntas<\/a>. El servicio es online y se presta desde la sede central a todo el colectivo de ge\u00f3logos colegiados. S<strong>ervicio gratuito.<\/strong><\/h4>\n\n\n\n<h4 class=\"wp-block-heading\">Desarrollo Profesional y Empleo, por tu condici\u00f3n de colegiado podr\u00e1s acceder a la <a href=\"http:\/\/www.profitbc.com\/plataforma\/?id=101\" target=\"_blank\" rel=\"noreferrer noopener\">red social privada profesional del Colegio Oficial de Ge\u00f3logos<\/a>. All\u00ed se publican ofertas de empleo que llegan directamente a cada una de las sedes de la instituci\u00f3n as\u00ed como otras ofertas que se recogen de distintos portales de empleo de las que se te informar\u00e1, tras darte de alta en esta red, mediante un bolet\u00edn quincenal. No dudes en contactar con la sede central si tienes alg\u00fan problema al darte de alta en el servicio <a href=\"mailto:empleo@icog.es\">empleo@icog.es<\/a>\u00a0o Tel.: 915 532 403\u00a0<strong>Servicio gratuito.<\/strong><\/h4>\n\n\n\n<h4 class=\"wp-block-heading\">T\u00edtulos Profesionales, una ayuda para salir a trabajar fuera de nuestras fronteras o simplemente para acreditar tu condici\u00f3n de perito o especialista. Si cumples los requisitos, podr\u00e1s solicitar el <a href=\"http:\/\/www.icog.es\/_portal\/servicios\/titulos.asp\" target=\"_blank\" rel=\"noreferrer noopener\">T\u00edtulo de Euroge\u00f3logo o los T\u00edtulos Profesionales de Perito o Especialista<\/a>.\u00a0<strong>La emisi\u00f3n de t\u00edtulos tiene un coste as\u00ed como su mantenimiento.<\/strong><\/h4>\n\n\n\n<h4 class=\"wp-block-heading\">Descuentos en todas las actividades formativas de la instituci\u00f3n y Cursos, desde hace m\u00e1s de 10 a\u00f1os el Colegio Oficial de Ge\u00f3logos imparte cursos y seminarios bajo la denominaci\u00f3n de <a href=\"http:\/\/www.icog.es\/cursos\/\" target=\"_blank\" rel=\"noreferrer noopener\">Escuela de Geolog\u00eda Profesional (EGP)<\/a>. Los cursos que organizamos en Asturias tambi\u00e9n se engloban dentro de las actividades de la EGP. Por tu condici\u00f3n de colegiado podr\u00e1s realizar cualquier actividad formativa a un precio mucho menor que el aplicado al mercado y, si tu situaci\u00f3n es la de desempleado, el precio ser\u00e1 m\u00e1s bajo. Los cursos pueden ser presenciales o online.<\/h4>\n\n\n\n<h4 class=\"wp-block-heading\">Beneficios sociales, descuentos en previsi\u00f3n sanitaria, bancos, etc&#8230;<\/h4>\n\n\n\n<p>Desde nuestro Colegio, puedes acceder a diferentes servicio y ayudas, si quieres ampliar  la informaci\u00f3n, pulsa sobre los diferentes links: <\/p>\n\n\n<h4><em><strong>Registro Oficial de Colegiados y Sociedades<\/strong><\/em><\/h4>\n<p><a href=\"https:\/\/www.cgeologos.es\/registro-colegiados-sociedades\">https:\/\/www.cgeologos.es\/registro-colegiados-sociedades<\/a><\/p>\n<h4><em><strong>Atenci\u00f3n al Ciudadano\/Ventanilla \u00danica<\/strong><\/em><\/h4>\n<p><a href=\"https:\/\/www.cgeologos.es\/contacto\">https:\/\/www.cgeologos.es\/contacto<\/a><\/p>\n<h4><em><strong>Atenci\u00f3n al Ciudadano\/Transparencia<br \/><\/strong><\/em><\/h4>\n<p><a href=\"https:\/\/www.cgeologos.es\/transparencia\">https:\/\/www.cgeologos.es\/transparencia<\/a><\/p>\n<h4><em><strong>Colegiado\/Transparencia<\/strong><\/em><\/h4>\n<p><a href=\"https:\/\/www.cgeologos.es\/Account\/Entrar.aspx?URL=~%2fcolegiado-transparencia\">https:\/\/www.cgeologos.es\/Account\/Entrar.aspx?URL=~%2fcolegiado-transparencia<\/a><\/p>\n<h4><em><strong>Colegiado\/Plan Cuota Cero<br \/><\/strong><\/em><\/h4>\n<p><a href=\"https:\/\/cgeologos.es\/\">https:\/\/cgeologos.es\/<\/a><\/p>\n<h4><em><strong>Colegiado\/Datos Personales\/Modificaciones y bajas<br \/><\/strong><\/em><\/h4>\n<p><a href=\"https:\/\/cgeologos.es\/colegiado-modificaciones-y-bajas\">https:\/\/cgeologos.es\/colegiado-modificaciones-y-bajas<\/a><\/p>\n<h4><em><strong>Colegiado\/Visados y Supervisados<br \/><\/strong><\/em><\/h4>\n<p><a href=\"https:\/\/cgeologos.es\/Account\/Entrar.aspx?URL=~%2fcolegiado-visado-y-supervisado\">https:\/\/cgeologos.es\/Account\/Entrar.aspx?URL=~%2fcolegiado-visado-y-supervisado<\/a><\/p>\n<h4><em><strong>Colegiado\/Mentor\u00edas<br \/><\/strong><\/em><\/h4>\n<p><a href=\"https:\/\/cgeologos.es\/Mentorias\">https:\/\/cgeologos.es\/Mentorias<\/a><\/p>\n<h4><em><strong>Colegiado\/Empleo<\/strong><\/em><\/h4>\n<p><a href=\"https:\/\/cgeologos.es\/Account\/Entrar.aspx?URL=~%2fempleo\">https:\/\/cgeologos.es\/Account\/Entrar.aspx?URL=~%2fempleo<\/a><\/p>\n<h4><em><strong>Colegiado\/Asesor\u00eda Jur\u00eddica<br \/><\/strong><\/em><\/h4>\n<p><a href=\"https:\/\/www.cgeologos.es\/Account\/Entrar.aspx?URL=~%2fpreguntas-asesor\">https:\/\/www.cgeologos.es\/Account\/Entrar.aspx?URL=~%2fpreguntas-asesor<\/a><\/p>\n<h4><em><strong>Colegiado\/T\u00edtulos Profesionales<br \/><\/strong><\/em><\/h4>\n<p><a href=\"https:\/\/www.cgeologos.es\/colegiado-titulos-profesionales\">https:\/\/www.cgeologos.es\/colegiado-titulos-profesionales<\/a><\/p>\n<h4><em><strong>Colegiado\/Peritaciones y Tasaciones<br \/><\/strong><\/em><\/h4>\n<p><a href=\"https:\/\/www.cgeologos.es\/Account\/Entrar.aspx?URL=~%2fcolegiado-peritaciones-y-tasaciones\">https:\/\/www.cgeologos.es\/Account\/Entrar.aspx?URL=~%2fcolegiado-peritaciones-y-tasaciones<\/a><\/p>\n<p><em><strong>Carn\u00e9 Joven<\/strong><\/em><\/p>\n<p><a href=\"https:\/\/www.cgeologos.es\/carne-joven\">https:\/\/www.cgeologos.es\/carne-joven<\/a><\/p>\n<p><strong><em>Igualdad y Profesi\u00f3n<\/em> <\/strong><\/p>\n<p><a href=\"https:\/\/www.cgeologos.es\/Igualdad\">https:\/\/www.cgeologos.es\/Igualdad<\/a><\/p>\n<h4><strong><em>Coworking<\/em><\/strong><\/h4>\n<p><a href=\"https:\/\/www.cgeologos.es\/coworkingICOG\">https:\/\/www.cgeologos.es\/coworkingICOG<\/a><\/p>\n<h4>\u00a0<\/h4>\n<h4>\u00a0<\/h4>\n<p>\u00a0<\/p>\n<p><iframe loading=\"lazy\" src=\"http:\/\/www.youtube.com\/embed\/RDw0hXUOMsg\" width=\"560\" height=\"315\" frameborder=\"0\" allowfullscreen=\"allowfullscreen\"><\/iframe><\/p>\n<p>\u00a0<\/p>\n<p>\u00a0<\/p>","protected":false},"excerpt":{"rendered":"<p>Asesor\u00eda Jur\u00eddica, El asesor jur\u00eddico del ICOG responder\u00e1 a todas tus preguntas. El servicio es online y se presta desde la sede central a todo el colectivo de ge\u00f3logos colegiados. Servicio gratuito. Desarrollo Profesional y Empleo, por tu condici\u00f3n de &hellip; <a href=\"https:\/\/www.icog.es\/asturias\/servicios\/\">Sigue leyendo <span class=\"meta-nav\">&rarr;<\/span><\/a><\/p>\n","protected":false},"author":1,"featured_media":136,"parent":0,"menu_order":0,"comment_status":"closed","ping_status":"open","template":"","meta":{"footnotes":""},"class_list":["post-58","page","type-page","status-publish","has-post-thumbnail","hentry"],"yoast_head":"<!-- This site is optimized with the Yoast SEO plugin v25.8 - https:\/\/yoast.com\/wordpress\/plugins\/seo\/ -->\r\n<title>Servicios - Colegio de Ge\u00f3logos de Asturias<\/title>\r\n<meta name=\"description\" content=\"Relaci\u00f3n de los servicios m\u00e1s relevantes que presta el Colegio Oficial de Ge\u00f3logos de Asturias\" \/>\r\n<meta name=\"robots\" content=\"index, follow, max-snippet:-1, max-image-preview:large, max-video-preview:-1\" \/>\r\n<link rel=\"canonical\" href=\"https:\/\/www.icog.es\/asturias\/servicios\/\" \/>\r\n<meta property=\"og:locale\" content=\"es_ES\" \/>\r\n<meta property=\"og:type\" content=\"article\" \/>\r\n<meta property=\"og:title\" content=\"Servicios - Colegio de Ge\u00f3logos de Asturias\" \/>\r\n<meta property=\"og:description\" content=\"Relaci\u00f3n de los servicios m\u00e1s relevantes que presta el Colegio Oficial de Ge\u00f3logos de Asturias\" \/>\r\n<meta property=\"og:url\" content=\"https:\/\/www.icog.es\/asturias\/servicios\/\" \/>\r\n<meta property=\"og:site_name\" content=\"Colegio de Ge\u00f3logos de Asturias\" \/>\r\n<meta property=\"article:publisher\" content=\"https:\/\/www.facebook.com\/CGEOLOGOS\/\" \/>\r\n<meta property=\"article:modified_time\" content=\"2021-03-11T18:42:15+00:00\" \/>\r\n<meta property=\"og:image\" content=\"https:\/\/www.icog.es\/asturias\/wp-content\/uploads\/2013\/06\/servicios.jpg\" \/>\r\n\t<meta property=\"og:image:width\" content=\"1738\" \/>\r\n\t<meta property=\"og:image:height\" content=\"1151\" \/>\r\n\t<meta property=\"og:image:type\" content=\"image\/jpeg\" \/>\r\n<meta name=\"twitter:card\" content=\"summary_large_image\" \/>\r\n<meta name=\"twitter:site\" content=\"@cgeologos\" \/>\r\n<meta name=\"twitter:label1\" content=\"Tiempo de lectura\" \/>\n\t<meta name=\"twitter:data1\" content=\"2 minutos\" \/>\r\n<script type=\"application\/ld+json\" class=\"yoast-schema-graph\">{\"@context\":\"https:\/\/schema.org\",\"@graph\":[{\"@type\":\"WebPage\",\"@id\":\"https:\/\/www.icog.es\/asturias\/servicios\/\",\"url\":\"https:\/\/www.icog.es\/asturias\/servicios\/\",\"name\":\"Servicios - Colegio de Ge\u00f3logos de Asturias\",\"isPartOf\":{\"@id\":\"https:\/\/www.icog.es\/asturias\/#website\"},\"primaryImageOfPage\":{\"@id\":\"https:\/\/www.icog.es\/asturias\/servicios\/#primaryimage\"},\"image\":{\"@id\":\"https:\/\/www.icog.es\/asturias\/servicios\/#primaryimage\"},\"thumbnailUrl\":\"https:\/\/www.icog.es\/asturias\/wp-content\/uploads\/2013\/06\/servicios.jpg\",\"datePublished\":\"2013-06-15T11:59:39+00:00\",\"dateModified\":\"2021-03-11T18:42:15+00:00\",\"description\":\"Relaci\u00f3n de los servicios m\u00e1s relevantes que presta el Colegio Oficial de Ge\u00f3logos de Asturias\",\"inLanguage\":\"es\",\"potentialAction\":[{\"@type\":\"ReadAction\",\"target\":[\"https:\/\/www.icog.es\/asturias\/servicios\/\"]}]},{\"@type\":\"ImageObject\",\"inLanguage\":\"es\",\"@id\":\"https:\/\/www.icog.es\/asturias\/servicios\/#primaryimage\",\"url\":\"https:\/\/www.icog.es\/asturias\/wp-content\/uploads\/2013\/06\/servicios.jpg\",\"contentUrl\":\"https:\/\/www.icog.es\/asturias\/wp-content\/uploads\/2013\/06\/servicios.jpg\",\"width\":1738,\"height\":1151},{\"@type\":\"WebSite\",\"@id\":\"https:\/\/www.icog.es\/asturias\/#website\",\"url\":\"https:\/\/www.icog.es\/asturias\/\",\"name\":\"Colegio de Ge\u00f3logos de Asturias\",\"description\":\"\",\"potentialAction\":[{\"@type\":\"SearchAction\",\"target\":{\"@type\":\"EntryPoint\",\"urlTemplate\":\"https:\/\/www.icog.es\/asturias\/?s={search_term_string}\"},\"query-input\":{\"@type\":\"PropertyValueSpecification\",\"valueRequired\":true,\"valueName\":\"search_term_string\"}}],\"inLanguage\":\"es\"}]}<\/script>\r\n<!-- \/ Yoast SEO plugin. -->","yoast_head_json":{"title":"Servicios - Colegio de Ge\u00f3logos de Asturias","description":"Relaci\u00f3n de los servicios m\u00e1s relevantes que presta el Colegio Oficial de Ge\u00f3logos de Asturias","robots":{"index":"index","follow":"follow","max-snippet":"max-snippet:-1","max-image-preview":"max-image-preview:large","max-video-preview":"max-video-preview:-1"},"canonical":"https:\/\/www.icog.es\/asturias\/servicios\/","og_locale":"es_ES","og_type":"article","og_title":"Servicios - Colegio de Ge\u00f3logos de Asturias","og_description":"Relaci\u00f3n de los servicios m\u00e1s relevantes que presta el Colegio Oficial de Ge\u00f3logos de Asturias","og_url":"https:\/\/www.icog.es\/asturias\/servicios\/","og_site_name":"Colegio de Ge\u00f3logos de Asturias","article_publisher":"https:\/\/www.facebook.com\/CGEOLOGOS\/","article_modified_time":"2021-03-11T18:42:15+00:00","og_image":[{"width":1738,"height":1151,"url":"https:\/\/www.icog.es\/asturias\/wp-content\/uploads\/2013\/06\/servicios.jpg","type":"image\/jpeg"}],"twitter_card":"summary_large_image","twitter_site":"@cgeologos","twitter_misc":{"Tiempo de lectura":"2 minutos"},"schema":{"@context":"https:\/\/schema.org","@graph":[{"@type":"WebPage","@id":"https:\/\/www.icog.es\/asturias\/servicios\/","url":"https:\/\/www.icog.es\/asturias\/servicios\/","name":"Servicios - Colegio de Ge\u00f3logos de Asturias","isPartOf":{"@id":"https:\/\/www.icog.es\/asturias\/#website"},"primaryImageOfPage":{"@id":"https:\/\/www.icog.es\/asturias\/servicios\/#primaryimage"},"image":{"@id":"https:\/\/www.icog.es\/asturias\/servicios\/#primaryimage"},"thumbnailUrl":"https:\/\/www.icog.es\/asturias\/wp-content\/uploads\/2013\/06\/servicios.jpg","datePublished":"2013-06-15T11:59:39+00:00","dateModified":"2021-03-11T18:42:15+00:00","description":"Relaci\u00f3n de los servicios m\u00e1s relevantes que presta el Colegio Oficial de Ge\u00f3logos de Asturias","inLanguage":"es","potentialAction":[{"@type":"ReadAction","target":["https:\/\/www.icog.es\/asturias\/servicios\/"]}]},{"@type":"ImageObject","inLanguage":"es","@id":"https:\/\/www.icog.es\/asturias\/servicios\/#primaryimage","url":"https:\/\/www.icog.es\/asturias\/wp-content\/uploads\/2013\/06\/servicios.jpg","contentUrl":"https:\/\/www.icog.es\/asturias\/wp-content\/uploads\/2013\/06\/servicios.jpg","width":1738,"height":1151},{"@type":"WebSite","@id":"https:\/\/www.icog.es\/asturias\/#website","url":"https:\/\/www.icog.es\/asturias\/","name":"Colegio de Ge\u00f3logos de Asturias","description":"","potentialAction":[{"@type":"SearchAction","target":{"@type":"EntryPoint","urlTemplate":"https:\/\/www.icog.es\/asturias\/?s={search_term_string}"},"query-input":{"@type":"PropertyValueSpecification","valueRequired":true,"valueName":"search_term_string"}}],"inLanguage":"es"}]}},"amp_enabled":true,"_links":{"self":[{"href":"https:\/\/www.icog.es\/asturias\/wp-json\/wp\/v2\/pages\/58","targetHints":{"allow":["GET"]}}],"collection":[{"href":"https:\/\/www.icog.es\/asturias\/wp-json\/wp\/v2\/pages"}],"about":[{"href":"https:\/\/www.icog.es\/asturias\/wp-json\/wp\/v2\/types\/page"}],"author":[{"embeddable":true,"href":"https:\/\/www.icog.es\/asturias\/wp-json\/wp\/v2\/users\/1"}],"replies":[{"embeddable":true,"href":"https:\/\/www.icog.es\/asturias\/wp-json\/wp\/v2\/comments?post=58"}],"version-history":[{"count":11,"href":"https:\/\/www.icog.es\/asturias\/wp-json\/wp\/v2\/pages\/58\/revisions"}],"predecessor-version":[{"id":2999,"href":"https:\/\/www.icog.es\/asturias\/wp-json\/wp\/v2\/pages\/58\/revisions\/2999"}],"wp:featuredmedia":[{"embeddable":true,"href":"https:\/\/www.icog.es\/asturias\/wp-json\/wp\/v2\/media\/136"}],"wp:attachment":[{"href":"https:\/\/www.icog.es\/asturias\/wp-json\/wp\/v2\/media?parent=58"}],"curies":[{"name":"wp","href":"https:\/\/api.w.org\/{rel}","templated":true}]}}