{"id":34,"date":"2013-06-14T15:03:13","date_gmt":"2013-06-14T15:03:13","guid":{"rendered":"http:\/\/www.icog.es\/asturias\/?page_id=34"},"modified":"2023-02-23T20:18:27","modified_gmt":"2023-02-23T19:18:27","slug":"visado-y-supervisado","status":"publish","type":"page","link":"https:\/\/www.icog.es\/asturias\/visado-y-supervisado\/","title":{"rendered":"Visados y Supervisados"},"content":{"rendered":"\n<ul class=\"wp-block-list\">\n<li>19\/05\/2021<\/li>\n<\/ul>\n\n\n\n<h3 class=\"wp-block-heading\"><strong>Generalidades y normativa<\/strong><\/h3>\n\n\n\n<p>El apartado 13 del art\u00edculo 5, Visado, de la&nbsp;<a href=\"http:\/\/www.boe.es\/boe\/dias\/2009\/12\/23\/pdfs\/BOE-A-2009-20725.pdf\" target=\"_blank\" rel=\"noreferrer noopener\">Ley 25\/2009&nbsp;<\/a>de diciembre, conocida como Lay \u00d3mnibus, establece que&nbsp;<strong>los Colegios de profesiones t\u00e9cnicas, visar\u00e1n los trabajos profesionales en su \u00e1mbito de competencia: cuando se solicite por petici\u00f3n de los clientes, o cuando as\u00ed lo establezca el Gobierno, mediante Real Decreto.<\/strong><br><br>El 6 de agosto de 2010, el BOE promulg\u00f3 el&nbsp;<a href=\"http:\/\/www.boe.es\/boe\/dias\/2010\/08\/06\/pdfs\/BOE-A-2010-12618.pdf\" target=\"_blank\" rel=\"noreferrer noopener\">Real Decreto 1000\/2010<\/a>, de 5 de agosto, sobre Visado Colegial Obligatorio que restringe los visados obligatorios de los Colegios Profesionales a los proyectos, obras y demolici\u00f3n de edificaciones, voladuras, proyectos de explosivos, cartucher\u00eda y aprovechamiento de recursos mineros.&nbsp;La Normativa de Visados de estudios y proyectos se aplicar\u00e1 por petici\u00f3n expresa de los clientes de los colegiados.&nbsp;La Normativa de Supervisados (supervisi\u00f3n de estudios y proyectos) se aplicar\u00e1 a petici\u00f3n de los colegiados.<\/p>\n\n\n\n<h4 class=\"wp-block-heading\">Documentos adjuntos<\/h4>\n\n\n\n<ul class=\"wp-block-list\">\n<li>&nbsp;<a target=\"_blank\" href=\"https:\/\/cgeologos.es\/VerFicherosVarios.aspx?Tipo=CONTENIDO_MENU&amp;Fichero=CONTENIDO_MENU_192_2020_10_8_56_53563.pdf&amp;Nombre=NORMATIVA+DE+SUPERVISADOS+ICOG+ASAMBLEA+24.06.2020.pdf\" rel=\"noreferrer noopener\">NORMATIVA DE SUPERVISADOS ICOG ASAMBLEA 24.06.2020.pdf<\/a><\/li>\n<\/ul>\n\n\n\n<p><strong>Tramitaci\u00f3n telem\u00e1tica<\/strong><\/p>\n\n\n\n<p>&nbsp;<strong>Colegio de Ge\u00f3logos de Asturias<\/strong>:<\/p>\n\n\n\n<p>Recordamos a nuestros colegiados, que tienes a tu disposici\u00f3n el servicio de VISADO&nbsp;TELEM\u00c1TICO (e-visado) en nuestra Delegaci\u00f3n. S\u00ed dispones de certificado digital o DNI electr\u00f3nico (DNIe) los pasos a seguir para la obtenci\u00f3n del visado&nbsp;telem\u00e1tico son muy sencillos:<\/p>\n\n\n\n<p>1-&nbsp;&nbsp;&nbsp;&nbsp;Solicitar el alta en el servicio de visado&nbsp;telem\u00e1tico mediante correo dirigido a&nbsp;<a href=\"mailto:colegiacion@icog.es\" target=\"_blank\" rel=\"noreferrer noopener\">colegiacion@icog.es<\/a>&nbsp;o&nbsp;<a href=\"mailto:icog@icog.es\" target=\"_blank\" rel=\"noreferrer noopener\">icog@icog.es<\/a><\/p>\n\n\n\n<p>2-&nbsp;&nbsp;&nbsp;&nbsp;Una vez que se tiene el alta en el servicio, conectar con la plataforma de visado&nbsp;telem\u00e1tico en&nbsp;<a target=\"_blank\" href=\"http:\/\/icog.e-visado.net\/\" rel=\"noreferrer noopener\">http:\/\/icog.e-visado.net<\/a><\/p>\n\n\n\n<p>3-&nbsp; &nbsp;&nbsp;Dentro de la plataforma entrar en \u201cAcceder con eFirma\u201d. Os reconocer\u00e1 el certificado digital que teng\u00e1is instalado, o el DNIe.<\/p>\n\n\n\n<p>4-&nbsp;&nbsp;&nbsp;&nbsp;La primera vez os pedir\u00e1 el c\u00f3digo de validaci\u00f3n&nbsp;telem\u00e1tica (CSV), que es la clave o pin de vuestro certificado digital o DNIe.<\/p>\n\n\n\n<p>5-&nbsp;&nbsp;&nbsp;&nbsp;A partir de este momento entrareis en la plataforma donde pod\u00e9is subir el documento que quer\u00e1is tramitar. ASEGURAOS de que en la PESTA\u00d1A DEMARCACI\u00d3N figura&nbsp;<strong><u>ASTURIAS<\/u><\/strong>.<\/p>\n\n\n\n<p>Tambi\u00e9n se os recuerda que pod\u00e9is seguir visando remitiendo el informe en pdf a nuestra secretaria t\u00e9cnica de la Delegaci\u00f3n (<a href=\"mailto:secretario.delegastur@gmail.com\" target=\"_blank\" rel=\"noreferrer noopener\">secretario.delegastur@gmail.com<\/a>), como hasta&nbsp;ahora. En este caso nuestro Secretario se encarga de subirlo a la plataforma y visarlo&nbsp;telem\u00e1ticamente, y luego os lo remite, ya visado, a vuestra direcci\u00f3n de correo electr\u00f3nico.<\/p>\n\n\n\n<h3 class=\"wp-block-heading\"><strong>Seguro de responsabilidad civil<\/strong><\/h3>\n\n\n\n<ul class=\"wp-block-list\">\n<li>22\/04\/2021<\/li>\n<\/ul>\n\n\n\n<p><strong>Los proyectos visados siempre estar\u00e1n cubiertos con el Seguro de Responsabilidad Civil Profesional (SRCP) siempre y cuando el visador est\u00e9 colegiado en el ICOG.<\/strong>\u00a0\u00a0A continuaci\u00f3n, pueden consultar los siguientes documentos con toda la informaci\u00f3n referida al Seguro de Responsabilidad Civil Profesional (SRCP).\u00a0<\/p>\n\n\n\n<p>       <a href=\"https:\/\/cgeologos.es\/Account\/Entrar.aspx?URL=~%2fseguro-de-responsabilidad-civil\">Colegio de Ge\u00f3logos (cgeologos.es<\/a>                                                                                               <\/p>\n\n\n\n<h3 class=\"wp-block-heading\">  <strong>Tarifas: <\/strong><a href=\"https:\/\/cgeologos.es\/Account\/Entrar.aspx?URL=~%2ftarifas\">https:\/\/cgeologos.es\/Account\/Entrar.aspx?URL=~%2ftarifas<\/a><\/h3>\n\n\n\n<p><strong> Para m\u00e1s informaci\u00f3n, entra en nuestra p\u00e1gina web del  ICOG :<\/strong> <a href=\"https:\/\/cgeologos.es\/Account\/Entrar.aspx?URL=~%2fcolegiado-visado-y-supervisado\">https:\/\/cgeologos.es\/Account\/Entrar.aspx?URL=~%2fcolegiado-visado-y-supervisado<\/a> <\/p>\n\n\n\n<h3 class=\"wp-block-heading\"><\/h3>\n\n\n\n<p><\/p>\n","protected":false},"excerpt":{"rendered":"<p>Generalidades y normativa El apartado 13 del art\u00edculo 5, Visado, de la&nbsp;Ley 25\/2009&nbsp;de diciembre, conocida como Lay \u00d3mnibus, establece que&nbsp;los Colegios de profesiones t\u00e9cnicas, visar\u00e1n los trabajos profesionales en su \u00e1mbito de competencia: cuando se solicite por petici\u00f3n de los &hellip; <a href=\"https:\/\/www.icog.es\/asturias\/visado-y-supervisado\/\">Sigue leyendo <span class=\"meta-nav\">&rarr;<\/span><\/a><\/p>\n","protected":false},"author":1,"featured_media":94,"parent":0,"menu_order":0,"comment_status":"closed","ping_status":"open","template":"","meta":{"footnotes":""},"class_list":["post-34","page","type-page","status-publish","has-post-thumbnail","hentry"],"yoast_head":"<!-- This site is optimized with the Yoast SEO plugin v25.8 - https:\/\/yoast.com\/wordpress\/plugins\/seo\/ -->\r\n<title>Visado y Supervisado - Colegio de Ge\u00f3logos de Asturias<\/title>\r\n<meta name=\"description\" content=\"Toda la informaci\u00f3n relacionada con el visado y supervisado de proyectos.\" \/>\r\n<meta name=\"robots\" content=\"index, follow, max-snippet:-1, max-image-preview:large, max-video-preview:-1\" \/>\r\n<link rel=\"canonical\" href=\"https:\/\/www.icog.es\/asturias\/visado-y-supervisado\/\" \/>\r\n<meta property=\"og:locale\" content=\"es_ES\" \/>\r\n<meta property=\"og:type\" content=\"article\" \/>\r\n<meta property=\"og:title\" content=\"Visado y Supervisado - Colegio de Ge\u00f3logos de Asturias\" \/>\r\n<meta property=\"og:description\" content=\"como descargar musica\" \/>\r\n<meta property=\"og:url\" content=\"https:\/\/www.icog.es\/asturias\/visado-y-supervisado\/\" \/>\r\n<meta property=\"og:site_name\" content=\"Colegio de Ge\u00f3logos de Asturias\" \/>\r\n<meta property=\"article:publisher\" content=\"https:\/\/www.facebook.com\/CGEOLOGOS\/\" \/>\r\n<meta property=\"article:modified_time\" content=\"2023-02-23T19:18:27+00:00\" \/>\r\n<meta property=\"og:image\" content=\"https:\/\/www.icog.es\/asturias\/wp-content\/uploads\/2013\/06\/photodune-986984-stacks-of-business-documents-m.jpg\" \/>\r\n\t<meta property=\"og:image:width\" content=\"1732\" \/>\r\n\t<meta property=\"og:image:height\" content=\"1154\" \/>\r\n\t<meta property=\"og:image:type\" content=\"image\/jpeg\" \/>\r\n<meta name=\"twitter:card\" content=\"summary_large_image\" \/>\r\n<meta name=\"twitter:site\" content=\"@cgeologos\" \/>\r\n<meta name=\"twitter:label1\" content=\"Tiempo de lectura\" \/>\n\t<meta name=\"twitter:data1\" content=\"2 minutos\" \/>\r\n<script type=\"application\/ld+json\" class=\"yoast-schema-graph\">{\"@context\":\"https:\/\/schema.org\",\"@graph\":[{\"@type\":\"WebPage\",\"@id\":\"https:\/\/www.icog.es\/asturias\/visado-y-supervisado\/\",\"url\":\"https:\/\/www.icog.es\/asturias\/visado-y-supervisado\/\",\"name\":\"Visado y Supervisado - Colegio de Ge\u00f3logos de Asturias\",\"isPartOf\":{\"@id\":\"https:\/\/www.icog.es\/asturias\/#website\"},\"primaryImageOfPage\":{\"@id\":\"https:\/\/www.icog.es\/asturias\/visado-y-supervisado\/#primaryimage\"},\"image\":{\"@id\":\"https:\/\/www.icog.es\/asturias\/visado-y-supervisado\/#primaryimage\"},\"thumbnailUrl\":\"https:\/\/www.icog.es\/asturias\/wp-content\/uploads\/2013\/06\/photodune-986984-stacks-of-business-documents-m.jpg\",\"datePublished\":\"2013-06-14T15:03:13+00:00\",\"dateModified\":\"2023-02-23T19:18:27+00:00\",\"description\":\"Toda la informaci\u00f3n relacionada con el visado y supervisado de proyectos.\",\"inLanguage\":\"es\",\"potentialAction\":[{\"@type\":\"ReadAction\",\"target\":[\"https:\/\/www.icog.es\/asturias\/visado-y-supervisado\/\"]}]},{\"@type\":\"ImageObject\",\"inLanguage\":\"es\",\"@id\":\"https:\/\/www.icog.es\/asturias\/visado-y-supervisado\/#primaryimage\",\"url\":\"https:\/\/www.icog.es\/asturias\/wp-content\/uploads\/2013\/06\/photodune-986984-stacks-of-business-documents-m.jpg\",\"contentUrl\":\"https:\/\/www.icog.es\/asturias\/wp-content\/uploads\/2013\/06\/photodune-986984-stacks-of-business-documents-m.jpg\",\"width\":1732,\"height\":1154},{\"@type\":\"WebSite\",\"@id\":\"https:\/\/www.icog.es\/asturias\/#website\",\"url\":\"https:\/\/www.icog.es\/asturias\/\",\"name\":\"Colegio de Ge\u00f3logos de Asturias\",\"description\":\"\",\"potentialAction\":[{\"@type\":\"SearchAction\",\"target\":{\"@type\":\"EntryPoint\",\"urlTemplate\":\"https:\/\/www.icog.es\/asturias\/?s={search_term_string}\"},\"query-input\":{\"@type\":\"PropertyValueSpecification\",\"valueRequired\":true,\"valueName\":\"search_term_string\"}}],\"inLanguage\":\"es\"}]}<\/script>\r\n<!-- \/ Yoast SEO plugin. -->","yoast_head_json":{"title":"Visado y Supervisado - Colegio de Ge\u00f3logos de Asturias","description":"Toda la informaci\u00f3n relacionada con el visado y supervisado de proyectos.","robots":{"index":"index","follow":"follow","max-snippet":"max-snippet:-1","max-image-preview":"max-image-preview:large","max-video-preview":"max-video-preview:-1"},"canonical":"https:\/\/www.icog.es\/asturias\/visado-y-supervisado\/","og_locale":"es_ES","og_type":"article","og_title":"Visado y Supervisado - Colegio de Ge\u00f3logos de Asturias","og_description":"como descargar musica","og_url":"https:\/\/www.icog.es\/asturias\/visado-y-supervisado\/","og_site_name":"Colegio de Ge\u00f3logos de Asturias","article_publisher":"https:\/\/www.facebook.com\/CGEOLOGOS\/","article_modified_time":"2023-02-23T19:18:27+00:00","og_image":[{"width":1732,"height":1154,"url":"https:\/\/www.icog.es\/asturias\/wp-content\/uploads\/2013\/06\/photodune-986984-stacks-of-business-documents-m.jpg","type":"image\/jpeg"}],"twitter_card":"summary_large_image","twitter_site":"@cgeologos","twitter_misc":{"Tiempo de lectura":"2 minutos"},"schema":{"@context":"https:\/\/schema.org","@graph":[{"@type":"WebPage","@id":"https:\/\/www.icog.es\/asturias\/visado-y-supervisado\/","url":"https:\/\/www.icog.es\/asturias\/visado-y-supervisado\/","name":"Visado y Supervisado - Colegio de Ge\u00f3logos de Asturias","isPartOf":{"@id":"https:\/\/www.icog.es\/asturias\/#website"},"primaryImageOfPage":{"@id":"https:\/\/www.icog.es\/asturias\/visado-y-supervisado\/#primaryimage"},"image":{"@id":"https:\/\/www.icog.es\/asturias\/visado-y-supervisado\/#primaryimage"},"thumbnailUrl":"https:\/\/www.icog.es\/asturias\/wp-content\/uploads\/2013\/06\/photodune-986984-stacks-of-business-documents-m.jpg","datePublished":"2013-06-14T15:03:13+00:00","dateModified":"2023-02-23T19:18:27+00:00","description":"Toda la informaci\u00f3n relacionada con el visado y supervisado de proyectos.","inLanguage":"es","potentialAction":[{"@type":"ReadAction","target":["https:\/\/www.icog.es\/asturias\/visado-y-supervisado\/"]}]},{"@type":"ImageObject","inLanguage":"es","@id":"https:\/\/www.icog.es\/asturias\/visado-y-supervisado\/#primaryimage","url":"https:\/\/www.icog.es\/asturias\/wp-content\/uploads\/2013\/06\/photodune-986984-stacks-of-business-documents-m.jpg","contentUrl":"https:\/\/www.icog.es\/asturias\/wp-content\/uploads\/2013\/06\/photodune-986984-stacks-of-business-documents-m.jpg","width":1732,"height":1154},{"@type":"WebSite","@id":"https:\/\/www.icog.es\/asturias\/#website","url":"https:\/\/www.icog.es\/asturias\/","name":"Colegio de Ge\u00f3logos de Asturias","description":"","potentialAction":[{"@type":"SearchAction","target":{"@type":"EntryPoint","urlTemplate":"https:\/\/www.icog.es\/asturias\/?s={search_term_string}"},"query-input":{"@type":"PropertyValueSpecification","valueRequired":true,"valueName":"search_term_string"}}],"inLanguage":"es"}]}},"amp_enabled":true,"_links":{"self":[{"href":"https:\/\/www.icog.es\/asturias\/wp-json\/wp\/v2\/pages\/34","targetHints":{"allow":["GET"]}}],"collection":[{"href":"https:\/\/www.icog.es\/asturias\/wp-json\/wp\/v2\/pages"}],"about":[{"href":"https:\/\/www.icog.es\/asturias\/wp-json\/wp\/v2\/types\/page"}],"author":[{"embeddable":true,"href":"https:\/\/www.icog.es\/asturias\/wp-json\/wp\/v2\/users\/1"}],"replies":[{"embeddable":true,"href":"https:\/\/www.icog.es\/asturias\/wp-json\/wp\/v2\/comments?post=34"}],"version-history":[{"count":26,"href":"https:\/\/www.icog.es\/asturias\/wp-json\/wp\/v2\/pages\/34\/revisions"}],"predecessor-version":[{"id":3610,"href":"https:\/\/www.icog.es\/asturias\/wp-json\/wp\/v2\/pages\/34\/revisions\/3610"}],"wp:featuredmedia":[{"embeddable":true,"href":"https:\/\/www.icog.es\/asturias\/wp-json\/wp\/v2\/media\/94"}],"wp:attachment":[{"href":"https:\/\/www.icog.es\/asturias\/wp-json\/wp\/v2\/media?parent=34"}],"curies":[{"name":"wp","href":"https:\/\/api.w.org\/{rel}","templated":true}]}}