{"id":2433,"date":"2019-04-01T14:41:59","date_gmt":"2019-04-01T12:41:59","guid":{"rendered":"http:\/\/www.icog.es\/asturias\/?page_id=2433"},"modified":"2021-10-14T01:24:36","modified_gmt":"2021-10-13T23:24:36","slug":"colegiacion-2","status":"publish","type":"page","link":"https:\/\/www.icog.es\/asturias\/colegiacion-2\/","title":{"rendered":"Colegiaci\u00f3n"},"content":{"rendered":"\n<h3 class=\"wp-block-heading\"><\/h3>\n\n\n\n<ul class=\"wp-block-list\"><li>24\/03\/2021<\/li><\/ul>\n\n\n\n<p><strong>Antes de proceder a colegiarse, es importante conocer el&nbsp;<a href=\"http:\/\/www.icog.es\/_portal\/documentacion\/NORMATIVA%20ICOG\/1-3-COD-01.pdf\" target=\"_blank\" rel=\"noreferrer noopener\">c\u00f3digo deontol\u00f3gico&nbsp;<\/a>que se asume, siendo un deber velar por su cumplimiento en toda actuaci\u00f3n profesional. Sus principios \u00e9ticos nos conciernen a todo el colectivo y su aplicaci\u00f3n nos hace sentirnos orgullosos de nuestra misi\u00f3n ante la Sociedad.<\/strong><strong>Documentaci\u00f3n necesaria<\/strong><\/p>\n\n\n\n<ul class=\"wp-block-list\"><li>&#8211; Ficha colegial totalmente cumplimentada.&nbsp;<a href=\"https:\/\/www.123formbuilder.com\/form-1459894\/COLEGIACION\" target=\"_blank\" rel=\"noreferrer noopener\">FORMULARIO FICHA COLEGIAL (ONLINE)<\/a><\/li><li>&#8211; Original o copia compulsada de cualquiera de los documentos siguientes: (T\u00edtulo de licenciatura &#8211; Certificado de estudios &#8211; Papel de pago de tasas del T\u00edtulo).&nbsp;<\/li><li>&#8211; Una fotograf\u00eda tama\u00f1o carn\u00e9 o imagen en formato jpg o pdf.<\/li><li>&#8211; Copia del DNI o imagen en formato jpg o pdf.<\/li><li>&#8211; Copia o imagen del pago de la cuota de inscripci\u00f3n.&nbsp;<\/li><li>&#8211; Copia o imagen del pago de cualquier deuda pendiente contra\u00edda con el Colegio.&nbsp;<\/li><\/ul>\n\n\n\n<p><strong>Cuotas 2021<\/strong><\/p>\n\n\n\n<ul class=\"wp-block-list\"><li><strong>&#8211;\u00a0 Cuota de Inscripci\u00f3n: 62 \u20ac\u00a0<\/strong>(IBAN Colegio de Ge\u00f3logos de Asturias c\/c Colegio ES40 0182 5647 0700 0002 4842) &#8211;\u00a0<strong>Los poseedores del carn\u00e9 joven del ICOG tienen un descuento del 50%.<\/strong><\/li><li>&#8211;\u00a0<strong>Cuota semestral: 88 \u20ac\u00a0<\/strong>(Deducci\u00f3n de 50% para jubilados y ge\u00f3logos en situaci\u00f3n de desempleo).<\/li><\/ul>\n\n\n\n<p>NOTA: Con la cuota de colegiaci\u00f3n pagas el semestre en curso. Para beneficiarse de la deducci\u00f3n de cuota, ser\u00e1 necesaria la presentaci\u00f3n de la tarjeta del INEM o certificado alternativo, a presentar en los meses de diciembre y julio.<\/p>\n\n\n\n<p><strong>Reducci\u00f3n de la cuota semestral en casos especiales<\/strong><\/p>\n\n\n\n<ul class=\"wp-block-list\"><li>&#8211; Los parados de larga duraci\u00f3n, es decir los que no reciban ning\u00fan tipo de prestaci\u00f3n y lleven m\u00e1s de 2 a\u00f1os en paro, se les cobrar\u00e1 una cuota semestral del 10% de la cuota normal.<\/li><li>&#8211; Los colegiados en situaci\u00f3n de invalidez permanente total e incapacidad permanente absoluta se les cobrar\u00e1 solo el 50% de la cuota (presentando certificado acreditativo de la Seguridad Social).<\/li><\/ul>\n\n\n\n<p>En el caso de colegiados que se acojan a la reducci\u00f3n como parados de larga duraci\u00f3n, es necesario que presenten:&nbsp;<\/p>\n\n\n\n<ul class=\"wp-block-list\"><li>&#8211; Tarjeta de demanda de empleo<\/li><li>&#8211; Certificado de vida laboral del mes en el que se solicita el descuento<\/li><li>&#8211; Informamos que el per\u00edodo m\u00e1ximo para acogerse a esta ayuda es de dos a\u00f1os.&nbsp;<\/li><\/ul>\n\n\n\n<p><strong>Homologaci\u00f3n de t\u00edtulos extranjeros de educaci\u00f3n superior a t\u00edtulos oficiales universitarios espa\u00f1oles de Grado o M\u00e1ster que den acceso a profesi\u00f3n regulada en Espa\u00f1a<\/strong><\/p>\n\n\n\n<p>A trav\u00e9s de este procedimiento se puede solicitar la homologaci\u00f3n de t\u00edtulos de educaci\u00f3n superior otorgados por instituciones extranjeras a t\u00edtulos oficiales universitarios espa\u00f1oles de Grado o M\u00e1ster que den acceso a profesi\u00f3n regulada en Espa\u00f1a. Tambi\u00e9n permite la consulta del estado de la tramitaci\u00f3n del expediente, tras cumplimentar la solicitud y presentarla en un registro oficial.<\/p>\n","protected":false},"excerpt":{"rendered":"<p>24\/03\/2021 Antes de proceder a colegiarse, es importante conocer el&nbsp;c\u00f3digo deontol\u00f3gico&nbsp;que se asume, siendo un deber velar por su cumplimiento en toda actuaci\u00f3n profesional. Sus principios \u00e9ticos nos conciernen a todo el colectivo y su aplicaci\u00f3n nos hace sentirnos orgullosos &hellip; <a href=\"https:\/\/www.icog.es\/asturias\/colegiacion-2\/\">Sigue leyendo <span class=\"meta-nav\">&rarr;<\/span><\/a><\/p>\n","protected":false},"author":2,"featured_media":144,"parent":0,"menu_order":0,"comment_status":"closed","ping_status":"closed","template":"","meta":{"footnotes":""},"class_list":["post-2433","page","type-page","status-publish","has-post-thumbnail","hentry"],"yoast_head":"<!-- This site is optimized with the Yoast SEO plugin v25.8 - https:\/\/yoast.com\/wordpress\/plugins\/seo\/ -->\r\n<title>Colegiaci\u00f3n - Colegio de Ge\u00f3logos de Asturias<\/title>\r\n<meta name=\"robots\" content=\"index, follow, max-snippet:-1, max-image-preview:large, max-video-preview:-1\" \/>\r\n<link rel=\"canonical\" href=\"https:\/\/www.icog.es\/asturias\/colegiacion-2\/\" \/>\r\n<meta property=\"og:locale\" content=\"es_ES\" \/>\r\n<meta property=\"og:type\" content=\"article\" \/>\r\n<meta property=\"og:title\" content=\"Colegiaci\u00f3n - Colegio de Ge\u00f3logos de Asturias\" \/>\r\n<meta property=\"og:description\" content=\"24\/03\/2021 Antes de proceder a colegiarse, es importante conocer el&nbsp;c\u00f3digo deontol\u00f3gico&nbsp;que se asume, siendo un deber velar por su cumplimiento en toda actuaci\u00f3n profesional. Sus principios \u00e9ticos nos conciernen a todo el colectivo y su aplicaci\u00f3n nos hace sentirnos orgullosos &hellip; Sigue leyendo &rarr;\" \/>\r\n<meta property=\"og:url\" content=\"https:\/\/www.icog.es\/asturias\/colegiacion-2\/\" \/>\r\n<meta property=\"og:site_name\" content=\"Colegio de Ge\u00f3logos de Asturias\" \/>\r\n<meta property=\"article:publisher\" content=\"https:\/\/www.facebook.com\/CGEOLOGOS\/\" \/>\r\n<meta property=\"article:modified_time\" content=\"2021-10-13T23:24:36+00:00\" \/>\r\n<meta property=\"og:image\" content=\"https:\/\/www.icog.es\/asturias\/wp-content\/uploads\/2013\/06\/colegiacion.jpg\" \/>\r\n\t<meta property=\"og:image:width\" content=\"1732\" \/>\r\n\t<meta property=\"og:image:height\" content=\"1155\" \/>\r\n\t<meta property=\"og:image:type\" content=\"image\/jpeg\" \/>\r\n<meta name=\"twitter:card\" content=\"summary_large_image\" \/>\r\n<meta name=\"twitter:site\" content=\"@cgeologos\" \/>\r\n<meta name=\"twitter:label1\" content=\"Tiempo de lectura\" \/>\n\t<meta name=\"twitter:data1\" content=\"2 minutos\" \/>\r\n<script type=\"application\/ld+json\" class=\"yoast-schema-graph\">{\"@context\":\"https:\/\/schema.org\",\"@graph\":[{\"@type\":\"WebPage\",\"@id\":\"https:\/\/www.icog.es\/asturias\/colegiacion-2\/\",\"url\":\"https:\/\/www.icog.es\/asturias\/colegiacion-2\/\",\"name\":\"Colegiaci\u00f3n - Colegio de Ge\u00f3logos de Asturias\",\"isPartOf\":{\"@id\":\"https:\/\/www.icog.es\/asturias\/#website\"},\"primaryImageOfPage\":{\"@id\":\"https:\/\/www.icog.es\/asturias\/colegiacion-2\/#primaryimage\"},\"image\":{\"@id\":\"https:\/\/www.icog.es\/asturias\/colegiacion-2\/#primaryimage\"},\"thumbnailUrl\":\"https:\/\/www.icog.es\/asturias\/wp-content\/uploads\/2013\/06\/colegiacion.jpg\",\"datePublished\":\"2019-04-01T12:41:59+00:00\",\"dateModified\":\"2021-10-13T23:24:36+00:00\",\"inLanguage\":\"es\",\"potentialAction\":[{\"@type\":\"ReadAction\",\"target\":[\"https:\/\/www.icog.es\/asturias\/colegiacion-2\/\"]}]},{\"@type\":\"ImageObject\",\"inLanguage\":\"es\",\"@id\":\"https:\/\/www.icog.es\/asturias\/colegiacion-2\/#primaryimage\",\"url\":\"https:\/\/www.icog.es\/asturias\/wp-content\/uploads\/2013\/06\/colegiacion.jpg\",\"contentUrl\":\"https:\/\/www.icog.es\/asturias\/wp-content\/uploads\/2013\/06\/colegiacion.jpg\",\"width\":1732,\"height\":1155},{\"@type\":\"WebSite\",\"@id\":\"https:\/\/www.icog.es\/asturias\/#website\",\"url\":\"https:\/\/www.icog.es\/asturias\/\",\"name\":\"Colegio de Ge\u00f3logos de Asturias\",\"description\":\"\",\"potentialAction\":[{\"@type\":\"SearchAction\",\"target\":{\"@type\":\"EntryPoint\",\"urlTemplate\":\"https:\/\/www.icog.es\/asturias\/?s={search_term_string}\"},\"query-input\":{\"@type\":\"PropertyValueSpecification\",\"valueRequired\":true,\"valueName\":\"search_term_string\"}}],\"inLanguage\":\"es\"}]}<\/script>\r\n<!-- \/ Yoast SEO plugin. -->","yoast_head_json":{"title":"Colegiaci\u00f3n - Colegio de Ge\u00f3logos de Asturias","robots":{"index":"index","follow":"follow","max-snippet":"max-snippet:-1","max-image-preview":"max-image-preview:large","max-video-preview":"max-video-preview:-1"},"canonical":"https:\/\/www.icog.es\/asturias\/colegiacion-2\/","og_locale":"es_ES","og_type":"article","og_title":"Colegiaci\u00f3n - Colegio de Ge\u00f3logos de Asturias","og_description":"24\/03\/2021 Antes de proceder a colegiarse, es importante conocer el&nbsp;c\u00f3digo deontol\u00f3gico&nbsp;que se asume, siendo un deber velar por su cumplimiento en toda actuaci\u00f3n profesional. Sus principios \u00e9ticos nos conciernen a todo el colectivo y su aplicaci\u00f3n nos hace sentirnos orgullosos &hellip; Sigue leyendo &rarr;","og_url":"https:\/\/www.icog.es\/asturias\/colegiacion-2\/","og_site_name":"Colegio de Ge\u00f3logos de Asturias","article_publisher":"https:\/\/www.facebook.com\/CGEOLOGOS\/","article_modified_time":"2021-10-13T23:24:36+00:00","og_image":[{"width":1732,"height":1155,"url":"https:\/\/www.icog.es\/asturias\/wp-content\/uploads\/2013\/06\/colegiacion.jpg","type":"image\/jpeg"}],"twitter_card":"summary_large_image","twitter_site":"@cgeologos","twitter_misc":{"Tiempo de lectura":"2 minutos"},"schema":{"@context":"https:\/\/schema.org","@graph":[{"@type":"WebPage","@id":"https:\/\/www.icog.es\/asturias\/colegiacion-2\/","url":"https:\/\/www.icog.es\/asturias\/colegiacion-2\/","name":"Colegiaci\u00f3n - Colegio de Ge\u00f3logos de Asturias","isPartOf":{"@id":"https:\/\/www.icog.es\/asturias\/#website"},"primaryImageOfPage":{"@id":"https:\/\/www.icog.es\/asturias\/colegiacion-2\/#primaryimage"},"image":{"@id":"https:\/\/www.icog.es\/asturias\/colegiacion-2\/#primaryimage"},"thumbnailUrl":"https:\/\/www.icog.es\/asturias\/wp-content\/uploads\/2013\/06\/colegiacion.jpg","datePublished":"2019-04-01T12:41:59+00:00","dateModified":"2021-10-13T23:24:36+00:00","inLanguage":"es","potentialAction":[{"@type":"ReadAction","target":["https:\/\/www.icog.es\/asturias\/colegiacion-2\/"]}]},{"@type":"ImageObject","inLanguage":"es","@id":"https:\/\/www.icog.es\/asturias\/colegiacion-2\/#primaryimage","url":"https:\/\/www.icog.es\/asturias\/wp-content\/uploads\/2013\/06\/colegiacion.jpg","contentUrl":"https:\/\/www.icog.es\/asturias\/wp-content\/uploads\/2013\/06\/colegiacion.jpg","width":1732,"height":1155},{"@type":"WebSite","@id":"https:\/\/www.icog.es\/asturias\/#website","url":"https:\/\/www.icog.es\/asturias\/","name":"Colegio de Ge\u00f3logos de Asturias","description":"","potentialAction":[{"@type":"SearchAction","target":{"@type":"EntryPoint","urlTemplate":"https:\/\/www.icog.es\/asturias\/?s={search_term_string}"},"query-input":{"@type":"PropertyValueSpecification","valueRequired":true,"valueName":"search_term_string"}}],"inLanguage":"es"}]}},"amp_enabled":true,"_links":{"self":[{"href":"https:\/\/www.icog.es\/asturias\/wp-json\/wp\/v2\/pages\/2433","targetHints":{"allow":["GET"]}}],"collection":[{"href":"https:\/\/www.icog.es\/asturias\/wp-json\/wp\/v2\/pages"}],"about":[{"href":"https:\/\/www.icog.es\/asturias\/wp-json\/wp\/v2\/types\/page"}],"author":[{"embeddable":true,"href":"https:\/\/www.icog.es\/asturias\/wp-json\/wp\/v2\/users\/2"}],"replies":[{"embeddable":true,"href":"https:\/\/www.icog.es\/asturias\/wp-json\/wp\/v2\/comments?post=2433"}],"version-history":[{"count":4,"href":"https:\/\/www.icog.es\/asturias\/wp-json\/wp\/v2\/pages\/2433\/revisions"}],"predecessor-version":[{"id":3128,"href":"https:\/\/www.icog.es\/asturias\/wp-json\/wp\/v2\/pages\/2433\/revisions\/3128"}],"wp:featuredmedia":[{"embeddable":true,"href":"https:\/\/www.icog.es\/asturias\/wp-json\/wp\/v2\/media\/144"}],"wp:attachment":[{"href":"https:\/\/www.icog.es\/asturias\/wp-json\/wp\/v2\/media?parent=2433"}],"curies":[{"name":"wp","href":"https:\/\/api.w.org\/{rel}","templated":true}]}}