{"id":2424,"date":"2019-04-01T14:17:01","date_gmt":"2019-04-01T12:17:01","guid":{"rendered":"http:\/\/www.icog.es\/asturias\/?page_id=2424"},"modified":"2023-02-23T20:12:16","modified_gmt":"2023-02-23T19:12:16","slug":"visados-y-supervisados","status":"publish","type":"page","link":"https:\/\/www.icog.es\/asturias\/visados-y-supervisados\/","title":{"rendered":"Visados y supervisados"},"content":{"rendered":"\n<h3 class=\"wp-block-heading\">Generalidades y normativa<\/h3>\n\n\n\n<ul class=\"wp-block-list\">\n<li>19\/05\/2021<\/li>\n<\/ul>\n\n\n\n<p>El apartado 13 del art\u00edculo 5, Visado, de la&nbsp;<a href=\"http:\/\/www.boe.es\/boe\/dias\/2009\/12\/23\/pdfs\/BOE-A-2009-20725.pdf\" target=\"_blank\" rel=\"noreferrer noopener\">Ley 25\/2009&nbsp;<\/a>de diciembre, conocida como Lay \u00d3mnibus, establece que&nbsp;<strong>los Colegios de profesiones t\u00e9cnicas, visar\u00e1n los trabajos profesionales en su \u00e1mbito de competencia: cuando se solicite por petici\u00f3n de los clientes, o cuando as\u00ed lo establezca el Gobierno, mediante Real Decreto.<\/strong><br><br>El 6 de agosto de 2010, el BOE promulg\u00f3 el&nbsp;<a href=\"http:\/\/www.boe.es\/boe\/dias\/2010\/08\/06\/pdfs\/BOE-A-2010-12618.pdf\" target=\"_blank\" rel=\"noreferrer noopener\">Real Decreto 1000\/2010<\/a>, de 5 de agosto, sobre Visado Colegial Obligatorio que restringe los visados obligatorios de los Colegios Profesionales a los proyectos, obras y demolici\u00f3n de edificaciones, voladuras, proyectos de explosivos, cartucher\u00eda y aprovechamiento de recursos mineros.&nbsp;La Normativa de Visados de estudios y proyectos se aplicar\u00e1 por petici\u00f3n expresa de los clientes de los colegiados.<\/p>\n\n\n\n<p>La Normativa de Supervisados (supervisi\u00f3n de estudios y proyectos) se aplicar\u00e1 a petici\u00f3n de los colegiados.&nbsp;<\/p>\n\n\n\n<h4 class=\"wp-block-heading\"><strong><span class=\"has-inline-color has-medium-gray-color\">Documentos adjuntos<\/span><\/strong><\/h4>\n\n\n\n<ul class=\"wp-block-list\">\n<li>&nbsp;<a target=\"_blank\" href=\"https:\/\/cgeologos.es\/VerFicherosVarios.aspx?Tipo=CONTENIDO_MENU&amp;Fichero=CONTENIDO_MENU_192_2020_10_8_56_53563.pdf&amp;Nombre=NORMATIVA+DE+SUPERVISADOS+ICOG+ASAMBLEA+24.06.2020.pdf\" rel=\"noreferrer noopener\">NORMATIVA DE SUPERVISADOS ICOG ASAMBLEA 24.06.2020.pdf<\/a><\/li>\n<\/ul>\n\n\n\n<p><\/p>\n\n\n\n<h4 class=\"wp-block-heading\">                   <\/h4>\n\n\n\n<h2 class=\"wp-block-heading\">                    <strong> Tramitaci\u00f3n telem\u00e1tica<\/strong><\/h2>\n\n\n\n<p><strong>Colegio de Ge\u00f3logos de Asturias<\/strong>:<\/p>\n\n\n\n<p>Estimado colegiado, te recordamos que tienes a tu disposici\u00f3n el servicio de VISADO&nbsp;TELEM\u00c1TICO (e-visado) en nuestra Delegaci\u00f3n. S\u00ed dispones de certificado digital o DNI electr\u00f3nico (DNIe) los pasos a seguir para la obtenci\u00f3n del visado&nbsp;telem\u00e1tico son muy sencillos:<\/p>\n\n\n\n<p>1-&nbsp;&nbsp;&nbsp;&nbsp;Solicitar el alta en el servicio de visado&nbsp;telem\u00e1tico mediante correo dirigido a&nbsp;<a href=\"mailto:colegiacion@icog.es\" target=\"_blank\" rel=\"noreferrer noopener\">colegiacion@icog.es<\/a>&nbsp;o&nbsp;<a href=\"mailto:icog@icog.es\" target=\"_blank\" rel=\"noreferrer noopener\">icog@icog.es<\/a><\/p>\n\n\n\n<p>2-&nbsp;&nbsp;&nbsp;&nbsp;Una vez que se tiene el alta en el servicio, conectar con la plataforma de visado&nbsp;telem\u00e1tico en&nbsp;<a target=\"_blank\" href=\"http:\/\/icog.e-visado.net\/\" rel=\"noreferrer noopener\">http:\/\/icog.e-visado.net<\/a><\/p>\n\n\n\n<p>3-&nbsp; &nbsp;&nbsp;Dentro de la plataforma entrar en \u201cAcceder con eFirma\u201d. Os reconocer\u00e1 el certificado digital que teng\u00e1is instalado, o el DNIe.<\/p>\n\n\n\n<p>4-&nbsp;&nbsp;&nbsp;&nbsp;La primera vez os pedir\u00e1 el c\u00f3digo de validaci\u00f3n&nbsp;telem\u00e1tica (CSV), que es la clave o pin de vuestro certificado digital o DNIe.<\/p>\n\n\n\n<p>5-&nbsp;&nbsp;&nbsp;&nbsp;A partir de este momento entrareis en la plataforma donde pod\u00e9is subir el documento que quer\u00e1is tramitar. ASEGURAOS de que en la PESTA\u00d1A DEMARCACI\u00d3N figura&nbsp;<strong><u>ASTURIAS<\/u><\/strong>.<\/p>\n\n\n\n<p>Tambi\u00e9n se os recuerda que pod\u00e9is seguir visando remitiendo el informe en pdf a nuestra secretaria t\u00e9cnica de la Delegaci\u00f3n (<a href=\"mailto:secretario.delegastur@gmail.com\" target=\"_blank\" rel=\"noreferrer noopener\">secretario.delegastur@gmail.com<\/a>), como hasta&nbsp;ahora. En este caso nuestro Secretario se encarga de subirlo a la plataforma y visarlo&nbsp;telem\u00e1ticamente, y luego os lo remite, ya visado, a vuestra direcci\u00f3n de correo electr\u00f3nico.<\/p>\n\n\n\n<p>                     <strong>Ilustre Colegio Oficial de  Ge\u00f3logos (ICOG)   <\/strong> 11\/01\/2018<\/p>\n\n\n\n<p>\n                        Se\n podr\u00e1 realizar el visado telem\u00e1tico en la sede central y en aquellas \ndelegaciones colegiales que dispongan de este servicio (e-visado).<br><br>Los pasos a seguir para la obtenci\u00f3n del visado telem\u00e1tico son los siguientes:<br><br><strong>1.<\/strong>\n     Solicitud de Certificado Digital Clase 2: Para obtener el \ncertificado hay que solicitarlo a trav\u00e9s del Colegio. La obtenci\u00f3n del \ncertificado se realizar\u00e1 de forma presencial en la Sede Central o en las\n Delegaciones.<br><br><strong>2.<\/strong>     Drivers del Token y Manual\n del Token: Para descargar los Drivers y Manual del Token se har\u00e1 a \ntrav\u00e9s de la web del Colegio: El token es un dispositivo hardware que \ncontiene un chip criptogr\u00e1fico donde se almacenar\u00e1 el certificado \ndigital. El coste del token se aprobar\u00e1 cada a\u00f1o en la asamblea.<br><br><strong>3.<\/strong>\n   Software local de visado: Se descargar\u00e1 el Software que el colegiado \ndebe instalar en su ordenador, indispensable para poder visar \ntelem\u00e1ticamente.<br><br><strong>4.<\/strong>     Acceso a la plataforma \nde visado telem\u00e1tico: Una vez realizados los pasos anteriores, se puede \nconectar con la plataforma de visado telem\u00e1tico a trav\u00e9s del siguiente \nlink: <a href=\"http:\/\/icog.e-visado.net\" target=\"_blank\" rel=\"noreferrer noopener\">http:\/\/icog.e-visado.net<\/a><br><br><strong>5.<\/strong>    Tambi\u00e9n se puede acceder a la plataforma del ICOG con el DNIe, previa solicitud de alta en la misma al ICOG.&nbsp;<br><strong> A continuaci\u00f3n se indican los pasos a realizar para la instalaci\u00f3n del certificado digital:<\/strong><strong>1.<\/strong>&nbsp;Instalaci\u00f3n del lector token USB&nbsp;<\/p>\n\n\n\n<figure class=\"wp-block-image\"><img decoding=\"async\" src=\"https:\/\/cgeologos.es\/uploads\/token2.jpg\" alt=\"\"\/><\/figure>\n\n\n\n<p>&nbsp;&nbsp;No Conecte el Token. Y siga&nbsp;las indicaciones del kit de instalaci\u00f3n <a href=\"http:\/\/www.firmaprofesional.com\/index.php\/esp\/2012-12-03-09-57-22\/kit-de-instalacion\" target=\"_blank\" rel=\"noreferrer noopener\">(clic)<\/a><strong>2.<\/strong> Acceso a la plataforma de visado telem\u00e1tico&nbsp;Una vez realizado el paso anteriores <strong>y reiniciar el ordenador<\/strong>, desde <a href=\"http:\/\/icog.e-visado.net\/\" target=\"_blank\" rel=\"noreferrer noopener\">este enlace<\/a> puede conectar con la plataforma de visado telem\u00e1tico&nbsp;&nbsp;&nbsp;<strong>Instalaci\u00f3n del DNIe&nbsp;<\/strong><\/p>\n\n\n\n<figure class=\"wp-block-image\"><img decoding=\"async\" src=\"https:\/\/cgeologos.es\/uploads\/dnie.jpg\" alt=\"\"\/><\/figure>\n\n\n\n<p><a rel=\"noreferrer noopener\" href=\"http:\/\/www.dnielectronico.es\/PortalDNIe\/PRF1_Cons02.action?pag=REF_1100\" target=\"_blank\">Pinche aqu\u00ed <\/a>y siga las indicaciones del \u00e1rea de descarga en funci\u00f3n de su sistema operativo <\/p>\n\n\n\n<h4 class=\"wp-block-heading\">                    <\/h4>\n\n\n\n<h3 class=\"wp-block-heading\"><strong>Seguro de responsabilidad civil<\/strong><\/h3>\n\n\n\n<ul class=\"wp-block-list\">\n<li>22\/04\/2021<\/li>\n<\/ul>\n\n\n\n<p><strong>Los proyectos visados siempre estar\u00e1n cubiertos con el Seguro de Responsabilidad Civil Profesional (SRCP) siempre y cuando el visador est\u00e9 colegiado en el ICOG.<\/strong>&nbsp;&nbsp;A continuaci\u00f3n, pueden consultar los siguientes documentos con toda la informaci\u00f3n referida al Seguro de Responsabilidad Civil Profesional (SRCP).&nbsp;<\/p>\n\n\n\n<p><a href=\"https:\/\/cgeologos.es\/Account\/Entrar.aspx?URL=~%2fseguro-de-responsabilidad-civil\">Colegio de Ge\u00f3logos (cgeologos.es)<\/a>                                                                                                             <\/p>\n\n\n\n<h4 class=\"wp-block-heading\">  <strong>Tarifas: <\/strong><a href=\"https:\/\/cgeologos.es\/Account\/Entrar.aspx?URL=~%2ftarifas\">https:\/\/cgeologos.es\/Account\/Entrar.aspx?URL=~%2ftarifas<\/a><\/h4>\n\n\n\n<h4 class=\"wp-block-heading\">                       <\/h4>\n\n\n\n<p>Para m\u00e1s informaci\u00f3n, entra en nuestra p\u00e1gina web del  ICOG : <a href=\"https:\/\/cgeologos.es\/Account\/Entrar.aspx?URL=~%2fcolegiado-visado-y-supervisado\">https:\/\/cgeologos.es\/Account\/Entrar.aspx?URL=~%2fcolegiado-visado-y-supervisado<\/a><\/p>\n","protected":false},"excerpt":{"rendered":"<p>Generalidades y normativa El apartado 13 del art\u00edculo 5, Visado, de la&nbsp;Ley 25\/2009&nbsp;de diciembre, conocida como Lay \u00d3mnibus, establece que&nbsp;los Colegios de profesiones t\u00e9cnicas, visar\u00e1n los trabajos profesionales en su \u00e1mbito de competencia: cuando se solicite por petici\u00f3n de los &hellip; <a href=\"https:\/\/www.icog.es\/asturias\/visados-y-supervisados\/\">Sigue leyendo <span class=\"meta-nav\">&rarr;<\/span><\/a><\/p>\n","protected":false},"author":2,"featured_media":0,"parent":0,"menu_order":0,"comment_status":"closed","ping_status":"closed","template":"","meta":{"footnotes":""},"class_list":["post-2424","page","type-page","status-publish","hentry"],"yoast_head":"<!-- This site is optimized with the Yoast SEO plugin v25.8 - https:\/\/yoast.com\/wordpress\/plugins\/seo\/ -->\r\n<title>Visados y supervisados - Colegio de Ge\u00f3logos de Asturias<\/title>\r\n<meta name=\"robots\" content=\"index, follow, max-snippet:-1, max-image-preview:large, max-video-preview:-1\" \/>\r\n<link rel=\"canonical\" href=\"https:\/\/www.icog.es\/asturias\/visados-y-supervisados\/\" \/>\r\n<meta property=\"og:locale\" content=\"es_ES\" \/>\r\n<meta property=\"og:type\" content=\"article\" \/>\r\n<meta property=\"og:title\" content=\"Visados y supervisados - Colegio de Ge\u00f3logos de Asturias\" \/>\r\n<meta property=\"og:description\" content=\"Generalidades y normativa El apartado 13 del art\u00edculo 5, Visado, de la&nbsp;Ley 25\/2009&nbsp;de diciembre, conocida como Lay \u00d3mnibus, establece que&nbsp;los Colegios de profesiones t\u00e9cnicas, visar\u00e1n los trabajos profesionales en su \u00e1mbito de competencia: cuando se solicite por petici\u00f3n de los &hellip; Sigue leyendo &rarr;\" \/>\r\n<meta property=\"og:url\" content=\"https:\/\/www.icog.es\/asturias\/visados-y-supervisados\/\" \/>\r\n<meta property=\"og:site_name\" content=\"Colegio de Ge\u00f3logos de Asturias\" \/>\r\n<meta property=\"article:publisher\" content=\"https:\/\/www.facebook.com\/CGEOLOGOS\/\" \/>\r\n<meta property=\"article:modified_time\" content=\"2023-02-23T19:12:16+00:00\" \/>\r\n<meta property=\"og:image\" content=\"https:\/\/cgeologos.es\/uploads\/token2.jpg\" \/>\r\n<meta name=\"twitter:card\" content=\"summary_large_image\" \/>\r\n<meta name=\"twitter:site\" content=\"@cgeologos\" \/>\r\n<meta name=\"twitter:label1\" content=\"Tiempo de lectura\" \/>\n\t<meta name=\"twitter:data1\" content=\"4 minutos\" \/>\r\n<script type=\"application\/ld+json\" class=\"yoast-schema-graph\">{\"@context\":\"https:\/\/schema.org\",\"@graph\":[{\"@type\":\"WebPage\",\"@id\":\"https:\/\/www.icog.es\/asturias\/visados-y-supervisados\/\",\"url\":\"https:\/\/www.icog.es\/asturias\/visados-y-supervisados\/\",\"name\":\"Visados y supervisados - Colegio de Ge\u00f3logos de Asturias\",\"isPartOf\":{\"@id\":\"https:\/\/www.icog.es\/asturias\/#website\"},\"primaryImageOfPage\":{\"@id\":\"https:\/\/www.icog.es\/asturias\/visados-y-supervisados\/#primaryimage\"},\"image\":{\"@id\":\"https:\/\/www.icog.es\/asturias\/visados-y-supervisados\/#primaryimage\"},\"thumbnailUrl\":\"https:\/\/cgeologos.es\/uploads\/token2.jpg\",\"datePublished\":\"2019-04-01T12:17:01+00:00\",\"dateModified\":\"2023-02-23T19:12:16+00:00\",\"inLanguage\":\"es\",\"potentialAction\":[{\"@type\":\"ReadAction\",\"target\":[\"https:\/\/www.icog.es\/asturias\/visados-y-supervisados\/\"]}]},{\"@type\":\"ImageObject\",\"inLanguage\":\"es\",\"@id\":\"https:\/\/www.icog.es\/asturias\/visados-y-supervisados\/#primaryimage\",\"url\":\"https:\/\/cgeologos.es\/uploads\/token2.jpg\",\"contentUrl\":\"https:\/\/cgeologos.es\/uploads\/token2.jpg\"},{\"@type\":\"WebSite\",\"@id\":\"https:\/\/www.icog.es\/asturias\/#website\",\"url\":\"https:\/\/www.icog.es\/asturias\/\",\"name\":\"Colegio de Ge\u00f3logos de Asturias\",\"description\":\"\",\"potentialAction\":[{\"@type\":\"SearchAction\",\"target\":{\"@type\":\"EntryPoint\",\"urlTemplate\":\"https:\/\/www.icog.es\/asturias\/?s={search_term_string}\"},\"query-input\":{\"@type\":\"PropertyValueSpecification\",\"valueRequired\":true,\"valueName\":\"search_term_string\"}}],\"inLanguage\":\"es\"}]}<\/script>\r\n<!-- \/ Yoast SEO plugin. -->","yoast_head_json":{"title":"Visados y supervisados - Colegio de Ge\u00f3logos de Asturias","robots":{"index":"index","follow":"follow","max-snippet":"max-snippet:-1","max-image-preview":"max-image-preview:large","max-video-preview":"max-video-preview:-1"},"canonical":"https:\/\/www.icog.es\/asturias\/visados-y-supervisados\/","og_locale":"es_ES","og_type":"article","og_title":"Visados y supervisados - Colegio de Ge\u00f3logos de Asturias","og_description":"Generalidades y normativa El apartado 13 del art\u00edculo 5, Visado, de la&nbsp;Ley 25\/2009&nbsp;de diciembre, conocida como Lay \u00d3mnibus, establece que&nbsp;los Colegios de profesiones t\u00e9cnicas, visar\u00e1n los trabajos profesionales en su \u00e1mbito de competencia: cuando se solicite por petici\u00f3n de los &hellip; Sigue leyendo &rarr;","og_url":"https:\/\/www.icog.es\/asturias\/visados-y-supervisados\/","og_site_name":"Colegio de Ge\u00f3logos de Asturias","article_publisher":"https:\/\/www.facebook.com\/CGEOLOGOS\/","article_modified_time":"2023-02-23T19:12:16+00:00","og_image":[{"url":"https:\/\/cgeologos.es\/uploads\/token2.jpg","type":"","width":"","height":""}],"twitter_card":"summary_large_image","twitter_site":"@cgeologos","twitter_misc":{"Tiempo de lectura":"4 minutos"},"schema":{"@context":"https:\/\/schema.org","@graph":[{"@type":"WebPage","@id":"https:\/\/www.icog.es\/asturias\/visados-y-supervisados\/","url":"https:\/\/www.icog.es\/asturias\/visados-y-supervisados\/","name":"Visados y supervisados - Colegio de Ge\u00f3logos de Asturias","isPartOf":{"@id":"https:\/\/www.icog.es\/asturias\/#website"},"primaryImageOfPage":{"@id":"https:\/\/www.icog.es\/asturias\/visados-y-supervisados\/#primaryimage"},"image":{"@id":"https:\/\/www.icog.es\/asturias\/visados-y-supervisados\/#primaryimage"},"thumbnailUrl":"https:\/\/cgeologos.es\/uploads\/token2.jpg","datePublished":"2019-04-01T12:17:01+00:00","dateModified":"2023-02-23T19:12:16+00:00","inLanguage":"es","potentialAction":[{"@type":"ReadAction","target":["https:\/\/www.icog.es\/asturias\/visados-y-supervisados\/"]}]},{"@type":"ImageObject","inLanguage":"es","@id":"https:\/\/www.icog.es\/asturias\/visados-y-supervisados\/#primaryimage","url":"https:\/\/cgeologos.es\/uploads\/token2.jpg","contentUrl":"https:\/\/cgeologos.es\/uploads\/token2.jpg"},{"@type":"WebSite","@id":"https:\/\/www.icog.es\/asturias\/#website","url":"https:\/\/www.icog.es\/asturias\/","name":"Colegio de Ge\u00f3logos de Asturias","description":"","potentialAction":[{"@type":"SearchAction","target":{"@type":"EntryPoint","urlTemplate":"https:\/\/www.icog.es\/asturias\/?s={search_term_string}"},"query-input":{"@type":"PropertyValueSpecification","valueRequired":true,"valueName":"search_term_string"}}],"inLanguage":"es"}]}},"amp_enabled":true,"_links":{"self":[{"href":"https:\/\/www.icog.es\/asturias\/wp-json\/wp\/v2\/pages\/2424","targetHints":{"allow":["GET"]}}],"collection":[{"href":"https:\/\/www.icog.es\/asturias\/wp-json\/wp\/v2\/pages"}],"about":[{"href":"https:\/\/www.icog.es\/asturias\/wp-json\/wp\/v2\/types\/page"}],"author":[{"embeddable":true,"href":"https:\/\/www.icog.es\/asturias\/wp-json\/wp\/v2\/users\/2"}],"replies":[{"embeddable":true,"href":"https:\/\/www.icog.es\/asturias\/wp-json\/wp\/v2\/comments?post=2424"}],"version-history":[{"count":6,"href":"https:\/\/www.icog.es\/asturias\/wp-json\/wp\/v2\/pages\/2424\/revisions"}],"predecessor-version":[{"id":3606,"href":"https:\/\/www.icog.es\/asturias\/wp-json\/wp\/v2\/pages\/2424\/revisions\/3606"}],"wp:attachment":[{"href":"https:\/\/www.icog.es\/asturias\/wp-json\/wp\/v2\/media?parent=2424"}],"curies":[{"name":"wp","href":"https:\/\/api.w.org\/{rel}","templated":true}]}}