{"id":22,"date":"2013-06-14T14:07:17","date_gmt":"2013-06-14T14:07:17","guid":{"rendered":"http:\/\/www.icog.es\/asturias\/?page_id=22"},"modified":"2021-03-11T11:44:01","modified_gmt":"2021-03-11T10:44:01","slug":"directiva","status":"publish","type":"page","link":"https:\/\/www.icog.es\/asturias\/directiva\/","title":{"rendered":"Consejo de Gobierno"},"content":{"rendered":"\n<figure class=\"wp-block-image size-large is-resized\"><a href=\"https:\/\/www.icog.es\/asturias\/wp-content\/uploads\/2021\/03\/Consejo-de-Gobierno-Asturias-2020-Web.jpg\"><img loading=\"lazy\" decoding=\"async\" src=\"https:\/\/www.icog.es\/asturias\/wp-content\/uploads\/2021\/03\/Consejo-de-Gobierno-Asturias-2020-Web-1024x901.jpg\" alt=\"\" class=\"wp-image-2959\" width=\"526\" height=\"466\"\/><\/a><figcaption>Consejo de Gobierno ICOG Asturias<\/figcaption><\/figure>\n\n\n<h4><strong>PRESIDENTE<\/strong><\/h4>\n<p>D. Alberto \u00c1varez Junquera<\/p>\n<h4>\u00a0<strong>SECRETARIO<\/strong><\/h4>\n<p>D.\u00a0Santiago Bugallo Garc\u00eda<\/p>\n<h4><strong>TESORERO<\/strong><\/h4>\n<p>D. Guzm\u00e1n Fuente Puente<\/p>\n<h4><strong>VOCALES<\/strong><\/h4>\n<p><strong>Vocal 1\u00ba<\/strong><\/p>\n<p>D. Luis Fern\u00e1ndez Mu\u00f1oz<\/p>\n<p><strong>Vocal 2\u00aa<\/strong><\/p>\n<p>D\u00aa. Raquel Ruiloba Amaro<\/p>\n<h4><strong>Sobre el Consejo de Gobierno<\/strong> | <span style=\"color: #0000ff;\">Reglamento de R\u00e9gimen Interior del Ilustre Colegio Oficial de Ge\u00f3logos <\/span><span style=\"color: #0000ff;\">(Aprobado por la Asamblea General Ordinaria del ICOG, celebrada el d\u00eda 27 de junio de 2020) <a href=\"https:\/\/cgeologos.es\/repositorio\/normativa\">https:\/\/cgeologos.es\/repositorio\/normativa<\/a><\/span><\/h4>\n<p style=\"text-align: left;\"><strong>Art\u00edculo 82\u00ba.<\/strong>&#8211; \u00d3rganos de Gobierno de las Delegaciones.<br \/>Los \u00f3rganos de gobierno de la Delegaci\u00f3n estar\u00e1n compuestos por la Asamblea General y el Consejo de Gobierno, que ser\u00e1n los encargados de velar por el cumplimiento de las funciones de la Delegaci\u00f3n. En todo lo no dispuesto en este Cap\u00edtulo III \u2013 Delegaciones se aplicar\u00e1n supletoriamente el Cap\u00edtulo I &#8211; Asamblea General y el Cap\u00edtulo II &#8211; Junta de Gobierno del Colegio de este T\u00edtulo IV.<\/p>\n<p style=\"text-align: justify;\"><strong>Art\u00edculo 83\u00ba.-<\/strong> Relaciones org\u00e1nicas de las Delegaciones con la Junta de Gobierno.<br \/>Las Delegaciones se relacionar\u00e1n org\u00e1nicamente con la Junta de Gobierno del Colegio, a trav\u00e9s de la Secretar\u00eda del Colegio.<\/p>\n<p style=\"text-align: justify;\"><strong>Art\u00edculo 84\u00ba.-<\/strong> Composici\u00f3n de los Consejos de Gobierno de las Delegaciones.<br \/>Los Consejos de Gobierno de las Delegaciones auton\u00f3micas estar\u00e1n formados por una Presidencia, una Secretar\u00eda, una Tesorer\u00eda y un n\u00famero de Vocal\u00edas, que estar\u00e1 en relaci\u00f3n con el n\u00famero de personas colegiadas de la Delegaci\u00f3n, fij\u00e1ndose en 1 por cada 100, sin que en ning\u00fan caso pueda ser inferior a dos ni superior a cuatro, asistiendo adem\u00e1s con voz la Presidencia del Colegio o en qui\u00e9n esta \u00faltima delegue.<strong><br \/><\/strong><\/p>\n<p><strong>Art\u00edculo 85\u00ba.-<\/strong> Constituci\u00f3n de la Asamblea General de las Delegaciones.<br \/>Anualmente, desde el 15 de febrero al 15 de marzo, cada Delegaci\u00f3n realizar\u00e1 una Asamblea General ordinaria, instituido como \u00f3rgano supremo de expresi\u00f3n de la voluntad de los colegiados de la Delegaci\u00f3n para el cumplimiento de las funciones a ella encomendadas, que ser\u00e1 presidida por el\/la presidente\/a de la Delegaci\u00f3n o por el\/la presidente\/a del Colegio si este\/a \u00faltima asistiera.<br \/>La Mesa Presidencial estar\u00e1 formada por los\/as presidentes\/as del Colegio y de la Delegaci\u00f3n, el\/la secretario\/a de la Delegaci\u00f3n, el\/la tesorero\/a de la Delegaci\u00f3n, y, en su caso, un miembro de la Junta de Gobierno del Colegio o persona en quien delegue la Presidencia del Colegio.<\/p>\n<p><strong>Art\u00edculo 86\u00ba.-<\/strong> Asuntos a tratar en las Asambleas Generales.<br \/>Las Asambleas Generales no podr\u00e1n tratar m\u00e1s que aquellos asuntos que figuren en el orden del d\u00eda de la convocatoria.<\/p>\n<p><strong>Art\u00edculo 87\u00ba.-<\/strong> Convocatoria de la Asamblea General de las Delegaciones.<br \/>La Asamblea General ordinaria ser\u00e1 anunciada por el Consejo de Gobierno de la Delegaci\u00f3n con un mes de antelaci\u00f3n a la fecha de su celebraci\u00f3n y convocada por su presidente\/a, expresando el lugar, d\u00eda y hora de la celebraci\u00f3n.<br \/>A fin de que las Asambleas de las Delegaciones se celebren en semanas diferentes, las Secretar\u00edas del ICOG y de cada Delegaci\u00f3n coordinar\u00e1n antes del 15 de enero, las fechas de celebraci\u00f3n de las mismas.<\/p>\n<p><strong>Art\u00edculo 88\u00ba.-<\/strong> Env\u00edo a los colegiados de la Memoria de Actividades, Cuenta General y Presupuesto anual.<br \/>Con quince d\u00edas de antelaci\u00f3n a la fecha de la convocatoria de la Asamblea General, se enviar\u00e1 a los colegiados residentes en el \u00e1mbito auton\u00f3mico de la Delegaci\u00f3n, la Memoria de Actividades del Consejo de Gobierno, la Cuenta General de Ingresos y Gastos del a\u00f1o anterior, y el Presupuesto del a\u00f1o en curso de la Delegaci\u00f3n.<br \/>Estos datos ser\u00e1n enviados ineludiblemente, en formato digital, a la Sede Central antes del 15 de febrero de cada a\u00f1o, para posibilitar la elaboraci\u00f3n de la Memoria de Actividades, Balance y Presupuesto, obligaci\u00f3n de la que responder\u00e1 la Presidencia de cada Delegaci\u00f3n.<\/p>\n<p><strong>Art\u00edculo 89\u00ba.-<\/strong> Constituci\u00f3n de la Asamblea General.<br \/>La Asamblea General quedar\u00e1 v\u00e1lidamente constituida cuando al lugar, hora y d\u00eda de la celebraci\u00f3n, asistan la mitad m\u00e1s uno de los colegiados de la Delegaci\u00f3n con derecho a voto. En caso de no alcanzarse dicho qu\u00f3rum se celebrar\u00e1, en segunda convocatoria, transcurrida media hora, y cualquiera que sea el n\u00famero de los asistentes presentes o representados con derecho a voto. En cuanto a los derechos de asistencia y delegaci\u00f3n de voto, se estar\u00e1 a lo dispuesto en el art\u00edculo 49\u00ba de este Reglamento.<\/p>\n<p><strong>Art\u00edculo 90\u00ba.-<\/strong> Constituci\u00f3n de la Asamblea General extraordinaria.<br \/>1. Las Delegaciones del ICOG celebrar\u00e1n Asamblea General extraordinaria cuando lo considere necesario el Consejo de Gobierno, o cuando lo pidan con su firma el 10 por 100 de los colegiados.<br \/>2. Las citaciones para la Asamblea General extraordinaria deber\u00e1n ir acompa\u00f1adas del orden del d\u00eda, remiti\u00e9ndose con quince d\u00edas de anticipaci\u00f3n a la fecha fijada para la misma. En los casos de urgencia, la Comisi\u00f3n de Gobierno podr\u00e1 acortar este plazo.<br \/>3. Las Asambleas Generales extraordinarias ser\u00e1n competentes para proponer la aprobaci\u00f3n o modificaci\u00f3n del Reglamento de la Delegaci\u00f3n; aprobar o censurar la actuaci\u00f3n del Consejo de Gobierno o de sus miembros; formular peticiones a los poderes p\u00fablicos conforme a las leyes, y exponer cualquier otro tipo de proposici\u00f3n dentro del marco de la legalidad vigente.<\/p>\n<p><strong>Art\u00edculo 91\u00ba.<\/strong>&#8211; Orden del d\u00eda de la Asamblea General.<br \/>El orden del d\u00eda de las Asambleas ser\u00e1 fijado conjuntamente por las Presidencias y Secretar\u00edas del Colegio y de las Delegaciones, antes del 15 de enero de cada a\u00f1o, si se trata de la Asamblea General Ordinaria.<br \/>Las sesiones presentar\u00e1n necesariamente el siguiente orden del d\u00eda como m\u00ednimo:<br \/>a) Discusi\u00f3n, y en su caso aprobaci\u00f3n, de la Memoria de Actividades del Consejo de Gobierno en el a\u00f1o anterior, previo informe del presidente de la Delegaci\u00f3n.<br \/>b) Aprobar, en primera instancia el balance de ingresos y gastos del a\u00f1o anterior, para su posterior refrendo por parte de la Asamblea General ordinaria del Colegio.<br \/>c) Aprobar, en primera instancia el Presupuesto del a\u00f1o en curso para su posterior refrendo, en su caso, por parte de la Asamblea General ordinaria del Colegio.<br \/>d) Elecciones de nuevos cargos, cuando corresponda.<br \/>e) Ruegos y Preguntas que hayan sido formuladas por escrito con una antelaci\u00f3n de al menos 6 d\u00edas, respecto a la celebraci\u00f3n de la Asamblea y remitidos o entregados en la Secretar\u00eda de la Delegaci\u00f3n.<\/p>\n<p><strong>Art\u00edculo 92\u00ba.-<\/strong> Funciones de la Asamblea General ordinaria.<br \/>Ser\u00e1n funciones de esta Asamblea General ordinaria:<br \/>a) Conocer y sancionar la Memoria de Actividades del a\u00f1o anterior, que le presente el Consejo de Gobierno, as\u00ed como la gesti\u00f3n de las Comisiones y los acontecimientos de mayor relieve que hayan acaecido en la vida colegial y profesional del \u00e1mbito territorial de la Delegaci\u00f3n durante el a\u00f1o anterior.<br \/>b) Tomar acuerdos sobre los asuntos incluidos en el orden del d\u00eda, por iniciativa conjunta de la Junta de Gobierno del Colegio y del Consejo de Gobierno de la Delegaci\u00f3n, o de un grupo de colegiados pertenecientes a la Delegaci\u00f3n que sume al menos el cinco por ciento de los residentes en su \u00e1mbito territorial, los cuales har\u00e1n llegar su petici\u00f3n a la Delegaci\u00f3n en carta dirigida a su Presidencia en la primera quincena del mes de enero.<\/p>\n<p><br \/><strong>Art\u00edculo 93\u00ba.<\/strong>&#8211; Moci\u00f3n de censura.<br \/>La moci\u00f3n de censura s\u00f3lo podr\u00e1 plantearse en Asamblea General extraordinaria<br \/>convocada al efecto, como \u00fanico punto del orden del d\u00eda, mediante petici\u00f3n suscrita por, al menos, el 25 por 100 de los colegiados, expresando con claridad las razones en que se fundamenta.<\/p>\n<p><br \/><strong>Art\u00edculo 94\u00ba.-<\/strong> Acuerdos de la Asamblea General.<br \/>Los acuerdos de la Asamblea General ser\u00e1n tomados por mayor\u00eda de votos de los asistentes a la misma o que se hallen debidamente representados.<\/p>\n<p><br \/><strong>Art\u00edculo 95\u00ba.-<\/strong> Votaciones en la Asamblea General.<br \/>Las votaciones realizadas en la Asamblea General podr\u00e1n ser a mano alzada, o secretas cuando as\u00ed lo soliciten al menos diez de los colegiados asistentes o representados, o cuando se refieran a cuestiones cuya \u00edndole lo aconseje, a juicio de la Presidencia de la Asamblea, preservando el car\u00e1cter secreto de los votos delegados cuando las votaciones sean secretas.<\/p>\n<p><br \/><strong>Art\u00edculo 96\u00ba.-<\/strong> Obligatoriedad de los acuerdos adoptados por la Asamblea General.<br \/>Los acuerdos v\u00e1lidamente adoptados por la Asamblea General obligan a todos los colegiados de la Delegaci\u00f3n, incluso a los ausentes, levant\u00e1ndose acta de la reuni\u00f3n que celebre la Asamblea General, , debiendo ser firmada por el\/la presidente\/a de la Delegaci\u00f3n y por el\/la secretario\/a de la Delegaci\u00f3n. El borrador de acta deber\u00e1 publicarse con antelaci\u00f3n a la siguiente Asamblea General que se celebre cuando deber\u00e1 ser ratificada.<\/p>\n<p><br \/><strong>Art\u00edculo 97\u00ba.-<\/strong> Reglamento del Consejo de Gobierno.<br \/>Los Consejos de Gobierno de las Delegaciones elaborar\u00e1n su propio Reglamento, que ser\u00e1 sometido a la consideraci\u00f3n y aprobaci\u00f3n de la Junta de Gobierno y, posteriormente, de la Asamblea General de la Delegaci\u00f3n y de la Asamblea General del Colegio. Las posibles modificaciones del Reglamento se someter\u00e1n al mismo proceso de aprobaci\u00f3n.<\/p>\n<p><br \/><strong>Art\u00edculo 98\u00ba.-<\/strong> Gesti\u00f3n del Consejo de Gobierno.<br \/>El Consejo de Gobierno de las Delegaciones tiene a su cargo la gesti\u00f3n de las directrices que se marquen en la Asamblea General de la Delegaci\u00f3n, y aquellas otras que se acuerden en la Asamblea General del Colegio para el \u00e1mbito territorial a que alcance la Delegaci\u00f3n, para el cumplimiento de las funciones encomendadas a la Delegaci\u00f3n.<\/p>\n<p><br \/><strong>Art\u00edculo 99\u00ba.-<\/strong> Competencias de los cargos del Consejo de Gobierno.<br \/>Las competencias de las personas titulares de los cargos del Consejo de Gobierno de la Delegaci\u00f3n ser\u00e1n las establecidas para los miembros de la Junta de Gobierno del Colegio, con las limitaciones propias del \u00e1mbito territorial y de las funciones encomendadas a la Delegaci\u00f3n.<\/p>\n<p>\u00a0<\/p>\n<p style=\"text-align: justify;\">\u00a0<\/p>\n<p>\u00a0<\/p>","protected":false},"excerpt":{"rendered":"<p>PRESIDENTE D. Alberto \u00c1varez Junquera \u00a0SECRETARIO D.\u00a0Santiago Bugallo Garc\u00eda TESORERO D. Guzm\u00e1n Fuente Puente VOCALES Vocal 1\u00ba D. Luis Fern\u00e1ndez Mu\u00f1oz Vocal 2\u00aa D\u00aa. Raquel Ruiloba Amaro Sobre el Consejo de Gobierno | Reglamento de R\u00e9gimen Interior del Ilustre Colegio &hellip; <a href=\"https:\/\/www.icog.es\/asturias\/directiva\/\">Sigue leyendo <span class=\"meta-nav\">&rarr;<\/span><\/a><\/p>\n","protected":false},"author":1,"featured_media":148,"parent":0,"menu_order":0,"comment_status":"closed","ping_status":"open","template":"","meta":{"footnotes":""},"class_list":["post-22","page","type-page","status-publish","has-post-thumbnail","hentry"],"yoast_head":"<!-- This site is optimized with the Yoast SEO plugin v25.8 - https:\/\/yoast.com\/wordpress\/plugins\/seo\/ -->\r\n<title>Directiva - Colegio de Ge\u00f3logos de Asturias<\/title>\r\n<meta name=\"description\" content=\"Nombres y apellidos de la directiva del consejo de gobierno del Colegio de Ge\u00f3logos en Asturias.\" \/>\r\n<meta name=\"robots\" content=\"index, follow, max-snippet:-1, max-image-preview:large, max-video-preview:-1\" \/>\r\n<link rel=\"canonical\" href=\"https:\/\/www.icog.es\/asturias\/directiva\/\" \/>\r\n<meta property=\"og:locale\" content=\"es_ES\" \/>\r\n<meta property=\"og:type\" content=\"article\" \/>\r\n<meta property=\"og:title\" content=\"Directiva - Colegio de Ge\u00f3logos de Asturias\" \/>\r\n<meta property=\"og:description\" content=\"demonoid musica descargar musica mp3 gratis programa para descargar musica\" \/>\r\n<meta property=\"og:url\" content=\"https:\/\/www.icog.es\/asturias\/directiva\/\" \/>\r\n<meta property=\"og:site_name\" content=\"Colegio de Ge\u00f3logos de Asturias\" \/>\r\n<meta property=\"article:publisher\" content=\"https:\/\/www.facebook.com\/CGEOLOGOS\/\" \/>\r\n<meta property=\"article:modified_time\" content=\"2021-03-11T10:44:01+00:00\" \/>\r\n<meta property=\"og:image\" content=\"https:\/\/www.icog.es\/asturias\/wp-content\/uploads\/2013\/06\/directiva.jpg\" \/>\r\n\t<meta property=\"og:image:width\" content=\"1732\" \/>\r\n\t<meta property=\"og:image:height\" content=\"1155\" \/>\r\n\t<meta property=\"og:image:type\" content=\"image\/jpeg\" \/>\r\n<meta name=\"twitter:card\" content=\"summary_large_image\" \/>\r\n<meta name=\"twitter:site\" content=\"@cgeologos\" \/>\r\n<meta name=\"twitter:label1\" content=\"Tiempo de lectura\" \/>\n\t<meta name=\"twitter:data1\" content=\"7 minutos\" \/>\r\n<script type=\"application\/ld+json\" class=\"yoast-schema-graph\">{\"@context\":\"https:\/\/schema.org\",\"@graph\":[{\"@type\":\"WebPage\",\"@id\":\"https:\/\/www.icog.es\/asturias\/directiva\/\",\"url\":\"https:\/\/www.icog.es\/asturias\/directiva\/\",\"name\":\"Directiva - Colegio de Ge\u00f3logos de Asturias\",\"isPartOf\":{\"@id\":\"https:\/\/www.icog.es\/asturias\/#website\"},\"primaryImageOfPage\":{\"@id\":\"https:\/\/www.icog.es\/asturias\/directiva\/#primaryimage\"},\"image\":{\"@id\":\"https:\/\/www.icog.es\/asturias\/directiva\/#primaryimage\"},\"thumbnailUrl\":\"https:\/\/www.icog.es\/asturias\/wp-content\/uploads\/2013\/06\/directiva.jpg\",\"datePublished\":\"2013-06-14T14:07:17+00:00\",\"dateModified\":\"2021-03-11T10:44:01+00:00\",\"description\":\"Nombres y apellidos de la directiva del consejo de gobierno del Colegio de Ge\u00f3logos en Asturias.\",\"inLanguage\":\"es\",\"potentialAction\":[{\"@type\":\"ReadAction\",\"target\":[\"https:\/\/www.icog.es\/asturias\/directiva\/\"]}]},{\"@type\":\"ImageObject\",\"inLanguage\":\"es\",\"@id\":\"https:\/\/www.icog.es\/asturias\/directiva\/#primaryimage\",\"url\":\"https:\/\/www.icog.es\/asturias\/wp-content\/uploads\/2013\/06\/directiva.jpg\",\"contentUrl\":\"https:\/\/www.icog.es\/asturias\/wp-content\/uploads\/2013\/06\/directiva.jpg\",\"width\":1732,\"height\":1155},{\"@type\":\"WebSite\",\"@id\":\"https:\/\/www.icog.es\/asturias\/#website\",\"url\":\"https:\/\/www.icog.es\/asturias\/\",\"name\":\"Colegio de Ge\u00f3logos de Asturias\",\"description\":\"\",\"potentialAction\":[{\"@type\":\"SearchAction\",\"target\":{\"@type\":\"EntryPoint\",\"urlTemplate\":\"https:\/\/www.icog.es\/asturias\/?s={search_term_string}\"},\"query-input\":{\"@type\":\"PropertyValueSpecification\",\"valueRequired\":true,\"valueName\":\"search_term_string\"}}],\"inLanguage\":\"es\"}]}<\/script>\r\n<!-- \/ Yoast SEO plugin. -->","yoast_head_json":{"title":"Directiva - Colegio de Ge\u00f3logos de Asturias","description":"Nombres y apellidos de la directiva del consejo de gobierno del Colegio de Ge\u00f3logos en Asturias.","robots":{"index":"index","follow":"follow","max-snippet":"max-snippet:-1","max-image-preview":"max-image-preview:large","max-video-preview":"max-video-preview:-1"},"canonical":"https:\/\/www.icog.es\/asturias\/directiva\/","og_locale":"es_ES","og_type":"article","og_title":"Directiva - Colegio de Ge\u00f3logos de Asturias","og_description":"demonoid musica descargar musica mp3 gratis programa para descargar musica","og_url":"https:\/\/www.icog.es\/asturias\/directiva\/","og_site_name":"Colegio de Ge\u00f3logos de Asturias","article_publisher":"https:\/\/www.facebook.com\/CGEOLOGOS\/","article_modified_time":"2021-03-11T10:44:01+00:00","og_image":[{"width":1732,"height":1155,"url":"https:\/\/www.icog.es\/asturias\/wp-content\/uploads\/2013\/06\/directiva.jpg","type":"image\/jpeg"}],"twitter_card":"summary_large_image","twitter_site":"@cgeologos","twitter_misc":{"Tiempo de lectura":"7 minutos"},"schema":{"@context":"https:\/\/schema.org","@graph":[{"@type":"WebPage","@id":"https:\/\/www.icog.es\/asturias\/directiva\/","url":"https:\/\/www.icog.es\/asturias\/directiva\/","name":"Directiva - Colegio de Ge\u00f3logos de Asturias","isPartOf":{"@id":"https:\/\/www.icog.es\/asturias\/#website"},"primaryImageOfPage":{"@id":"https:\/\/www.icog.es\/asturias\/directiva\/#primaryimage"},"image":{"@id":"https:\/\/www.icog.es\/asturias\/directiva\/#primaryimage"},"thumbnailUrl":"https:\/\/www.icog.es\/asturias\/wp-content\/uploads\/2013\/06\/directiva.jpg","datePublished":"2013-06-14T14:07:17+00:00","dateModified":"2021-03-11T10:44:01+00:00","description":"Nombres y apellidos de la directiva del consejo de gobierno del Colegio de Ge\u00f3logos en Asturias.","inLanguage":"es","potentialAction":[{"@type":"ReadAction","target":["https:\/\/www.icog.es\/asturias\/directiva\/"]}]},{"@type":"ImageObject","inLanguage":"es","@id":"https:\/\/www.icog.es\/asturias\/directiva\/#primaryimage","url":"https:\/\/www.icog.es\/asturias\/wp-content\/uploads\/2013\/06\/directiva.jpg","contentUrl":"https:\/\/www.icog.es\/asturias\/wp-content\/uploads\/2013\/06\/directiva.jpg","width":1732,"height":1155},{"@type":"WebSite","@id":"https:\/\/www.icog.es\/asturias\/#website","url":"https:\/\/www.icog.es\/asturias\/","name":"Colegio de Ge\u00f3logos de Asturias","description":"","potentialAction":[{"@type":"SearchAction","target":{"@type":"EntryPoint","urlTemplate":"https:\/\/www.icog.es\/asturias\/?s={search_term_string}"},"query-input":{"@type":"PropertyValueSpecification","valueRequired":true,"valueName":"search_term_string"}}],"inLanguage":"es"}]}},"amp_enabled":true,"_links":{"self":[{"href":"https:\/\/www.icog.es\/asturias\/wp-json\/wp\/v2\/pages\/22","targetHints":{"allow":["GET"]}}],"collection":[{"href":"https:\/\/www.icog.es\/asturias\/wp-json\/wp\/v2\/pages"}],"about":[{"href":"https:\/\/www.icog.es\/asturias\/wp-json\/wp\/v2\/types\/page"}],"author":[{"embeddable":true,"href":"https:\/\/www.icog.es\/asturias\/wp-json\/wp\/v2\/users\/1"}],"replies":[{"embeddable":true,"href":"https:\/\/www.icog.es\/asturias\/wp-json\/wp\/v2\/comments?post=22"}],"version-history":[{"count":18,"href":"https:\/\/www.icog.es\/asturias\/wp-json\/wp\/v2\/pages\/22\/revisions"}],"predecessor-version":[{"id":2968,"href":"https:\/\/www.icog.es\/asturias\/wp-json\/wp\/v2\/pages\/22\/revisions\/2968"}],"wp:featuredmedia":[{"embeddable":true,"href":"https:\/\/www.icog.es\/asturias\/wp-json\/wp\/v2\/media\/148"}],"wp:attachment":[{"href":"https:\/\/www.icog.es\/asturias\/wp-json\/wp\/v2\/media?parent=22"}],"curies":[{"name":"wp","href":"https:\/\/api.w.org\/{rel}","templated":true}]}}