{"id":168,"date":"2013-06-18T13:42:07","date_gmt":"2013-06-18T13:42:07","guid":{"rendered":"http:\/\/www.icog.es\/asturias\/?page_id=168"},"modified":"2021-03-09T15:46:20","modified_gmt":"2021-03-09T14:46:20","slug":"portada","status":"publish","type":"page","link":"https:\/\/www.icog.es\/asturias\/portada\/","title":{"rendered":"Inicio"},"content":{"rendered":"<p><img loading=\"lazy\" decoding=\"async\" class=\"aligncenter wp-image-1113 \" src=\"http:\/\/www.icog.es\/asturias\/wp-content\/uploads\/2016\/10\/Logo_ICOG_Asturias.jpg\" alt=\"\" width=\"178\" height=\"222\" \/><\/p>\n<p><strong>Bienvenidos a la nueva p\u00e1gina web del Ilustre Colegio de Ge\u00f3logos en Asturias.<\/strong><\/p>\n<p><strong>Estamos tratando de darle una nueva perspectiva a esta forma de comunicaci\u00f3n entre la labor del Consejo de Gobierno y los colegiados, haciendo que \u00e9sta sea lo m\u00e1s din\u00e1mica posible y poniendo en vuestro conocimiento todo lo que hacemos y lo que podamos hacer en un futuro.<\/strong><\/p>\n<p><strong>En estos momentos estamos a\u00fan en pruebas y, como\u00a0comprender\u00e9is\u00a0 no tenemos todo lo que queremos tener, aunque en ello estamos.\u00a0Tambi\u00e9n\u00a0nos gustar\u00eda saber como deber\u00eda ser esta p\u00e1gina, as\u00ed que si tienes ideas que introducir, modificar o aportar, os escuchamos, estamos a vuestra disposici\u00f3n.<\/strong><\/p>\n<p><strong>Por lo pronto tenemos una estructura en dos niveles de men\u00fas, uno principal, el superior en azul, con p\u00e1ginas est\u00e1ticas que se ir\u00e1n actualizando y modificando a medida de que sea necesario o nos interese (es el caso de la que est\u00e1s leyendo) y un segundo nivel de men\u00fas (en inferior en blanco) en el que se agrupan las noticias por temas o categor\u00edas.<\/strong><\/p>\n<p><strong>En todo caso, las p\u00e1ginas reflejan informaci\u00f3n que debe estar presente siempre en una p\u00e1gina web como el INICIO o p\u00e1gina de acceso base, la dedicada al COLEGIO, con sus labores y funciones, por supuesto otra a los GEOLOGOS y su labore en la sociedad, la p\u00e1gina de informaci\u00f3n a la COLEGIACI\u00d3N de nuevos licenciados o graduados, la de ATENCI\u00d3N AL CIUDADANO que ser\u00eda el enlace con la ventanilla \u00fanica del ICOG, SERVICIOS que aportamos, formaci\u00f3n del actual CONSEJO DE GOBIERNO, el apartado de VISADOS Y SUPERVISADOS y el enlace a los CONTACTOS.<\/strong><\/p>\n<p><strong>Por otro lado las noticias que vamos colgando, por ahora las catalogamos en DELEGACI\u00d3N, aquellas que sean generales o relacionadas con todos los colegiados, FORMACI\u00d3N donde iremos informando de los cursos y actividades formativas que estamos preparando, NOTICIAS ICOG para las noticias de todo el ICOG que sean interesantes especialmente a los colegiados asturianos, OPINI\u00d3N para que expres\u00e9is o pod\u00e1is contar vuestro punto de vista de la profesi\u00f3n o el trabajo, PRENSA para los recortes y noticias donde aparezcan bien el Colegio o los colegiados (esperemos que para bien) y un caj\u00f3n de sastre por ahora que es el de VUESTRAS APORTACIONES que en un futuro puede cambiar de nombre e idea.<\/strong><\/p>\n<p><strong>Gracias.<\/strong><\/p>\n<p><strong>Alberto \u00c1lvarez Junquera<br \/>\n<\/strong><\/p>\n<p>Presidente del ICOG Asturias<\/p>\n<p><a href=\"https:\/\/www.icog.es\/asturias\/wp-content\/uploads\/2021\/03\/Presidente-Alberto-Alvarez-Junquera.jpg\"><img loading=\"lazy\" decoding=\"async\" class=\"alignnone wp-image-2961\" src=\"https:\/\/www.icog.es\/asturias\/wp-content\/uploads\/2021\/03\/Presidente-Alberto-Alvarez-Junquera-262x300.jpg\" alt=\"\" width=\"200\" height=\"229\" srcset=\"https:\/\/www.icog.es\/asturias\/wp-content\/uploads\/2021\/03\/Presidente-Alberto-Alvarez-Junquera-262x300.jpg 262w, https:\/\/www.icog.es\/asturias\/wp-content\/uploads\/2021\/03\/Presidente-Alberto-Alvarez-Junquera.jpg 447w\" sizes=\"auto, (max-width: 200px) 100vw, 200px\" \/><\/a><\/p>\n","protected":false},"excerpt":{"rendered":"<p>Bienvenidos a la nueva p\u00e1gina web del Ilustre Colegio de Ge\u00f3logos en Asturias. Estamos tratando de darle una nueva perspectiva a esta forma de comunicaci\u00f3n entre la labor del Consejo de Gobierno y los colegiados, haciendo que \u00e9sta sea lo &hellip; <a href=\"https:\/\/www.icog.es\/asturias\/portada\/\">Sigue leyendo <span class=\"meta-nav\">&rarr;<\/span><\/a><\/p>\n","protected":false},"author":2,"featured_media":0,"parent":0,"menu_order":1,"comment_status":"closed","ping_status":"open","template":"","meta":{"footnotes":""},"class_list":["post-168","page","type-page","status-publish","hentry"],"yoast_head":"<!-- This site is optimized with the Yoast SEO plugin v25.8 - https:\/\/yoast.com\/wordpress\/plugins\/seo\/ -->\r\n<title>Pagina de bienvenida<\/title>\r\n<meta name=\"description\" content=\"Pagina de inicio y bienvenida del ICOG Asturias descargar musica gratis\" \/>\r\n<meta name=\"robots\" content=\"index, follow, max-snippet:-1, max-image-preview:large, max-video-preview:-1\" \/>\r\n<link rel=\"canonical\" href=\"https:\/\/www.icog.es\/asturias\/portada\/\" \/>\r\n<meta property=\"og:locale\" content=\"es_ES\" \/>\r\n<meta property=\"og:type\" content=\"article\" \/>\r\n<meta property=\"og:title\" content=\"Pagina de bienvenida\" \/>\r\n<meta property=\"og:description\" content=\"keepvid programas para descargar musica descargar musica mp3 demonoid demonoid descargar musica gratis\" \/>\r\n<meta property=\"og:url\" content=\"https:\/\/www.icog.es\/asturias\/portada\/\" \/>\r\n<meta property=\"og:site_name\" content=\"Colegio de Ge\u00f3logos de Asturias\" \/>\r\n<meta property=\"article:publisher\" content=\"https:\/\/www.facebook.com\/CGEOLOGOS\/\" \/>\r\n<meta property=\"article:modified_time\" content=\"2021-03-09T14:46:20+00:00\" \/>\r\n<meta property=\"og:image\" content=\"http:\/\/www.icog.es\/asturias\/wp-content\/uploads\/2016\/10\/Logo_ICOG_Asturias.jpg\" \/>\r\n<meta name=\"twitter:card\" content=\"summary_large_image\" \/>\r\n<meta name=\"twitter:site\" content=\"@cgeologos\" \/>\r\n<meta name=\"twitter:label1\" content=\"Tiempo de lectura\" \/>\n\t<meta name=\"twitter:data1\" content=\"3 minutos\" \/>\r\n<script type=\"application\/ld+json\" class=\"yoast-schema-graph\">{\"@context\":\"https:\/\/schema.org\",\"@graph\":[{\"@type\":\"WebPage\",\"@id\":\"https:\/\/www.icog.es\/asturias\/portada\/\",\"url\":\"https:\/\/www.icog.es\/asturias\/portada\/\",\"name\":\"Pagina de bienvenida\",\"isPartOf\":{\"@id\":\"https:\/\/www.icog.es\/asturias\/#website\"},\"primaryImageOfPage\":{\"@id\":\"https:\/\/www.icog.es\/asturias\/portada\/#primaryimage\"},\"image\":{\"@id\":\"https:\/\/www.icog.es\/asturias\/portada\/#primaryimage\"},\"thumbnailUrl\":\"http:\/\/www.icog.es\/asturias\/wp-content\/uploads\/2016\/10\/Logo_ICOG_Asturias.jpg\",\"datePublished\":\"2013-06-18T13:42:07+00:00\",\"dateModified\":\"2021-03-09T14:46:20+00:00\",\"description\":\"Pagina de inicio y bienvenida del ICOG Asturias descargar musica gratis\",\"inLanguage\":\"es\",\"potentialAction\":[{\"@type\":\"ReadAction\",\"target\":[\"https:\/\/www.icog.es\/asturias\/portada\/\"]}]},{\"@type\":\"ImageObject\",\"inLanguage\":\"es\",\"@id\":\"https:\/\/www.icog.es\/asturias\/portada\/#primaryimage\",\"url\":\"https:\/\/www.icog.es\/asturias\/wp-content\/uploads\/2016\/10\/Logo_ICOG_Asturias.jpg\",\"contentUrl\":\"https:\/\/www.icog.es\/asturias\/wp-content\/uploads\/2016\/10\/Logo_ICOG_Asturias.jpg\",\"width\":133,\"height\":166},{\"@type\":\"WebSite\",\"@id\":\"https:\/\/www.icog.es\/asturias\/#website\",\"url\":\"https:\/\/www.icog.es\/asturias\/\",\"name\":\"Colegio de Ge\u00f3logos de Asturias\",\"description\":\"\",\"potentialAction\":[{\"@type\":\"SearchAction\",\"target\":{\"@type\":\"EntryPoint\",\"urlTemplate\":\"https:\/\/www.icog.es\/asturias\/?s={search_term_string}\"},\"query-input\":{\"@type\":\"PropertyValueSpecification\",\"valueRequired\":true,\"valueName\":\"search_term_string\"}}],\"inLanguage\":\"es\"}]}<\/script>\r\n<!-- \/ Yoast SEO plugin. -->","yoast_head_json":{"title":"Pagina de bienvenida","description":"Pagina de inicio y bienvenida del ICOG Asturias descargar musica gratis","robots":{"index":"index","follow":"follow","max-snippet":"max-snippet:-1","max-image-preview":"max-image-preview:large","max-video-preview":"max-video-preview:-1"},"canonical":"https:\/\/www.icog.es\/asturias\/portada\/","og_locale":"es_ES","og_type":"article","og_title":"Pagina de bienvenida","og_description":"keepvid programas para descargar musica descargar musica mp3 demonoid demonoid descargar musica gratis","og_url":"https:\/\/www.icog.es\/asturias\/portada\/","og_site_name":"Colegio de Ge\u00f3logos de Asturias","article_publisher":"https:\/\/www.facebook.com\/CGEOLOGOS\/","article_modified_time":"2021-03-09T14:46:20+00:00","og_image":[{"url":"http:\/\/www.icog.es\/asturias\/wp-content\/uploads\/2016\/10\/Logo_ICOG_Asturias.jpg","type":"","width":"","height":""}],"twitter_card":"summary_large_image","twitter_site":"@cgeologos","twitter_misc":{"Tiempo de lectura":"3 minutos"},"schema":{"@context":"https:\/\/schema.org","@graph":[{"@type":"WebPage","@id":"https:\/\/www.icog.es\/asturias\/portada\/","url":"https:\/\/www.icog.es\/asturias\/portada\/","name":"Pagina de bienvenida","isPartOf":{"@id":"https:\/\/www.icog.es\/asturias\/#website"},"primaryImageOfPage":{"@id":"https:\/\/www.icog.es\/asturias\/portada\/#primaryimage"},"image":{"@id":"https:\/\/www.icog.es\/asturias\/portada\/#primaryimage"},"thumbnailUrl":"http:\/\/www.icog.es\/asturias\/wp-content\/uploads\/2016\/10\/Logo_ICOG_Asturias.jpg","datePublished":"2013-06-18T13:42:07+00:00","dateModified":"2021-03-09T14:46:20+00:00","description":"Pagina de inicio y bienvenida del ICOG Asturias descargar musica gratis","inLanguage":"es","potentialAction":[{"@type":"ReadAction","target":["https:\/\/www.icog.es\/asturias\/portada\/"]}]},{"@type":"ImageObject","inLanguage":"es","@id":"https:\/\/www.icog.es\/asturias\/portada\/#primaryimage","url":"https:\/\/www.icog.es\/asturias\/wp-content\/uploads\/2016\/10\/Logo_ICOG_Asturias.jpg","contentUrl":"https:\/\/www.icog.es\/asturias\/wp-content\/uploads\/2016\/10\/Logo_ICOG_Asturias.jpg","width":133,"height":166},{"@type":"WebSite","@id":"https:\/\/www.icog.es\/asturias\/#website","url":"https:\/\/www.icog.es\/asturias\/","name":"Colegio de Ge\u00f3logos de Asturias","description":"","potentialAction":[{"@type":"SearchAction","target":{"@type":"EntryPoint","urlTemplate":"https:\/\/www.icog.es\/asturias\/?s={search_term_string}"},"query-input":{"@type":"PropertyValueSpecification","valueRequired":true,"valueName":"search_term_string"}}],"inLanguage":"es"}]}},"amp_enabled":true,"_links":{"self":[{"href":"https:\/\/www.icog.es\/asturias\/wp-json\/wp\/v2\/pages\/168","targetHints":{"allow":["GET"]}}],"collection":[{"href":"https:\/\/www.icog.es\/asturias\/wp-json\/wp\/v2\/pages"}],"about":[{"href":"https:\/\/www.icog.es\/asturias\/wp-json\/wp\/v2\/types\/page"}],"author":[{"embeddable":true,"href":"https:\/\/www.icog.es\/asturias\/wp-json\/wp\/v2\/users\/2"}],"replies":[{"embeddable":true,"href":"https:\/\/www.icog.es\/asturias\/wp-json\/wp\/v2\/comments?post=168"}],"version-history":[{"count":15,"href":"https:\/\/www.icog.es\/asturias\/wp-json\/wp\/v2\/pages\/168\/revisions"}],"predecessor-version":[{"id":2964,"href":"https:\/\/www.icog.es\/asturias\/wp-json\/wp\/v2\/pages\/168\/revisions\/2964"}],"wp:attachment":[{"href":"https:\/\/www.icog.es\/asturias\/wp-json\/wp\/v2\/media?parent=168"}],"curies":[{"name":"wp","href":"https:\/\/api.w.org\/{rel}","templated":true}]}}