{"id":157,"date":"2013-06-18T13:22:31","date_gmt":"2013-06-18T13:22:31","guid":{"rendered":"http:\/\/www.icog.es\/asturias\/?page_id=157"},"modified":"2021-10-18T20:22:13","modified_gmt":"2021-10-18T18:22:13","slug":"el-geologo","status":"publish","type":"page","link":"https:\/\/www.icog.es\/asturias\/el-geologo\/","title":{"rendered":"Los Ge\u00f3logos"},"content":{"rendered":"\n<h2 class=\"wp-block-heading\">La profesi\u00f3n de ge\u00f3logo<\/h2>\n\n\n\n<ul class=\"wp-block-list\"><li>28\/12\/2017<\/li><\/ul>\n\n\n\n<h3 class=\"wp-block-heading\">EL SIGNIFICADO DE LA COLEGIACI\u00d3N<\/h3>\n\n\n\n<p>La Geolog\u00eda es una profesi\u00f3n que requiere conocimiento cient\u00edfico y t\u00e9cnico, experiencia y buen juicio para la pr\u00e1ctica y que sirve tanto al bien p\u00fablico como al privado&nbsp;<img loading=\"lazy\" decoding=\"async\" width=\"320\" height=\"306\" src=\"https:\/\/www.cgeologos.es\/uploads\/georradar.jpg\" alt=\"\"><\/p>\n\n\n\n<p>El ge\u00f3logo colegiado en el Ilustre Colegio Oficial de Ge\u00f3logos (ICOG) tiene una responsabilidad profesional para conducirse de manera \u00e9tica y limpia. El privilegio de ejercer la profesi\u00f3n exige moralidad. Los Principios Deontol\u00f3gicos de conducta se entiende que sirven como modelo para el camino de la vida profesional. Deben orientar su pr\u00e1ctica profesional a la funci\u00f3n social que desempe\u00f1an, promoviendo las condiciones para el progreso social. Toda acci\u00f3n contraria a estos principios no es conforme y lesiona su dignidad profesional y la del colectivo de ge\u00f3logos colegiados.&nbsp;<strong>FUNCIONES QUE PUEDE DESEMPE\u00d1AR EL COLEGIADO<\/strong>&nbsp;Conforme a lo previsto en el art\u00edculo 36 de la Constituci\u00f3n Espa\u00f1ola, la Ley regular\u00e1 el ejercicio de la profesi\u00f3n titulada de Ge\u00f3logo y las actividades para cuyo ejercicio es obligatoria la incorporaci\u00f3n al Ilustre Colegio Oficial de Ge\u00f3logos de Espa\u00f1a.<\/p>\n\n\n\n<p>Sin perjuicio de lo anterior, as\u00ed como de las atribuciones profesionales y normas de colegiaci\u00f3n que se contengan en las leyes reguladoras de otras profesiones, el Ilustre Colegio Oficial de Ge\u00f3logos de Espa\u00f1a considera funciones que puede desempe\u00f1ar el Ge\u00f3logo en su actividad profesional, las que a t\u00edtulo enunciativo se relacionan a continuaci\u00f3n:<\/p>\n\n\n\n<p>1. Estudio, identificaci\u00f3n y clasificaci\u00f3n de los materiales y procesos geol\u00f3gicos, as\u00ed como de los resultados de estos procesos.<\/p>\n\n\n\n<p>2. Estudio, identificaci\u00f3n y clasificaci\u00f3n de los restos f\u00f3siles, incluyendo las se\u00f1ales de actividad org\u00e1nica.<\/p>\n\n\n\n<p>3. Investigaci\u00f3n, desarrollo y control de calidad de los procesos geol\u00f3gicos aplicados a la industria, construcci\u00f3n, miner\u00eda, agricultura, medio ambiente y servicios.<\/p>\n\n\n\n<p>4. Estudios y an\u00e1lisis geol\u00f3gicos, geoqu\u00edmicos, petrogr\u00e1ficos, mineral\u00f3gicos espectrogr\u00e1ficos y dem\u00e1s t\u00e9cnicas aplicables a los materiales geol\u00f3gicos.<\/p>\n\n\n\n<p>5. Elaboraci\u00f3n de cartograf\u00edas geol\u00f3gicas y tem\u00e1ticas relacionadas con las Ciencias de la Tierra.<\/p>\n\n\n\n<p>6. Asesoramiento cient\u00edfico y t\u00e9cnico sobre temas geol\u00f3gicos.<\/p>\n\n\n\n<p>* 7. Producci\u00f3n, transformaci\u00f3n, manipulaci\u00f3n, conservaci\u00f3n, identificaci\u00f3n y control de calidad de recursos geol\u00f3gicos y geomineros.<\/p>\n\n\n\n<p>* 8. Elaboraci\u00f3n de los informes, estudios y proyectos para la producci\u00f3n, transformaci\u00f3n y control relacionados con recursos geol\u00f3gicos y geomineros.<\/p>\n\n\n\n<p>9. Proyectos y direcci\u00f3n de trabajos de exploraci\u00f3n e investigaci\u00f3n de recursos geomineros.<\/p>\n\n\n\n<p>* 10. Direcci\u00f3n y realizaci\u00f3n de proyectos de per\u00edmetros de protecci\u00f3n, de investigaci\u00f3n y aprovechamiento de aguas minerales, minero-industriales, termales y de abastecimiento a poblaciones o complejos industriales.<\/p>\n\n\n\n<p>* 11. Planificaci\u00f3n y explotaci\u00f3n racional de los recursos geol\u00f3gicos, geomineros, energ\u00e9ticos, medioambientales, y de energ\u00edas renovables.<\/p>\n\n\n\n<p>12. Identificaci\u00f3n, estudio y control de los fen\u00f3menos que afecten a la conservaci\u00f3n del Medio Ambiente.<\/p>\n\n\n\n<p>13. Organizaci\u00f3n y direcci\u00f3n de espacios naturales protegidos cualquiera que sea su grado de protecci\u00f3n, parques geol\u00f3gicos y museos de ciencias.<\/p>\n\n\n\n<p>14. Estudios, informes y proyectos de an\u00e1lisis de tratamiento de problemas de contaminaci\u00f3n minera e industrial.<\/p>\n\n\n\n<p>15. Estudios de impacto ambiental.<\/p>\n\n\n\n<p>16. Elaboraci\u00f3n y direcci\u00f3n de planes y proyectos de restauraci\u00f3n de espacios afectados por actividades extractivas.<\/p>\n\n\n\n<p>17. Estudios y proyectos de protecci\u00f3n y descontaminaci\u00f3n de suelos alterados por actividades industriales, agr\u00edcolas y antr\u00f3picas.<\/p>\n\n\n\n<p>18. Estudios y proyectos de ubicaci\u00f3n, construcci\u00f3n y sellado de vertederos de residuos s\u00f3lidos urbanos y dep\u00f3sitos de seguridad de residuos industriales y radiactivos.<\/p>\n\n\n\n<p>19. Gesti\u00f3n de planes sectoriales de residuos urbanos, industriales y agrarios.<\/p>\n\n\n\n<p>20. Planificaci\u00f3n de la sensibilizaci\u00f3n ambiental.<\/p>\n\n\n\n<p>21. Actuaciones de protecci\u00f3n ambiental.<\/p>\n\n\n\n<p>22. Estudio, evaluaci\u00f3n, difusi\u00f3n y protecci\u00f3n del Patrimonio Geol\u00f3gico y Paleontol\u00f3gico Espa\u00f1ol.<\/p>\n\n\n\n<p>23. Educaci\u00f3n geol\u00f3gica, paleontol\u00f3gica y medioambiental. Geolog\u00eda educativa y recreativa.<\/p>\n\n\n\n<p>24. Ense\u00f1anza de la Geolog\u00eda en los t\u00e9rminos establecidos por la legislaci\u00f3n educativa.<\/p>\n\n\n\n<p>* 25. Estudios y proyectos hidrol\u00f3gicos e hidrogeol\u00f3gicos, para la investigaci\u00f3n, prospecci\u00f3n, captaci\u00f3n, control, explotaci\u00f3n y gesti\u00f3n de los recursos h\u00eddricos.<\/p>\n\n\n\n<p>26. Identificaci\u00f3n y deslinde del Dominio P\u00fablico Hidr\u00e1ulico y del Dominio Mar\u00edtimo-Terrestre.<\/p>\n\n\n\n<p>27. Estudios oceanogr\u00e1ficos.<\/p>\n\n\n\n<p>28. Estudios geol\u00f3gicos relacionados con la din\u00e1mica litoral y regeneraci\u00f3n de playas.<\/p>\n\n\n\n<p>29. Estudios del terreno en las obras civil y edificaci\u00f3n para su caracterizaci\u00f3n geol\u00f3gica.<\/p>\n\n\n\n<p>30. Elaboraci\u00f3n de estudios, anteproyectos y proyectos de Ingenier\u00eda Geol\u00f3gica.<\/p>\n\n\n\n<p>31. Control de calidad, para la caracterizaci\u00f3n geol\u00f3gica de terrenos.<\/p>\n\n\n\n<p>32. Direcci\u00f3n t\u00e9cnica y supervisi\u00f3n de sondeos de reconocimiento, muestreo, ensayos \u00abin situ\u00bb y ensayos de laboratorio.<\/p>\n\n\n\n<p>33. Direcci\u00f3n t\u00e9cnica, supervisi\u00f3n y seguimiento de campa\u00f1as de investigaci\u00f3n de campo para caracterizaci\u00f3n geol\u00f3gica de terrenos en estudios previos, anteproyectos y proyectos de obras civil y de edificaci\u00f3n.<\/p>\n\n\n\n<p>34. Estudios y proyectos s\u00edsmicos y de prospecci\u00f3n geof\u00edsica para caracterizaci\u00f3n geol\u00f3gica de terrenos.<\/p>\n\n\n\n<p>35. Estudios de riesgos geol\u00f3gicos y naturales.<\/p>\n\n\n\n<p>36. Direcci\u00f3n y redacci\u00f3n de estudios geol\u00f3gicos y ambientales para normas subsidiarias municipales y planes y directrices de ordenaci\u00f3n del territorio.<\/p>\n\n\n\n<p>37. Estudios, proyectos y cartograf\u00edas edafol\u00f3gicas.<\/p>\n\n\n\n<p>38. Estudios y proyectos de teledetecci\u00f3n y sistemas de informaci\u00f3n geogr\u00e1fica aplicados a la geolog\u00eda.<\/p>\n\n\n\n<p>39. Geolog\u00eda planetaria.<\/p>\n\n\n\n<p>40. Todas aquellas actividades profesionales que guarden relaci\u00f3n con la Geolog\u00eda y las Ciencias de la Tierra.<br><strong><br>* Art\u00edculos nulos. BOE 51 de 1 de marzo de 2005.&nbsp;<\/strong><\/p>\n\n\n\n<p><\/p>\n\n\n<h2>La geolog\u00eda al servicio de los ciudadanos<\/h2>\n<p style=\"text-align: justify;\">Para que el ciudadano tenga un mayor conocimiento de los profesionales de la geolog\u00eda el a\u00f1o 2009 publicamos un pr\u00e1ctico manual para conocer mejor esta apasionante profesi\u00f3n.<\/p>\n<p style=\"text-align: justify;\">El libro recorre en sus primeros cap\u00edtulos aspectos tan interesantes como la historia de las instituciones geol\u00f3gicas en Espa\u00f1a o una tambi\u00e9n amena rese\u00f1a hist\u00f3rica de los profesionales de la geolog\u00eda espa\u00f1ola desde los siglos XVII al XX.<\/p>\n<p style=\"text-align: justify;\">Despu\u00e9s, en cap\u00edtulos sucesivos, se describen las actividades profesionales de los ge\u00f3logos, con un gui\u00f3n com\u00fan para casi todos los apartados: descripci\u00f3n de la rama t\u00e9cnica, trabajos que realiza el especialista en esa rama, herramientas que utiliza, profesionales con que se relaciona, cu\u00e1les son sus clientes, conocimientos que aporta, oportunidades de empleo en esa especialidad, etc.<\/p>\n<p style=\"text-align: justify;\">Los campos profesionales tradicionales que se han analizado son: hidrogeolog\u00eda, miner\u00eda, petr\u00f3leo, medio ambiente, cartograf\u00eda, profesor universitario o de instituto, geoqu\u00edmica, geof\u00edsica y paleontolog\u00eda. Tambi\u00e9n se analizan otros campos profesionales menos conocidos y tradicionales, pero de una gran importancia, como la cooperaci\u00f3n al desarrollo, la astrogeolog\u00eda, los riesgos naturales, el patrimonio geol\u00f3gico, la geomorfolog\u00eda o la gemolog\u00eda. Finalmente, hay tambi\u00e9n un cap\u00edtulo espec\u00edfico sobre las mujeres en la geolog\u00eda.<\/p>\n<h5 style=\"text-align: justify;\"><a href=\"http:\/\/www.icog.es\/files\/pgeologo.pdf\" target=\"_blank\" rel=\"noopener noreferrer\"><span style=\"color: #0000ff;\">Descargue \u00abLA PROFESI\u00d3N DE GE\u00d3LOGO\u00bb (pdf)<\/span><\/a><\/h5>\n<h3><strong>Revista \u00abTierra y Tecnolog\u00eda\u00bb<\/strong><\/h3>\n<p><img loading=\"lazy\" decoding=\"async\" class=\"\" src=\"https:\/\/www.icog.es\/TyT\/wp-content\/uploads\/2016\/09\/logo_TyT_2016_transparente-e1473169015279.png\" width=\"263\" height=\"89\" \/><\/p>\n<p>Si quiere seguir el d\u00eda a d\u00eda de nuestra profesi\u00f3n, editamos la revista <em><a href=\"http:\/\/www.icog.es\/TyT\/\" target=\"_blank\" rel=\"noopener noreferrer\"><span style=\"color: #0000ff;\">Tierra y Tecnolog\u00eda<\/span><\/a><\/em>.<\/p>\n<p>Podr\u00e1 seguirla tambi\u00e9n <a href=\"https:\/\/itunes.apple.com\/es\/app\/tierra-y-tecnologia-42\/id625776927?mt=8&amp;ls=1\" target=\"_blank\" rel=\"noopener noreferrer\"><span style=\"color: #0000ff;\">en su iPad descargando gratuitamente su \u00faltimo n\u00famero.<\/span><\/a><\/p>\n<h3><strong><span id=\"MainContent_MainContent_lblTitulo\">Bolet\u00edn \u00abPlaneta Tierra\u00bb\u00a0<\/span><\/strong><\/h3>\n<p><strong>\u00abPlaneta Tierra\u00bb es el nombre de la newsletter que con periodicidad quincenal se env\u00eda a todos los colegiados y poseedores del carn\u00e9 joven del Colegio Oficial de Ge\u00f3logos.<\/strong><\/p>\n<p><img decoding=\"async\" src=\"https:\/\/cgeologos.es\/uploads\/PT_suscripcion.jpg\" \/><\/p>\n<p><a href=\"https:\/\/cgeologos.es\/boletin-planeta-tierra\">Puedes acceder aqu\u00ed a los \u00faltimos n\u00fameros enviados<\/a><\/p>\n<h3>Publicaciones para el ciudadano<\/h3>\n<p><a href=\"http:\/\/issuu.com\/epampliega\/docs\/gu_a_de_riesgos\" target=\"_blank\" rel=\"noopener noreferrer\"><em>Gu\u00eda Ciudadana de los Riesgos Geol\u00f3gicos<\/em><\/a>\u00a0|\u00a0Publicaci\u00f3n editada por el Ilustre Colegio Oficial de Ge\u00f3logos en 1997. La finalidad de la publicaci\u00f3n es informar a los lectores y hacerles conscientes de los riesgos geol\u00f3gicos.<\/p>\n\n\n<h4 class=\"wp-block-heading\"><strong>Gu\u00eda de \u00abRiesgos de deslizamiento del terreno (Argayos)<\/strong><\/h4>\n\n\n\n<figure class=\"wp-block-image is-resized\"><img loading=\"lazy\" decoding=\"async\" src=\"http:\/\/www.icog.es\/asturias\/wp-content\/uploads\/2021\/02\/Monte-Cerrao-1.jpg\" alt=\"La imagen tiene un atributo ALT vac\u00edo; su nombre de archivo es Monte-Cerrao-1.jpg\" width=\"263\" height=\"197\"\/><\/figure>\n\n\n\n<p>En el a\u00f1o 2021, el Colegio de Ge\u00f3logos de Asturias, ha preparado esta\u00a0<strong>Gu\u00eda de \u201cRiesgo de deslizamiento del terreno (\u201cargayos\u201d)<\/strong>\u201d como adaptaci\u00f3n a nuestro territorio de la exitosa gu\u00eda editada por nuestros compa\u00f1eros del Colegio de Ge\u00f3logos del Pa\u00eds Vasco.<\/p>\n\n\n\n<p>La gu\u00eda muestra de forma clara y comprensible los tipos de movimientos de tierras que se dan en Asturias, los indicios que hay que saber reconocer y su significado, y lo que hay que hacer frente al riesgo de un deslizamiento.<\/p>\n\n\n\n<p>Descargar la Gu\u00eda:\u00a0<a href=\"http:\/\/www.icog.es\/asturias\/wp-content\/uploads\/2021\/02\/Guia_Deslizamientos_Asturias.pdf\">http:\/\/www.icog.es\/asturias\/wp-content\/uploads\/2021\/02\/Guia_Deslizamientos_Asturias.pdf<\/a><\/p>\n\n\n\n<p>Publicaciones\u00a0<strong>Libros en formato papel y e-book en formato PDF libre<\/strong><\/p>\n\n\n\n<p><a href=\"https:\/\/cgeologos.es\/otras-publicaciones\">Otras publicaciones | ICOG (cgeologos.es)<\/a><\/p>\n\n\n\n<figure class=\"wp-block-image is-resized\"><img loading=\"lazy\" decoding=\"async\" src=\"https:\/\/st.adasistemas.com\/PortalesWeb\/Geologos\/WebCGeologos\/_Private\/Imagenes_Menu\/254_2019_1_9_55_48_321.jpg\" alt=\"\" width=\"347\" height=\"163\"\/><\/figure>\n\n\n\n<p><\/p>\n\n\n<h3>Monogr\u00e1ficos<\/h3>\n<p style=\"text-align: justify;\"><a href=\"http:\/\/www.icog.es\/files\/protecciondelasaguas.pdf\" target=\"_blank\" rel=\"noopener noreferrer\"><span style=\"color: #0000ff;\"><em>Protecci\u00f3n de las Aguas Subterr\u00e1neas (PDF)<\/em><\/span><\/a> |\u00a0El presente libro parte de la vocaci\u00f3n de mostrar el papel que el Ilustre Colegio Oficial de Ge\u00f3logos ha desempe\u00f1ado en la protecci\u00f3n y conocimiento de las aguas subterr\u00e1neas, especialmente con sus participaciones en el Congreso Nacional de Medio Ambiente (CONAMA).Se han recogido algunas de las participaciones de miembros de la vocal\u00eda de Hidrogeolog\u00eda del ICOG en el CONAMA, especialmente en el VIII, donde se coordin\u00f3 y particip\u00f3 activamente en el grupo de trabajo GT-16 dedicado a la protecci\u00f3n de las aguas subterr\u00e1neas (figura 1, ver p\u00e1gina 65).<\/p>\n<p style=\"text-align: justify;\">Respecto al contenido, se ha pretendido plasmar temas de actualidad tanto en legislaci\u00f3n como en utilizaci\u00f3n de las aguas subterr\u00e1neas, en los riesgos asociados a la obtenci\u00f3n de nuevos recursos, en la protecci\u00f3n de ecosistemas relacionados con las aguas subterr\u00e1neas.<\/p>\n<p style=\"text-align: justify;\">La intenci\u00f3n de la Vocal\u00eda de Hidrogeolog\u00eda del ICOG es la de recoger tambi\u00e9n las problem\u00e1ticas existentes, tanto en conocimiento como en necesidad de profesionales, para aplicar la legislaci\u00f3n y reconducir de manera adecuada y eficaz la gesti\u00f3n de las aguas subterr\u00e1neas que son, al fin y al cabo, p\u00fablicas, y por tanto, de todos los espa\u00f1oles. No obstante, este documento se finaliz\u00f3 a principios del a\u00f1o 2007 y enmarcado en ese periodo temporal se debe considerar.<\/p>\n<p style=\"text-align: justify;\">Este libro recoge una selecci\u00f3n de los trabajos presentados en el grupo, complet\u00e1ndolos con las observaciones que hicieron los otros componentes del GT-16. Asimismo se han incorporado dos textos nuevos preparados para la presente publicaci\u00f3n.<\/p>\n<p style=\"text-align: justify;\"><a href=\"http:\/\/www.icog.es\/files\/mapariesgos.pdf\" target=\"_blank\" rel=\"noopener noreferrer\"><em><span style=\"color: #0000ff;\">Mapas de Riesgos Naturales en la Ordenaci\u00f3n Territorial y Urban\u00edstica (PDF)<\/span><\/em><\/a> |\u00a0Publicaci\u00f3n del Colegio de Ge\u00f3logos en la que un equipo de especialistas colaboradores del IX Congreso Nacional del Medio Ambiente examinan los avances t\u00e9cnicos en materia de cartograf\u00eda de riesgos, analizando la importancia de dos normas aprobadas recientemente: la directiva europea de evaluaci\u00f3n y gesti\u00f3n de inundaciones y la nueva ley del suelo. Ambas disposiciones prev\u00e9n la obligaci\u00f3n de elaborar mapas de riesgos naturales, contribuyendo as\u00ed a un mejor desarrollo de las ciudades hacia zonas seguras.<\/p>\n<p style=\"text-align: justify;\">En los \u00faltimos cincuenta a\u00f1os el n\u00famero de desastres naturales en el mundo se ha multiplicado por diez y los da\u00f1os se han incrementado 25 veces. Entre los elementos potenciadores de esta tendencia se encuentran el crecimiento de la poblaci\u00f3n urbana y la concentraci\u00f3n de asentamientos en zonas expuestas a inundaciones, terremotos, tsunamis y otros peligros naturales.<\/p>\n<p style=\"text-align: justify;\">Para mitigar los efectos de estos desastres es necesario potenciar la ordenaci\u00f3n del territorio, identificando previamente las \u00e1reas geogr\u00e1ficas susceptibles de sufrir da\u00f1os y evaluando la vulnerabilidad social. En este contexto, la cartograf\u00eda de riesgos naturales cobra cada d\u00eda mayor importancia y se configura como una herramienta clave en el planeamiento urbano.<\/p>\n<h3 style=\"text-align: justify;\">V\u00eddeos | <span style=\"color: #0000ff;\"><a href=\"http:\/\/www.youtube.com\/ICOGtv\" target=\"_blank\" rel=\"noopener noreferrer\">Visite nuestro canal en YouTube<\/a><\/span><\/h3>\n<p><em id=\"__mceDel\"> <iframe loading=\"lazy\" src=\"http:\/\/www.youtube.com\/embed\/OS2S82_JYtI\" width=\"560\" height=\"315\" frameborder=\"0\" allowfullscreen=\"allowfullscreen\"><\/iframe><\/em><\/p>","protected":false},"excerpt":{"rendered":"<p>La profesi\u00f3n de ge\u00f3logo 28\/12\/2017 EL SIGNIFICADO DE LA COLEGIACI\u00d3N La Geolog\u00eda es una profesi\u00f3n que requiere conocimiento cient\u00edfico y t\u00e9cnico, experiencia y buen juicio para la pr\u00e1ctica y que sirve tanto al bien p\u00fablico como al privado&nbsp; El ge\u00f3logo &hellip; <a href=\"https:\/\/www.icog.es\/asturias\/el-geologo\/\">Sigue leyendo <span class=\"meta-nav\">&rarr;<\/span><\/a><\/p>\n","protected":false},"author":1,"featured_media":160,"parent":0,"menu_order":0,"comment_status":"closed","ping_status":"open","template":"","meta":{"footnotes":""},"class_list":["post-157","page","type-page","status-publish","has-post-thumbnail","hentry"],"yoast_head":"<!-- This site is optimized with the Yoast SEO plugin v25.8 - https:\/\/yoast.com\/wordpress\/plugins\/seo\/ -->\r\n<title>El Ge\u00f3logo - Colegio de Ge\u00f3logos de Asturias<\/title>\r\n<meta name=\"description\" content=\"Publicaciones gratuitas del Colegio Oficial de Ge\u00f3logos sobre la profesi\u00f3n. keepvid\" \/>\r\n<meta name=\"robots\" content=\"index, follow, max-snippet:-1, max-image-preview:large, max-video-preview:-1\" \/>\r\n<link rel=\"canonical\" href=\"https:\/\/www.icog.es\/asturias\/el-geologo\/\" \/>\r\n<meta property=\"og:locale\" content=\"es_ES\" \/>\r\n<meta property=\"og:type\" content=\"article\" \/>\r\n<meta property=\"og:title\" content=\"El Ge\u00f3logo - Colegio de Ge\u00f3logos de Asturias\" \/>\r\n<meta property=\"og:description\" content=\"keepvid\" \/>\r\n<meta property=\"og:url\" content=\"https:\/\/www.icog.es\/asturias\/el-geologo\/\" \/>\r\n<meta property=\"og:site_name\" content=\"Colegio de Ge\u00f3logos de Asturias\" \/>\r\n<meta property=\"article:publisher\" content=\"https:\/\/www.facebook.com\/CGEOLOGOS\/\" \/>\r\n<meta property=\"article:modified_time\" content=\"2021-10-18T18:22:13+00:00\" \/>\r\n<meta property=\"og:image\" content=\"https:\/\/www.icog.es\/asturias\/wp-content\/uploads\/2013\/06\/tytipad.jpg\" \/>\r\n\t<meta property=\"og:image:width\" content=\"480\" \/>\r\n\t<meta property=\"og:image:height\" content=\"360\" \/>\r\n\t<meta property=\"og:image:type\" content=\"image\/jpeg\" \/>\r\n<meta name=\"twitter:card\" content=\"summary_large_image\" \/>\r\n<meta name=\"twitter:site\" content=\"@cgeologos\" \/>\r\n<meta name=\"twitter:label1\" content=\"Tiempo de lectura\" \/>\n\t<meta name=\"twitter:data1\" content=\"9 minutos\" \/>\r\n<script type=\"application\/ld+json\" class=\"yoast-schema-graph\">{\"@context\":\"https:\/\/schema.org\",\"@graph\":[{\"@type\":\"WebPage\",\"@id\":\"https:\/\/www.icog.es\/asturias\/el-geologo\/\",\"url\":\"https:\/\/www.icog.es\/asturias\/el-geologo\/\",\"name\":\"El Ge\u00f3logo - Colegio de Ge\u00f3logos de Asturias\",\"isPartOf\":{\"@id\":\"https:\/\/www.icog.es\/asturias\/#website\"},\"primaryImageOfPage\":{\"@id\":\"https:\/\/www.icog.es\/asturias\/el-geologo\/#primaryimage\"},\"image\":{\"@id\":\"https:\/\/www.icog.es\/asturias\/el-geologo\/#primaryimage\"},\"thumbnailUrl\":\"https:\/\/www.icog.es\/asturias\/wp-content\/uploads\/2013\/06\/tytipad.jpg\",\"datePublished\":\"2013-06-18T13:22:31+00:00\",\"dateModified\":\"2021-10-18T18:22:13+00:00\",\"description\":\"Publicaciones gratuitas del Colegio Oficial de Ge\u00f3logos sobre la profesi\u00f3n. keepvid\",\"inLanguage\":\"es\",\"potentialAction\":[{\"@type\":\"ReadAction\",\"target\":[\"https:\/\/www.icog.es\/asturias\/el-geologo\/\"]}]},{\"@type\":\"ImageObject\",\"inLanguage\":\"es\",\"@id\":\"https:\/\/www.icog.es\/asturias\/el-geologo\/#primaryimage\",\"url\":\"https:\/\/www.icog.es\/asturias\/wp-content\/uploads\/2013\/06\/tytipad.jpg\",\"contentUrl\":\"https:\/\/www.icog.es\/asturias\/wp-content\/uploads\/2013\/06\/tytipad.jpg\",\"width\":480,\"height\":360},{\"@type\":\"WebSite\",\"@id\":\"https:\/\/www.icog.es\/asturias\/#website\",\"url\":\"https:\/\/www.icog.es\/asturias\/\",\"name\":\"Colegio de Ge\u00f3logos de Asturias\",\"description\":\"\",\"potentialAction\":[{\"@type\":\"SearchAction\",\"target\":{\"@type\":\"EntryPoint\",\"urlTemplate\":\"https:\/\/www.icog.es\/asturias\/?s={search_term_string}\"},\"query-input\":{\"@type\":\"PropertyValueSpecification\",\"valueRequired\":true,\"valueName\":\"search_term_string\"}}],\"inLanguage\":\"es\"}]}<\/script>\r\n<!-- \/ Yoast SEO plugin. -->","yoast_head_json":{"title":"El Ge\u00f3logo - Colegio de Ge\u00f3logos de Asturias","description":"Publicaciones gratuitas del Colegio Oficial de Ge\u00f3logos sobre la profesi\u00f3n. keepvid","robots":{"index":"index","follow":"follow","max-snippet":"max-snippet:-1","max-image-preview":"max-image-preview:large","max-video-preview":"max-video-preview:-1"},"canonical":"https:\/\/www.icog.es\/asturias\/el-geologo\/","og_locale":"es_ES","og_type":"article","og_title":"El Ge\u00f3logo - Colegio de Ge\u00f3logos de Asturias","og_description":"keepvid","og_url":"https:\/\/www.icog.es\/asturias\/el-geologo\/","og_site_name":"Colegio de Ge\u00f3logos de Asturias","article_publisher":"https:\/\/www.facebook.com\/CGEOLOGOS\/","article_modified_time":"2021-10-18T18:22:13+00:00","og_image":[{"width":480,"height":360,"url":"https:\/\/www.icog.es\/asturias\/wp-content\/uploads\/2013\/06\/tytipad.jpg","type":"image\/jpeg"}],"twitter_card":"summary_large_image","twitter_site":"@cgeologos","twitter_misc":{"Tiempo de lectura":"9 minutos"},"schema":{"@context":"https:\/\/schema.org","@graph":[{"@type":"WebPage","@id":"https:\/\/www.icog.es\/asturias\/el-geologo\/","url":"https:\/\/www.icog.es\/asturias\/el-geologo\/","name":"El Ge\u00f3logo - Colegio de Ge\u00f3logos de Asturias","isPartOf":{"@id":"https:\/\/www.icog.es\/asturias\/#website"},"primaryImageOfPage":{"@id":"https:\/\/www.icog.es\/asturias\/el-geologo\/#primaryimage"},"image":{"@id":"https:\/\/www.icog.es\/asturias\/el-geologo\/#primaryimage"},"thumbnailUrl":"https:\/\/www.icog.es\/asturias\/wp-content\/uploads\/2013\/06\/tytipad.jpg","datePublished":"2013-06-18T13:22:31+00:00","dateModified":"2021-10-18T18:22:13+00:00","description":"Publicaciones gratuitas del Colegio Oficial de Ge\u00f3logos sobre la profesi\u00f3n. keepvid","inLanguage":"es","potentialAction":[{"@type":"ReadAction","target":["https:\/\/www.icog.es\/asturias\/el-geologo\/"]}]},{"@type":"ImageObject","inLanguage":"es","@id":"https:\/\/www.icog.es\/asturias\/el-geologo\/#primaryimage","url":"https:\/\/www.icog.es\/asturias\/wp-content\/uploads\/2013\/06\/tytipad.jpg","contentUrl":"https:\/\/www.icog.es\/asturias\/wp-content\/uploads\/2013\/06\/tytipad.jpg","width":480,"height":360},{"@type":"WebSite","@id":"https:\/\/www.icog.es\/asturias\/#website","url":"https:\/\/www.icog.es\/asturias\/","name":"Colegio de Ge\u00f3logos de Asturias","description":"","potentialAction":[{"@type":"SearchAction","target":{"@type":"EntryPoint","urlTemplate":"https:\/\/www.icog.es\/asturias\/?s={search_term_string}"},"query-input":{"@type":"PropertyValueSpecification","valueRequired":true,"valueName":"search_term_string"}}],"inLanguage":"es"}]}},"amp_enabled":true,"_links":{"self":[{"href":"https:\/\/www.icog.es\/asturias\/wp-json\/wp\/v2\/pages\/157","targetHints":{"allow":["GET"]}}],"collection":[{"href":"https:\/\/www.icog.es\/asturias\/wp-json\/wp\/v2\/pages"}],"about":[{"href":"https:\/\/www.icog.es\/asturias\/wp-json\/wp\/v2\/types\/page"}],"author":[{"embeddable":true,"href":"https:\/\/www.icog.es\/asturias\/wp-json\/wp\/v2\/users\/1"}],"replies":[{"embeddable":true,"href":"https:\/\/www.icog.es\/asturias\/wp-json\/wp\/v2\/comments?post=157"}],"version-history":[{"count":15,"href":"https:\/\/www.icog.es\/asturias\/wp-json\/wp\/v2\/pages\/157\/revisions"}],"predecessor-version":[{"id":3153,"href":"https:\/\/www.icog.es\/asturias\/wp-json\/wp\/v2\/pages\/157\/revisions\/3153"}],"wp:featuredmedia":[{"embeddable":true,"href":"https:\/\/www.icog.es\/asturias\/wp-json\/wp\/v2\/media\/160"}],"wp:attachment":[{"href":"https:\/\/www.icog.es\/asturias\/wp-json\/wp\/v2\/media?parent=157"}],"curies":[{"name":"wp","href":"https:\/\/api.w.org\/{rel}","templated":true}]}}