{"id":150,"date":"2013-06-18T12:26:55","date_gmt":"2013-06-18T12:26:55","guid":{"rendered":"http:\/\/www.icog.es\/asturias\/?page_id=150"},"modified":"2021-10-14T02:18:15","modified_gmt":"2021-10-14T00:18:15","slug":"atencion-al-ciudadano","status":"publish","type":"page","link":"https:\/\/www.icog.es\/asturias\/atencion-al-ciudadano\/","title":{"rendered":"Atenci\u00f3n al ciudadano"},"content":{"rendered":"<h4 style=\"text-align: justify;\"><a href=\"http:\/\/www.icog.es\/asturias\/wp-content\/uploads\/2013\/06\/contactenos.jpg\"><img loading=\"lazy\" decoding=\"async\" class=\" wp-image-155 aligncenter\" src=\"http:\/\/www.icog.es\/asturias\/wp-content\/uploads\/2013\/06\/contactenos-300x198.jpg\" alt=\"\" width=\"645\" height=\"426\" srcset=\"https:\/\/www.icog.es\/asturias\/wp-content\/uploads\/2013\/06\/contactenos-300x198.jpg 300w, https:\/\/www.icog.es\/asturias\/wp-content\/uploads\/2013\/06\/contactenos-1024x678.jpg 1024w, https:\/\/www.icog.es\/asturias\/wp-content\/uploads\/2013\/06\/contactenos-720x476.jpg 720w, https:\/\/www.icog.es\/asturias\/wp-content\/uploads\/2013\/06\/contactenos-192x128.jpg 192w, https:\/\/www.icog.es\/asturias\/wp-content\/uploads\/2013\/06\/contactenos.jpg 1738w\" sizes=\"auto, (max-width: 645px) 100vw, 645px\" \/><\/a><\/h4>\n<h4 style=\"text-align: justify;\">El Colegio de Ge\u00f3logos de Asturias con la ciudadan\u00eda<\/h4>\n<p style=\"text-align: justify;\">El Ilustre Colegio Oficial de Ge\u00f3logos (ICOG) es una corporaci\u00f3n de derecho p\u00fablico y como tal se encuentra tambi\u00e9n al servicio del ciudadano. Cualquier persona puede <strong>verificar si un ge\u00f3logo profesional est\u00e1 colegiado accediendo al registro<\/strong> que se encuentra en la p\u00e1gina principal del ICOG:<\/p>\n<p><a href=\"http:\/\/www.icog.es\/_portal\/vu\/registrodecolegiados.asp\" target=\"_blank\" rel=\"noopener noreferrer\"><span style=\"color: #0000ff;\">Registro de colegiados<\/span><\/a><\/p>\n<p>Asimismo est\u00e1 disponible el\u00a0<a href=\"http:\/\/www.icog.es\/_portal\/vu\/registrossp.asp\" target=\"_blank\" rel=\"noopener noreferrer\"><span style=\"color: #0000ff;\">Registro de sociedades profesionales<\/span><\/a><\/p>\n<p style=\"text-align: justify;\">La funci\u00f3n social de la Geolog\u00eda exige establecer unas normas deontol\u00f3gicas que ayuden a definir con claridad la conducta \u00e9tica deseable de sus profesionales y que eviten comportamientos no deseados.<\/p>\n<p style=\"text-align: justify;\"><span style=\"text-align: justify;\">La Geolog\u00eda es una profesi\u00f3n que requiere conocimiento cient\u00edfico y t\u00e9cnico, experiencia y buen juicio para la pr\u00e1ctica y que sirve tanto al bien p\u00fablico como al privado. El Ge\u00f3logo tiene una responsabilidad profesional para conducirse de manera \u00e9tica y limpia. El privilegio de ejercer la profesi\u00f3n exige moralidad. Los <\/span><a style=\"text-align: justify;\" href=\"http:\/\/www.icog.es\/_portal\/vu\/codigo_deontologico_ICOG.pdf\" target=\"_blank\" rel=\"noopener noreferrer\"><span style=\"color: #0000ff;\">Principios Deontol\u00f3gico<\/span><\/a><span style=\"text-align: justify;\"> de conducta se entiende que sirven como modelo para el camino de la vida profesional. Deben orientar su pr\u00e1ctica profesional a la funci\u00f3n social que desempe\u00f1an, promoviendo las condiciones para el progreso social. Toda acci\u00f3n contraria a estos principios no es conforme y lesiona su dignidad profesional y la del colectivo de ge\u00f3logos, para sancionar estas conductas existe un <a href=\"http:\/\/www.icog.es\/_portal\/vu\/REGLAMENTO%20SANCIONADOR%202011.pdf\" target=\"_blank\" rel=\"noopener noreferrer\"><span style=\"color: #0000ff;\">Reglamento Sancionador<\/span><\/a> a disposici\u00f3n del\u00a0ciudadano.\u00a0<\/span><\/p>\n<h4 style=\"text-align: justify;\">Publicaciones para el ciudadano<\/h4>\n<p style=\"text-align: justify;\"><a href=\"http:\/\/issuu.com\/epampliega\/docs\/gu_a_de_riesgos\" target=\"_blank\" rel=\"noopener noreferrer\"><em><span style=\"color: #0000ff;\">Gu\u00eda Ciudadana de los Riesgos Geol\u00f3gicos<\/span><\/em><\/a> |\u00a0Publicaci\u00f3n editada por el Ilustre Colegio Oficial de Ge\u00f3logos en 1997. La finalidad de la publicaci\u00f3n es informar a los lectores y hacerles conscientes de los riesgos geol\u00f3gicos.<\/p>\n<h3><strong>Gu\u00eda de \u00abRiesgos de deslizamiento del terreno (Argayos)\u00bb<\/strong><\/h3>\n<p><img loading=\"lazy\" decoding=\"async\" class=\"\" src=\"http:\/\/www.icog.es\/asturias\/wp-content\/uploads\/2021\/02\/Monte-Cerrao-1.jpg\" alt=\"La imagen tiene un atributo ALT vac\u00edo; su nombre de archivo es Monte-Cerrao-1.jpg\" width=\"288\" height=\"216\" \/><\/p>\n<p>En el a\u00f1o 2021, el Colegio de Ge\u00f3logos de Asturias, ha preparado esta <strong>Gu\u00eda de \u201cRiesgo de deslizamiento del terreno (\u201cargayos\u201d)<\/strong>\u201d como adaptaci\u00f3n a nuestro territorio de la exitosa gu\u00eda editada por nuestros compa\u00f1eros del Colegio de Ge\u00f3logos del Pa\u00eds Vasco.<\/p>\n<p>Esta iniciativa va dirigida, entre otros, a propietarios, promotores, proyectistas y profesionales de la Ingenier\u00eda y Arquitectura y a los Ayuntamientos y personas que ocupan cargos t\u00e9cnicos municipales. Es tambi\u00e9n nuestra intenci\u00f3n que tenga su divulgaci\u00f3n en el Servicio de Emergencias de Principado de Asturias, 112 y Protecci\u00f3n Civil.<\/p>\n<p>La gu\u00eda muestra de forma clara y comprensible los tipos de movimientos de tierras que se dan en Asturias, los indicios que hay que saber reconocer y su significado, y lo que hay que hacer frente al riesgo de un deslizamiento.<\/p>\n<p>Descargar la Gu\u00eda: <a href=\"http:\/\/www.icog.es\/asturias\/wp-content\/uploads\/2021\/02\/Guia_Deslizamientos_Asturias.pdf\">http:\/\/www.icog.es\/asturias\/wp-content\/uploads\/2021\/02\/Guia_Deslizamientos_Asturias.pdf<\/a><\/p>\n<h4>Estamos para atenderle<\/h4>\n<p style=\"text-align: justify;\">A trav\u00e9s de la atenci\u00f3n a colegiados y usuarios, tanto colegiados como ciudadanos pueden tramitar sus quejas y reclamaciones as\u00ed como hacer cualquier consulta o sugerencia que consideren oportuna.<\/p>\n\n<div class=\"wpcf7 no-js\" id=\"wpcf7-f152-o1\" lang=\"\" dir=\"ltr\" data-wpcf7-id=\"152\">\n<div class=\"screen-reader-response\"><p role=\"status\" aria-live=\"polite\" aria-atomic=\"true\"><\/p> <ul><\/ul><\/div>\n<form action=\"\/asturias\/wp-json\/wp\/v2\/pages\/150#wpcf7-f152-o1\" method=\"post\" class=\"wpcf7-form init\" aria-label=\"Formulario de contacto\" novalidate=\"novalidate\" data-status=\"init\">\n<fieldset class=\"hidden-fields-container\"><input type=\"hidden\" name=\"_wpcf7\" value=\"152\" \/><input type=\"hidden\" name=\"_wpcf7_version\" value=\"6.1.1\" \/><input type=\"hidden\" name=\"_wpcf7_locale\" value=\"\" \/><input type=\"hidden\" name=\"_wpcf7_unit_tag\" value=\"wpcf7-f152-o1\" \/><input type=\"hidden\" name=\"_wpcf7_container_post\" value=\"0\" \/><input type=\"hidden\" name=\"_wpcf7_posted_data_hash\" value=\"\" \/>\n<\/fieldset>\n<p>Su nombre (requerido)\n<\/p>\n<p><span class=\"wpcf7-form-control-wrap\" data-name=\"your-name\"><input size=\"40\" maxlength=\"400\" class=\"wpcf7-form-control wpcf7-text wpcf7-validates-as-required\" aria-required=\"true\" aria-invalid=\"false\" value=\"\" type=\"text\" name=\"your-name\" \/><\/span>\n<\/p>\n<p>Su Email (requerido)\n<\/p>\n<p><span class=\"wpcf7-form-control-wrap\" data-name=\"your-email\"><input size=\"40\" maxlength=\"400\" class=\"wpcf7-form-control wpcf7-email wpcf7-validates-as-required wpcf7-text wpcf7-validates-as-email\" aria-required=\"true\" aria-invalid=\"false\" value=\"\" type=\"email\" name=\"your-email\" \/><\/span>\n<\/p>\n<p>Asunto\n<\/p>\n<p><span class=\"wpcf7-form-control-wrap\" data-name=\"your-subject\"><input size=\"40\" maxlength=\"400\" class=\"wpcf7-form-control wpcf7-text\" aria-invalid=\"false\" value=\"\" type=\"text\" name=\"your-subject\" \/><\/span>\n<\/p>\n<p>Su Mensaje\n<\/p>\n<p><span class=\"wpcf7-form-control-wrap\" data-name=\"your-message\"><textarea cols=\"40\" rows=\"10\" maxlength=\"2000\" class=\"wpcf7-form-control wpcf7-textarea\" aria-invalid=\"false\" name=\"your-message\"><\/textarea><\/span>\n<\/p>\n<p><input class=\"wpcf7-form-control wpcf7-submit has-spinner\" type=\"submit\" value=\"Enviar\" \/>\n<\/p><p style=\"display: none !important;\" class=\"akismet-fields-container\" data-prefix=\"_wpcf7_ak_\"><label>&#916;<textarea name=\"_wpcf7_ak_hp_textarea\" cols=\"45\" rows=\"8\" maxlength=\"100\"><\/textarea><\/label><input type=\"hidden\" id=\"ak_js_1\" name=\"_wpcf7_ak_js\" value=\"203\"\/><script>document.getElementById( \"ak_js_1\" ).setAttribute( \"value\", ( new Date() ).getTime() );<\/script><\/p><div class=\"wpcf7-response-output\" aria-hidden=\"true\"><\/div>\n<\/form>\n<\/div>\n\n","protected":false},"excerpt":{"rendered":"<p>El Colegio de Ge\u00f3logos de Asturias con la ciudadan\u00eda El Ilustre Colegio Oficial de Ge\u00f3logos (ICOG) es una corporaci\u00f3n de derecho p\u00fablico y como tal se encuentra tambi\u00e9n al servicio del ciudadano. Cualquier persona puede verificar si un ge\u00f3logo profesional &hellip; <a href=\"https:\/\/www.icog.es\/asturias\/atencion-al-ciudadano\/\">Sigue leyendo <span class=\"meta-nav\">&rarr;<\/span><\/a><\/p>\n","protected":false},"author":1,"featured_media":155,"parent":0,"menu_order":0,"comment_status":"closed","ping_status":"open","template":"","meta":{"footnotes":""},"class_list":["post-150","page","type-page","status-publish","has-post-thumbnail","hentry"],"yoast_head":"<!-- This site is optimized with the Yoast SEO plugin v25.8 - https:\/\/yoast.com\/wordpress\/plugins\/seo\/ -->\r\n<title>Atenci\u00f3n al ciudadano - Colegio de Ge\u00f3logos de Asturias<\/title>\r\n<meta name=\"description\" content=\"Servicio de atenci\u00f3n al ciudadano del Colegio Oficial de Ge\u00f3logos de Asturias.\" \/>\r\n<meta name=\"robots\" content=\"index, follow, max-snippet:-1, max-image-preview:large, max-video-preview:-1\" \/>\r\n<link rel=\"canonical\" href=\"https:\/\/www.icog.es\/asturias\/atencion-al-ciudadano\/\" \/>\r\n<meta property=\"og:locale\" content=\"es_ES\" \/>\r\n<meta property=\"og:type\" content=\"article\" \/>\r\n<meta property=\"og:title\" content=\"Atenci\u00f3n al ciudadano - Colegio de Ge\u00f3logos de Asturias\" \/>\r\n<meta property=\"og:description\" content=\"Servicio de atenci\u00f3n al ciudadano del Colegio Oficial de Ge\u00f3logos de Asturias.\" \/>\r\n<meta property=\"og:url\" content=\"https:\/\/www.icog.es\/asturias\/atencion-al-ciudadano\/\" \/>\r\n<meta property=\"og:site_name\" content=\"Colegio de Ge\u00f3logos de Asturias\" \/>\r\n<meta property=\"article:publisher\" content=\"https:\/\/www.facebook.com\/CGEOLOGOS\/\" \/>\r\n<meta property=\"article:modified_time\" content=\"2021-10-14T00:18:15+00:00\" \/>\r\n<meta property=\"og:image\" content=\"https:\/\/www.icog.es\/asturias\/wp-content\/uploads\/2013\/06\/contactenos.jpg\" \/>\r\n\t<meta property=\"og:image:width\" content=\"1738\" \/>\r\n\t<meta property=\"og:image:height\" content=\"1151\" \/>\r\n\t<meta property=\"og:image:type\" content=\"image\/jpeg\" \/>\r\n<meta name=\"twitter:card\" content=\"summary_large_image\" \/>\r\n<meta name=\"twitter:site\" content=\"@cgeologos\" \/>\r\n<meta name=\"twitter:label1\" content=\"Tiempo de lectura\" \/>\n\t<meta name=\"twitter:data1\" content=\"3 minutos\" \/>\r\n<script type=\"application\/ld+json\" class=\"yoast-schema-graph\">{\"@context\":\"https:\/\/schema.org\",\"@graph\":[{\"@type\":\"WebPage\",\"@id\":\"https:\/\/www.icog.es\/asturias\/atencion-al-ciudadano\/\",\"url\":\"https:\/\/www.icog.es\/asturias\/atencion-al-ciudadano\/\",\"name\":\"Atenci\u00f3n al ciudadano - Colegio de Ge\u00f3logos de Asturias\",\"isPartOf\":{\"@id\":\"https:\/\/www.icog.es\/asturias\/#website\"},\"primaryImageOfPage\":{\"@id\":\"https:\/\/www.icog.es\/asturias\/atencion-al-ciudadano\/#primaryimage\"},\"image\":{\"@id\":\"https:\/\/www.icog.es\/asturias\/atencion-al-ciudadano\/#primaryimage\"},\"thumbnailUrl\":\"https:\/\/www.icog.es\/asturias\/wp-content\/uploads\/2013\/06\/contactenos.jpg\",\"datePublished\":\"2013-06-18T12:26:55+00:00\",\"dateModified\":\"2021-10-14T00:18:15+00:00\",\"description\":\"Servicio de atenci\u00f3n al ciudadano del Colegio Oficial de Ge\u00f3logos de Asturias.\",\"inLanguage\":\"es\",\"potentialAction\":[{\"@type\":\"ReadAction\",\"target\":[\"https:\/\/www.icog.es\/asturias\/atencion-al-ciudadano\/\"]}]},{\"@type\":\"ImageObject\",\"inLanguage\":\"es\",\"@id\":\"https:\/\/www.icog.es\/asturias\/atencion-al-ciudadano\/#primaryimage\",\"url\":\"https:\/\/www.icog.es\/asturias\/wp-content\/uploads\/2013\/06\/contactenos.jpg\",\"contentUrl\":\"https:\/\/www.icog.es\/asturias\/wp-content\/uploads\/2013\/06\/contactenos.jpg\",\"width\":1738,\"height\":1151},{\"@type\":\"WebSite\",\"@id\":\"https:\/\/www.icog.es\/asturias\/#website\",\"url\":\"https:\/\/www.icog.es\/asturias\/\",\"name\":\"Colegio de Ge\u00f3logos de Asturias\",\"description\":\"\",\"potentialAction\":[{\"@type\":\"SearchAction\",\"target\":{\"@type\":\"EntryPoint\",\"urlTemplate\":\"https:\/\/www.icog.es\/asturias\/?s={search_term_string}\"},\"query-input\":{\"@type\":\"PropertyValueSpecification\",\"valueRequired\":true,\"valueName\":\"search_term_string\"}}],\"inLanguage\":\"es\"}]}<\/script>\r\n<!-- \/ Yoast SEO plugin. -->","yoast_head_json":{"title":"Atenci\u00f3n al ciudadano - Colegio de Ge\u00f3logos de Asturias","description":"Servicio de atenci\u00f3n al ciudadano del Colegio Oficial de Ge\u00f3logos de Asturias.","robots":{"index":"index","follow":"follow","max-snippet":"max-snippet:-1","max-image-preview":"max-image-preview:large","max-video-preview":"max-video-preview:-1"},"canonical":"https:\/\/www.icog.es\/asturias\/atencion-al-ciudadano\/","og_locale":"es_ES","og_type":"article","og_title":"Atenci\u00f3n al ciudadano - Colegio de Ge\u00f3logos de Asturias","og_description":"Servicio de atenci\u00f3n al ciudadano del Colegio Oficial de Ge\u00f3logos de Asturias.","og_url":"https:\/\/www.icog.es\/asturias\/atencion-al-ciudadano\/","og_site_name":"Colegio de Ge\u00f3logos de Asturias","article_publisher":"https:\/\/www.facebook.com\/CGEOLOGOS\/","article_modified_time":"2021-10-14T00:18:15+00:00","og_image":[{"width":1738,"height":1151,"url":"https:\/\/www.icog.es\/asturias\/wp-content\/uploads\/2013\/06\/contactenos.jpg","type":"image\/jpeg"}],"twitter_card":"summary_large_image","twitter_site":"@cgeologos","twitter_misc":{"Tiempo de lectura":"3 minutos"},"schema":{"@context":"https:\/\/schema.org","@graph":[{"@type":"WebPage","@id":"https:\/\/www.icog.es\/asturias\/atencion-al-ciudadano\/","url":"https:\/\/www.icog.es\/asturias\/atencion-al-ciudadano\/","name":"Atenci\u00f3n al ciudadano - Colegio de Ge\u00f3logos de Asturias","isPartOf":{"@id":"https:\/\/www.icog.es\/asturias\/#website"},"primaryImageOfPage":{"@id":"https:\/\/www.icog.es\/asturias\/atencion-al-ciudadano\/#primaryimage"},"image":{"@id":"https:\/\/www.icog.es\/asturias\/atencion-al-ciudadano\/#primaryimage"},"thumbnailUrl":"https:\/\/www.icog.es\/asturias\/wp-content\/uploads\/2013\/06\/contactenos.jpg","datePublished":"2013-06-18T12:26:55+00:00","dateModified":"2021-10-14T00:18:15+00:00","description":"Servicio de atenci\u00f3n al ciudadano del Colegio Oficial de Ge\u00f3logos de Asturias.","inLanguage":"es","potentialAction":[{"@type":"ReadAction","target":["https:\/\/www.icog.es\/asturias\/atencion-al-ciudadano\/"]}]},{"@type":"ImageObject","inLanguage":"es","@id":"https:\/\/www.icog.es\/asturias\/atencion-al-ciudadano\/#primaryimage","url":"https:\/\/www.icog.es\/asturias\/wp-content\/uploads\/2013\/06\/contactenos.jpg","contentUrl":"https:\/\/www.icog.es\/asturias\/wp-content\/uploads\/2013\/06\/contactenos.jpg","width":1738,"height":1151},{"@type":"WebSite","@id":"https:\/\/www.icog.es\/asturias\/#website","url":"https:\/\/www.icog.es\/asturias\/","name":"Colegio de Ge\u00f3logos de Asturias","description":"","potentialAction":[{"@type":"SearchAction","target":{"@type":"EntryPoint","urlTemplate":"https:\/\/www.icog.es\/asturias\/?s={search_term_string}"},"query-input":{"@type":"PropertyValueSpecification","valueRequired":true,"valueName":"search_term_string"}}],"inLanguage":"es"}]}},"amp_enabled":true,"_links":{"self":[{"href":"https:\/\/www.icog.es\/asturias\/wp-json\/wp\/v2\/pages\/150","targetHints":{"allow":["GET"]}}],"collection":[{"href":"https:\/\/www.icog.es\/asturias\/wp-json\/wp\/v2\/pages"}],"about":[{"href":"https:\/\/www.icog.es\/asturias\/wp-json\/wp\/v2\/types\/page"}],"author":[{"embeddable":true,"href":"https:\/\/www.icog.es\/asturias\/wp-json\/wp\/v2\/users\/1"}],"replies":[{"embeddable":true,"href":"https:\/\/www.icog.es\/asturias\/wp-json\/wp\/v2\/comments?post=150"}],"version-history":[{"count":13,"href":"https:\/\/www.icog.es\/asturias\/wp-json\/wp\/v2\/pages\/150\/revisions"}],"predecessor-version":[{"id":3140,"href":"https:\/\/www.icog.es\/asturias\/wp-json\/wp\/v2\/pages\/150\/revisions\/3140"}],"wp:featuredmedia":[{"embeddable":true,"href":"https:\/\/www.icog.es\/asturias\/wp-json\/wp\/v2\/media\/155"}],"wp:attachment":[{"href":"https:\/\/www.icog.es\/asturias\/wp-json\/wp\/v2\/media?parent=150"}],"curies":[{"name":"wp","href":"https:\/\/api.w.org\/{rel}","templated":true}]}}