{"id":9967,"date":"2019-03-06T15:41:01","date_gmt":"2019-03-06T15:41:01","guid":{"rendered":"https:\/\/www.icog.es\/TyT\/?page_id=9967"},"modified":"2022-12-13T09:14:30","modified_gmt":"2022-12-13T09:14:30","slug":"normas-de-edicion","status":"publish","type":"page","link":"https:\/\/www.icog.es\/TyT\/index.php\/normas-de-edicion\/","title":{"rendered":"Normas de edici\u00f3n"},"content":{"rendered":"\n<p>La revista Tierra y Tecnolog\u00eda centra su inter\u00e9s en la divulgaci\u00f3n de investigaciones cient\u00edficas originales, as\u00ed como en el an\u00e1lisis de la investigaci\u00f3n actual y de la comunicaci\u00f3n de la geolog\u00eda. <\/p>\n\n\n\n<p>Los art\u00edculos de la revista est\u00e1n divididos en dos grandes grupos, en funci\u00f3n de si se someten a revisi\u00f3n por pares o no:<\/p>\n\n\n\n<ul class=\"wp-block-list\">\n<li>Art\u00edculos de divulgaci\u00f3n: opini\u00f3n, reportajes, entrevistas y rese\u00f1as. <\/li>\n\n\n\n<li>Art\u00edculos de investigaci\u00f3n (revisados por pares) <\/li>\n<\/ul>\n\n\n\n<p><strong>Normas espec\u00edficas de los art\u00edculos de divulgaci\u00f3n<\/strong><\/p>\n\n\n\n<p>Los art\u00edculos de divulgaci\u00f3n comprenden reportajes, art\u00edculos de divulgaci\u00f3n sobre temas cient\u00edficos, entrevistas a figuras dentro del campo geol\u00f3gico, art\u00edculos de opini\u00f3n y rese\u00f1as. <\/p>\n\n\n\n<p>Aunque estos art\u00edculos no se revisan por evaluadores externos, el comit\u00e9 de redacci\u00f3n eval\u00faa su adecuaci\u00f3n a la pol\u00edtica editorial de la revista, teniendo en cuenta diversos factores como el rigor cient\u00edfico, el inter\u00e9s para el lector y el estilo del texto. Los autores pueden realizar propuestas directamente escribiendo al editor de la revista. <\/p>\n\n\n\n<p><strong>Art\u00edculos de opini\u00f3n:<\/strong> 4.000 caracteres con espacios (3.500 si se acompa\u00f1a de fotograf\u00edas). Textos de reflexi\u00f3n sobre cuestiones de actualidad geol\u00f3gica. <\/p>\n\n\n\n<p><strong>Art\u00edculos y reportajes:<\/strong> Entre 14.000 y 18.000 caracteres con espacios. Estos textos tendr\u00e1n un estilo eminentemente divulgativo. <\/p>\n\n\n\n<p><strong>Entrevistas:<\/strong> Entre 14.000 y 18.000 caracteres con espacios. Las entrevistas se publicar\u00e1n preferiblemente con el formato t\u00edpico pregunta-respuesta. Deber\u00e1n ir acompa\u00f1ados de un breve p\u00e1rrafo introductorio del personaje y un titular consistente en una declaraci\u00f3n breve destacada de las declaraciones del entrevistado. <\/p>\n\n\n\n<p><strong>Rese\u00f1as:<\/strong> Entre 3.000 y 6.000 caracteres con espacios incluidos. Las rese\u00f1as son comentarios anal\u00edticos y cr\u00edticos de publicaciones de tem\u00e1tica cient\u00edfica o divulgativa, en el \u00e1mbito de contenidos de la revista o que puedan ser de inter\u00e9s para los colegiados. Se recomienda que las rese\u00f1as no sean meramente descriptivas del contenido del libro. Se aconseja que incluyan los siguientes elementos:<\/p>\n\n\n\n<ul class=\"wp-block-list\">\n<li>Un t\u00edtulo expresivo en referencia al libro rese\u00f1ado. <\/li>\n\n\n\n<li>La referencia bibliogr\u00e1fica del libro: T\u00edtulo y subt\u00edtulo, autor o editor, otros responsables, editorial, lugar de edici\u00f3n y a\u00f1o, y n\u00famero de p\u00e1ginas. <\/li>\n\n\n\n<li>Comentario central descriptivo y cr\u00edtico del contenido del libro. <\/li>\n<\/ul>\n\n\n\n<p>Elementos del texto <\/p>\n\n\n\n<p>Los art\u00edculos divulgativos deben constar de los siguientes elementos: <\/p>\n\n\n\n<ol class=\"wp-block-list\">\n<li>Titular <\/li>\n\n\n\n<li>Subt\u00edtulo <\/li>\n\n\n\n<li>Texto. Siempre es mejor estructurar el texto con titulitos (sin numerar), como suele hacerse en prensa, pero sin abusar de subapartados en niveles jerarquizantes y numerados, que quiz\u00e1 resulten muy claros y convenientes para un manual, pero no para un art\u00edculo de divulgaci\u00f3n en el que es importante que el texto resulte ameno. <\/li>\n\n\n\n<li>Im\u00e1genes con sus pies y cr\u00e9ditos de foto. <\/li>\n\n\n\n<li>F\u00f3rmulas y gr\u00e1ficos, si el autor lo considera conveniente. <\/li>\n\n\n\n<li>Firma, con una breve referencia sobre la filiaci\u00f3n del autor (actividad principal que desarrolla, cargo, departamento, universidad, etc.): Julio P\u00e9rez D\u00edaz. Profesor Titular del departamento de Biolog\u00eda. Universidad Aut\u00f3noma de Barcelona. <\/li>\n\n\n\n<li>Si el autor lo considera conveniente, podr\u00e1 acompa\u00f1ar el texto con una bibliograf\u00eda b\u00e1sica bajo el ep\u00edgrafe Referencias y, en todo caso, con las referencias de las obras citadas en el texto. <\/li>\n<\/ol>\n\n\n\n<p>Citas <\/p>\n\n\n\n<ul class=\"wp-block-list\">\n<li>Las citas de textos se tienen que incorporar en el cuerpo del discurso principal entre comillas angulares (\u00ab \u00bb). Cuando sea necesario se tienen que utilizar de acuerdo a la gradaci\u00f3n siguiente: \u00ab \u201d \u2018 \u2018 \u201d \u00bb. <\/li>\n\n\n\n<li>Cuando las citas sean m\u00e1s extensas (m\u00e1s de tres l\u00edneas) es conveniente copiarlas, sin comillas ni cursiva, en un p\u00e1rrafo aparte, con el margen m\u00e1s entrado que el texto y un cuerpo de letra menor. <\/li>\n\n\n\n<li>Si se omite parte del texto de la cita se tiene que indicar con puntos de elisi\u00f3n entre corchetes: [\u2026]. Tambi\u00e9n se tiene que escribir entre corchetes cualquier inciso redactado por la persona que cita. <\/li>\n\n\n\n<li>Las citas textuales tienen que ir acompa\u00f1adas de la referencia bibliogr\u00e1fica abreviada (Autor, a\u00f1o), <\/li>\n\n\n\n<li>En el caso de las citas de tipo literario es mejor reproducirlas en la lengua original y, opcionalmente, acompa\u00f1arlas de la traducci\u00f3n al espa\u00f1ol en una nota final del art\u00edculo. <\/li>\n<\/ul>\n\n\n\n<p>Notas<\/p>\n\n\n\n<p>No se aceptan las notas a pie de p\u00e1gina. Cualquier tipo de aclaraci\u00f3n debe ser incluida dentro del texto, igual que se hace con las referencias bibliogr\u00e1ficas. <\/p>\n\n\n\n<p>Normas bibliogr\u00e1ficas <\/p>\n\n\n\n<p>Para la citaci\u00f3n de referencias, Tierra y Tecnolog\u00eda utiliza las normas del <em>Bolet\u00edn Geol\u00f3gico y Minero de Espa\u00f1a.<\/em><\/p>\n\n\n\n<p><strong>Normas espec\u00edficas de los art\u00edculos de investigaci\u00f3n<\/strong><\/p>\n\n\n\n<p>Tierra y Tecnolog\u00eda publicar\u00e1 trabajos originales en espa\u00f1ol e ingl\u00e9s relacionados con cualquier aspecto de la geolog\u00eda y la ingenier\u00eda geol\u00f3gica. Solamente aquellos remitidos de acuerdo con las normas editoriales, ser\u00e1n enviados para su revisi\u00f3n a un m\u00ednimo de dos revisores externos.<\/p>\n\n\n\n<p>TEXTOS<br>Extensi\u00f3n m\u00e1xima de 20 p\u00e1ginas DIN A4, con tama\u00f1o de letra 12 pt, y espaciado de 1,5.<\/p>\n\n\n\n<p>El t\u00edtulo del art\u00edculo ser\u00e1 breve e informativo de sus contenidos, y en especial deber\u00e1 precisar el encuadre geogr\u00e1fico.<\/p>\n\n\n\n<p>Los autores aparecer\u00e1n con min\u00fascula en el orden en que deseen ser citados. Primero sus nombres, seguidas del apellido o apellidos que quieran incluir. Se indicar\u00e1 el lugar de trabajo de cada uno de los autores, con la direcci\u00f3n completa y de correo electr\u00f3nico.<\/p>\n\n\n\n<p>Resumen en espa\u00f1ol, con una extensi\u00f3n m\u00ednima de 100 palabras y m\u00e1xima de 250 palabras, y 5 palabras claves, por orden alfab\u00e9tico.<\/p>\n\n\n\n<p>Los diferentes apartados del texto se titular\u00e1n en may\u00fascula y negrita, sin numeraci\u00f3n. Se recomienda incluir los apartados de INTRODUCCI\u00d3N y CONCLUSIONES. El \u00faltimo apartado ser\u00e1 el de BIBLIOGRAF\u00cdA. En \u00e9l solo se tendr\u00e1n en cuenta aquellas citas que est\u00e9n referidas en el texto.<\/p>\n\n\n\n<p>Las ilustraciones originales (figuras, mapas, fotograf\u00edas, etc.), tablas y cuadros, se preparar\u00e1n para ocupar una o dos columnas (80 \u00f3 170 mm de ancho, 230 mm de alto). Se entregar\u00e1n siempre aparte del texto, indicando en \u00e9ste su posici\u00f3n. Las ilustraciones deber\u00e1n ser originales y propiedad de los autores y, en caso de tener derechos de edici\u00f3n o reproducci\u00f3n, es responsabilidad de los autores el tramitar la autorizaci\u00f3n de su cesi\u00f3n para publicaci\u00f3n en Tierra y Tecnolog\u00eda. Los pies de todas las ilustraciones, as\u00ed como las explicaciones de las tablas, deber\u00e1n estar tambi\u00e9n traducidos al ingl\u00e9s.<\/p>\n\n\n\n<p>En las referencias bibliogr\u00e1ficas incluidas en el texto, se consignar\u00e1n los apellidos completos que usen los autores en el trabajo correspondiente, en min\u00fasculas, cit\u00e1ndose \u00e9ste en la bibliograf\u00eda final de igual forma que en el texto. En el caso de tres o m\u00e1s autores se utilizar\u00e1 \u00abet al.\u00bb (en it\u00e1licas). Para las citas de un trabajo de dos autores, sus apellidos ir\u00e1n relacionados con la conjunci\u00f3n \u00aby\u00bb. Los nombres de las revistas deber\u00e1n citarse completos, sin abreviaturas.<\/p>\n\n\n\n<p>Ejemplos de citas en el apartado bibliogr\u00e1fico:<\/p>\n\n\n\n<p>Art\u00edculos de revistas:<br>Carvajal G\u00f3mez, D.J. y Gonz\u00e1lez, A. 2003. El papel de los Parques y Museos Mineros en el desarrollo sostenible. De Re Metallica, 1, 26-36.<br>Schuster, W. and Thomson, T.J. 1991. Description of the natural factors affecting the environmental conditions in the site of Llandose (Illinois). International Journal of Environmental Sciences, 5 (3), 112-134.<br><\/p>\n\n\n\n<p>b) Libros:<br>Didier, J. 1973. Granites and their enclaves. Elsevier, Amsterdam, 393 pp.<br>Cap\u00edtulos de libros:<br>Ayala-Carcedo, F.J. 2000. Patrimonio natural y cultural y desarrollo sostenible: El patrimonio geol\u00f3gico y minero. En: I. R\u00e1bano (Ed.), Patrimonio Geol\u00f3gico y Minero en el marco del desarrollo sostenible. Instituto Geol\u00f3gico y Minero de Espa\u00f1a, Madrid, 17-39.<br><\/p>\n\n\n\n<p>d) Actas de congresos:<br>Berrocal Caparr\u00f3s, M.C. y Vidal Nieto, M. 1998. Cat\u00e1logos de bienes muebles e inmuebles de la Sierra Minera de Cartagena-La Uni\u00f3n. IV Jornadas de Arqueolog\u00eda Regional, Murcia, 553-566.<br><\/p>\n\n\n\n<p>e) Informes y trabajos in\u00e9ditos:<br> Se citar\u00e1 el autor o autores, a\u00f1o de la realizaci\u00f3n y ubicaci\u00f3n de dicho trabajo.<br><\/p>\n\n\n\n<p>f) P\u00e1ginas web:<br>Se citar\u00e1 el t\u00edtulo de la p\u00e1gina, el autor o autores de la misma, organismo o instituci\u00f3n editora y lugar de origen del servidor, fecha de acceso a la informaci\u00f3n y direcci\u00f3n electr\u00f3nica tanto de la p\u00e1gina como del directorio ra\u00edz, as\u00ed como un correo electr\u00f3nico de contacto. Ejemplo: Kluwer Academic Publishers Information Service (KAPIS), Holanda, 24\/03\/99, http:\/\/www.wkap.nl.<\/p>\n\n\n\n<p><strong>Exenci\u00f3n de responsabilidad<\/strong><\/p>\n\n\n\n<p>El contenido de los trabajos es responsabilidad de los\/as autores\/as firmantes y no expresa la posici\u00f3n ni la opini\u00f3n del Ilustre Colegio Oficial de Ge\u00f3logos.<\/p>\n","protected":false},"excerpt":{"rendered":"<p>La revista Tierra y Tecnolog\u00eda centra su inter\u00e9s en la divulgaci\u00f3n de investigaciones cient\u00edficas originales, as\u00ed como en el an\u00e1lisis de la investigaci\u00f3n actual y de la comunicaci\u00f3n de la geolog\u00eda. Los art\u00edculos de la revista est\u00e1n divididos en dos grandes grupos, en funci\u00f3n de si se someten a revisi\u00f3n por pares o no: Normas [&hellip;]<\/p>\n","protected":false},"author":2,"featured_media":9971,"parent":0,"menu_order":0,"comment_status":"closed","ping_status":"closed","template":"","meta":{"tdm_status":"","tdm_grid_status":"","footnotes":""},"class_list":["post-9967","page","type-page","status-publish","has-post-thumbnail"],"yoast_head":"<!-- This site is optimized with the Yoast SEO plugin v27.0 - https:\/\/yoast.com\/product\/yoast-seo-wordpress\/ -->\r\n<title>Normas de edici\u00f3n - Tierra y Tecnolog\u00eda<\/title>\r\n<meta name=\"description\" content=\"Tierra y Tecnolog\u00eda centra su inter\u00e9s en la divulgaci\u00f3n de investigaciones cient\u00edficas as\u00ed como en el an\u00e1lisis de la investigaci\u00f3n actual en geociencias.\" \/>\r\n<meta name=\"robots\" content=\"index, follow, max-snippet:-1, max-image-preview:large, max-video-preview:-1\" \/>\r\n<link rel=\"canonical\" href=\"https:\/\/www.icog.es\/TyT\/index.php\/normas-de-edicion\/\" \/>\r\n<meta property=\"og:locale\" content=\"es_ES\" \/>\r\n<meta property=\"og:type\" content=\"article\" \/>\r\n<meta property=\"og:title\" content=\"Normas de edici\u00f3n - Tierra y Tecnolog\u00eda\" \/>\r\n<meta property=\"og:description\" content=\"Tierra y Tecnolog\u00eda centra su inter\u00e9s en la divulgaci\u00f3n de investigaciones cient\u00edficas as\u00ed como en el an\u00e1lisis de la investigaci\u00f3n actual en geociencias.\" \/>\r\n<meta property=\"og:url\" content=\"https:\/\/www.icog.es\/TyT\/index.php\/normas-de-edicion\/\" \/>\r\n<meta property=\"og:site_name\" content=\"Tierra y Tecnolog\u00eda\" \/>\r\n<meta property=\"article:publisher\" content=\"https:\/\/www.facebook.com\/CGEOLOGOS\" \/>\r\n<meta property=\"article:modified_time\" content=\"2022-12-13T09:14:30+00:00\" \/>\r\n<meta property=\"og:image\" content=\"https:\/\/www.icog.es\/TyT\/wp-content\/uploads\/2019\/03\/edicion_tyt.jpg\" \/>\r\n\t<meta property=\"og:image:width\" content=\"938\" \/>\r\n\t<meta property=\"og:image:height\" content=\"559\" \/>\r\n\t<meta property=\"og:image:type\" content=\"image\/jpeg\" \/>\r\n<meta name=\"twitter:card\" content=\"summary_large_image\" \/>\r\n<meta name=\"twitter:site\" content=\"@cgeologos\" \/>\r\n<meta name=\"twitter:label1\" content=\"Tiempo de lectura\" \/>\n\t<meta name=\"twitter:data1\" content=\"6 minutos\" \/>\r\n<script type=\"application\/ld+json\" class=\"yoast-schema-graph\">{\"@context\":\"https:\/\/schema.org\",\"@graph\":[{\"@type\":\"WebPage\",\"@id\":\"https:\/\/www.icog.es\/TyT\/index.php\/normas-de-edicion\/\",\"url\":\"https:\/\/www.icog.es\/TyT\/index.php\/normas-de-edicion\/\",\"name\":\"Normas de edici\u00f3n - Tierra y Tecnolog\u00eda\",\"isPartOf\":{\"@id\":\"https:\/\/www.icog.es\/TyT\/#website\"},\"primaryImageOfPage\":{\"@id\":\"https:\/\/www.icog.es\/TyT\/index.php\/normas-de-edicion\/#primaryimage\"},\"image\":{\"@id\":\"https:\/\/www.icog.es\/TyT\/index.php\/normas-de-edicion\/#primaryimage\"},\"thumbnailUrl\":\"https:\/\/www.icog.es\/TyT\/wp-content\/uploads\/2019\/03\/edicion_tyt.jpg\",\"datePublished\":\"2019-03-06T15:41:01+00:00\",\"dateModified\":\"2022-12-13T09:14:30+00:00\",\"description\":\"Tierra y Tecnolog\u00eda centra su inter\u00e9s en la divulgaci\u00f3n de investigaciones cient\u00edficas as\u00ed como en el an\u00e1lisis de la investigaci\u00f3n actual en geociencias.\",\"breadcrumb\":{\"@id\":\"https:\/\/www.icog.es\/TyT\/index.php\/normas-de-edicion\/#breadcrumb\"},\"inLanguage\":\"es\",\"potentialAction\":[{\"@type\":\"ReadAction\",\"target\":[\"https:\/\/www.icog.es\/TyT\/index.php\/normas-de-edicion\/\"]}]},{\"@type\":\"ImageObject\",\"inLanguage\":\"es\",\"@id\":\"https:\/\/www.icog.es\/TyT\/index.php\/normas-de-edicion\/#primaryimage\",\"url\":\"https:\/\/www.icog.es\/TyT\/wp-content\/uploads\/2019\/03\/edicion_tyt.jpg\",\"contentUrl\":\"https:\/\/www.icog.es\/TyT\/wp-content\/uploads\/2019\/03\/edicion_tyt.jpg\",\"width\":938,\"height\":559},{\"@type\":\"BreadcrumbList\",\"@id\":\"https:\/\/www.icog.es\/TyT\/index.php\/normas-de-edicion\/#breadcrumb\",\"itemListElement\":[{\"@type\":\"ListItem\",\"position\":1,\"name\":\"Portada\",\"item\":\"https:\/\/www.icog.es\/TyT\/\"},{\"@type\":\"ListItem\",\"position\":2,\"name\":\"Normas de edici\u00f3n\"}]},{\"@type\":\"WebSite\",\"@id\":\"https:\/\/www.icog.es\/TyT\/#website\",\"url\":\"https:\/\/www.icog.es\/TyT\/\",\"name\":\"Tierra y Tecnolog\u00eda\",\"description\":\"Revista de informaci\u00f3n geol\u00f3gica\",\"publisher\":{\"@id\":\"https:\/\/www.icog.es\/TyT\/#organization\"},\"potentialAction\":[{\"@type\":\"SearchAction\",\"target\":{\"@type\":\"EntryPoint\",\"urlTemplate\":\"https:\/\/www.icog.es\/TyT\/?s={search_term_string}\"},\"query-input\":{\"@type\":\"PropertyValueSpecification\",\"valueRequired\":true,\"valueName\":\"search_term_string\"}}],\"inLanguage\":\"es\"},{\"@type\":\"Organization\",\"@id\":\"https:\/\/www.icog.es\/TyT\/#organization\",\"name\":\"Tierra y Tecnolog\u00eda - Colegio de Ge\u00f3logos\",\"url\":\"https:\/\/www.icog.es\/TyT\/\",\"logo\":{\"@type\":\"ImageObject\",\"inLanguage\":\"es\",\"@id\":\"https:\/\/www.icog.es\/TyT\/#\/schema\/logo\/image\/\",\"url\":\"https:\/\/www.icog.es\/TyT\/wp-content\/uploads\/2013\/02\/logotytmini.jpg\",\"contentUrl\":\"https:\/\/www.icog.es\/TyT\/wp-content\/uploads\/2013\/02\/logotytmini.jpg\",\"width\":325,\"height\":127,\"caption\":\"Tierra y Tecnolog\u00eda - Colegio de Ge\u00f3logos\"},\"image\":{\"@id\":\"https:\/\/www.icog.es\/TyT\/#\/schema\/logo\/image\/\"},\"sameAs\":[\"https:\/\/www.facebook.com\/CGEOLOGOS\",\"https:\/\/x.com\/cgeologos\",\"https:\/\/www.linkedin.com\/company\/colegio-oficial-de-ge-logos\",\"https:\/\/www.pinterest.com\/cgeologos\/\",\"http:\/\/www.youtube.com\/ICOGtv\"]}]}<\/script>\r\n<!-- \/ Yoast SEO plugin. -->","yoast_head_json":{"title":"Normas de edici\u00f3n - Tierra y Tecnolog\u00eda","description":"Tierra y Tecnolog\u00eda centra su inter\u00e9s en la divulgaci\u00f3n de investigaciones cient\u00edficas as\u00ed como en el an\u00e1lisis de la investigaci\u00f3n actual en geociencias.","robots":{"index":"index","follow":"follow","max-snippet":"max-snippet:-1","max-image-preview":"max-image-preview:large","max-video-preview":"max-video-preview:-1"},"canonical":"https:\/\/www.icog.es\/TyT\/index.php\/normas-de-edicion\/","og_locale":"es_ES","og_type":"article","og_title":"Normas de edici\u00f3n - Tierra y Tecnolog\u00eda","og_description":"Tierra y Tecnolog\u00eda centra su inter\u00e9s en la divulgaci\u00f3n de investigaciones cient\u00edficas as\u00ed como en el an\u00e1lisis de la investigaci\u00f3n actual en geociencias.","og_url":"https:\/\/www.icog.es\/TyT\/index.php\/normas-de-edicion\/","og_site_name":"Tierra y Tecnolog\u00eda","article_publisher":"https:\/\/www.facebook.com\/CGEOLOGOS","article_modified_time":"2022-12-13T09:14:30+00:00","og_image":[{"width":938,"height":559,"url":"https:\/\/www.icog.es\/TyT\/wp-content\/uploads\/2019\/03\/edicion_tyt.jpg","type":"image\/jpeg"}],"twitter_card":"summary_large_image","twitter_site":"@cgeologos","twitter_misc":{"Tiempo de lectura":"6 minutos"},"schema":{"@context":"https:\/\/schema.org","@graph":[{"@type":"WebPage","@id":"https:\/\/www.icog.es\/TyT\/index.php\/normas-de-edicion\/","url":"https:\/\/www.icog.es\/TyT\/index.php\/normas-de-edicion\/","name":"Normas de edici\u00f3n - Tierra y Tecnolog\u00eda","isPartOf":{"@id":"https:\/\/www.icog.es\/TyT\/#website"},"primaryImageOfPage":{"@id":"https:\/\/www.icog.es\/TyT\/index.php\/normas-de-edicion\/#primaryimage"},"image":{"@id":"https:\/\/www.icog.es\/TyT\/index.php\/normas-de-edicion\/#primaryimage"},"thumbnailUrl":"https:\/\/www.icog.es\/TyT\/wp-content\/uploads\/2019\/03\/edicion_tyt.jpg","datePublished":"2019-03-06T15:41:01+00:00","dateModified":"2022-12-13T09:14:30+00:00","description":"Tierra y Tecnolog\u00eda centra su inter\u00e9s en la divulgaci\u00f3n de investigaciones cient\u00edficas as\u00ed como en el an\u00e1lisis de la investigaci\u00f3n actual en geociencias.","breadcrumb":{"@id":"https:\/\/www.icog.es\/TyT\/index.php\/normas-de-edicion\/#breadcrumb"},"inLanguage":"es","potentialAction":[{"@type":"ReadAction","target":["https:\/\/www.icog.es\/TyT\/index.php\/normas-de-edicion\/"]}]},{"@type":"ImageObject","inLanguage":"es","@id":"https:\/\/www.icog.es\/TyT\/index.php\/normas-de-edicion\/#primaryimage","url":"https:\/\/www.icog.es\/TyT\/wp-content\/uploads\/2019\/03\/edicion_tyt.jpg","contentUrl":"https:\/\/www.icog.es\/TyT\/wp-content\/uploads\/2019\/03\/edicion_tyt.jpg","width":938,"height":559},{"@type":"BreadcrumbList","@id":"https:\/\/www.icog.es\/TyT\/index.php\/normas-de-edicion\/#breadcrumb","itemListElement":[{"@type":"ListItem","position":1,"name":"Portada","item":"https:\/\/www.icog.es\/TyT\/"},{"@type":"ListItem","position":2,"name":"Normas de edici\u00f3n"}]},{"@type":"WebSite","@id":"https:\/\/www.icog.es\/TyT\/#website","url":"https:\/\/www.icog.es\/TyT\/","name":"Tierra y Tecnolog\u00eda","description":"Revista de informaci\u00f3n geol\u00f3gica","publisher":{"@id":"https:\/\/www.icog.es\/TyT\/#organization"},"potentialAction":[{"@type":"SearchAction","target":{"@type":"EntryPoint","urlTemplate":"https:\/\/www.icog.es\/TyT\/?s={search_term_string}"},"query-input":{"@type":"PropertyValueSpecification","valueRequired":true,"valueName":"search_term_string"}}],"inLanguage":"es"},{"@type":"Organization","@id":"https:\/\/www.icog.es\/TyT\/#organization","name":"Tierra y Tecnolog\u00eda - Colegio de Ge\u00f3logos","url":"https:\/\/www.icog.es\/TyT\/","logo":{"@type":"ImageObject","inLanguage":"es","@id":"https:\/\/www.icog.es\/TyT\/#\/schema\/logo\/image\/","url":"https:\/\/www.icog.es\/TyT\/wp-content\/uploads\/2013\/02\/logotytmini.jpg","contentUrl":"https:\/\/www.icog.es\/TyT\/wp-content\/uploads\/2013\/02\/logotytmini.jpg","width":325,"height":127,"caption":"Tierra y Tecnolog\u00eda - Colegio de Ge\u00f3logos"},"image":{"@id":"https:\/\/www.icog.es\/TyT\/#\/schema\/logo\/image\/"},"sameAs":["https:\/\/www.facebook.com\/CGEOLOGOS","https:\/\/x.com\/cgeologos","https:\/\/www.linkedin.com\/company\/colegio-oficial-de-ge-logos","https:\/\/www.pinterest.com\/cgeologos\/","http:\/\/www.youtube.com\/ICOGtv"]}]}},"_links":{"self":[{"href":"https:\/\/www.icog.es\/TyT\/index.php\/wp-json\/wp\/v2\/pages\/9967","targetHints":{"allow":["GET"]}}],"collection":[{"href":"https:\/\/www.icog.es\/TyT\/index.php\/wp-json\/wp\/v2\/pages"}],"about":[{"href":"https:\/\/www.icog.es\/TyT\/index.php\/wp-json\/wp\/v2\/types\/page"}],"author":[{"embeddable":true,"href":"https:\/\/www.icog.es\/TyT\/index.php\/wp-json\/wp\/v2\/users\/2"}],"replies":[{"embeddable":true,"href":"https:\/\/www.icog.es\/TyT\/index.php\/wp-json\/wp\/v2\/comments?post=9967"}],"version-history":[{"count":7,"href":"https:\/\/www.icog.es\/TyT\/index.php\/wp-json\/wp\/v2\/pages\/9967\/revisions"}],"predecessor-version":[{"id":13390,"href":"https:\/\/www.icog.es\/TyT\/index.php\/wp-json\/wp\/v2\/pages\/9967\/revisions\/13390"}],"wp:featuredmedia":[{"embeddable":true,"href":"https:\/\/www.icog.es\/TyT\/index.php\/wp-json\/wp\/v2\/media\/9971"}],"wp:attachment":[{"href":"https:\/\/www.icog.es\/TyT\/index.php\/wp-json\/wp\/v2\/media?parent=9967"}],"curies":[{"name":"wp","href":"https:\/\/api.w.org\/{rel}","templated":true}]}}