{"id":28,"date":"2013-02-08T13:04:31","date_gmt":"2013-02-08T13:04:31","guid":{"rendered":"http:\/\/www.icog.es\/TyT\/?page_id=28"},"modified":"2016-02-06T10:37:00","modified_gmt":"2016-02-06T10:37:00","slug":"publicidad","status":"publish","type":"page","link":"https:\/\/www.icog.es\/TyT\/index.php\/publicidad\/","title":{"rendered":"Publicidad"},"content":{"rendered":"<h3 style=\"text-align: justify;\"><em>Tierra y Tecnolog\u00eda<\/em>, la revista de informaci\u00f3n y actualidad geol\u00f3gica del Ilustre Colegio Oficial de Ge\u00f3logos.<\/h3>\n<h3><strong>CARACTER\u00cdSTICAS<\/strong><\/h3>\n<p><strong>Banner Portada<\/strong> (superior) 728 x 90 hasta 60 Kb (GIF o JPG)\u00a0<strong>100 \u20ac \/mes<\/strong> &#8211; 1.000 \u20ac \/ 1 A\u00f1o<\/p>\n<p><strong>Banner Portada<\/strong> (superior derecha) 336 x 280 hasta 60 Kb (GIF o JPG)\u00a0<strong>70 \u20ac \/mes<\/strong> &#8211; 700 \u20ac \/ 1 A\u00f1o<\/p>\n<p><strong>Banner Noticias<\/strong> (superior derecha) 336 x 280 hasta 60 Kb (GIF o JPG) <strong>60 \u20ac\/mes<\/strong> &#8211; 600 \u20ac \/1 A\u00f1o<\/p>\n<p><strong>Los originales y la creatividad ser\u00e1n por cuenta del anunciante.<\/strong><\/p>\n<p><strong>Para cualquier otro formato <a href=\"http:\/\/www.icog.es\/TyT\/index.php\/contact\/\" target=\"_blank\">contacte con nosotros.<\/a><\/strong><\/p>\n<p><img loading=\"lazy\" decoding=\"async\" class=\"alignleft size-full wp-image-4317\" src=\"http:\/\/www.icog.es\/TyT\/wp-content\/uploads\/2016\/02\/bannerTyT-e1454664887793.jpg\" alt=\"bannerTyT\" width=\"948\" height=\"632\" srcset=\"https:\/\/www.icog.es\/TyT\/wp-content\/uploads\/2016\/02\/bannerTyT-e1454664887793.jpg 948w, https:\/\/www.icog.es\/TyT\/wp-content\/uploads\/2016\/02\/bannerTyT-e1454664887793-300x200.jpg 300w, https:\/\/www.icog.es\/TyT\/wp-content\/uploads\/2016\/02\/bannerTyT-e1454664887793-768x512.jpg 768w, https:\/\/www.icog.es\/TyT\/wp-content\/uploads\/2016\/02\/bannerTyT-e1454664887793-696x464.jpg 696w, https:\/\/www.icog.es\/TyT\/wp-content\/uploads\/2016\/02\/bannerTyT-e1454664887793-630x420.jpg 630w\" sizes=\"auto, (max-width: 948px) 100vw, 948px\" \/><\/p>\n","protected":false},"excerpt":{"rendered":"<p>Tierra y Tecnolog\u00eda, la revista de informaci\u00f3n y actualidad geol\u00f3gica del Ilustre Colegio Oficial de Ge\u00f3logos. CARACTER\u00cdSTICAS Banner Portada (superior) 728 x 90 hasta 60 Kb (GIF o JPG)\u00a0100 \u20ac \/mes &#8211; 1.000 \u20ac \/ 1 A\u00f1o Banner Portada (superior derecha) 336 x 280 hasta 60 Kb (GIF o JPG)\u00a070 \u20ac \/mes &#8211; 700 \u20ac [&hellip;]<\/p>\n","protected":false},"author":1,"featured_media":4317,"parent":0,"menu_order":0,"comment_status":"open","ping_status":"open","template":"","meta":{"tdm_status":"","tdm_grid_status":"","footnotes":""},"class_list":["post-28","page","type-page","status-publish","has-post-thumbnail"],"yoast_head":"<!-- This site is optimized with the Yoast SEO plugin v27.0 - https:\/\/yoast.com\/product\/yoast-seo-wordpress\/ -->\r\n<title>Publicidad - Tierra y Tecnolog\u00eda<\/title>\r\n<meta name=\"description\" content=\"Revista corporativa de periodicidad semestral, con contenidos de informaci\u00f3n profesional, de \u00e1mbito Colegial y sectorial.\" \/>\r\n<meta name=\"robots\" content=\"index, follow, max-snippet:-1, max-image-preview:large, max-video-preview:-1\" \/>\r\n<link rel=\"canonical\" href=\"https:\/\/www.icog.es\/TyT\/index.php\/publicidad\/\" \/>\r\n<meta property=\"og:locale\" content=\"es_ES\" \/>\r\n<meta property=\"og:type\" content=\"article\" \/>\r\n<meta property=\"og:title\" content=\"Publicidad - Tierra y Tecnolog\u00eda\" \/>\r\n<meta property=\"og:description\" content=\"Revista corporativa de periodicidad semestral, con contenidos de informaci\u00f3n profesional, de \u00e1mbito Colegial y sectorial.\" \/>\r\n<meta property=\"og:url\" content=\"https:\/\/www.icog.es\/TyT\/index.php\/publicidad\/\" \/>\r\n<meta property=\"og:site_name\" content=\"Tierra y Tecnolog\u00eda\" \/>\r\n<meta property=\"article:publisher\" content=\"https:\/\/www.facebook.com\/CGEOLOGOS\" \/>\r\n<meta property=\"article:modified_time\" content=\"2016-02-06T10:37:00+00:00\" \/>\r\n<meta property=\"og:image\" content=\"https:\/\/www.icog.es\/TyT\/wp-content\/uploads\/2016\/02\/bannerTyT-e1454664887793.jpg\" \/>\r\n\t<meta property=\"og:image:width\" content=\"948\" \/>\r\n\t<meta property=\"og:image:height\" content=\"632\" \/>\r\n\t<meta property=\"og:image:type\" content=\"image\/jpeg\" \/>\r\n<meta name=\"twitter:card\" content=\"summary_large_image\" \/>\r\n<meta name=\"twitter:site\" content=\"@cgeologos\" \/>\r\n<script type=\"application\/ld+json\" class=\"yoast-schema-graph\">{\"@context\":\"https:\/\/schema.org\",\"@graph\":[{\"@type\":\"WebPage\",\"@id\":\"https:\/\/www.icog.es\/TyT\/index.php\/publicidad\/\",\"url\":\"https:\/\/www.icog.es\/TyT\/index.php\/publicidad\/\",\"name\":\"Publicidad - Tierra y Tecnolog\u00eda\",\"isPartOf\":{\"@id\":\"https:\/\/www.icog.es\/TyT\/#website\"},\"primaryImageOfPage\":{\"@id\":\"https:\/\/www.icog.es\/TyT\/index.php\/publicidad\/#primaryimage\"},\"image\":{\"@id\":\"https:\/\/www.icog.es\/TyT\/index.php\/publicidad\/#primaryimage\"},\"thumbnailUrl\":\"https:\/\/www.icog.es\/TyT\/wp-content\/uploads\/2016\/02\/bannerTyT-e1454664887793.jpg\",\"datePublished\":\"2013-02-08T13:04:31+00:00\",\"dateModified\":\"2016-02-06T10:37:00+00:00\",\"description\":\"Revista corporativa de periodicidad semestral, con contenidos de informaci\u00f3n profesional, de \u00e1mbito Colegial y sectorial.\",\"breadcrumb\":{\"@id\":\"https:\/\/www.icog.es\/TyT\/index.php\/publicidad\/#breadcrumb\"},\"inLanguage\":\"es\",\"potentialAction\":[{\"@type\":\"ReadAction\",\"target\":[\"https:\/\/www.icog.es\/TyT\/index.php\/publicidad\/\"]}]},{\"@type\":\"ImageObject\",\"inLanguage\":\"es\",\"@id\":\"https:\/\/www.icog.es\/TyT\/index.php\/publicidad\/#primaryimage\",\"url\":\"https:\/\/www.icog.es\/TyT\/wp-content\/uploads\/2016\/02\/bannerTyT-e1454664887793.jpg\",\"contentUrl\":\"https:\/\/www.icog.es\/TyT\/wp-content\/uploads\/2016\/02\/bannerTyT-e1454664887793.jpg\",\"width\":948,\"height\":632},{\"@type\":\"BreadcrumbList\",\"@id\":\"https:\/\/www.icog.es\/TyT\/index.php\/publicidad\/#breadcrumb\",\"itemListElement\":[{\"@type\":\"ListItem\",\"position\":1,\"name\":\"Portada\",\"item\":\"https:\/\/www.icog.es\/TyT\/\"},{\"@type\":\"ListItem\",\"position\":2,\"name\":\"Publicidad\"}]},{\"@type\":\"WebSite\",\"@id\":\"https:\/\/www.icog.es\/TyT\/#website\",\"url\":\"https:\/\/www.icog.es\/TyT\/\",\"name\":\"Tierra y Tecnolog\u00eda\",\"description\":\"Revista de informaci\u00f3n geol\u00f3gica\",\"publisher\":{\"@id\":\"https:\/\/www.icog.es\/TyT\/#organization\"},\"potentialAction\":[{\"@type\":\"SearchAction\",\"target\":{\"@type\":\"EntryPoint\",\"urlTemplate\":\"https:\/\/www.icog.es\/TyT\/?s={search_term_string}\"},\"query-input\":{\"@type\":\"PropertyValueSpecification\",\"valueRequired\":true,\"valueName\":\"search_term_string\"}}],\"inLanguage\":\"es\"},{\"@type\":\"Organization\",\"@id\":\"https:\/\/www.icog.es\/TyT\/#organization\",\"name\":\"Tierra y Tecnolog\u00eda - Colegio de Ge\u00f3logos\",\"url\":\"https:\/\/www.icog.es\/TyT\/\",\"logo\":{\"@type\":\"ImageObject\",\"inLanguage\":\"es\",\"@id\":\"https:\/\/www.icog.es\/TyT\/#\/schema\/logo\/image\/\",\"url\":\"https:\/\/www.icog.es\/TyT\/wp-content\/uploads\/2013\/02\/logotytmini.jpg\",\"contentUrl\":\"https:\/\/www.icog.es\/TyT\/wp-content\/uploads\/2013\/02\/logotytmini.jpg\",\"width\":325,\"height\":127,\"caption\":\"Tierra y Tecnolog\u00eda - Colegio de Ge\u00f3logos\"},\"image\":{\"@id\":\"https:\/\/www.icog.es\/TyT\/#\/schema\/logo\/image\/\"},\"sameAs\":[\"https:\/\/www.facebook.com\/CGEOLOGOS\",\"https:\/\/x.com\/cgeologos\",\"https:\/\/www.linkedin.com\/company\/colegio-oficial-de-ge-logos\",\"https:\/\/www.pinterest.com\/cgeologos\/\",\"http:\/\/www.youtube.com\/ICOGtv\"]}]}<\/script>\r\n<!-- \/ Yoast SEO plugin. -->","yoast_head_json":{"title":"Publicidad - Tierra y Tecnolog\u00eda","description":"Revista corporativa de periodicidad semestral, con contenidos de informaci\u00f3n profesional, de \u00e1mbito Colegial y sectorial.","robots":{"index":"index","follow":"follow","max-snippet":"max-snippet:-1","max-image-preview":"max-image-preview:large","max-video-preview":"max-video-preview:-1"},"canonical":"https:\/\/www.icog.es\/TyT\/index.php\/publicidad\/","og_locale":"es_ES","og_type":"article","og_title":"Publicidad - Tierra y Tecnolog\u00eda","og_description":"Revista corporativa de periodicidad semestral, con contenidos de informaci\u00f3n profesional, de \u00e1mbito Colegial y sectorial.","og_url":"https:\/\/www.icog.es\/TyT\/index.php\/publicidad\/","og_site_name":"Tierra y Tecnolog\u00eda","article_publisher":"https:\/\/www.facebook.com\/CGEOLOGOS","article_modified_time":"2016-02-06T10:37:00+00:00","og_image":[{"width":948,"height":632,"url":"https:\/\/www.icog.es\/TyT\/wp-content\/uploads\/2016\/02\/bannerTyT-e1454664887793.jpg","type":"image\/jpeg"}],"twitter_card":"summary_large_image","twitter_site":"@cgeologos","schema":{"@context":"https:\/\/schema.org","@graph":[{"@type":"WebPage","@id":"https:\/\/www.icog.es\/TyT\/index.php\/publicidad\/","url":"https:\/\/www.icog.es\/TyT\/index.php\/publicidad\/","name":"Publicidad - Tierra y Tecnolog\u00eda","isPartOf":{"@id":"https:\/\/www.icog.es\/TyT\/#website"},"primaryImageOfPage":{"@id":"https:\/\/www.icog.es\/TyT\/index.php\/publicidad\/#primaryimage"},"image":{"@id":"https:\/\/www.icog.es\/TyT\/index.php\/publicidad\/#primaryimage"},"thumbnailUrl":"https:\/\/www.icog.es\/TyT\/wp-content\/uploads\/2016\/02\/bannerTyT-e1454664887793.jpg","datePublished":"2013-02-08T13:04:31+00:00","dateModified":"2016-02-06T10:37:00+00:00","description":"Revista corporativa de periodicidad semestral, con contenidos de informaci\u00f3n profesional, de \u00e1mbito Colegial y sectorial.","breadcrumb":{"@id":"https:\/\/www.icog.es\/TyT\/index.php\/publicidad\/#breadcrumb"},"inLanguage":"es","potentialAction":[{"@type":"ReadAction","target":["https:\/\/www.icog.es\/TyT\/index.php\/publicidad\/"]}]},{"@type":"ImageObject","inLanguage":"es","@id":"https:\/\/www.icog.es\/TyT\/index.php\/publicidad\/#primaryimage","url":"https:\/\/www.icog.es\/TyT\/wp-content\/uploads\/2016\/02\/bannerTyT-e1454664887793.jpg","contentUrl":"https:\/\/www.icog.es\/TyT\/wp-content\/uploads\/2016\/02\/bannerTyT-e1454664887793.jpg","width":948,"height":632},{"@type":"BreadcrumbList","@id":"https:\/\/www.icog.es\/TyT\/index.php\/publicidad\/#breadcrumb","itemListElement":[{"@type":"ListItem","position":1,"name":"Portada","item":"https:\/\/www.icog.es\/TyT\/"},{"@type":"ListItem","position":2,"name":"Publicidad"}]},{"@type":"WebSite","@id":"https:\/\/www.icog.es\/TyT\/#website","url":"https:\/\/www.icog.es\/TyT\/","name":"Tierra y Tecnolog\u00eda","description":"Revista de informaci\u00f3n geol\u00f3gica","publisher":{"@id":"https:\/\/www.icog.es\/TyT\/#organization"},"potentialAction":[{"@type":"SearchAction","target":{"@type":"EntryPoint","urlTemplate":"https:\/\/www.icog.es\/TyT\/?s={search_term_string}"},"query-input":{"@type":"PropertyValueSpecification","valueRequired":true,"valueName":"search_term_string"}}],"inLanguage":"es"},{"@type":"Organization","@id":"https:\/\/www.icog.es\/TyT\/#organization","name":"Tierra y Tecnolog\u00eda - Colegio de Ge\u00f3logos","url":"https:\/\/www.icog.es\/TyT\/","logo":{"@type":"ImageObject","inLanguage":"es","@id":"https:\/\/www.icog.es\/TyT\/#\/schema\/logo\/image\/","url":"https:\/\/www.icog.es\/TyT\/wp-content\/uploads\/2013\/02\/logotytmini.jpg","contentUrl":"https:\/\/www.icog.es\/TyT\/wp-content\/uploads\/2013\/02\/logotytmini.jpg","width":325,"height":127,"caption":"Tierra y Tecnolog\u00eda - Colegio de Ge\u00f3logos"},"image":{"@id":"https:\/\/www.icog.es\/TyT\/#\/schema\/logo\/image\/"},"sameAs":["https:\/\/www.facebook.com\/CGEOLOGOS","https:\/\/x.com\/cgeologos","https:\/\/www.linkedin.com\/company\/colegio-oficial-de-ge-logos","https:\/\/www.pinterest.com\/cgeologos\/","http:\/\/www.youtube.com\/ICOGtv"]}]}},"_links":{"self":[{"href":"https:\/\/www.icog.es\/TyT\/index.php\/wp-json\/wp\/v2\/pages\/28","targetHints":{"allow":["GET"]}}],"collection":[{"href":"https:\/\/www.icog.es\/TyT\/index.php\/wp-json\/wp\/v2\/pages"}],"about":[{"href":"https:\/\/www.icog.es\/TyT\/index.php\/wp-json\/wp\/v2\/types\/page"}],"author":[{"embeddable":true,"href":"https:\/\/www.icog.es\/TyT\/index.php\/wp-json\/wp\/v2\/users\/1"}],"replies":[{"embeddable":true,"href":"https:\/\/www.icog.es\/TyT\/index.php\/wp-json\/wp\/v2\/comments?post=28"}],"version-history":[{"count":0,"href":"https:\/\/www.icog.es\/TyT\/index.php\/wp-json\/wp\/v2\/pages\/28\/revisions"}],"wp:featuredmedia":[{"embeddable":true,"href":"https:\/\/www.icog.es\/TyT\/index.php\/wp-json\/wp\/v2\/media\/4317"}],"wp:attachment":[{"href":"https:\/\/www.icog.es\/TyT\/index.php\/wp-json\/wp\/v2\/media?parent=28"}],"curies":[{"name":"wp","href":"https:\/\/api.w.org\/{rel}","templated":true}]}}